{"id":4946,"date":"2021-06-07T10:44:31","date_gmt":"2021-06-07T07:44:31","guid":{"rendered":"https:\/\/toreco.md\/?post_type=product&#038;p=4946"},"modified":"2025-07-23T19:22:12","modified_gmt":"2025-07-23T16:22:12","slug":"dispenser-hartie-igienica-rulou-t4-2","status":"publish","type":"product","link":"https:\/\/toreco.md\/ru\/product\/dupa-tip\/dispensere-si-dozatoare\/dispensere-hartie-igienica\/dispenser-hartie-igienica-rulou-t4-2\/","title":{"rendered":"\u0414\u0438\u0441\u043f\u0435\u043d\u0441\u0435\u0440 \u0434\u043b\u044f \u0440\u0443\u043b\u043e\u043d\u043d\u043e\u0439 \u0442\u0443\u0430\u043b\u0435\u0442\u043d\u043e\u0439 \u0431\u0443\u043c\u0430\u0433\u0438 T4, Tork"},"content":{"rendered":"<p>\u041a\u043e\u043c\u043f\u0430\u043a\u0442\u043d\u044b\u0439 \u0440\u0430\u0437\u043c\u0435\u0440 \u0437\u0430\u0449\u0438\u0449\u0430\u0435\u0442 \u0431\u0443\u043c\u0430\u0433\u0443 \u043e\u0442 \u043f\u043e\u0432\u0440\u0435\u0436\u0434\u0435\u043d\u0438\u0439 \u0438 \u043a\u0440\u0430\u0436\u0438.<br \/>\n\u0415\u043c\u043a\u043e\u0441\u0442\u044c \u043d\u0430\u043f\u043e\u043b\u043d\u0435\u043d\u0438\u044f-2 \u0441\u0442\u0430\u043d\u0434\u0430\u0440\u0442\u043d\u044b\u0445 \u0440\u0443\u043b\u043e\u043d\u0430.<br \/>\n\u041f\u043e\u0441\u0442\u0430\u0432\u043b\u044f\u0435\u0442\u0441\u044f \u0441 \u0441\u0438\u0441\u0442\u0435\u043c\u043e\u0439 \u0440\u0430\u0437\u0440\u044b\u0432\u0430 \u0431\u0443\u043c\u0430\u0433\u0438 \u0431\u0435\u0437 \u043f\u0435\u0440\u0444\u043e\u0440\u0430\u0446\u0438\u0438.<br \/>\n\u041c\u043e\u0436\u043d\u043e \u0437\u0430\u043c\u0435\u043d\u0438\u0442\u044c \u0440\u0443\u043b\u043e\u043d \u043f\u043e\u043b\u044c\u0437\u043e\u0432\u0430\u0442\u0435\u043b\u0435\u043c.<br \/>\nDimensiuni: l\u0103\u021bime &#8211; 286 mm. ad\u00e2ncime &#8211; 153 mm, \u00een\u0103l\u021bime &#8211; 158 mm.<br \/>\n\u0426\u0432\u0435\u0442: \u0411\u0435\u043b\u044b\u0439<\/p>","protected":false},"excerpt":{"rendered":"<p>\u041a\u043b\u0430\u0441\u0441\u0438\u0447\u0435\u0441\u043a\u0438\u0439 \u0434\u0438\u0441\u043f\u0435\u043d\u0441\u0435\u0440 \u0434\u043b\u044f \u0442\u0443\u0430\u043b\u0435\u0442\u0430 \u0441 \u043d\u0438\u0437\u043a\u0438\u043c \u0442\u0440\u0430\u0444\u0438\u043a\u043e\u043c.<\/p>","protected":false},"featured_media":4947,"comment_status":"closed","ping_status":"closed","template":"","meta":[],"product_cat":[34,44,43,40,41,46,60,63],"product_tag":[166],"class_list":["post-4946","product","type-product","status-publish","has-post-thumbnail","hentry","product_cat-hotel","product_cat-institutii-de-invatamint","product_cat-medicina","product_cat-restaurant-si-bucatarie","product_cat-servicii-de-curatenie","product_cat-sport-si-fitness","product_cat-dispensere-si-dozatoare","product_cat-dispensere-hartie-igienica","product_tag-dispenser","pa_brand-tork"],"_links":{"self":[{"href":"https:\/\/toreco.md\/ru\/wp-json\/wp\/v2\/product\/4946","targetHints":{"allow":["GET"]}}],"collection":[{"href":"https:\/\/toreco.md\/ru\/wp-json\/wp\/v2\/product"}],"about":[{"href":"https:\/\/toreco.md\/ru\/wp-json\/wp\/v2\/types\/product"}],"replies":[{"embeddable":true,"href":"https:\/\/toreco.md\/ru\/wp-json\/wp\/v2\/comments?post=4946"}],"wp:featuredmedia":[{"embeddable":true,"href":"https:\/\/toreco.md\/ru\/wp-json\/wp\/v2\/media\/4947"}],"wp:attachment":[{"href":"https:\/\/toreco.md\/ru\/wp-json\/wp\/v2\/media?parent=4946"}],"wp:term":[{"taxonomy":"product_cat","embeddable":true,"href":"https:\/\/toreco.md\/ru\/wp-json\/wp\/v2\/product_cat?post=4946"},{"taxonomy":"product_tag","embeddable":true,"href":"https:\/\/toreco.md\/ru\/wp-json\/wp\/v2\/product_tag?post=4946"}],"curies":[{"name":"wp","href":"https:\/\/api.w.org\/{rel}","templated":true}]}}