{"id":4924,"date":"2021-06-07T09:21:26","date_gmt":"2021-06-07T06:21:26","guid":{"rendered":"https:\/\/toreco.md\/?post_type=product&#038;p=4924"},"modified":"2024-06-12T15:35:05","modified_gmt":"2024-06-12T12:35:05","slug":"dispenser-electronic-pentru-odorizant","status":"publish","type":"product","link":"https:\/\/toreco.md\/ru\/product\/dupa-tip\/dispensere-si-dozatoare\/dispenser-aerosol\/dispenser-electronic-pentru-odorizant\/","title":{"rendered":"\u042d\u043b\u0435\u043a\u0442\u0440\u043e\u043d\u043d\u044b\u0439 \u0434\u0438\u0441\u043f\u0435\u043d\u0441\u0435\u0440 \u0434\u043b\u044f \u043e\u0441\u0432\u0435\u0436\u0438\u0442\u0435\u043b\u044f \u0432\u043e\u0437\u0434\u0443\u0445\u0430"},"content":{"rendered":"<p>I se pot ajusta: timpul \u0219i intensitatea pulveriz\u0103rii, zilele de ac\u021bionare s\u0103pt\u0103m\u00e2nal\u0103 (luni-duminica), precum \u0219i intervalul de pulverizare (5 min &#8211; 4 ore).<br \/>\n\u0418\u0441\u0442\u043e\u0447\u043d\u0438\u043a \u043f\u0438\u0442\u0430\u043d\u0438\u044f: \u043e\u0442 2 \u0431\u0430\u0442\u0430\u0440\u0435\u0435\u043a R20<\/p>","protected":false},"excerpt":{"rendered":"<p>\u041f\u0440\u043e\u0444\u0435\u0441\u0441\u0438\u043e\u043d\u0430\u043b\u044c\u043d\u044b\u0439 \u043e\u0441\u0432\u0435\u0436\u0438\u0442\u0435\u043b\u044c \u0438\u0437 ABS \u043f\u043b\u0430\u0441\u0442\u0438\u043a\u0430. \u041e\u0441\u043d\u0430\u0449\u0435\u043d \u044d\u043a\u0440\u0430\u043d\u043e\u043c LCD, \u0437\u0430\u043c\u043a\u043e\u043c, \u0434\u0435\u0442\u0435\u043a\u0442\u043e\u0440 \u0441\u0432\u0435\u0442\u0430 \u0438 \u0441\u0438\u0441\u0442\u0435\u043c\u043e\u0439 \u043f\u0440\u043e\u0433\u0440\u0430\u043c\u043c\u0438\u0440\u043e\u0432\u0430\u043d\u0438\u044f \u0432\u0440\u0435\u043c\u0435\u043d\u0438.<\/p>","protected":false},"featured_media":4925,"comment_status":"closed","ping_status":"closed","template":"","meta":[],"product_cat":[34,40,41,46,60,69],"product_tag":[166],"class_list":["post-4924","product","type-product","status-publish","has-post-thumbnail","hentry","product_cat-hotel","product_cat-restaurant-si-bucatarie","product_cat-servicii-de-curatenie","product_cat-sport-si-fitness","product_cat-dispensere-si-dozatoare","product_cat-dispenser-aerosol","product_tag-dispenser"],"_links":{"self":[{"href":"https:\/\/toreco.md\/ru\/wp-json\/wp\/v2\/product\/4924","targetHints":{"allow":["GET"]}}],"collection":[{"href":"https:\/\/toreco.md\/ru\/wp-json\/wp\/v2\/product"}],"about":[{"href":"https:\/\/toreco.md\/ru\/wp-json\/wp\/v2\/types\/product"}],"replies":[{"embeddable":true,"href":"https:\/\/toreco.md\/ru\/wp-json\/wp\/v2\/comments?post=4924"}],"wp:featuredmedia":[{"embeddable":true,"href":"https:\/\/toreco.md\/ru\/wp-json\/wp\/v2\/media\/4925"}],"wp:attachment":[{"href":"https:\/\/toreco.md\/ru\/wp-json\/wp\/v2\/media?parent=4924"}],"wp:term":[{"taxonomy":"product_cat","embeddable":true,"href":"https:\/\/toreco.md\/ru\/wp-json\/wp\/v2\/product_cat?post=4924"},{"taxonomy":"product_tag","embeddable":true,"href":"https:\/\/toreco.md\/ru\/wp-json\/wp\/v2\/product_tag?post=4924"}],"curies":[{"name":"wp","href":"https:\/\/api.w.org\/{rel}","templated":true}]}}