{"id":4759,"date":"2021-06-03T10:56:59","date_gmt":"2021-06-03T07:56:59","guid":{"rendered":"https:\/\/toreco.md\/?post_type=product&#038;p=4759"},"modified":"2025-01-21T10:52:34","modified_gmt":"2025-01-21T08:52:34","slug":"rola-derulare-centrala-reflex-m3","status":"publish","type":"product","link":"https:\/\/toreco.md\/ru\/product\/dupa-tip\/prosoape-servetele-hartie\/rola-derulare-centrala-reflex-m3\/","title":{"rendered":"P\u0443\u043b\u043e\u043d \u0441 \u0446\u0435\u043d\u0442\u0440\u0430\u043b\u044c\u043d\u043e\u0439 \u0432\u044b\u0442\u044f\u0436\u043a\u043e\u0439 Reflex M3, Tork"},"content":{"rendered":"<p>Dimensiuni: lungimea rolei &#8211; 120 m, l\u0103\u021bimea rolei &#8211; 19,8 cm, num\u0103rul de prosoape &#8211; 343, lungimea prosopului &#8211; 35 cm.<br \/>\n\u00cen special potrivit\u0103 pentru cur\u0103\u021barea sticlei &#8211; nu las\u0103 scam\u0103 sau urme pe suprafa\u021b\u0103.<br \/>\n\u042d\u0442\u0443 \u0431\u0443\u043c\u0430\u0433\u0443 \u043c\u043e\u0436\u043d\u043e \u0438\u0441\u043f\u043e\u043b\u044c\u0437\u043e\u0432\u0430\u0442\u044c \u0441 \u0441\u0438\u0441\u0442\u0435\u043c\u043e\u0439 Tork Mini Reflex, \u043a\u043e\u0442\u043e\u0440\u0430\u044f \u043f\u0440\u0435\u0434\u0441\u0442\u0430\u0432\u043b\u044f\u0435\u0442 \u0441\u043e\u0431\u043e\u0439 \u0441\u0438\u0441\u0442\u0435\u043c\u0443 \u043f\u043e\u0440\u0446\u0438\u043e\u043d\u043d\u043e\u0433\u043e \u0434\u043e\u0437\u0438\u0440\u043e\u0432\u0430\u043d\u0438\u044f \u0438 \u0446\u0435\u043d\u0442\u0440\u0430\u043b\u0438\u0437\u043e\u0432\u0430\u043d\u043d\u043e\u0433\u043e \u0440\u0443\u043b\u043e\u043d\u043d\u043e\u0433\u043e \u0434\u043e\u0437\u0438\u0440\u043e\u0432\u0430\u043d\u0438\u044f, \u0438\u0434\u0435\u0430\u043b\u044c\u043d\u043e \u043f\u043e\u0434\u0445\u043e\u0434\u044f\u0449\u0443\u044e \u0434\u043b\u044f \u0440\u0430\u0431\u043e\u0447\u0435\u0433\u043e \u043f\u0440\u043e\u0446\u0435\u0441\u0441\u0430 \u0432\u0430\u0448\u0435\u0439 \u043a\u043e\u043c\u0430\u043d\u0434\u044b, \u0441\u043d\u0438\u0436\u0430\u0435\u0442 \u043f\u043e\u0442\u0440\u0435\u0431\u043b\u0435\u043d\u0438\u0435 \u0438 \u0441\u0432\u043e\u0434\u0438\u0442 \u043a \u043c\u0438\u043d\u0438\u043c\u0443\u043c\u0443 \u0440\u0438\u0441\u043a \u043f\u0435\u0440\u0435\u043a\u0440\u0435\u0441\u0442\u043d\u043e\u0433\u043e \u0437\u0430\u0433\u0440\u044f\u0437\u043d\u0435\u043d\u0438\u044f.  <\/p>","protected":false},"excerpt":{"rendered":"<p>\u0418\u0434\u0435\u0430\u043b\u044c\u043d\u043e \u043f\u043e\u0434\u0445\u043e\u0434\u0438\u0442 \u0434\u043b\u044f \u043f\u0440\u043e\u0442\u0438\u0440\u043a\u0438 \u043f\u043e\u0432\u0435\u0440\u0445\u043d\u043e\u0441\u0442\u0435\u0439 \u0438 \u0440\u0443\u043a \u0431\u043b\u0430\u0433\u043e\u0434\u0430\u0440\u044f \u0432\u044b\u0441\u043e\u043a\u043e\u0439 \u043f\u0440\u043e\u0447\u043d\u043e\u0441\u0442\u0438 \u0438 \u0432\u043f\u0438\u0442\u044b\u0432\u0430\u044e\u0449\u0435\u0439 \u0441\u043f\u043e\u0441\u043e\u0431\u043d\u043e\u0441\u0442\u0438.<\/p>","protected":false},"featured_media":4760,"comment_status":"closed","ping_status":"closed","template":"","meta":[],"product_cat":[34,42,44,43,40,41,46,18,47],"product_tag":[159],"class_list":["post-4759","product","type-product","status-publish","has-post-thumbnail","hentry","product_cat-hotel","product_cat-industria-de-producere-si-prelucrare","product_cat-institutii-de-invatamint","product_cat-medicina","product_cat-restaurant-si-bucatarie","product_cat-servicii-de-curatenie","product_cat-sport-si-fitness","product_cat-prosoape-servetele-hartie","product_cat-prosoape-hartie","product_tag-prosoape-de-hartie","pa_brand-tork"],"_links":{"self":[{"href":"https:\/\/toreco.md\/ru\/wp-json\/wp\/v2\/product\/4759","targetHints":{"allow":["GET"]}}],"collection":[{"href":"https:\/\/toreco.md\/ru\/wp-json\/wp\/v2\/product"}],"about":[{"href":"https:\/\/toreco.md\/ru\/wp-json\/wp\/v2\/types\/product"}],"replies":[{"embeddable":true,"href":"https:\/\/toreco.md\/ru\/wp-json\/wp\/v2\/comments?post=4759"}],"wp:featuredmedia":[{"embeddable":true,"href":"https:\/\/toreco.md\/ru\/wp-json\/wp\/v2\/media\/4760"}],"wp:attachment":[{"href":"https:\/\/toreco.md\/ru\/wp-json\/wp\/v2\/media?parent=4759"}],"wp:term":[{"taxonomy":"product_cat","embeddable":true,"href":"https:\/\/toreco.md\/ru\/wp-json\/wp\/v2\/product_cat?post=4759"},{"taxonomy":"product_tag","embeddable":true,"href":"https:\/\/toreco.md\/ru\/wp-json\/wp\/v2\/product_tag?post=4759"}],"curies":[{"name":"wp","href":"https:\/\/api.w.org\/{rel}","templated":true}]}}