{"id":16239,"date":"2026-01-17T09:14:00","date_gmt":"2026-01-17T07:14:00","guid":{"rendered":"https:\/\/toreco.md\/?post_type=product&#038;p=16239"},"modified":"2026-01-17T09:15:10","modified_gmt":"2026-01-17T07:15:10","slug":"pudubot-2-robot-inteligent-universal-de-livrare-si-promoter-chirie","status":"publish","type":"product","link":"https:\/\/toreco.md\/ru\/product\/dupa-tip\/chirie\/pudubot-2-robot-inteligent-universal-de-livrare-si-promoter-chirie\/","title":{"rendered":"PuduBot 2, \u0443\u043d\u0438\u0432\u0435\u0440\u0441\u0430\u043b\u044c\u043d\u044b\u0439 \u0438\u043d\u0442\u0435\u043b\u043b\u0435\u043a\u0442\u0443\u0430\u043b\u044c\u043d\u044b\u0439 \u0440\u043e\u0431\u043e\u0442 \u0434\u043b\u044f \u0434\u043e\u0441\u0442\u0430\u0432\u043a\u0438 \u0438 \u043f\u0440\u043e\u0434\u0432\u0438\u0436\u0435\u043d\u0438\u044f - \u0410\u0440\u0435\u043d\u0434\u0430"},"content":{"rendered":"<p><strong><span style=\"color: #96c525;\">\u0411\u0443\u0434\u0443\u0449\u0435\u0435 \u0443\u0436\u0435 \u043d\u0430\u0441\u0442\u0443\u043f\u0438\u043b\u043e!<\/span><\/strong><\/p>\n<h4>PuduBot2 &#8211; Robot inteligent Universal de Livrare \u0219i promoter<\/h4>\n<p>PuduBot 2, \u0440\u043e\u0431\u043e\u0442 \u0434\u043b\u044f \u0434\u043e\u0441\u0442\u0430\u0432\u043a\u0438 \u0438 \u043f\u0440\u043e\u0434\u0432\u0438\u0436\u0435\u043d\u0438\u044f, \u0441\u0442\u0440\u0435\u043c\u0438\u0442\u0441\u044f \u043a \u043e\u0441\u0443\u0449\u0435\u0441\u0442\u0432\u043b\u0435\u043d\u0438\u044e \u0443\u043c\u043d\u044b\u0445 \u0434\u043e\u0441\u0442\u0430\u0432\u043e\u043a \u0432\u043e \u0432\u0441\u0435\u0445 \u0441\u0446\u0435\u043d\u0430\u0440\u0438\u044f\u0445, \u0441\u043f\u043e\u0441\u043e\u0431\u0441\u0442\u0432\u0443\u044f \u043f\u0440\u0438\u043c\u0435\u043d\u0435\u043d\u0438\u044e \u0441\u0435\u0440\u0432\u0438\u0441\u043d\u044b\u0445 \u0440\u043e\u0431\u043e\u0442\u043e\u0432 \u0438 \u0443\u0441\u043a\u043e\u0440\u044f\u044f \u043e\u0431\u0449\u0435\u0435 \u0440\u0430\u0437\u0432\u0438\u0442\u0438\u0435 \u0440\u043e\u0431\u043e\u0442\u043e\u0432 \u0441 \u0431\u043e\u043b\u0435\u0435 \u0432\u044b\u0441\u043e\u043a\u043e\u0439 \u043f\u0440\u043e\u0438\u0437\u0432\u043e\u0434\u0438\u0442\u0435\u043b\u044c\u043d\u043e\u0441\u0442\u044c\u044e, \u043b\u0443\u0447\u0448\u0438\u043c \u0440\u0430\u0441\u0448\u0438\u0440\u0435\u043d\u0438\u0435\u043c, \u0430\u0434\u0430\u043f\u0442\u0438\u0440\u0443\u0435\u043c\u043e\u0441\u0442\u044c\u044e \u0438 \u043d\u0430\u0434\u0435\u0436\u043d\u043e\u0441\u0442\u044c\u044e.<\/p>\n<p>\u0421\u043a\u0430\u0447\u0430\u0442\u044c \u043f\u0440\u0435\u0437\u0435\u043d\u0442\u0430\u0446\u0438\u044e <strong><a title=\"PuduBot2 - livrator universal, promoter\" href=\"https:\/\/toreco.md\/wp-content\/uploads\/2024\/08\/PuduBot2_RO.pdf\">\u0437\u0434\u0435\u0441\u044c<\/a><\/strong><\/p>\n<p><iframe loading=\"lazy\" title=\"PuduBot: Robot de Livrare Universal in Moldova \/\/ toreco.md\" src=\"https:\/\/www.youtube.com\/embed\/x6aJTaxbHF4\" width=\"640\" height=\"360\" frameborder=\"0\" allowfullscreen=\"allowfullscreen\"><\/iframe><\/p>\n<p>\u041e\u0434\u043d\u0430 \u0438\u0437 \u0433\u043b\u0430\u0432\u043d\u044b\u0445 \u043f\u0440\u043e\u0431\u043b\u0435\u043c \u0432 \u0440\u043e\u0437\u043d\u0438\u0447\u043d\u043e\u0439 \u0442\u043e\u0440\u0433\u043e\u0432\u043b\u0435 - \u043f\u0440\u0438\u0432\u043b\u0435\u0447\u0435\u043d\u0438\u0435 \u0432\u043d\u0438\u043c\u0430\u043d\u0438\u044f \u043a \u043f\u0440\u043e\u0434\u0443\u043a\u0442\u0443. PuduBot 2 \u0440\u0435\u0448\u0430\u0435\u0442 \u044d\u0442\u0443 \u0437\u0430\u0434\u0430\u0447\u0443 \u0431\u043b\u0435\u0441\u0442\u044f\u0449\u0435 \u0438 \u0441\u043e\u0432\u0440\u0435\u043c\u0435\u043d\u043d\u043e, \u043f\u0440\u0438\u0432\u043b\u0435\u043a\u0430\u044f \u0432\u043d\u0438\u043c\u0430\u043d\u0438\u0435 \u043a \u043f\u0440\u043e\u0434\u0443\u043a\u0442\u0443: \u043e\u043d \u043c\u043e\u0436\u0435\u0442 \u043f\u0435\u0440\u0435\u0434\u0432\u0438\u0433\u0430\u0442\u044c\u0441\u044f \u043f\u043e \u0442\u043e\u0447\u043a\u0435 \u043f\u0440\u043e\u0434\u0430\u0436 \u0441 \u0432\u0430\u0448\u0438\u043c\u0438 \u043f\u0440\u043e\u0434\u0443\u043a\u0442\u0430\u043c\u0438, \u0434\u0435\u043c\u043e\u043d\u0441\u0442\u0440\u0438\u0440\u043e\u0432\u0430\u0442\u044c \u0440\u0435\u043a\u043b\u0430\u043c\u043d\u043e\u0435 \u0432\u0438\u0434\u0435\u043e \u0438\u043b\u0438 \u0432\u0430\u0448 \u043b\u043e\u0433\u043e\u0442\u0438\u043f. PuduBot 2 \u043c\u043e\u0436\u0435\u0442 \u043f\u0440\u0438\u0432\u043b\u0435\u043a\u0430\u0442\u044c \u0432\u043d\u0438\u043c\u0430\u043d\u0438\u0435 \u0441 \u043f\u043e\u043c\u043e\u0449\u044c\u044e \u0433\u043e\u043b\u043e\u0441\u0430 \u0438 \u0434\u0430\u0436\u0435 \u0432\u0441\u0442\u0443\u043f\u0430\u0442\u044c \u0432 \u0441\u0438\u0442\u0443\u0430\u0442\u0438\u0432\u043d\u044b\u0435 \u0431\u0435\u0441\u0435\u0434\u044b \u0441 \u043f\u043e\u043a\u0443\u043f\u0430\u0442\u0435\u043b\u044f\u043c\u0438.<\/p>\n<p>&nbsp;<\/p>\n<h4 style=\"text-align: left;\">PuduBot2 &#8211; un promotor energic, influent \u0219i inovativ<\/h4>\n<p>\u041e\u043d \u043f\u0440\u043e\u0434\u0432\u0438\u0433\u0430\u0435\u0442 \u043f\u0440\u043e\u0434\u0443\u043a\u0442\u044b, \u043f\u043e\u043a\u0430\u0437\u044b\u0432\u0430\u0435\u0442 \u0440\u0435\u043a\u043b\u0430\u043c\u0443, \u043f\u0440\u0438\u0432\u043b\u0435\u043a\u0430\u0435\u0442 \u043a\u043b\u0438\u0435\u043d\u0442\u043e\u0432 \u0432 \u0442\u043e\u0447\u043a\u0430\u0445 \u043f\u0440\u043e\u0434\u0430\u0436, \u043f\u043e\u043c\u043e\u0433\u0430\u0435\u0442 \u0432 \u043f\u0440\u043e\u0434\u0432\u0438\u0436\u0435\u043d\u0438\u0438 \u0432 \u0441\u0443\u043f\u0435\u0440\u043c\u0430\u0440\u043a\u0435\u0442\u0430\u0445 \u0438\u043b\u0438 \u0432 \u043b\u044e\u0431\u043e\u043c \u043c\u0435\u0441\u0442\u0435, \u0433\u0434\u0435 \u043e\u043d \u0432\u0438\u0434\u0435\u043d, \u043f\u0440\u0438\u0432\u043b\u0435\u043a\u0430\u0435\u0442 \u0432\u043d\u0438\u043c\u0430\u043d\u0438\u0435 \u043d\u0430 \u0432\u044b\u0441\u0442\u0430\u0432\u043a\u0430\u0445 \u0438 \u0442.\u0434.<\/p>\n<p><img decoding=\"async\" src=\"https:\/\/toreco.md\/wp-content\/uploads\/2024\/08\/PuduBot2_robot_universal_livrare_promouter_publicitate_moldova_toreco_ru-12.png\" alt=\"PuduBot2 - robot promotor supermarket, centru comercial, expozitii\" \/><\/p>\n<p>&nbsp;<\/p>\n<h4 style=\"text-align: left;\">\u041a\u043e\u043c\u0443 \u043d\u0443\u0436\u043d\u044b \u0440\u043e\u0431\u043e\u0442\u044b \u0432 2024 \u0433\u043e\u0434\u0443?<\/h4>\n<p><strong>\u0421\u0443\u043f\u0435\u0440\u043c\u0430\u0440\u043a\u0435\u0442\u044b <\/strong><br \/>\n\u0423\u0432\u0435\u043b\u0438\u0447\u044c\u0442\u0435 \u043f\u0440\u043e\u0434\u0430\u0436\u0438 \u0442\u043e\u0432\u0430\u0440\u043e\u0432 \u043d\u0430 \u043f\u043e\u043b\u043a\u0430\u0445 \u0440\u043e\u0431\u043e\u0442\u0430 \u043d\u0430 20-80%. \u0423\u043f\u0440\u0430\u0432\u043b\u044f\u0439\u0442\u0435 \u043f\u0440\u043e\u0434\u0430\u0436\u0430\u043c\u0438 \u0438 \u0438\u043d\u0444\u043e\u0440\u043c\u0438\u0440\u0443\u0439\u0442\u0435 \u043f\u043e\u043a\u0443\u043f\u0430\u0442\u0435\u043b\u0435\u0439 \u043e \u043f\u0440\u043e\u043c\u043e\u0430\u043a\u0446\u0438\u044f\u0445. \u0412\u044b \u043c\u043e\u0436\u0435\u0442\u0435 \u043f\u043e\u0434\u0434\u0435\u0440\u0436\u0438\u0432\u0430\u0442\u044c \u0441\u043e\u0431\u0441\u0442\u0432\u0435\u043d\u043d\u044b\u0435 \u0431\u0440\u0435\u043d\u0434\u044b \u0438\u043b\u0438 \u0441\u0434\u0430\u0432\u0430\u0442\u044c \u043f\u043e\u043b\u043a\u0438 \u0440\u043e\u0431\u043e\u0442\u0430 \u0432 \u0430\u0440\u0435\u043d\u0434\u0443 \u043f\u0440\u043e\u0438\u0437\u0432\u043e\u0434\u0438\u0442\u0435\u043b\u044f\u043c.<\/p>\n<p><strong>\u041f\u0440\u043e\u0438\u0437\u0432\u043e\u0434\u0438\u0442\u0435\u043b\u0438<\/strong><br \/>\n\u041f\u0440\u0438\u0432\u043b\u0435\u043a\u0430\u0439\u0442\u0435 \u0432\u043d\u0438\u043c\u0430\u043d\u0438\u0435 \u043a \u043f\u0440\u043e\u0434\u0443\u043a\u0442\u0430\u043c! \u0410\u043a\u0446\u0438\u0438 \u0441 \u0443\u0447\u0430\u0441\u0442\u0438\u0435\u043c \u0440\u043e\u0431\u043e\u0442\u0430 \u043f\u043e\u0432\u044b\u0441\u044f\u0442 \u0443\u0437\u043d\u0430\u0432\u0430\u0435\u043c\u043e\u0441\u0442\u044c \u0438 \u0443\u043a\u0440\u0435\u043f\u044f\u0442 \u0438\u043c\u0438\u0434\u0436 \u0431\u0440\u0435\u043d\u0434\u0430. \u041a\u043e\u043d\u0442\u0430\u043a\u0442 \u0441 \u043d\u0435\u043e\u0431\u044b\u0447\u043d\u044b\u043c \u043f\u0440\u043e\u043c\u043e\u0443\u0442\u0435\u0440\u043e\u043c \u043e\u0441\u0442\u0430\u043d\u0435\u0442\u0441\u044f \u043f\u043e\u043b\u043e\u0436\u0438\u0442\u0435\u043b\u044c\u043d\u044b\u043c \u0438 \u0437\u0430\u043f\u043e\u043c\u0438\u043d\u0430\u044e\u0449\u0438\u043c\u0441\u044f \u043e\u043f\u044b\u0442\u043e\u043c \u043f\u043e\u043a\u0443\u043f\u043e\u043a.<\/p>\n<p><strong>\u0420\u0435\u043a\u043b\u0430\u043c\u043d\u044b\u0435 \u0430\u0433\u0435\u043d\u0442\u0441\u0442\u0432\u0430 <\/strong><br \/>\n\u041e\u0442\u043a\u0440\u043e\u0439\u0442\u0435 \u043d\u043e\u0432\u044b\u0439 \u043a\u0430\u043d\u0430\u043b \u0441\u0432\u044f\u0437\u0438 \u0441 \u043f\u043e\u043a\u0443\u043f\u0430\u0442\u0435\u043b\u044f\u043c\u0438! \u0420\u043e\u0431\u043e\u0442 \u043c\u043e\u0436\u0435\u0442 \u0442\u0440\u0430\u043d\u0441\u043b\u0438\u0440\u043e\u0432\u0430\u0442\u044c \u0432\u0438\u0434\u0435\u043e\u0440\u0435\u043a\u043b\u0430\u043c\u0443 \u0438 \u0430\u0443\u0434\u0438\u043e\u0440\u0435\u043a\u043b\u0430\u043c\u0443, \u043f\u0435\u0440\u0435\u043c\u0435\u0449\u0430\u044f\u0441\u044c \u043f\u043e \u0442\u0435\u0440\u0440\u0438\u0442\u043e\u0440\u0438\u0438 \u0442\u043e\u0440\u0433\u043e\u0432\u043e\u0433\u043e \u0446\u0435\u043d\u0442\u0440\u0430. \u042d\u0442\u043e \u044d\u0444\u0444\u0435\u043a\u0442\u0438\u0432\u043d\u0435\u0435, \u0447\u0435\u043c \u0441\u0442\u0430\u0442\u0438\u0447\u0435\u0441\u043a\u0438\u0435 \u044d\u043a\u0440\u0430\u043d\u044b, \u0438 \u0434\u0435\u0448\u0435\u0432\u043b\u0435 \u0443\u0441\u043b\u0443\u0433 \u043f\u0440\u043e\u043c\u043e\u0443\u0442\u0435\u0440\u043e\u0432.<\/p>\n<p><img decoding=\"async\" src=\"https:\/\/toreco.md\/wp-content\/uploads\/2024\/08\/PuduBot2_robot_universal_livrare_promouter_publicitate_moldova_toreco_ru-14.png\" alt=\"avantajele robotului pentru orice domeniu de activitate\" \/><\/p>\n<p>&nbsp;<\/p>\n<h4 style=\"text-align: left;\">PUDU VSLAM+ \u041d\u043e\u0432\u043e\u0435 \u041f\u043e\u043a\u043e\u043b\u0435\u043d\u0438\u0435 \u0422\u0435\u0445\u043d\u043e\u043b\u043e\u0433\u0438\u0438 PUDU VSLAM<\/h4>\n<p>&#8211; Tehnologie f\u0103r\u0103 marcaje, reduc\u00e2nd timpul de implementare cu 75%<br \/>\n&#8211; Capabil de operare \u00een medii cu tavane \u00eenalte de p\u00e2n\u0103 la 30m<br \/>\n&#8211; Lidar Dual, percep\u021bie precis\u0103 &#8211; senzorizare 360\u00b0, cu caracteristici de mediu \u00een vizor complet<br \/>\n&#8211; Sistem de \u0218asiu de Top \u00een Industrie &#8211; stabilitate \u0219i performan\u021b\u0103 superioar\u0103, adaptabil la diverse suprafe\u021be, \u00eembun\u0103t\u0103\u021bire cu 30% a stabilit\u0103\u021bii de mi\u0219care<br \/>\n&#8211; Adaptabilitate Superioar\u0103 \u00een Diferite Scenarii &#8211; suport\u0103 maparea \u00een scene extra-mari de p\u00e2n\u0103 la 40,000\u33a1<\/p>\n<p><img decoding=\"async\" src=\"https:\/\/toreco.md\/wp-content\/uploads\/2024\/08\/PuduBot2_robot_universal_livrare_promouter_publicitate_moldova_toreco_ru-11.png\" alt=\"PuduBot2 - diverse moduri de livrare, aniversare, croaziera, retunare vase\" \/><\/p>\n<p>&nbsp;<\/p>\n<h4 style=\"text-align: left;\">\u0412\u044b\u0441\u043e\u043a\u043e\u043f\u0440\u043e\u0438\u0437\u0432\u043e\u0434\u0438\u0442\u0435\u043b\u044c\u043d\u0430\u044f LFP-\u0431\u0430\u0442\u0430\u0440\u0435\u044f<\/h4>\n<p>&#8211; Func\u021bioneaz\u0103 p\u00e2n\u0103 la 24h cu o \u00eenc\u0103rcare de 3h<br \/>\n&#8211; Durata de via\u021b\u0103 a bateriei de 6 ori mai lung\u0103<br \/>\n&#8211; Siguran\u021b\u0103 \u0219i fiabilitate \u00eembun\u0103t\u0103\u021bite<\/p>\n<p>&nbsp;<\/p>\n<h4 style=\"text-align: left;\">\u041c\u0443\u043b\u044c\u0442\u0438\u0438\u043d\u0434\u0443\u0441\u0442\u0440\u0438\u0430\u043b\u044c\u043d\u0430\u044f \u0441\u0432\u044f\u0437\u044c, \u043f\u043e\u043b\u043d\u043e\u0435 \u043f\u043e\u043a\u0440\u044b\u0442\u0438\u0435 \u0441\u0446\u0435\u043d\u0430\u0440\u0438\u0435\u0432<\/h4>\n<p><img decoding=\"async\" src=\"https:\/\/toreco.md\/wp-content\/uploads\/2024\/08\/PuduBot2_robot_universal_livrare_promouter_publicitate_moldova_toreco_ru-08.png\" alt=\"PuduBot2 - arii si domenii de activitate, spitale, restaurant, oficii, supermarket\" \/><\/p>\n<p>&nbsp;<\/p>\n<h4 style=\"text-align: left;\">\u041a\u0430\u043a\u0438\u0435 \u0437\u0430\u0434\u0430\u0447\u0438 \u0432\u044b\u043f\u043e\u043b\u043d\u044f\u044e\u0442 \u0440\u043e\u0431\u043e\u0442\u044b PuduRobotics<\/h4>\n<p><strong>\u041f\u0440\u0438\u0432\u043b\u0435\u0447\u0435\u043d\u0438\u0435 \u0432\u043d\u0438\u043c\u0430\u043d\u0438\u044f<\/strong><br \/>\n\u0418\u043d\u0442\u0435\u0433\u0440\u0430\u0446\u0438\u044f \u0440\u043e\u0431\u043e\u0442\u043e\u0432 \u0433\u0430\u0440\u0430\u043d\u0442\u0438\u0440\u0443\u0435\u0442 WOW-\u044d\u0444\u0444\u0435\u043a\u0442 \u043d\u0430 \u043b\u044e\u0431\u044b\u0445 \u043c\u0435\u0440\u043e\u043f\u0440\u0438\u044f\u0442\u0438\u044f\u0445. \u0413\u043e\u0441\u0442\u0438 \u0441 \u0443\u0434\u043e\u0432\u043e\u043b\u044c\u0441\u0442\u0432\u0438\u0435\u043c \u0432\u0437\u0430\u0438\u043c\u043e\u0434\u0435\u0439\u0441\u0442\u0432\u0443\u044e\u0442 \u0441 \u0440\u043e\u0431\u043e\u0442\u0430\u043c\u0438, \u0444\u043e\u0442\u043e\u0433\u0440\u0430\u0444\u0438\u0440\u0443\u044e\u0442\u0441\u044f \u0438 \u0434\u0435\u043b\u044f\u0442\u0441\u044f \u0441\u043d\u0438\u043c\u043a\u0430\u043c\u0438 \u0441 \u0434\u0440\u0443\u0437\u044c\u044f\u043c\u0438.<\/p>\n<p><strong>\u041f\u0440\u043e\u0431\u043b\u0435\u043c\u0430 \u0447\u0435\u043b\u043e\u0432\u0435\u0447\u0435\u0441\u043a\u0438\u0445 \u0440\u0435\u0441\u0443\u0440\u0441\u043e\u0432<\/strong><br \/>\n\u0427\u0430\u0441\u0442\u043e \u0432 \u043f\u0438\u043a\u043e\u0432\u044b\u0435 \u043f\u0435\u0440\u0438\u043e\u0434\u044b \u0442\u0440\u0435\u0431\u0443\u0435\u0442\u0441\u044f \u0434\u043e\u043f\u043e\u043b\u043d\u0438\u0442\u0435\u043b\u044c\u043d\u044b\u0439 \u043f\u0435\u0440\u0441\u043e\u043d\u0430\u043b. \u0420\u043e\u0431\u043e\u0442 \u0431\u0435\u0440\u0435\u0442 \u043d\u0430 \u0441\u0435\u0431\u044f \u0441\u0430\u043c\u044b\u0435 \u0441\u043b\u043e\u0436\u043d\u044b\u0435 \u0438 \u0440\u0443\u0442\u0438\u043d\u043d\u044b\u0435 \u0437\u0430\u0434\u0430\u0447\u0438, \u043e\u0441\u0432\u043e\u0431\u043e\u0436\u0434\u0430\u044f \u0432\u0440\u0435\u043c\u044f \u0441\u043e\u0442\u0440\u0443\u0434\u043d\u0438\u043a\u043e\u0432 \u0434\u043b\u044f \u043a\u0430\u0447\u0435\u0441\u0442\u0432\u0435\u043d\u043d\u043e\u0433\u043e \u043e\u0431\u0441\u043b\u0443\u0436\u0438\u0432\u0430\u043d\u0438\u044f.<\/p>\n<p><strong>\u042d\u043a\u043e\u043d\u043e\u043c\u0438\u044f \u0440\u0435\u0441\u0443\u0440\u0441\u043e\u0432<\/strong><br \/>\n\u0420\u043e\u0431\u043e\u0442\u044b \u0434\u043e\u0441\u0442\u0430\u0432\u0449\u0438\u043a\u0438, \u043e\u0444\u0438\u0446\u0438\u0430\u043d\u0442\u044b \u0438 \u043f\u0440\u043e\u043c\u043e\u0443\u0442\u0435\u0440\u044b \u0441\u043e\u0437\u0434\u0430\u043d\u044b \u0434\u043b\u044f \u0430\u0432\u0442\u043e\u043c\u0430\u0442\u0438\u0437\u0430\u0446\u0438\u0438 \u0440\u0443\u0442\u0438\u043d\u043d\u044b\u0445 \u0437\u0430\u0434\u0430\u0447 \u0438 \u043f\u043e\u0432\u044b\u0448\u0435\u043d\u0438\u044f \u043f\u0440\u0438\u0431\u044b\u043b\u0438. \u0420\u043e\u0431\u043e\u0442\u0430\u043c \u043d\u0435 \u043d\u0443\u0436\u0435\u043d \u043e\u0442\u0434\u044b\u0445, \u0438 \u043e\u043d\u0438 \u043c\u043e\u0433\u0443\u0442 \u0440\u0430\u0431\u043e\u0442\u0430\u0442\u044c 24 \u0447\u0430\u0441\u0430 \u0432 \u0441\u0443\u0442\u043a\u0438, 7 \u0434\u043d\u0435\u0439 \u0432 \u043d\u0435\u0434\u0435\u043b\u044e.<\/p>\n<p><img decoding=\"async\" src=\"https:\/\/toreco.md\/wp-content\/uploads\/2024\/08\/PuduBot2_robot_universal_livrare_promouter_publicitate_moldova_toreco_ru.png\" alt=\"PuduBot2 - chirie, inchiriere, arenda robot promotor si livrare Moldova\" \/><\/p>\n<p>&nbsp;<\/p>\n<h4 style=\"text-align: left;\">T\u0435\u0445\u043d\u0438\u0447\u0435\u0441\u043a\u0438\u0435 \u0445\u0430\u0440\u0430\u043a\u0442\u0435\u0440\u0438\u0441\u0442\u0438\u043a\u0438:<\/h4>\n<p>Dimensiunea ma\u0219inii: 58&#215;53.5&#215;129 cm<br \/>\nDimensiunea t\u0103vii: 52&#215;43.2 cm<br \/>\n\u041a\u043e\u043b\u0438\u0447\u0435\u0441\u0442\u0432\u043e \u043f\u043e\u0434\u0434\u043e\u043d\u043e\u0432: \u043f\u043e \u0443\u043c\u043e\u043b\u0447\u0430\u043d\u0438\u044e 3, \u043c\u0430\u043a\u0441\u0438\u043c\u0443\u043c 7<br \/>\n\u0412\u0435\u0441 \u043c\u0430\u0448\u0438\u043d\u044b: 39 \u043a\u0433<br \/>\n\u041c\u0430\u043a\u0441\u0438\u043c\u0430\u043b\u044c\u043d\u0430\u044f \u0433\u0440\u0443\u0437\u043e\u043f\u043e\u0434\u044a\u0435\u043c\u043d\u043e\u0441\u0442\u044c: 40 \u043a\u0433<br \/>\n\u0421\u0440\u043e\u043a \u0441\u043b\u0443\u0436\u0431\u044b \u0431\u0430\u0442\u0430\u0440\u0435\u0438: 12 \u0447\u0430\u0441\u043e\u0432 (\u0431\u0435\u0437 \u043d\u0430\u0433\u0440\u0443\u0437\u043a\u0438)<br \/>\n\u0412\u0440\u0435\u043c\u044f \u0437\u0430\u0440\u044f\u0434\u043a\u0438: 3 \u0447\u0430\u0441\u0430<br \/>\n\u0428\u0438\u0440\u0438\u043d\u0430 \u043c\u0430\u0440\u0448\u0440\u0443\u0442\u0430: 80 \u0441\u043c<br \/>\n\u041a\u0440\u0435\u0439\u0441\u0435\u0440\u0441\u043a\u0430\u044f \u0441\u043a\u043e\u0440\u043e\u0441\u0442\u044c: 0.5 \u043c\/\u0441~1.2 \u043c\/\u0441<br \/>\n\u041c\u0435\u0442\u043e\u0434 \u0437\u0430\u0440\u044f\u0434\u043a\u0438: \u043a\u0430\u0431\u0435\u043b\u044c\u043d\u0430\u044f \u0438 \u0430\u0432\u0442\u043e\u043c\u0430\u0442\u0438\u0447\u0435\u0441\u043a\u0430\u044f \u0437\u0430\u0440\u044f\u0434\u043a\u0430<br \/>\n\u041c\u0430\u0442\u0435\u0440\u0438\u0430\u043b\u044b \u0430\u043f\u043f\u0430\u0440\u0430\u0442\u0430: \u0442\u0435\u0445\u043d\u0438\u0447\u0435\u0441\u043a\u0438\u0439 ABS, \u0438\u043d\u0436\u0435\u043d\u0435\u0440\u043d\u044b\u0439 \u043f\u043b\u0430\u0441\u0442\u0438\u043a \/ \u0430\u0432\u0438\u0430\u0446\u0438\u043e\u043d\u043d\u044b\u0439 \u0430\u043b\u044e\u043c\u0438\u043d\u0438\u0435\u0432\u044b\u0439 \u0441\u043f\u043b\u0430\u0432.<\/p>\n<p>\u0420\u043e\u0431\u043e\u0442\u044b, \u043f\u0440\u043e\u0438\u0437\u0432\u0435\u0434\u0435\u043d\u043d\u044b\u0435 PuduRobotics, \u0440\u0430\u0431\u043e\u0442\u0430\u044e\u0442 \u0435\u0436\u0435\u0434\u043d\u0435\u0432\u043d\u043e \u0431\u043e\u043b\u0435\u0435 \u0447\u0435\u043c \u0432 60 \u0441\u0442\u0440\u0430\u043d\u0430\u0445 \u043c\u0438\u0440\u0430 \u0432 \u0440\u0430\u0437\u043b\u0438\u0447\u043d\u044b\u0445 \u0441\u0444\u0435\u0440\u0430\u0445 \u0431\u0438\u0437\u043d\u0435\u0441\u0430.<br \/>\n\u041d\u0430\u0438\u0431\u043e\u043b\u0435\u0435 \u043f\u043e\u043f\u0443\u043b\u044f\u0440\u043d\u044b\u0435 \u043e\u0431\u043b\u0430\u0441\u0442\u0438 \u0434\u043b\u044f \u0440\u043e\u0431\u043e\u0442\u0438\u0437\u0430\u0446\u0438\u0438: HoReCa, \u043c\u0435\u0440\u043e\u043f\u0440\u0438\u044f\u0442\u0438\u044f, BTL-\u0440\u0435\u043a\u043b\u0430\u043c\u0430 \u0438 \u0440\u043e\u0437\u043d\u0438\u0447\u043d\u0430\u044f \u0442\u043e\u0440\u0433\u043e\u0432\u043b\u044f.<\/p>\n<p><strong>PuduBot2 \u043c\u043e\u0436\u0435\u0442 \u0431\u044b\u0442\u044c \u0438\u0441\u043f\u043e\u043b\u044c\u0437\u043e\u0432\u0430\u043d \u0432:<\/strong> \u0440\u0435\u0441\u0442\u043e\u0440\u0430\u043d\u044b, \u043e\u0442\u0435\u043b\u0438, \u0431\u0430\u0440\u044b, \u043a\u0430\u0444\u0435, \u0431\u043e\u043b\u044c\u043d\u0438\u0446\u044b, \u043f\u0440\u0430\u0432\u0438\u0442\u0435\u043b\u044c\u0441\u0442\u0432\u0435\u043d\u043d\u044b\u0435 \u0437\u0434\u0430\u043d\u0438\u044f, \u043e\u0444\u0438\u0441\u043d\u044b\u0435 \u0437\u0434\u0430\u043d\u0438\u044f, \u0442\u043e\u0440\u0433\u043e\u0432\u044b\u0435 \u0446\u0435\u043d\u0442\u0440\u044b, \u0430\u044d\u0440\u043e\u043f\u043e\u0440\u0442\u044b, \u0441\u0442\u043e\u043c\u0430\u0442\u043e\u043b\u043e\u0433\u0438\u0447\u0435\u0441\u043a\u0438\u0435 \u043a\u043b\u0438\u043d\u0438\u043a\u0438, \u043c\u0430\u0433\u0430\u0437\u0438\u043d\u044b \u0438\u0433\u0440\u0443\u0448\u0435\u043a \u0438 \u0434\u0440\u0443\u0433\u0438\u0435 \u0432\u0438\u0434\u044b \u0431\u0438\u0437\u043d\u0435\u0441\u0430.<\/p>\n<p><strong><a title=\"PuduBot2 - livrator universal, promoter\" href=\"https:\/\/toreco.md\/wp-content\/uploads\/2024\/08\/PuduBot2_RO.pdf\">\u0421\u043a\u0430\u0447\u0430\u0442\u044c<\/a><\/strong> \u043f\u0440\u0435\u0437\u0435\u043d\u0442\u0430\u0446\u0438\u044e \u0438 \u0441\u0432\u044f\u0436\u0438\u0442\u0435\u0441\u044c \u0441 \u043d\u0430\u043c\u0438<\/p>","protected":false},"excerpt":{"rendered":"<blockquote><p><strong>\u041f\u0440\u043e\u0442\u0435\u0441\u0442\u0438\u0440\u0443\u0439\u0442\u0435 PuduBot2 \u0431\u0435\u0441\u043f\u043b\u0430\u0442\u043d\u043e \u0432 \u0442\u0435\u0447\u0435\u043d\u0438\u0435 5 \u0434\u043d\u0435\u0439! \u0417\u0430\u043f\u0440\u043e\u0441\u0438\u0442\u0435 \u0431\u0435\u0441\u043f\u043b\u0430\u0442\u043d\u044b\u0439 \u0442\u0435\u0441\u0442 \u0443\u0436\u0435 \u0421\u0415\u0419\u0427\u0410\u0421!<\/strong><br \/>\n\u0410\u0432\u0442\u043e\u043d\u043e\u043c\u043d\u0430\u044f \u0434\u043e\u0441\u0442\u0430\u0432\u043a\u0430 \u0431\u0435\u0437 \u0437\u0430\u0442\u0440\u0430\u0442! \u0411\u0435\u0437 \u043e\u0431\u044f\u0437\u0430\u0442\u0435\u043b\u044c\u0441\u0442\u0432! \u0411\u0435\u0437 \u0440\u0438\u0441\u043a\u043e\u0432! \u0411\u0435\u0437 \u0434\u043e\u043f\u043e\u043b\u043d\u0438\u0442\u0435\u043b\u044c\u043d\u044b\u0445 \u0440\u0430\u0441\u0445\u043e\u0434\u043e\u0432! <em>\u0422\u041e\u041b\u042c\u041a\u041e \u043f\u0440\u043e\u0434\u0443\u043a\u0442\u0438\u0432\u043d\u043e\u0441\u0442\u044c \u043d\u0430 \u0432\u044b\u0441\u0448\u0435\u043c \u0443\u0440\u043e\u0432\u043d\u0435!<\/em>\n<\/p><\/blockquote>\n<p>PuduBot 2 \u2013 \u0440\u043e\u0431\u043e\u0442 \u0434\u043b\u044f \u0431\u044b\u0441\u0442\u0440\u043e\u0439 \u0438 \u043d\u0430\u0434\u0435\u0436\u043d\u043e\u0439 \u0434\u043e\u0441\u0442\u0430\u0432\u043a\u0438, \u0438\u0434\u0435\u0430\u043b\u044c\u043d\u043e \u043f\u043e\u0434\u0445\u043e\u0434\u0438\u0442 \u0434\u043b\u044f HoReCa, \u043e\u0444\u0438\u0441\u043e\u0432, \u0431\u043e\u043b\u044c\u043d\u0438\u0446 \u0438 \u0434\u0440\u0443\u0433\u0438\u0445 \u043e\u0431\u044a\u0435\u043a\u0442\u043e\u0432.<\/p>\n<p><strong>\u0410\u0440\u0435\u043d\u0434\u0430<\/strong> \u043e\u0442 <strong>7500 MDL\/\u043c\u0435\u0441\u044f\u0446<\/strong>, \u0438\u043b\u0438 <strong>\u043f\u043e\u043a\u0443\u043f\u043a\u0430 \u0432 \u0440\u0430\u0441\u0441\u0440\u043e\u0447\u043a\u0443 \u043d\u0430 \u0432\u044b\u0433\u043e\u0434\u043d\u044b\u0445 \u0443\u0441\u043b\u043e\u0432\u0438\u044f\u0445.<\/strong><br \/>\n\u041e\u043f\u0442\u0438\u043c\u0438\u0437\u0438\u0440\u0443\u0439\u0442\u0435 \u0434\u043e\u0441\u0442\u0430\u0432\u043a\u0443. \u042d\u043a\u043e\u043d\u043e\u043c\u044c\u0442\u0435 \u0432\u0440\u0435\u043c\u044f \u0438 \u0440\u0435\u0441\u0443\u0440\u0441\u044b.<\/p>","protected":false},"featured_media":13713,"comment_status":"closed","ping_status":"closed","template":"","meta":[],"product_cat":[337,45,34,42,43,40,46],"product_tag":[318],"class_list":["post-16239","product","type-product","status-publish","has-post-thumbnail","hentry","product_cat-chirie","product_cat-industria-auto","product_cat-hotel","product_cat-industria-de-producere-si-prelucrare","product_cat-medicina","product_cat-restaurant-si-bucatarie","product_cat-sport-si-fitness","product_tag-robot-inteligenta-artificiala","pa_brand-pudu-robotics"],"_links":{"self":[{"href":"https:\/\/toreco.md\/ru\/wp-json\/wp\/v2\/product\/16239","targetHints":{"allow":["GET"]}}],"collection":[{"href":"https:\/\/toreco.md\/ru\/wp-json\/wp\/v2\/product"}],"about":[{"href":"https:\/\/toreco.md\/ru\/wp-json\/wp\/v2\/types\/product"}],"replies":[{"embeddable":true,"href":"https:\/\/toreco.md\/ru\/wp-json\/wp\/v2\/comments?post=16239"}],"wp:featuredmedia":[{"embeddable":true,"href":"https:\/\/toreco.md\/ru\/wp-json\/wp\/v2\/media\/13713"}],"wp:attachment":[{"href":"https:\/\/toreco.md\/ru\/wp-json\/wp\/v2\/media?parent=16239"}],"wp:term":[{"taxonomy":"product_cat","embeddable":true,"href":"https:\/\/toreco.md\/ru\/wp-json\/wp\/v2\/product_cat?post=16239"},{"taxonomy":"product_tag","embeddable":true,"href":"https:\/\/toreco.md\/ru\/wp-json\/wp\/v2\/product_tag?post=16239"}],"curies":[{"name":"wp","href":"https:\/\/api.w.org\/{rel}","templated":true}]}}