{"id":16237,"date":"2026-01-17T08:48:16","date_gmt":"2026-01-17T06:48:16","guid":{"rendered":"https:\/\/toreco.md\/?post_type=product&#038;p=16237"},"modified":"2026-01-17T08:55:16","modified_gmt":"2026-01-17T06:55:16","slug":"pudu-mt1-robot-autonom-de-curatenie-profesionala-cu-inteligenta-artificiala-pentru-spatii-mari-chirie","status":"publish","type":"product","link":"https:\/\/toreco.md\/ru\/product\/dupa-tip\/chirie\/pudu-mt1-robot-autonom-de-curatenie-profesionala-cu-inteligenta-artificiala-pentru-spatii-mari-chirie\/","title":{"rendered":"Pudu MT1 \u2013 \u0430\u0432\u0442\u043e\u043d\u043e\u043c\u043d\u044b\u0439 \u043f\u0440\u043e\u0444\u0435\u0441\u0441\u0438\u043e\u043d\u0430\u043b\u044c\u043d\u044b\u0439 \u0440\u043e\u0431\u043e\u0442 \u0434\u043b\u044f \u0441\u0443\u0445\u043e\u0439 \u0443\u0431\u043e\u0440\u043a\u0438 \u0441 \u0418\u0418, \u043f\u0440\u0435\u0434\u043d\u0430\u0437\u043d\u0430\u0447\u0435\u043d\u043d\u044b\u0439 \u0434\u043b\u044f \u0431\u043e\u043b\u044c\u0448\u0438\u0445 \u043f\u043e\u043c\u0435\u0449\u0435\u043d\u0438\u0439 - \u0410\u0440\u0435\u043d\u0434\u0430"},"content":{"rendered":"<p><strong><span style=\"color: #96c525;\">100 000 \u043c\u00b2, 24\/7<\/span><\/strong><\/p>\n<h4>\u0418\u043d\u0442\u0435\u043b\u043b\u0435\u043a\u0442\u0443\u0430\u043b\u044c\u043d\u0430\u044f \u0438 \u043d\u0435\u043f\u0440\u0435\u0440\u044b\u0432\u043d\u0430\u044f \u0443\u0431\u043e\u0440\u043a\u0430 \u0431\u0435\u0437 \u043a\u043e\u043c\u043f\u0440\u043e\u043c\u0438\u0441\u0441\u043e\u0432<\/h4>\n<p>\u0411\u043b\u0430\u0433\u043e\u0434\u0430\u0440\u044f \u043e\u0445\u0432\u0430\u0442\u0443 \u043f\u043b\u043e\u0449\u0430\u0434\u0435\u0439 \u0434\u043e <strong>100 000 \u043c\u00b2<\/strong> \u0438 \u043d\u0435\u043f\u0440\u0435\u0440\u044b\u0432\u043d\u043e\u0439 \u0440\u0430\u0431\u043e\u0442\u0435 24\/7, MT1 \u0443\u0441\u0442\u0430\u043d\u0430\u0432\u043b\u0438\u0432\u0430\u0435\u0442 \u043d\u043e\u0432\u044b\u0439 \u043f\u0440\u043e\u0444\u0435\u0441\u0441\u0438\u043e\u043d\u0430\u043b\u044c\u043d\u044b\u0439 \u0441\u0442\u0430\u043d\u0434\u0430\u0440\u0442 \u0432 \u0441\u0444\u0435\u0440\u0435 \u0443\u0431\u043e\u0440\u043a\u0438.<\/p>\n<p>Pudu MT1 \u2014 \u044d\u0442\u043e \u043d\u043e\u0432\u0435\u0439\u0448\u0438\u0439 \u0440\u043e\u0431\u043e\u0442 \u0434\u043b\u044f \u0441\u0443\u0445\u043e\u0439 \u0443\u0431\u043e\u0440\u043a\u0438, \u043e\u0441\u043d\u0430\u0449\u0451\u043d\u043d\u044b\u0439 \u0441\u0438\u0441\u0442\u0435\u043c\u043e\u0439 \u0438\u0441\u043a\u0443\u0441\u0441\u0442\u0432\u0435\u043d\u043d\u043e\u0433\u043e \u0438\u043d\u0442\u0435\u043b\u043b\u0435\u043a\u0442\u0430 (AI), \u0441\u043f\u0435\u0446\u0438\u0430\u043b\u044c\u043d\u043e \u0440\u0430\u0437\u0440\u0430\u0431\u043e\u0442\u0430\u043d\u043d\u044b\u0439 \u0434\u043b\u044f \u0443\u0431\u043e\u0440\u043a\u0438 \u0431\u043e\u043b\u044c\u0448\u0438\u0445 \u043f\u0440\u043e\u0441\u0442\u0440\u0430\u043d\u0441\u0442\u0432, \u0442\u0430\u043a\u0438\u0445 \u043a\u0430\u043a \u0442\u043e\u0440\u0433\u043e\u0432\u044b\u0435 \u0446\u0435\u043d\u0442\u0440\u044b, \u0430\u044d\u0440\u043e\u043f\u043e\u0440\u0442\u044b, \u043f\u0440\u043e\u0438\u0437\u0432\u043e\u0434\u0441\u0442\u0432\u0435\u043d\u043d\u044b\u0435 \u0446\u0435\u0445\u0430, \u0432\u044b\u0441\u0442\u0430\u0432\u043e\u0447\u043d\u044b\u0435 \u0437\u0430\u043b\u044b \u0438 \u043e\u0431\u0449\u0435\u0441\u0442\u0432\u0435\u043d\u043d\u044b\u0435 \u0437\u0434\u0430\u043d\u0438\u044f. \u0411\u043b\u0430\u0433\u043e\u0434\u0430\u0440\u044f \u043e\u0445\u0432\u0430\u0442\u0443 \u043f\u043b\u043e\u0449\u0430\u0434\u0435\u0439 \u0434\u043e 100 000 \u043c\u00b2 \u0438 \u043d\u0435\u043f\u0440\u0435\u0440\u044b\u0432\u043d\u043e\u0439 \u0440\u0430\u0431\u043e\u0442\u0435 24\/7, MT1 \u0443\u0441\u0442\u0430\u043d\u0430\u0432\u043b\u0438\u0432\u0430\u0435\u0442 \u043d\u043e\u0432\u044b\u0439 \u043f\u0440\u043e\u0444\u0435\u0441\u0441\u0438\u043e\u043d\u0430\u043b\u044c\u043d\u044b\u0439 \u0441\u0442\u0430\u043d\u0434\u0430\u0440\u0442 \u0432 \u0441\u0444\u0435\u0440\u0435 \u0443\u0431\u043e\u0440\u043a\u0438.<\/p>\n<p><iframe loading=\"lazy\" title=\"Pudu MT1 \u2013 robot autonom de cur\u0103\u021benie profesional\u0103 cu inteligen\u021b\u0103 artificial\u0103 pentru spa\u021bii mari\" src=\"https:\/\/www.youtube.com\/embed\/X3SV_4kqWxU\" width=\"1034\" height=\"360\" frameborder=\"0\" allowfullscreen=\"allowfullscreen\"><\/iframe><\/p>\n<p>&nbsp;<\/p>\n<h4 style=\"text-align: left;\">\u041c\u0430\u043a\u0441\u0438\u043c\u0430\u043b\u044c\u043d\u0430\u044f \u044d\u0444\u0444\u0435\u043a\u0442\u0438\u0432\u043d\u043e\u0441\u0442\u044c \u2013 \u043d\u0438\u043a\u0430\u043a\u043e\u0439 \u0433\u0440\u044f\u0437\u0438 \u0438 \u043c\u0438\u043d\u0438\u043c\u0430\u043b\u044c\u043d\u044b\u0435 \u0443\u0441\u0438\u043b\u0438\u044f<\/h4>\n<p><strong>\u0414\u0432\u043e\u0439\u043d\u0430\u044f \u0441\u0438\u0441\u0442\u0435\u043c\u0430 \u043f\u043e\u0434\u043c\u0435\u0442\u0430\u043d\u0438\u044f:<\/strong> \u0434\u0432\u0435 \u0432\u0440\u0430\u0449\u0430\u044e\u0449\u0438\u0435\u0441\u044f \u0449\u0435\u0442\u043a\u0438 \u044d\u0444\u0444\u0435\u043a\u0442\u0438\u0432\u043d\u043e \u0441\u043e\u0431\u0438\u0440\u0430\u044e\u0442 \u043a\u0430\u043a \u043a\u0440\u0443\u043f\u043d\u044b\u0439 \u043c\u0443\u0441\u043e\u0440 (\u043b\u0438\u0441\u0442\u044c\u044f, \u0431\u0443\u0442\u044b\u043b\u043a\u0438), \u0442\u0430\u043a \u0438 \u043c\u0435\u043b\u043a\u0443\u044e \u043f\u044b\u043b\u044c.<br \/>\n<strong>\u0410\u043a\u0442\u0438\u0432\u043d\u044b\u0439 \u043a\u043e\u043d\u0442\u0440\u043e\u043b\u044c \u043f\u044b\u043b\u0438:<\/strong> \u043c\u043e\u0449\u043d\u0430\u044f \u0441\u0438\u0441\u0442\u0435\u043c\u0430 \u0432\u0435\u043d\u0442\u0438\u043b\u044f\u0446\u0438\u0438 \u0441 \u043e\u0442\u0440\u0438\u0446\u0430\u0442\u0435\u043b\u044c\u043d\u044b\u043c \u0434\u0430\u0432\u043b\u0435\u043d\u0438\u0435\u043c \u0438 \u0432\u044b\u0441\u043e\u043a\u043e\u044d\u0444\u0444\u0435\u043a\u0442\u0438\u0432\u043d\u044b\u043c \u0444\u0438\u043b\u044c\u0442\u0440\u043e\u043c \u043f\u0440\u0435\u0434\u043e\u0442\u0432\u0440\u0430\u0449\u0430\u0435\u0442 \u0432\u0442\u043e\u0440\u0438\u0447\u043d\u043e\u0435 \u0437\u0430\u0433\u0440\u044f\u0437\u043d\u0435\u043d\u0438\u0435.<br \/>\n<strong>\u0420\u0430\u0431\u043e\u0447\u0430\u044f \u0448\u0438\u0440\u0438\u043d\u0430 \u0443\u0431\u043e\u0440\u043a\u0438:<\/strong> 70 \u0441\u043c<br \/>\n<strong>\u041e\u0431\u044a\u0451\u043c \u043a\u043e\u043d\u0442\u0435\u0439\u043d\u0435\u0440\u0430 \u0434\u043b\u044f \u043c\u0443\u0441\u043e\u0440\u0430:<\/strong> 35 \u043b\u0438\u0442\u0440\u043e\u0432<\/p>\n<div class=\"mceTemp\"><\/div>\n<p><img decoding=\"async\" src=\"https:\/\/toreco.md\/wp-content\/uploads\/2025\/05\/robot-curatenie-profesional-ai-industrial-inovatie-mt1-pudu-toreco-md-1-ru-06.png\" alt=\"Pudu MT1 \u2013 robot autonom de cur\u0103\u021benie uscat\u0103 cu AI, ideal pentru spa\u021bii mari. Eficien\u021b\u0103 24\/7, naviga\u021bie inteligent\u0103, robot de cur\u0103\u021benie profesional, spa\u021bii mari, inteligenta artificiala, industrial\u0103 automatizat\u0103, inovatie, pudu, mt1, toreco, moldova\" \/><\/p>\n<p>&nbsp;<\/p>\n<h4 style=\"text-align: left;\">\u0418\u043d\u043d\u043e\u0432\u0430\u0446\u0438\u043e\u043d\u043d\u044b\u0435 \u0442\u0435\u0445\u043d\u043e\u043b\u043e\u0433\u0438\u0438 \u0434\u043b\u044f \u0443\u043c\u043d\u043e\u0439 \u0443\u0431\u043e\u0440\u043a\u0438<\/h4>\n<p><strong>\u0418\u0418 \u0440\u0430\u0441\u043f\u043e\u0437\u043d\u0430\u0432\u0430\u043d\u0438\u0435 \u043c\u0443\u0441\u043e\u0440\u0430<\/strong> \u2013 \u043a\u0430\u043c\u0435\u0440\u044b \u0432 \u0440\u0435\u0430\u043b\u044c\u043d\u043e\u043c \u0432\u0440\u0435\u043c\u0435\u043d\u0438 \u043e\u043f\u0440\u0435\u0434\u0435\u043b\u044f\u044e\u0442 \u0438 \u043a\u043b\u0430\u0441\u0441\u0438\u0444\u0438\u0446\u0438\u0440\u0443\u044e\u0442 \u043c\u0443\u0441\u043e\u0440, \u043e\u0431\u0443\u0447\u0430\u044f\u0441\u044c \u0441 \u043f\u043e\u043c\u043e\u0449\u044c\u044e \u0442\u0435\u0445\u043d\u043e\u043b\u043e\u0433\u0438\u0439 \u0433\u043b\u0443\u0431\u043e\u043a\u043e\u0433\u043e \u043e\u0431\u0443\u0447\u0435\u043d\u0438\u044f.<br \/>\n<strong>\u0418\u043d\u0442\u0435\u043b\u043b\u0435\u043a\u0442\u0443\u0430\u043b\u044c\u043d\u0430\u044f \u0442\u043e\u0447\u0435\u0447\u043d\u0430\u044f \u043e\u0447\u0438\u0441\u0442\u043a\u0430<\/strong> &#8211; robotul scaneaz\u0103 zonele largi \u0219i intervine precis \u00een locurile cu murd\u0103rie, cresc\u00e2nd eficien\u021ba cu p\u00e2n\u0103 la 500%.<br \/>\n<strong>\u041f\u0435\u0440\u0435\u0434\u043e\u0432\u0430\u044f \u0430\u0432\u0442\u043e\u043d\u043e\u043c\u043d\u0430\u044f \u043d\u0430\u0432\u0438\u0433\u0430\u0446\u0438\u044f<\/strong> \u2013 \u0431\u043b\u0430\u0433\u043e\u0434\u0430\u0440\u044f SLAM Lidar \u0438 VSLAM \u0440\u043e\u0431\u043e\u0442 \u0430\u0434\u0430\u043f\u0442\u0438\u0440\u0443\u0435\u0442\u0441\u044f \u043a \u043b\u044e\u0431\u044b\u043c \u0443\u0441\u043b\u043e\u0432\u0438\u044f\u043c.<br \/>\n<strong>3D-\u043e\u0431\u043d\u0430\u0440\u0443\u0436\u0435\u043d\u0438\u0435 \u043f\u0440\u0435\u043f\u044f\u0442\u0441\u0442\u0432\u0438\u0439<\/strong> \u2013 \u0431\u0435\u0437\u043e\u043f\u0430\u0441\u043d\u043e \u0438 \u0442\u043e\u0447\u043d\u043e \u043f\u0435\u0440\u0435\u043c\u0435\u0449\u0430\u0435\u0442\u0441\u044f \u0434\u0430\u0436\u0435 \u0432 \u0443\u0437\u043a\u0438\u0445 \u043f\u0440\u043e\u0445\u043e\u0434\u0430\u0445 \u0448\u0438\u0440\u0438\u043d\u043e\u0439 \u043e\u0442 75 \u0441\u043c.<\/p>\n<div class=\"mceTemp\"><\/div>\n<p><img decoding=\"async\" src=\"https:\/\/toreco.md\/wp-content\/uploads\/2025\/05\/robot-curatenie-profesional-ai-industrial-inovatie-mt1-pudu-toreco-md-4-ru-07.png\" alt=\"Pudu MT1 \u2013 robot autonom de cur\u0103\u021benie uscat\u0103 cu AI, ideal pentru spa\u021bii mari. Eficien\u021b\u0103 24\/7, naviga\u021bie inteligent\u0103, robot de cur\u0103\u021benie profesional, spa\u021bii mari, inteligenta artificiala, deseuri mari si praf, inovatie, pudu, mt1, toreco, moldova\" \/><\/p>\n<p>&nbsp;<\/p>\n<h4 style=\"text-align: left;\">\u041c\u043e\u0434\u0443\u043b\u044c\u043d\u0430\u044f \u043a\u043e\u043d\u0441\u0442\u0440\u0443\u043a\u0446\u0438\u044f \u0438 \u043a\u0440\u0443\u0433\u043b\u043e\u0441\u0443\u0442\u043e\u0447\u043d\u0430\u044f \u0440\u0430\u0431\u043e\u0442\u0430<\/h4>\n<p><strong>\u0411\u044b\u0441\u0442\u0440\u0430\u044f \u0437\u0430\u043c\u0435\u043d\u0430 \u043c\u043e\u0434\u0443\u043b\u0435\u0439 \u2013<\/strong> \u043a\u043e\u043d\u0442\u0435\u0439\u043d\u0435\u0440 \u0438 \u0440\u0430\u0441\u0445\u043e\u0434\u043d\u044b\u0435 \u043c\u0430\u0442\u0435\u0440\u0438\u0430\u043b\u044b \u043b\u0435\u0433\u043a\u043e \u0437\u0430\u043c\u0435\u043d\u044f\u044e\u0442\u0441\u044f \u0431\u0435\u0437 \u0438\u043d\u0441\u0442\u0440\u0443\u043c\u0435\u043d\u0442\u043e\u0432.<br \/>\n<strong>\u041d\u0435\u043f\u0440\u0435\u0440\u044b\u0432\u043d\u0430\u044f \u0440\u0430\u0431\u043e\u0442\u0430 \u2013<\/strong> \u0434\u043e 8 \u0447\u0430\u0441\u043e\u0432 \u0430\u0432\u0442\u043e\u043d\u043e\u043c\u0438\u0438, \u0431\u044b\u0441\u0442\u0440\u0430\u044f \u0437\u0430\u0440\u044f\u0434\u043a\u0430 \u0437\u0430 3 \u0447\u0430\u0441\u0430, \u0430\u0432\u0442\u043e\u043c\u0430\u0442\u0438\u0447\u0435\u0441\u043a\u0430\u044f \u0434\u043e\u043a-\u0441\u0442\u0430\u043d\u0446\u0438\u044f.<br \/>\n<strong>\u0412\u044b\u0434\u0432\u0438\u0436\u043d\u0430\u044f \u0440\u0443\u0447\u043a\u0430 \u2013<\/strong> \u0443\u0434\u043e\u0431\u043d\u0430 \u0434\u043b\u044f \u0440\u0443\u0447\u043d\u043e\u0433\u043e \u043f\u0435\u0440\u0435\u043c\u0435\u0449\u0435\u043d\u0438\u044f \u0440\u043e\u0431\u043e\u0442\u0430 \u043c\u0435\u0436\u0434\u0443 \u0437\u043e\u043d\u0430\u043c\u0438.<br \/>\n<strong>\u0423\u0431\u043e\u0440\u043a\u0430 \u043f\u043e \u043a\u0440\u0430\u044f\u043c \u0431\u0435\u0437 \u00ab\u0441\u043b\u0435\u043f\u044b\u0445\u00bb \u0437\u043e\u043d \u2013<\/strong> \u043f\u043e\u043b\u043d\u043e\u0435 \u043f\u043e\u043a\u0440\u044b\u0442\u0438\u0435 \u043f\u043e\u0432\u0435\u0440\u0445\u043d\u043e\u0441\u0442\u0438.<\/p>\n<p><img decoding=\"async\" src=\"https:\/\/toreco.md\/wp-content\/uploads\/2025\/05\/robot-curatenie-profesional-ai-industrial-inovatie-mt1-pudu-toreco-md-2-02.png\" alt=\"Pudu MT1 \u2013 robot autonom si manual de cur\u0103\u021benie cu AI, ideal pentru spa\u021bii mari pentru industrii si producere cu spa\u021bii mari, deseuri mari si praf, inovatie, pudu, mt1, toreco, moldova\" \/><\/p>\n<p>&nbsp;<\/p>\n<h4 style=\"text-align: left;\">\u0418\u043d\u0442\u0435\u0433\u0440\u0430\u0446\u0438\u044f \u0432 \u0443\u043c\u043d\u0443\u044e \u0438\u043d\u0444\u0440\u0430\u0441\u0442\u0440\u0443\u043a\u0442\u0443\u0440\u0443<\/h4>\n<p>\u0421\u043e\u0432\u043c\u0435\u0441\u0442\u0438\u043c\u043e\u0441\u0442\u044c \u0441 <strong>IoT<\/strong> &#8211; lifturi, por\u021bi automate \u0219i aplica\u021bii de monitorizare.<br \/>\n<strong>\u0421\u043e\u0432\u0440\u0435\u043c\u0435\u043d\u043d\u044b\u0439 \u0438 \u044d\u0440\u0433\u043e\u043d\u043e\u043c\u0438\u0447\u043d\u044b\u0439 \u0434\u0438\u0437\u0430\u0439\u043d<\/strong> &#8211; design tehnologic minimalist, finisaje premium, func\u021bionalitate integrat\u0103 perfect cu estetica.<\/p>\n<p><img decoding=\"async\" src=\"https:\/\/toreco.md\/wp-content\/uploads\/2025\/05\/robot-curatenie-profesional-ai-industrial-inovatie-mt1-pudu-toreco-md-3-ru-05.png\" alt=\"Pudu MT1 \u2013 robot autonom si manual de cur\u0103\u021benie cu AI, IoT, lift, aplicatie mobila, ideal pentru spa\u021bii mari pentru industrii si producere cu spa\u021bii mari, deseuri mari si praf, inovatie, pudu, mt1, toreco, moldova\" \/><\/p>\n<p>&nbsp;<\/p>\n<h4 style=\"text-align: left;\">T\u0435\u0445\u043d\u0438\u0447\u0435\u0441\u043a\u0438\u0435 \u0445\u0430\u0440\u0430\u043a\u0442\u0435\u0440\u0438\u0441\u0442\u0438\u043a\u0438:<\/h4>\n<p>\u0420\u0430\u0437\u043c\u0435\u0440\u044b: 840 \u00d7 600 \u00d7 490 \u043c\u043c<br \/>\n\u0412\u0435\u0441 \u0440\u043e\u0431\u043e\u0442\u0430: 65 \u043a\u0433<br \/>\n\u041f\u0440\u043e\u0438\u0437\u0432\u043e\u0434\u0438\u0442\u0435\u043b\u044c\u043d\u043e\u0441\u0442\u044c: \u0421\u0442\u0430\u043d\u0434\u0430\u0440\u0442\u043d\u0430\u044f \u0443\u0431\u043e\u0440\u043a\u0430: \u0434\u043e 1800 \u043c\u00b2\/\u0447, \u0422\u043e\u0447\u0435\u0447\u043d\u0430\u044f \u0443\u0431\u043e\u0440\u043a\u0430: \u0434\u043e 6000 \u043c\u00b2\/\u0447<br \/>\n\u0412\u0440\u0435\u043c\u044f \u0440\u0430\u0431\u043e\u0442\u044b: 4\u20138 \u0447\u0430\u0441\u043e\u0432<br \/>\n\u0412\u0440\u0435\u043c\u044f \u0437\u0430\u0440\u044f\u0434\u043a\u0438: \u043c\u0435\u043d\u0435\u0435 3 \u0447\u0430\u0441\u043e\u0432<br \/>\n\u041d\u0430\u0432\u0438\u0433\u0430\u0446\u0438\u044f: Lidar SLAM + VSLAM + \u043c\u0430\u0440\u043a\u0435\u0440\u044b<\/p>","protected":false},"excerpt":{"rendered":"<blockquote><p><strong>\u041f\u0440\u043e\u0442\u0435\u0441\u0442\u0438\u0440\u0443\u0439\u0442\u0435 MT1 \u0431\u0435\u0441\u043f\u043b\u0430\u0442\u043d\u043e \u0432 \u0442\u0435\u0447\u0435\u043d\u0438\u0435 5 \u0434\u043d\u0435\u0439! \u0417\u0430\u043f\u0440\u043e\u0441\u0438\u0442\u0435 \u0431\u0435\u0441\u043f\u043b\u0430\u0442\u043d\u044b\u0439 \u0442\u0435\u0441\u0442 \u0443\u0436\u0435 \u0421\u0415\u0419\u0427\u0410\u0421!<\/strong><br \/>\n\u041f\u0440\u043e\u0444\u0435\u0441\u0441\u0438\u043e\u043d\u0430\u043b\u044c\u043d\u0430\u044f \u0438\u043d\u0442\u0435\u043b\u043b\u0435\u043a\u0442\u0443\u0430\u043b\u044c\u043d\u0430\u044f \u0443\u0431\u043e\u0440\u043a\u0430 24\/7! \u0411\u0435\u0437 \u0437\u0430\u0442\u0440\u0430\u0442! \u0411\u0435\u0437 \u043e\u0431\u044f\u0437\u0430\u0442\u0435\u043b\u044c\u0441\u0442\u0432! \u0411\u0435\u0437 \u0440\u0438\u0441\u043a\u043e\u0432! \u0411\u0435\u0437 \u0434\u043e\u043f\u043e\u043b\u043d\u0438\u0442\u0435\u043b\u044c\u043d\u044b\u0445 \u0440\u0430\u0441\u0445\u043e\u0434\u043e\u0432! <em>\u0422\u043e\u043b\u044c\u043a\u043e \u043c\u0430\u043a\u0441\u0438\u043c\u0430\u043b\u044c\u043d\u0430\u044f \u044d\u0444\u0444\u0435\u043a\u0442\u0438\u0432\u043d\u043e\u0441\u0442\u044c!<\/em><\/p><\/blockquote>\n<p>MT1 \u2013 \u0440\u043e\u0431\u043e\u0442 \u0441 \u0438\u0441\u043a\u0443\u0441\u0441\u0442\u0432\u0435\u043d\u043d\u044b\u043c \u0438\u043d\u0442\u0435\u043b\u043b\u0435\u043a\u0442\u043e\u043c \u0434\u043b\u044f \u0441\u0443\u0445\u043e\u0439 \u0443\u0431\u043e\u0440\u043a\u0438, \u043f\u043e\u043a\u0440\u044b\u0432\u0430\u044e\u0449\u0438\u0439 \u0434\u043e 100 000 \u043c\u00b2 \u043a\u0440\u0443\u0433\u043b\u043e\u0441\u0443\u0442\u043e\u0447\u043d\u043e.<\/p>\n<p><strong>\u0410\u0440\u0435\u043d\u0434\u0430<\/strong> \u043e\u0442 <strong>12000 MDL\/\u043c\u0435\u0441\u044f\u0446<\/strong>, \u0438\u043b\u0438 <strong>\u043f\u043e\u043a\u0443\u043f\u043a\u0430 \u0432 \u0440\u0430\u0441\u0441\u0440\u043e\u0447\u043a\u0443 \u043d\u0430 \u0432\u044b\u0433\u043e\u0434\u043d\u044b\u0445 \u0443\u0441\u043b\u043e\u0432\u0438\u044f\u0445.<\/strong><br \/>\n\u0421\u0442\u0430\u043d\u044c\u0442\u0435 \u043b\u0438\u0434\u0435\u0440\u043e\u043c \u0432 \u043f\u0440\u043e\u0444\u0435\u0441\u0441\u0438\u043e\u043d\u0430\u043b\u044c\u043d\u043e\u0439 \u0443\u0431\u043e\u0440\u043a\u0435. \u0411\u0435\u0437 \u0437\u0430\u0440\u043f\u043b\u0430\u0442, \u0431\u0435\u0437 \u043e\u0448\u0438\u0431\u043e\u043a, \u0442\u043e\u043b\u044c\u043a\u043e \u0432\u044b\u0441\u043e\u043a\u0430\u044f \u043f\u0440\u043e\u0438\u0437\u0432\u043e\u0434\u0438\u0442\u0435\u043b\u044c\u043d\u043e\u0441\u0442\u044c!<\/p>","protected":false},"featured_media":15581,"comment_status":"closed","ping_status":"closed","template":"","meta":[],"product_cat":[337,45,34,42,44,43,40,41,46],"product_tag":[318],"class_list":["post-16237","product","type-product","status-publish","has-post-thumbnail","hentry","product_cat-chirie","product_cat-industria-auto","product_cat-hotel","product_cat-industria-de-producere-si-prelucrare","product_cat-institutii-de-invatamint","product_cat-medicina","product_cat-restaurant-si-bucatarie","product_cat-servicii-de-curatenie","product_cat-sport-si-fitness","product_tag-robot-inteligenta-artificiala","pa_brand-pudu-robotics"],"_links":{"self":[{"href":"https:\/\/toreco.md\/ru\/wp-json\/wp\/v2\/product\/16237","targetHints":{"allow":["GET"]}}],"collection":[{"href":"https:\/\/toreco.md\/ru\/wp-json\/wp\/v2\/product"}],"about":[{"href":"https:\/\/toreco.md\/ru\/wp-json\/wp\/v2\/types\/product"}],"replies":[{"embeddable":true,"href":"https:\/\/toreco.md\/ru\/wp-json\/wp\/v2\/comments?post=16237"}],"wp:featuredmedia":[{"embeddable":true,"href":"https:\/\/toreco.md\/ru\/wp-json\/wp\/v2\/media\/15581"}],"wp:attachment":[{"href":"https:\/\/toreco.md\/ru\/wp-json\/wp\/v2\/media?parent=16237"}],"wp:term":[{"taxonomy":"product_cat","embeddable":true,"href":"https:\/\/toreco.md\/ru\/wp-json\/wp\/v2\/product_cat?post=16237"},{"taxonomy":"product_tag","embeddable":true,"href":"https:\/\/toreco.md\/ru\/wp-json\/wp\/v2\/product_tag?post=16237"}],"curies":[{"name":"wp","href":"https:\/\/api.w.org\/{rel}","templated":true}]}}