{"id":16193,"date":"2026-01-13T15:24:13","date_gmt":"2026-01-13T13:24:13","guid":{"rendered":"https:\/\/toreco.md\/?post_type=product&#038;p=16193"},"modified":"2026-01-13T15:33:24","modified_gmt":"2026-01-13T13:33:24","slug":"bellabot-robot-premium-de-livrare-cu-interactiune-multimodala-chirie","status":"publish","type":"product","link":"https:\/\/toreco.md\/ru\/product\/dupa-tip\/chirie\/bellabot-robot-premium-de-livrare-cu-interactiune-multimodala-chirie\/","title":{"rendered":"BellaBot, \u043f\u0440\u0435\u043c\u0438\u0430\u043b\u044c\u043d\u044b\u0439 \u0440\u043e\u0431\u043e\u0442 \u0434\u043b\u044f \u0434\u043e\u0441\u0442\u0430\u0432\u043a\u0438 \u0441 \u043c\u0443\u043b\u044c\u0442\u0438\u043c\u043e\u0434\u0430\u043b\u044c\u043d\u044b\u043c \u0432\u0437\u0430\u0438\u043c\u043e\u0434\u0435\u0439\u0441\u0442\u0432\u0438\u0435\u043c - \u0410\u0440\u0435\u043d\u0434\u0430"},"content":{"rendered":"<p><strong><span style=\"color: #96c525;\">\u0411\u0443\u0434\u0443\u0449\u0435\u0435 \u0443\u0436\u0435 \u043d\u0430\u0441\u0442\u0443\u043f\u0438\u043b\u043e!<\/span><\/strong><\/p>\n<h4>BellaBot &#8211; Robot chelner de nou\u0103 genera\u021bie<\/h4>\n<p>\u0420\u0430\u0431\u043e\u0442\u0430\u0435\u0442 24\/7. \u0417\u0430\u043c\u0435\u043d\u044f\u0435\u0442 \u0434\u043e 5 \u0441\u043e\u0442\u0440\u0443\u0434\u043d\u0438\u043a\u043e\u0432. \u0412\u0441\u0435\u0433\u0434\u0430 \u043f\u0440\u0438\u0432\u0435\u0442\u043b\u0438\u0432 \u0438 <strong>\u0441\u043e\u0437\u0434\u0430\u0435\u0442 \u044d\u0444\u0444\u0435\u043a\u0442 \u0432\u0430\u0443!<\/strong><\/p>\n<p>BellaBot \u043e\u0441\u043d\u0430\u0449\u0435\u043d \u043f\u0435\u0440\u0435\u0434\u043e\u0432\u044b\u043c\u0438 \u0432\u043e\u0437\u043c\u043e\u0436\u043d\u043e\u0441\u0442\u044f\u043c\u0438 \u0432\u0437\u0430\u0438\u043c\u043e\u0434\u0435\u0439\u0441\u0442\u0432\u0438\u044f \u0447\u0435\u043b\u043e\u0432\u0435\u043a\u0430 \u0438 \u0440\u043e\u0431\u043e\u0442\u0430. \u0421 \u0438\u043d\u043d\u043e\u0432\u0430\u0446\u0438\u043e\u043d\u043d\u044b\u043c \u0431\u0438\u043e\u043d\u0438\u0447\u0435\u0441\u043a\u0438\u043c \u0434\u0438\u0437\u0430\u0439\u043d\u043e\u043c, \u043f\u0440\u0438\u0432\u043b\u0435\u043a\u0430\u0442\u0435\u043b\u044c\u043d\u044b\u043c \u0432\u043d\u0435\u0448\u043d\u0438\u043c \u0432\u0438\u0434\u043e\u043c, \u043c\u0443\u043b\u044c\u0442\u0438\u043c\u043e\u0434\u0430\u043b\u044c\u043d\u044b\u043c \u0432\u0437\u0430\u0438\u043c\u043e\u0434\u0435\u0439\u0441\u0442\u0432\u0438\u0435\u043c \u0438 \u043c\u043d\u043e\u0436\u0435\u0441\u0442\u0432\u043e\u043c \u043d\u043e\u0432\u044b\u0445 \u0444\u0443\u043d\u043a\u0446\u0438\u0439, BellaBot \u043f\u0440\u0435\u0434\u043b\u0430\u0433\u0430\u0435\u0442 \u043f\u043e\u043b\u044c\u0437\u043e\u0432\u0430\u0442\u0435\u043b\u044f\u043c \u0431\u0435\u0441\u043f\u0440\u0435\u0446\u0435\u0434\u0435\u043d\u0442\u043d\u044b\u0439 \u043e\u043f\u044b\u0442 \u0434\u043e\u0441\u0442\u0430\u0432\u043a\u0438 \u0435\u0434\u044b.<\/p>\n<p>\u0421\u043a\u0430\u0447\u0430\u0442\u044c \u043f\u0440\u0435\u0437\u0435\u043d\u0442\u0430\u0446\u0438\u044e <strong><a title=\"BellaBot - prezentare\" href=\"https:\/\/toreco.md\/wp-content\/uploads\/2024\/08\/BellaBot_RO.pdf\">\u0437\u0434\u0435\u0441\u044c<\/a><\/strong><\/p>\n<p><iframe loading=\"lazy\" title=\"BellaBot: Robot de Livrare in Moldova \/ toreco.md\" src=\"https:\/\/www.youtube.com\/embed\/wepYxmOFqpU\" width=\"640\" height=\"360\" frameborder=\"0\" allowfullscreen=\"allowfullscreen\"><\/iframe><\/p>\n<p>&nbsp;<\/p>\n<h4 style=\"text-align: left;\">\u042d\u043a\u0441\u043a\u043b\u044e\u0437\u0438\u0432\u043d\u043e\u0435 \u0432 \u043e\u0442\u0440\u0430\u0441\u043b\u0438 \u0440\u0435\u0448\u0435\u043d\u0438\u0435 Dual SLAM \u0434\u043b\u044f \u0432\u0441\u0435\u0445 \u0441\u0446\u0435\u043d\u0430\u0440\u0438\u0435\u0432<\/h4>\n<p>BellaBot \u0438\u0441\u043f\u043e\u043b\u044c\u0437\u0443\u0435\u0442 \u043a\u0430\u043a \u043b\u0438\u0434\u0430\u0440\u043d\u0443\u044e, \u0442\u0430\u043a \u0438 \u0432\u0438\u0437\u0443\u0430\u043b\u044c\u043d\u0443\u044e \u0442\u0435\u0445\u043d\u043e\u043b\u043e\u0433\u0438\u044e SLAM \u0434\u043b\u044f \u043f\u043e\u0437\u0438\u0446\u0438\u043e\u043d\u0438\u0440\u043e\u0432\u0430\u043d\u0438\u044f \u0438 \u043d\u0430\u0432\u0438\u0433\u0430\u0446\u0438\u0438, \u0430\u0434\u0430\u043f\u0442\u0438\u0440\u0443\u044f\u0441\u044c \u0442\u0430\u043a\u0438\u043c \u043e\u0431\u0440\u0430\u0437\u043e\u043c \u043a \u0431\u043e\u043b\u0435\u0435 \u0448\u0438\u0440\u043e\u043a\u043e\u043c\u0443 \u0441\u043f\u0435\u043a\u0442\u0440\u0443 \u0441\u0446\u0435\u043d\u0430\u0440\u0438\u0435\u0432. \u041e\u0431\u0430 \u0440\u0435\u0448\u0435\u043d\u0438\u044f \u0442\u043e\u0447\u043d\u044b \u0438 \u0443\u0434\u043e\u0431\u043d\u044b \u0432 \u0438\u0441\u043f\u043e\u043b\u044c\u0437\u043e\u0432\u0430\u043d\u0438\u0438, \u043f\u0440\u0435\u0434\u043e\u0441\u0442\u0430\u0432\u043b\u044f\u044f \u043e\u0442\u043b\u0438\u0447\u043d\u044b\u0439 \u043e\u043f\u044b\u0442, \u043e\u0440\u0438\u0435\u043d\u0442\u0438\u0440\u043e\u0432\u0430\u043d\u043d\u044b\u0439 \u043d\u0430 \u043f\u043e\u0442\u0440\u0435\u0431\u043d\u043e\u0441\u0442\u0438 \u043a\u043e\u043d\u0435\u0447\u043d\u044b\u0445 \u043f\u043e\u043b\u044c\u0437\u043e\u0432\u0430\u0442\u0435\u043b\u0435\u0439.<\/p>\n<p>&nbsp;<\/p>\n<h4 style=\"text-align: left;\">\u0412\u0441\u0435\u043d\u0430\u043f\u0440\u0430\u0432\u043b\u0435\u043d\u043d\u043e\u0435 3D-\u0438\u0437\u0431\u0435\u0433\u0430\u043d\u0438\u0435 \u043f\u0440\u0435\u043f\u044f\u0442\u0441\u0442\u0432\u0438\u0439<\/h4>\n<p>\u0414\u043b\u044f \u043f\u043e\u0432\u044b\u0448\u0435\u043d\u043d\u043e\u0439 \u0431\u0435\u0437\u043e\u043f\u0430\u0441\u043d\u043e\u0441\u0442\u0438 BellaBot \u043e\u0441\u043d\u0430\u0449\u0435\u043d 3D-\u0441\u0435\u043d\u0441\u043e\u0440\u0430\u043c\u0438 \u0438 \u043d\u043e\u0432\u043e\u0439 \u043c\u043e\u0434\u0443\u043b\u044c\u043d\u043e\u0439 \u0448\u0430\u0441\u0441\u0438. \u041e\u043d \u043c\u043e\u0436\u0435\u0442 \u043e\u0441\u0442\u0430\u043d\u0430\u0432\u043b\u0438\u0432\u0430\u0442\u044c\u0441\u044f \u043f\u0440\u0438 \u043e\u0431\u043d\u0430\u0440\u0443\u0436\u0435\u043d\u0438\u0438 \u043f\u0440\u0435\u043f\u044f\u0442\u0441\u0442\u0432\u0438\u0439 \u043f\u043e\u0434 \u043b\u044e\u0431\u044b\u043c \u0443\u0433\u043b\u043e\u043c \u0438 \u0437\u0430\u0442\u0435\u043c \u043e\u0431\u0445\u043e\u0434\u0438\u0442\u044c \u0438\u0445. \u0421 \u0442\u0440\u0435\u043c\u044f RGBD-\u043a\u0430\u043c\u0435\u0440\u0430\u043c\u0438 \u0438 \u043b\u0438\u0434\u0430\u0440\u043e\u043c BellaBot \u043b\u0435\u0433\u043a\u043e \u0438\u0437\u0431\u0435\u0433\u0430\u0435\u0442 \u043d\u0438\u0437\u043a\u0438\u0445 \u0438 \u043f\u043e\u0434\u0432\u0435\u0448\u0435\u043d\u043d\u044b\u0445 \u043f\u0440\u0435\u043f\u044f\u0442\u0441\u0442\u0432\u0438\u0439.<\/p>\n<p><img decoding=\"async\" src=\"https:\/\/toreco.md\/wp-content\/uploads\/2024\/08\/bellabot_robot_pudu_chelner_ospatar_livrare_moldova_toreco_ru-07.png\" alt=\"BellaBot - navigare cu sensori 3D\" \/><\/p>\n<p>&nbsp;<\/p>\n<h4 style=\"text-align: left;\">\u041c\u0443\u043b\u044c\u0442\u0438\u043c\u043e\u0434\u0430\u043b\u044c\u043d\u043e\u0435 \u0432\u0437\u0430\u0438\u043c\u043e\u0434\u0435\u0439\u0441\u0442\u0432\u0438\u0435<\/h4>\n<p><strong>\u0421\u0432\u0435\u0442<\/strong> &#8211; St\u0103rile diferite activeaz\u0103 interac\u021biuni diferite ale luminii, f\u0103c\u00e2nd astfel indicarea st\u0103rii mai clar\u0103.<br \/>\n<strong>\u0413\u0430\u043f\u0442\u0438\u0447\u0435\u0441\u043a\u0430\u044f \u043e\u0431\u0440\u0430\u0442\u043d\u0430\u044f \u0441\u0432\u044f\u0437\u044c \u043f\u0440\u0438 \u043a\u0430\u0441\u0430\u043d\u0438\u0438<\/strong> &#8211; Noul sistem de feedback haptic face ca r\u0103spunsul BellaBot s\u0103 fie mai complet, oferind o experien\u021b\u0103 uman-robot f\u0103r\u0103 precedent.<br \/>\n<strong>\u0418\u043d\u0442\u0435\u043b\u043b\u0435\u043a\u0442\u0443\u0430\u043b\u044c\u043d\u044b\u0435 \u0432\u044b\u0440\u0430\u0436\u0435\u043d\u0438\u044f<\/strong> &#8211; Zeci de expresii originale \u0219i exclusive \u00eembog\u0103\u021besc expresiile faciale ale BellaBot, f\u0103c\u00e2ndu-l s\u0103 semene mai mult cu un pisic\u0103.<\/p>\n<p><img decoding=\"async\" src=\"https:\/\/toreco.md\/wp-content\/uploads\/2024\/08\/bellabot_robot_pudu_chelner_ospatar_livrare_moldova_toreco_ru-09.png\" alt=\"BellaBot-Expresii inteligente\" \/><\/p>\n<p>&nbsp;<\/p>\n<h4 style=\"text-align: left;\">\u041f\u043e\u0441\u0442\u043e\u044f\u043d\u043d\u0430\u044f \u0434\u043e\u0441\u0442\u0430\u0432\u043a\u0430 \u0431\u043b\u0430\u0433\u043e\u0434\u0430\u0440\u044f \u043d\u0435\u0437\u0430\u0432\u0438\u0441\u0438\u043c\u043e\u0439 \u0441\u0430\u043c\u043e\u0432\u044b\u0440\u0430\u0432\u043d\u0438\u0432\u0430\u044e\u0449\u0435\u0439\u0441\u044f \u043f\u043e\u0434\u0432\u0435\u0441\u043a\u0435<\/h4>\n<p>\u0421\u0438\u0441\u0442\u0435\u043c\u0430 \u043d\u0435\u0437\u0430\u0432\u0438\u0441\u0438\u043c\u043e\u0439 \u0441\u0430\u043c\u043e\u0432\u044b\u0440\u0430\u0432\u043d\u0438\u0432\u0430\u044e\u0449\u0435\u0439\u0441\u044f \u043f\u043e\u0434\u0432\u0435\u0441\u043a\u0438 \u0441 \u0432\u044b\u0441\u043e\u043a\u043e\u0439 \u044d\u0444\u0444\u0435\u043a\u0442\u0438\u0432\u043d\u043e\u0441\u0442\u044c\u044e \u0441\u043c\u044f\u0433\u0447\u0435\u043d\u0438\u044f \u043d\u0435\u0440\u043e\u0432\u043d\u043e\u0441\u0442\u0435\u0439 \u0430\u043c\u043e\u0440\u0442\u0438\u0437\u0438\u0440\u0443\u0435\u0442 \u0432 \u0437\u0430\u0432\u0438\u0441\u0438\u043c\u043e\u0441\u0442\u0438 \u043e\u0442 \u0434\u043e\u0440\u043e\u0436\u043d\u044b\u0445 \u0443\u0441\u043b\u043e\u0432\u0438\u0439 \u0438 \u0442\u0440\u0435\u0431\u043e\u0432\u0430\u043d\u0438\u0439 \u0432\u043e\u0436\u0434\u0435\u043d\u0438\u044f, \u043f\u043e\u0434\u0434\u0435\u0440\u0436\u0438\u0432\u0430\u044f \u0447\u0430\u0441\u0442\u043e\u0442\u0443 \u0440\u0435\u0437\u043e\u043d\u0430\u043d\u0441\u0430 \u043d\u0430 \u043e\u043f\u0442\u0438\u043c\u0430\u043b\u044c\u043d\u043e\u043c \u0443\u0440\u043e\u0432\u043d\u0435.<\/p>\n<p><img decoding=\"async\" src=\"https:\/\/toreco.md\/wp-content\/uploads\/2024\/08\/bellabot_robot_pudu_chelner_ospatar_livrare_moldova_toreco_ru-06.png\" alt=\"BellaBot - robot chelner\" \/><\/p>\n<p>&nbsp;<\/p>\n<h4 style=\"text-align: left;\">\u0427\u0442\u043e \u043c\u043e\u0436\u0435\u0442 \u0434\u0435\u043b\u0430\u0442\u044c BellaBot?<\/h4>\n<p><strong>\u041c\u043d\u043e\u0433\u043e\u0440\u0430\u0437\u043e\u0432\u0430\u044f \u0434\u043e\u0441\u0442\u0430\u0432\u043a\u0430:<\/strong> \u0414\u043e\u0441\u0442\u0430\u0432\u043a\u0430 \u0438\u0437 \u043e\u0434\u043d\u043e\u0439 \u0442\u043e\u0447\u043a\u0438 \u0432 \u0434\u0440\u0443\u0433\u0443\u044e. \u0414\u043e\u0441\u0442\u0430\u0432\u043a\u0430 \u0432 \u0440\u0435\u0436\u0438\u043c\u0435 \u043a\u0440\u0443\u0438\u0437\u0430.<br \/>\n<strong>\u0424\u0443\u043d\u043a\u0446\u0438\u044f \u0432\u044b\u0437\u043e\u0432\u0430:<\/strong> \u0412\u044b\u0437\u043e\u0432 \u0440\u043e\u0431\u043e\u0442\u0430 \u0434\u043b\u044f \u0441\u0431\u043e\u0440\u0430 \u043f\u043e\u0441\u0443\u0434\u044b \u0441 \u043f\u043e\u043c\u043e\u0449\u044c\u044e \u043f\u0440\u0438\u043b\u043e\u0436\u0435\u043d\u0438\u044f, \u0440\u0430\u0437\u0440\u0430\u0431\u043e\u0442\u0430\u043d\u043d\u043e\u0433\u043e \u043a\u043e\u043c\u043f\u0430\u043d\u0438\u0435\u0439.<br \/>\n<strong>\u0411\u0435\u0441\u043a\u043e\u043d\u0442\u0430\u043a\u0442\u043d\u0430\u044f \u0434\u043e\u0441\u0442\u0430\u0432\u043a\u0430:<\/strong> \u0423\u0441\u0442\u0440\u0430\u043d\u044f\u0435\u0442 \u043f\u043e\u0442\u0435\u043d\u0446\u0438\u0430\u043b\u044c\u043d\u0443\u044e \u0432\u043e\u0437\u043c\u043e\u0436\u043d\u043e\u0441\u0442\u044c \u0437\u0430\u0440\u0430\u0436\u0435\u043d\u0438\u044f \u043a\u043e\u0440\u043e\u043d\u0430\u0432\u0438\u0440\u0443\u0441\u043e\u043c.<br \/>\n<strong>\u0412\u044b\u0441\u043e\u043a\u043e\u044d\u0444\u0444\u0435\u043a\u0442\u0438\u0432\u043d\u0430\u044f \u0434\u043e\u0441\u0442\u0430\u0432\u043a\u0430:<\/strong> \u0414\u043e 400 \u0434\u043e\u0441\u0442\u0430\u0432\u043e\u043a \u0432 \u0434\u0435\u043d\u044c. \u041e\u0441\u0432\u043e\u0431\u043e\u0436\u0434\u0430\u0435\u0442 \u043f\u0435\u0440\u0441\u043e\u043d\u0430\u043b \u043e\u0442 \u043f\u043e\u0432\u0442\u043e\u0440\u044f\u044e\u0449\u0438\u0445\u0441\u044f \u0437\u0430\u0434\u0430\u0447.<\/p>\n<p>&nbsp;<\/p>\n<h4 style=\"text-align: left;\">\u041a\u0430\u043a\u0438\u0435 \u043f\u0440\u0435\u0438\u043c\u0443\u0449\u0435\u0441\u0442\u0432\u0430 \u0443 \u0440\u043e\u0431\u043e\u0442\u0430 BellaBot?<\/h4>\n<p><strong>\u0411\u044b\u0441\u0442\u0440\u043e\u0435 \u043e\u0431\u0441\u043b\u0443\u0436\u0438\u0432\u0430\u043d\u0438\u0435<\/strong> &#8211; \u00een restaurante BellaBot, poate livra zilnic aproximativ 400 de comenzi, eliber\u00e2nd astfel chelnerii de sarcinile repetitive \u0219i laborioase de livrare a preparatelor, permi\u021b\u00e2ndu-le s\u0103 se concentreze mai mult pe servirea clien\u021bilor.<br \/>\n<strong>\u0411\u043e\u043b\u044c\u0448\u0435 \u0437\u0430\u043a\u0430\u0437\u043e\u0432<\/strong> &#8211; BellaBot este echipat\u0103 cu t\u0103vi mari, care permit o capacitate de \u00eenc\u0103rcare de dou\u0103 ori mai mare comparativ cu livrarea manual\u0103. Astfel, \u00eentr-o singur\u0103 curs\u0103, robotul livrator poate procesa de dou\u0103 ori mai multe comenzi!<br \/>\n<strong>\u0421\u0438\u0441\u0442\u0435\u043c\u0430 \u043a\u043e\u043e\u0440\u0434\u0438\u043d\u0430\u0446\u0438\u0438<\/strong> &#8211; BellaBot dispune de un mod de livrare cu mai multe robo\u021bi, care suport\u0103 p\u00e2n\u0103 la 20 de robo\u021bi PUDU ce pot opera simultan. Robotul poate gestiona cu u\u0219urin\u021b\u0103 orice scenariu, de la spa\u021bii mici de c\u00e2teva sute de metri p\u0103tra\u021bi p\u00e2n\u0103 la suprafe\u021be de peste 10.000 de metri p\u0103tra\u021bi.<\/p>\n<p><img decoding=\"async\" src=\"https:\/\/toreco.md\/wp-content\/uploads\/2024\/08\/bellabot_robot_pudu_chelner_ospatar_livrare_moldova_toreco_ru-10.png\" alt=\"BellaBot - caractersticile robotului\" \/><\/p>\n<p>&nbsp;<\/p>\n<h4 style=\"text-align: left;\">T\u0435\u0445\u043d\u0438\u0447\u0435\u0441\u043a\u0438\u0435 \u0445\u0430\u0440\u0430\u043a\u0442\u0435\u0440\u0438\u0441\u0442\u0438\u043a\u0438:<\/h4>\n<p>\u0420\u0430\u0437\u043c\u0435\u0440\u044b BellaBot: 56,5 x 53,7 x 129 \u0441\u043c<br \/>\n\u0412\u0435\u0441 \u0440\u043e\u0431\u043e\u0442\u0430: 55 \u043a\u0433<br \/>\n\u041c\u0430\u0442\u0435\u0440\u0438\u0430\u043b \u0440\u043e\u0431\u043e\u0442\u0430: ABS\/\u0430\u0432\u0438\u0430\u0446\u0438\u043e\u043d\u043d\u044b\u0439 \u0430\u043b\u044e\u043c\u0438\u043d\u0438\u0439<br \/>\n\u0412\u0440\u0435\u043c\u044f \u0437\u0430\u0440\u044f\u0434\u043a\u0438: 4,5 \u0447\u0430\u0441\u0430<br \/>\n\u0412\u0440\u0435\u043c\u044f \u0440\u0430\u0431\u043e\u0442\u044b \u0431\u0430\u0442\u0430\u0440\u0435\u0438: 13 \u0447\u0430\u0441\u043e\u0432 (\u0431\u0435\u0437 \u043d\u0430\u0433\u0440\u0443\u0437\u043a\u0438)<br \/>\n\u0411\u0435\u0437\u043e\u043f\u0430\u0441\u043d\u043e\u0441\u0442\u044c: \u0421\u043a\u043e\u0440\u043e\u0441\u0442\u044c: 0,5-1,2 \u043c\/\u0441 (\u0440\u0435\u0433\u0443\u043b\u0438\u0440\u0443\u0435\u043c\u0430\u044f) | \u0423\u0433\u043e\u043b \u043f\u043e\u0434\u044a\u0435\u043c\u0430: \u2264 5\u00b0<br \/>\n\u0413\u0440\u0443\u0437\u043e\u043f\u043e\u0434\u044a\u0435\u043c\u043d\u043e\u0441\u0442\u044c: \u041c\u0430\u043a\u0441 40 \u043a\u0433, 10 \u043a\u0433\/\u043f\u043e\u0434\u043d\u043e\u0441<\/p>\n<p>\u041c\u0435\u0442\u043e\u0434 \u043f\u043e\u0437\u0438\u0446\u0438\u043e\u043d\u0438\u0440\u043e\u0432\u0430\u043d\u0438\u044f:<br \/>\n\u041f\u043e\u0437\u0438\u0446\u0438\u043e\u043d\u0438\u0440\u043e\u0432\u0430\u043d\u0438\u0435 \u043f\u043e \u043c\u0430\u0440\u043a\u0435\u0440\u0430\u043c: \u041f\u043e\u0434\u0434\u0435\u0440\u0436\u0438\u0432\u0430\u0435\u0442 \u043c\u0430\u043a\u0441\u0438\u043c\u0430\u043b\u044c\u043d\u0443\u044e \u0432\u044b\u0441\u043e\u0442\u0443 8 \u043c\u0435\u0442\u0440\u043e\u0432 (\u043e\u043f\u0446\u0438\u043e\u043d\u0430\u043b\u044c\u043d\u044b\u0439 \u0432\u044b\u0441\u043e\u043a\u043e\u0443\u0440\u043e\u0432\u043d\u0435\u0432\u044b\u0439 \u043a\u043e\u0434)<br \/>\n\u041f\u043e\u0437\u0438\u0446\u0438\u043e\u043d\u0438\u0440\u043e\u0432\u0430\u043d\u0438\u0435 \u043f\u043e \u043b\u0430\u0437\u0435\u0440\u0443: \u0411\u0435\u0437 \u043a\u043e\u0434\u0430 \u0438 \u0431\u0435\u0437 \u043e\u0433\u0440\u0430\u043d\u0438\u0447\u0435\u043d\u0438\u0439 \u043f\u043e \u0432\u044b\u0441\u043e\u0442\u0435<\/p>\n<p>\u0420\u0430\u0437\u043c\u0435\u0440\u044b \u043f\u043e\u0434\u043d\u043e\u0441\u0430: 41,00 x 50,01 \u0441\u043c<br \/>\n\u0412\u044b\u0441\u043e\u0442\u0430 \u043f\u043e\u0434\u043d\u043e\u0441\u0430: 23,01 \u0441\u043c \/ 19,99 \u0441\u043c \/ 19,99 \u0441\u043c \/ 18,01 \u0441\u043c<\/p>\n<p>&nbsp;<\/p>\n<p><img decoding=\"async\" src=\"https:\/\/toreco.md\/wp-content\/uploads\/2024\/08\/bellabot_robot_pudu_chelner_ospatar_livrare_moldova_toreco_ru.png\" alt=\"BellaBot - inchiriere robot expo, promo, PR, Moldova\" \/><\/p>\n<p>&nbsp;<\/p>\n<p>BellaBot - \u044d\u0442\u043e \u0432\u044b\u0441\u043e\u043a\u043e\u0442\u0435\u0445\u043d\u043e\u043b\u043e\u0433\u0438\u0447\u043d\u044b\u0439 \u043f\u043e\u043c\u043e\u0449\u043d\u0438\u043a \u043f\u043e\u0441\u043b\u0435\u0434\u043d\u0435\u0433\u043e \u043f\u043e\u043a\u043e\u043b\u0435\u043d\u0438\u044f, \u043a\u043e\u0442\u043e\u0440\u044b\u0439 \u043f\u043e\u043c\u043e\u0433\u0430\u0435\u0442 \u0440\u0435\u0448\u0430\u0442\u044c \u0431\u0438\u0437\u043d\u0435\u0441-\u0437\u0430\u0434\u0430\u0447\u0438! \u0420\u043e\u0431\u043e\u0442\u044b, \u043f\u0440\u043e\u0438\u0437\u0432\u0435\u0434\u0435\u043d\u043d\u044b\u0435 PuduRobotics, \u0440\u0430\u0431\u043e\u0442\u0430\u044e\u0442 \u0435\u0436\u0435\u0434\u043d\u0435\u0432\u043d\u043e \u0432 \u0431\u043e\u043b\u0435\u0435 \u0447\u0435\u043c 60 \u0441\u0442\u0440\u0430\u043d\u0430\u0445 \u043c\u0438\u0440\u0430 \u0432 \u0440\u0430\u0437\u043b\u0438\u0447\u043d\u044b\u0445 \u0431\u0438\u0437\u043d\u0435\u0441-\u0441\u0444\u0435\u0440\u0430\u0445.<br \/>\n\u041d\u0430\u0438\u0431\u043e\u043b\u0435\u0435 \u043f\u043e\u043f\u0443\u043b\u044f\u0440\u043d\u044b\u0435 \u043e\u0431\u043b\u0430\u0441\u0442\u0438 \u0434\u043b\u044f \u0440\u043e\u0431\u043e\u0442\u0438\u0437\u0430\u0446\u0438\u0438: HoReCa, \u043c\u0435\u0440\u043e\u043f\u0440\u0438\u044f\u0442\u0438\u044f, BTL-\u0440\u0435\u043a\u043b\u0430\u043c\u0430 \u0438 \u0440\u043e\u0437\u043d\u0438\u0447\u043d\u0430\u044f \u0442\u043e\u0440\u0433\u043e\u0432\u043b\u044f.<\/p>\n<p><img decoding=\"async\" src=\"https:\/\/toreco.md\/wp-content\/uploads\/2024\/08\/bellabot_robot_pudu_chelner_ospatar_livrare_moldova_toreco_ru-08.png\" alt=\"BellaBot - arii si domenii de aplicare\" \/><\/p>\n<p><strong>BellaBot \u043c\u043e\u0436\u043d\u043e \u0438\u0441\u043f\u043e\u043b\u044c\u0437\u043e\u0432\u0430\u0442\u044c \u0432:<\/strong> \u0440\u0435\u0441\u0442\u043e\u0440\u0430\u043d\u044b, \u043e\u0442\u0435\u043b\u0438, \u0431\u0430\u0440\u044b, \u043a\u0430\u0444\u0435, \u0431\u043e\u043b\u044c\u043d\u0438\u0446\u044b, \u043f\u0440\u0430\u0432\u0438\u0442\u0435\u043b\u044c\u0441\u0442\u0432\u0435\u043d\u043d\u044b\u0435 \u0437\u0434\u0430\u043d\u0438\u044f, \u043e\u0444\u0438\u0441\u043d\u044b\u0435 \u0437\u0434\u0430\u043d\u0438\u044f, \u0442\u043e\u0440\u0433\u043e\u0432\u044b\u0435 \u0446\u0435\u043d\u0442\u0440\u044b, \u0430\u044d\u0440\u043e\u043f\u043e\u0440\u0442\u044b, \u0441\u0442\u043e\u043c\u0430\u0442\u043e\u043b\u043e\u0433\u0438\u0447\u0435\u0441\u043a\u0438\u0435 \u043a\u043b\u0438\u043d\u0438\u043a\u0438, \u043c\u0430\u0433\u0430\u0437\u0438\u043d\u044b \u0438\u0433\u0440\u0443\u0448\u0435\u043a \u0438 \u0434\u0440\u0443\u0433\u0438\u0435 \u0432\u0438\u0434\u044b \u0431\u0438\u0437\u043d\u0435\u0441\u0430.<\/p>\n<p><strong><a title=\"BellaBot - prezentare\" href=\"https:\/\/toreco.md\/wp-content\/uploads\/2024\/08\/BellaBot_RO.pdf\">\u0421\u043a\u0430\u0447\u0430\u0442\u044c<\/a><\/strong> \u043f\u0440\u0435\u0437\u0435\u043d\u0442\u0430\u0446\u0438\u044e \u0438 \u0441\u0432\u044f\u0436\u0438\u0442\u0435\u0441\u044c \u0441 \u043d\u0430\u043c\u0438<\/p>","protected":false},"excerpt":{"rendered":"<blockquote><p><strong>\u041f\u0440\u043e\u0442\u0435\u0441\u0442\u0438\u0440\u0443\u0439\u0442\u0435 BellaBot \u0431\u0435\u0441\u043f\u043b\u0430\u0442\u043d\u043e \u0432 \u0442\u0435\u0447\u0435\u043d\u0438\u0435 5 \u0434\u043d\u0435\u0439! \u0417\u0430\u043f\u0440\u043e\u0441\u0438\u0442\u0435 \u0431\u0435\u0441\u043f\u043b\u0430\u0442\u043d\u044b\u0439 \u0442\u0435\u0441\u0442 \u0443\u0436\u0435 \u0421\u0415\u0419\u0427\u0410\u0421!<\/strong><br \/>\n\u0411\u0435\u0437\u0443\u043f\u0440\u0435\u0447\u043d\u044b\u0439 \u0441\u0435\u0440\u0432\u0438\u0441 \u2013 \u0431\u0435\u0437 \u0437\u0430\u0442\u0440\u0430\u0442, \u0431\u0435\u0437 \u043e\u0431\u044f\u0437\u0430\u0442\u0435\u043b\u044c\u0441\u0442\u0432, \u0431\u0435\u0437 \u0440\u0438\u0441\u043a\u043e\u0432! <em>\u0422\u043e\u043b\u044c\u043a\u043e \u044d\u0444\u0444\u0435\u043a\u0442\u0438\u0432\u043d\u043e\u0441\u0442\u044c \u0438 \u043d\u0435\u0437\u0430\u0431\u044b\u0432\u0430\u0435\u043c\u044b\u0439 \u043e\u043f\u044b\u0442!<\/em><\/p><\/blockquote>\n<p>BellaBot \u2013 \u0430\u0432\u0442\u043e\u043d\u043e\u043c\u043d\u044b\u0439 \u0440\u043e\u0431\u043e\u0442-\u043e\u0444\u0438\u0446\u0438\u0430\u043d\u0442, \u0438\u0434\u0435\u0430\u043b\u044c\u043d\u043e \u043f\u043e\u0434\u0445\u043e\u0434\u0438\u0442 \u0434\u043b\u044f \u0440\u0435\u0441\u0442\u043e\u0440\u0430\u043d\u043e\u0432, \u043a\u0430\u0444\u0435, \u043c\u0435\u0440\u043e\u043f\u0440\u0438\u044f\u0442\u0438\u0439 \u0438 \u0434\u0440\u0443\u0433\u0438\u0445 \u0437\u0430\u0432\u0435\u0434\u0435\u043d\u0438\u0439.<\/p>\n<p><strong>\u0410\u0440\u0435\u043d\u0434\u0430<\/strong> \u043e\u0442 <strong>9 000 MDL\/\u043c\u0435\u0441.<\/strong>, \u0438\u043b\u0438 <strong>\u043f\u043e\u043a\u0443\u043f\u043a\u0430 \u0432 \u0440\u0430\u0441\u0441\u0440\u043e\u0447\u043a\u0443 \u043d\u0430 \u0432\u044b\u0433\u043e\u0434\u043d\u044b\u0445 \u0443\u0441\u043b\u043e\u0432\u0438\u044f\u0445.<\/strong><br \/>\n\u041f\u0440\u043e\u0438\u0437\u0432\u0435\u0434\u0438\u0442\u0435 \u0432\u043f\u0435\u0447\u0430\u0442\u043b\u0435\u043d\u0438\u0435 \u043d\u0430 \u043a\u043b\u0438\u0435\u043d\u0442\u043e\u0432. \u041e\u0431\u043b\u0435\u0433\u0447\u0438\u0442\u0435 \u0440\u0430\u0431\u043e\u0442\u0443 \u043a\u043e\u043c\u0430\u043d\u0434\u044b.<\/p>","protected":false},"featured_media":13677,"comment_status":"closed","ping_status":"closed","template":"","meta":[],"product_cat":[337,45,34,42,43,40,46],"product_tag":[318],"class_list":["post-16193","product","type-product","status-publish","has-post-thumbnail","hentry","product_cat-chirie","product_cat-industria-auto","product_cat-hotel","product_cat-industria-de-producere-si-prelucrare","product_cat-medicina","product_cat-restaurant-si-bucatarie","product_cat-sport-si-fitness","product_tag-robot-inteligenta-artificiala","pa_brand-pudu-robotics"],"_links":{"self":[{"href":"https:\/\/toreco.md\/ru\/wp-json\/wp\/v2\/product\/16193","targetHints":{"allow":["GET"]}}],"collection":[{"href":"https:\/\/toreco.md\/ru\/wp-json\/wp\/v2\/product"}],"about":[{"href":"https:\/\/toreco.md\/ru\/wp-json\/wp\/v2\/types\/product"}],"replies":[{"embeddable":true,"href":"https:\/\/toreco.md\/ru\/wp-json\/wp\/v2\/comments?post=16193"}],"wp:featuredmedia":[{"embeddable":true,"href":"https:\/\/toreco.md\/ru\/wp-json\/wp\/v2\/media\/13677"}],"wp:attachment":[{"href":"https:\/\/toreco.md\/ru\/wp-json\/wp\/v2\/media?parent=16193"}],"wp:term":[{"taxonomy":"product_cat","embeddable":true,"href":"https:\/\/toreco.md\/ru\/wp-json\/wp\/v2\/product_cat?post=16193"},{"taxonomy":"product_tag","embeddable":true,"href":"https:\/\/toreco.md\/ru\/wp-json\/wp\/v2\/product_tag?post=16193"}],"curies":[{"name":"wp","href":"https:\/\/api.w.org\/{rel}","templated":true}]}}