{"id":15666,"date":"2025-06-09T10:20:28","date_gmt":"2025-06-09T07:20:28","guid":{"rendered":"https:\/\/toreco.md\/?post_type=product&#038;p=15666"},"modified":"2025-06-09T12:27:41","modified_gmt":"2025-06-09T09:27:41","slug":"lavete-material-netesut-w8-30x38-5-cm-verde-premium-tork","status":"publish","type":"product","link":"https:\/\/toreco.md\/ru\/product\/dupa-tip\/consumabile-igiena\/lavete-si-bureti\/lavete-material-netesut-w8-30x38-5-cm-verde-premium-tork\/","title":{"rendered":"\u0421\u0430\u043b\u0444\u0435\u0442\u043a\u0430 \u0434\u043b\u044f \u0443\u0431\u043e\u0440\u043a\u0438, \u041d\u0435\u0442\u043a\u0430\u043d\u044b\u0439 \u043c\u0430\u0442\u0435\u0440\u0438\u0430\u043b Tork \u043f\u043e\u0432\u044b\u0448\u0435\u043d\u043d\u043e\u0439 \u043f\u0440\u043e\u0447\u043d\u043e\u0441\u0442\u0438, W8, \u0437\u0435\u043b\u0451\u043d\u0430\u044f, \u041f\u0440\u0435\u043c\u0438\u0443\u043c, Tork"},"content":{"rendered":"<p>Tork \u041f\u0440\u043e\u0447\u043d\u0430\u044f \u0441\u0430\u043b\u0444\u0435\u0442\u043a\u0430 \u0434\u043b\u044f \u0443\u0431\u043e\u0440\u043a\u0438, \u0437\u0435\u043b\u0451\u043d\u0430\u044f, W8<br \/>\n\u041f\u0440\u043e\u0447\u043d\u0430\u044f \u0438 \u0432\u043f\u0438\u0442\u044b\u0432\u0430\u044e\u0449\u0430\u044f \u0441\u0430\u043b\u0444\u0435\u0442\u043a\u0430 \u0434\u043b\u044f \u0443\u0431\u043e\u0440\u043a\u0438, \u043a\u043e\u0442\u043e\u0440\u0443\u044e \u043c\u043e\u0436\u043d\u043e \u0438\u0441\u043f\u043e\u043b\u044c\u0437\u043e\u0432\u0430\u0442\u044c \u043c\u043d\u043e\u0433\u043e\u043a\u0440\u0430\u0442\u043d\u043e \u0431\u0435\u0437 \u0440\u0430\u0437\u0440\u044b\u0432\u043e\u0432. \u0414\u043e\u0441\u0442\u0443\u043f\u043d\u0430 \u0432 \u0447\u0435\u0442\u044b\u0440\u0451\u0445 \u0446\u0432\u0435\u0442\u0430\u0445 \u0434\u043b\u044f \u043f\u0440\u0435\u0434\u043e\u0442\u0432\u0440\u0430\u0449\u0435\u043d\u0438\u044f \u043f\u0435\u0440\u0435\u043a\u0440\u0451\u0441\u0442\u043d\u043e\u0433\u043e \u0437\u0430\u0433\u0440\u044f\u0437\u043d\u0435\u043d\u0438\u044f.<br \/>\n&#8211; Satisface nevoile de cur\u0103\u021bare datorit\u0103 compatibilit\u0103\u021bii cu majoritatea solven\u021bilor, dezinfectan\u021bilor \u0219i detergen\u021bilor<br \/>\n&#8211; Multifunc\u021bional\u0103 \u2013 ideal\u0103 pentru sarcini generale de \u0219tergere care necesit\u0103 rezisten\u021b\u0103 \u0219i absorb\u021bie<br \/>\n&#8211; Puternic\u0103 \u0219i durabil\u0103, nu se rupe u\u0219or \u0219i poate fi reutilizat\u0103<\/p>\n<p><strong>\u041e\u0441\u043d\u043e\u0432\u043d\u044b\u0435 \u043f\u0440\u0435\u0438\u043c\u0443\u0449\u0435\u0441\u0442\u0432\u0430<\/strong><\/p>\n<p><em>\u0413\u0438\u0433\u0438\u0435\u043d\u0438\u0447\u043d\u0430\u044f<\/em><br \/>\n\u0421\u0430\u043b\u0444\u0435\u0442\u043a\u0438 \u043f\u043e\u0434\u0430\u044e\u0442\u0441\u044f \u0447\u0435\u0440\u0435\u0437 \u0433\u0438\u0433\u0438\u0435\u043d\u0438\u0447\u043d\u044b\u0439 \u0434\u043e\u0437\u0430\u0442\u043e\u0440, \u043f\u043e\u044d\u0442\u043e\u043c\u0443 \u043f\u043e\u043b\u044c\u0437\u043e\u0432\u0430\u0442\u0435\u043b\u044c \u043a\u0430\u0441\u0430\u0435\u0442\u0441\u044f \u0442\u043e\u043b\u044c\u043a\u043e \u0441\u0432\u043e\u0435\u0439 \u0441\u0430\u043b\u0444\u0435\u0442\u043a\u0438.<br \/>\n&#8211; Dozarea individual\u0103 \u00eembun\u0103t\u0103\u021be\u0219te igiena, deoarece utilizatorul atinge doar propria lavet\u0103<br \/>\n&#8211; Reduce timpul de cur\u0103\u021bare cu p\u00e2n\u0103 la 32% comparativ cu c\u00e2rpele<br \/>\n&#8211; Rezervele sunt verificate de ter\u021bi pentru contact alimentar pe termen scurt<br \/>\n&#8211; Ambalaj ergonomic Tork Easy Handling \u2013 u\u0219or de transportat, deschis \u0219i eliminat<\/p>\n<p><em>\u0423\u043d\u0438\u0432\u0435\u0440\u0441\u0430\u043b\u044c\u043d\u0430\u044f<\/em><br \/>\n\u0418\u0434\u0435\u0430\u043b\u044c\u043d\u043e \u043f\u043e\u0434\u0445\u043e\u0434\u0438\u0442 \u0434\u043b\u044f \u043f\u0440\u043e\u0442\u0438\u0440\u043a\u0438 \u043f\u043e\u0432\u0435\u0440\u0445\u043d\u043e\u0441\u0442\u0435\u0439 \u0438 \u043e\u0447\u0438\u0441\u0442\u043a\u0438 \u0440\u0443\u043a<\/p>\n<p><em>\u041c\u0430\u0442\u0435\u0440\u0438\u0430\u043b\u044b<\/em><br \/>\n&#8211; Lavete certificate FSC \u2013 fibrele din lemn sunt ob\u021binute din surse responsabile<br \/>\n&#8211; Laveta robust\u0103 este realizat\u0103 din 99% fibre regenerabile, certificare TUV Austria OK Biobased<br \/>\n&#8211; Ambalajul interior este fabricat din cel pu\u021bin 30% plastic reciclat post-consum<br \/>\n&#8211; Ambalajul exterior este din carton 100% reciclat<\/p>\n<p><em>\u0418\u0441\u043f\u043e\u043b\u044c\u0437\u043e\u0432\u0430\u043d\u0438\u0435 \u0438 \u043e\u0442\u0445\u043e\u0434\u044b<\/em><br \/>\n&#8211; Lavetele pot fi reutilizate, ceea ce reduce consumul<br \/>\n&#8211; Consum optimizat \u0219i risip\u0103 minim\u0103 prin func\u021bia de dozare individual\u0103<br \/>\n&#8211; Reduce consumul de solven\u021bi cu p\u00e2n\u0103 la 40%<br \/>\n&#8211; Cu 20% mai pu\u021bine de\u0219euri de ambalaj<\/p>\n<p><em>\u0423\u0441\u0442\u043e\u0439\u0447\u0438\u0432\u043e\u0441\u0442\u044c<\/em><br \/>\nFocus4 \u2013 \u041f\u0440\u0435\u0438\u043c\u0443\u0449\u0435\u0441\u0442\u0432\u0430 \u0443\u0441\u0442\u043e\u0439\u0447\u0438\u0432\u044b\u0445 \u043f\u0440\u043e\u0434\u0443\u043a\u0442\u043e\u0432: Tork \u0441\u0442\u0440\u0435\u043c\u0438\u0442\u0441\u044f \u0440\u0430\u0437\u0440\u0430\u0431\u0430\u0442\u044b\u0432\u0430\u0442\u044c \u0438\u043d\u043d\u043e\u0432\u0430\u0446\u0438\u043e\u043d\u043d\u044b\u0435 \u0438 \u044d\u043a\u043e\u043b\u043e\u0433\u0438\u0447\u043d\u044b\u0435 \u0433\u0438\u0433\u0438\u0435\u043d\u0438\u0447\u0435\u0441\u043a\u0438\u0435 \u0440\u0435\u0448\u0435\u043d\u0438\u044f, \u043f\u043e\u043b\u0435\u0437\u043d\u044b\u0435 \u0434\u043b\u044f \u0431\u0438\u0437\u043d\u0435\u0441\u0430, \u043b\u044e\u0434\u0435\u0439 \u0438 \u043f\u043b\u0430\u043d\u0435\u0442\u044b.<br \/>\n<strong><br \/>\n\u0425\u0430\u0440\u0430\u043a\u0442\u0435\u0440\u0438\u0441\u0442\u0438\u043a\u0438:<\/strong><br \/>\n\u0421\u0438\u0441\u0442\u0435\u043c\u0430 \u2013 W8, \u0441\u0430\u043b\u0444\u0435\u0442\u043a\u0438 \u0432 \u043c\u0430\u043b\u043e\u0439 \u0443\u043f\u0430\u043a\u043e\u0432\u043a\u0435<br \/>\n\u041a\u0430\u0447\u0435\u0441\u0442\u0432\u043e \u2013 Premium<br \/>\n\u0420\u0430\u0437\u043c\u0435\u0440 \u0432 \u0440\u0430\u0437\u0432\u0435\u0440\u043d\u0443\u0442\u043e\u043c \u0432\u0438\u0434\u0435 \u2013 38,5 x 30 \u0441\u043c<br \/>\n\u0420\u0430\u0437\u043c\u0435\u0440 \u0432 \u0441\u043b\u043e\u0436\u0435\u043d\u043d\u043e\u043c \u0432\u0438\u0434\u0435 \u2013 19,3 x 16 \u0441\u043c<br \/>\n\u0421\u043b\u043e\u0439\u043d\u043e\u0441\u0442\u044c \u2013 1<br \/>\n\u041f\u0435\u0447\u0430\u0442\u044c: \u041d\u0435\u0442<br \/>\n\u0422\u0438\u0441\u043d\u0435\u043d\u0438\u0435 \u2013 \u041d\u0435\u0442<br \/>\nNum\u0103r lavete \u00een pachet &#8211; 40<br \/>\n\u0426\u0432\u0435\u0442 \u2013 \u0437\u0435\u043b\u0451\u043d\u0430\u044f<\/p>","protected":false},"excerpt":{"rendered":"<p>Tork \u041f\u0440\u043e\u0447\u043d\u0430\u044f \u0441\u0430\u043b\u0444\u0435\u0442\u043a\u0430 \u0434\u043b\u044f \u0443\u0431\u043e\u0440\u043a\u0438, \u0437\u0435\u043b\u0451\u043d\u0430\u044f, W8<br \/>\n\u041f\u0440\u043e\u0447\u043d\u0430\u044f \u0438 \u0432\u043f\u0438\u0442\u044b\u0432\u0430\u044e\u0449\u0430\u044f \u0441\u0430\u043b\u0444\u0435\u0442\u043a\u0430 \u0434\u043b\u044f \u0443\u0431\u043e\u0440\u043a\u0438, \u043a\u043e\u0442\u043e\u0440\u0443\u044e \u043c\u043e\u0436\u043d\u043e \u0438\u0441\u043f\u043e\u043b\u044c\u0437\u043e\u0432\u0430\u0442\u044c \u043c\u043d\u043e\u0433\u043e\u043a\u0440\u0430\u0442\u043d\u043e \u0431\u0435\u0437 \u0440\u0430\u0437\u0440\u044b\u0432\u043e\u0432. \u0414\u043e\u0441\u0442\u0443\u043f\u043d\u0430 \u0432 \u0447\u0435\u0442\u044b\u0440\u0451\u0445 \u0446\u0432\u0435\u0442\u0430\u0445 \u0434\u043b\u044f \u043f\u0440\u0435\u0434\u043e\u0442\u0432\u0440\u0430\u0449\u0435\u043d\u0438\u044f \u043f\u0435\u0440\u0435\u043a\u0440\u0451\u0441\u0442\u043d\u043e\u0433\u043e \u0437\u0430\u0433\u0440\u044f\u0437\u043d\u0435\u043d\u0438\u044f.<\/p>","protected":false},"featured_media":15667,"comment_status":"closed","ping_status":"closed","template":"","meta":[],"product_cat":[96,45,34,42,44,43,40,41,46,95,47],"product_tag":[184],"class_list":["post-15666","product","type-product","status-publish","has-post-thumbnail","hentry","product_cat-lavete-si-bureti","product_cat-industria-auto","product_cat-hotel","product_cat-industria-de-producere-si-prelucrare","product_cat-institutii-de-invatamint","product_cat-medicina","product_cat-restaurant-si-bucatarie","product_cat-servicii-de-curatenie","product_cat-sport-si-fitness","product_cat-consumabile-igiena","product_cat-prosoape-hartie","product_tag-laveta","pa_brand-tork"],"_links":{"self":[{"href":"https:\/\/toreco.md\/ru\/wp-json\/wp\/v2\/product\/15666","targetHints":{"allow":["GET"]}}],"collection":[{"href":"https:\/\/toreco.md\/ru\/wp-json\/wp\/v2\/product"}],"about":[{"href":"https:\/\/toreco.md\/ru\/wp-json\/wp\/v2\/types\/product"}],"replies":[{"embeddable":true,"href":"https:\/\/toreco.md\/ru\/wp-json\/wp\/v2\/comments?post=15666"}],"wp:featuredmedia":[{"embeddable":true,"href":"https:\/\/toreco.md\/ru\/wp-json\/wp\/v2\/media\/15667"}],"wp:attachment":[{"href":"https:\/\/toreco.md\/ru\/wp-json\/wp\/v2\/media?parent=15666"}],"wp:term":[{"taxonomy":"product_cat","embeddable":true,"href":"https:\/\/toreco.md\/ru\/wp-json\/wp\/v2\/product_cat?post=15666"},{"taxonomy":"product_tag","embeddable":true,"href":"https:\/\/toreco.md\/ru\/wp-json\/wp\/v2\/product_tag?post=15666"}],"curies":[{"name":"wp","href":"https:\/\/api.w.org\/{rel}","templated":true}]}}