{"id":15599,"date":"2025-06-02T10:39:25","date_gmt":"2025-06-02T07:39:25","guid":{"rendered":"https:\/\/toreco.md\/?post_type=product&#038;p=15599"},"modified":"2026-03-03T11:57:31","modified_gmt":"2026-03-03T09:57:31","slug":"pudu-sh1-robot-de-curatare-verticala-si-orizontala-cu-uscare-instant","status":"publish","type":"product","link":"https:\/\/toreco.md\/ru\/product\/dupa-tip\/ai-roboti-si-smart-solutii-b2b\/pudu-sh1-robot-de-curatare-verticala-si-orizontala-cu-uscare-instant\/","title":{"rendered":"PUDU SH1 \u2013 \u0420\u043e\u0431\u043e\u0442 \u0434\u043b\u044f \u0432\u0435\u0440\u0442\u0438\u043a\u0430\u043b\u044c\u043d\u043e\u0439 \u0438 \u0433\u043e\u0440\u0438\u0437\u043e\u043d\u0442\u0430\u043b\u044c\u043d\u043e\u0439 \u0443\u0431\u043e\u0440\u043a\u0438 \u0441 \u043c\u043e\u043c\u0435\u043d\u0442\u0430\u043b\u044c\u043d\u043e\u0439 \u0441\u0443\u0448\u043a\u043e\u0439"},"content":{"rendered":"<p><strong><span style=\"color: #96c525;\">\u041f\u0440\u043e\u0438\u0437\u0432\u043e\u0434\u0438\u0442\u0435\u043b\u044c\u043d\u043e\u0441\u0442\u044c \u0434\u043e 1500 \u043c\u00b2\/\u0447\u0430\u0441<\/span><\/strong><\/p>\n<h4>\u041e\u0434\u043d\u043e\u0432\u0440\u0435\u043c\u0435\u043d\u043d\u0430\u044f \u043c\u043e\u0439\u043a\u0430 \u0438 \u0441\u0443\u0448\u043a\u0430, \u0431\u0435\u0437 \u0440\u0430\u0437\u0432\u043e\u0434\u043e\u0432<\/h4>\n<p>PUDU SH1 \u2014 \u044d\u0442\u043e \u0438\u043d\u0442\u0435\u043b\u043b\u0435\u043a\u0442\u0443\u0430\u043b\u044c\u043d\u044b\u0439 \u043f\u0440\u043e\u0444\u0435\u0441\u0441\u0438\u043e\u043d\u0430\u043b\u044c\u043d\u044b\u0439 \u0440\u043e\u0431\u043e\u0442 \u0434\u043b\u044f \u0443\u0431\u043e\u0440\u043a\u0438 \u0438 \u0441\u0443\u0448\u043a\u0438 \u043f\u043e\u043b\u043e\u0432, \u043a\u043e\u0442\u043e\u0440\u044b\u0439 \u043f\u043e\u0434\u043d\u0438\u043c\u0430\u0435\u0442 \u0441\u0442\u0430\u043d\u0434\u0430\u0440\u0442\u044b \u0433\u0438\u0433\u0438\u0435\u043d\u044b \u0432 \u0432\u0430\u0448\u0435\u043c \u0431\u0438\u0437\u043d\u0435\u0441\u0435 \u043d\u0430 \u043d\u043e\u0432\u044b\u0439 \u0443\u0440\u043e\u0432\u0435\u043d\u044c. \u041f\u043e \u0441\u0440\u0430\u0432\u043d\u0435\u043d\u0438\u044e \u0441 \u0442\u0440\u0430\u0434\u0438\u0446\u0438\u043e\u043d\u043d\u044b\u043c\u0438 \u043c\u0435\u0442\u043e\u0434\u0430\u043c\u0438 \u0443\u0431\u043e\u0440\u043a\u0438, SH1 \u0441\u043e\u043a\u0440\u0430\u0449\u0430\u0435\u0442 \u0440\u0430\u0441\u0445\u043e\u0434 \u0432\u043e\u0434\u044b \u0438 \u043c\u043e\u044e\u0449\u0438\u0445 \u0441\u0440\u0435\u0434\u0441\u0442\u0432 \u0434\u043e 80% \u0438 \u0443\u043c\u0435\u043d\u044c\u0448\u0430\u0435\u0442 \u0432\u0440\u0435\u043c\u044f \u0443\u0431\u043e\u0440\u043a\u0438 \u043d\u0430 70%, \u043f\u0440\u0438 \u044d\u0442\u043e\u043c \u043e\u0431\u0435\u0441\u043f\u0435\u0447\u0438\u0432\u0430\u044f \u0431\u0435\u0437\u0443\u043f\u0440\u0435\u0447\u043d\u0443\u044e \u0447\u0438\u0441\u0442\u043e\u0442\u0443 \u0438 \u0441\u0443\u0445\u043e\u0441\u0442\u044c \u043f\u043e\u043b\u0430 \u0432\u0441\u0435\u0433\u043e \u0437\u0430 \u043d\u0435\u0441\u043a\u043e\u043b\u044c\u043a\u043e \u0441\u0435\u043a\u0443\u043d\u0434.<\/p>\n<p><iframe loading=\"lazy\" width=\"1264\" height=\"711\" src=\"https:\/\/www.youtube.com\/embed\/4u9G1cPXpeg\" title=\"PUDU SH1 \u2013 Robot de cur\u0103\u021bare vertical\u0103 \u0219i orizontal\u0103 cu uscare instant, Moldova\" frameborder=\"0\" allow=\"accelerometer; autoplay; clipboard-write; encrypted-media; gyroscope; picture-in-picture; web-share\" referrerpolicy=\"strict-origin-when-cross-origin\" allowfullscreen><\/iframe><\/p>\n<p>&nbsp;<\/p>\n<h4 style=\"text-align: left;\">\u041c\u0430\u043a\u0441\u0438\u043c\u0430\u043b\u044c\u043d\u0430\u044f \u044d\u0444\u0444\u0435\u043a\u0442\u0438\u0432\u043d\u043e\u0441\u0442\u044c:<\/h4>\n<p><strong>\u0414\u0430\u0432\u043b\u0435\u043d\u0438\u0435 \u043d\u0430 \u0449\u0435\u0442\u043a\u0443:<\/strong> 27 \u043a\u0433<br \/>\n<strong>\u0421\u043a\u043e\u0440\u043e\u0441\u0442\u044c \u0432\u0440\u0430\u0449\u0435\u043d\u0438\u044f \u0449\u0435\u0442\u043a\u0438:<\/strong> 350 \u043e\u0431\/\u043c\u0438\u043d<br \/>\n<strong>\u042d\u0444\u0444\u0435\u043a\u0442\u0438\u0432\u043d\u043e\u0441\u0442\u044c \u0432\u044b\u0448\u0435 \u0442\u0440\u0430\u0434\u0438\u0446\u0438\u043e\u043d\u043d\u044b\u0445 \u043c\u0435\u0442\u043e\u0434\u043e\u0432 \u043d\u0430<\/strong> 70%<br \/>\n<strong>\u041c\u043e\u0449\u043d\u043e\u0441\u0442\u044c \u0432\u0441\u0430\u0441\u044b\u0432\u0430\u043d\u0438\u044f:<\/strong> 20 000 \u041f\u0430<br \/>\n<strong>\u0421\u0438\u0441\u0442\u0435\u043c\u0430 \u0440\u0430\u0437\u0434\u0435\u043b\u0435\u043d\u0438\u044f \u0432\u043e\u0437\u0434\u0443\u0445\u0430, \u0432\u043e\u0434\u044b \u0438 \u043e\u0442\u0445\u043e\u0434\u043e\u0432<\/strong> \u0434\u043b\u044f \u044d\u0444\u0444\u0435\u043a\u0442\u0438\u0432\u043d\u043e\u0433\u043e \u0443\u0434\u0430\u043b\u0435\u043d\u0438\u044f \u0436\u0438\u0434\u043a\u0438\u0445 \u0438 \u0442\u0432\u0435\u0440\u0434\u044b\u0445 \u0437\u0430\u0433\u0440\u044f\u0437\u043d\u0435\u043d\u0438\u0439<br \/>\n<strong>\u041f\u0440\u043e\u0438\u0437\u0432\u043e\u0434\u0438\u0442\u0435\u043b\u044c\u043d\u043e\u0441\u0442\u044c \u0434\u043e<\/strong> 1500 \u043c\u00b2\/\u0447\u0430\u0441<\/p>\n<div class=\"mceTemp\"><\/div>\n<p><img decoding=\"async\" src=\"https:\/\/toreco.md\/wp-content\/uploads\/2025\/06\/robot_sh1_moldova_toreco-11.png\" alt=\"robot sh1 de sp\u0103lat podele automata, industrial umed-uscat, horeca, md, toreco\" \/><\/p>\n<p>&nbsp;<\/p>\n<h4 style=\"text-align: left;\">\u041e\u0434\u043d\u043e\u0432\u0440\u0435\u043c\u0435\u043d\u043d\u0430\u044f \u043c\u043e\u0439\u043a\u0430 \u0438 \u0441\u0443\u0448\u043a\u0430, \u0431\u0435\u0437 \u0440\u0430\u0437\u0432\u043e\u0434\u043e\u0432<\/h4>\n<p>\u0411\u043b\u0430\u0433\u043e\u0434\u0430\u0440\u044f \u0431\u0435\u0441\u0449\u0435\u0442\u043e\u0447\u043d\u043e\u043c\u0443 \u0434\u0432\u0438\u0433\u0430\u0442\u0435\u043b\u044e \u0438 \u0438\u043d\u0442\u0435\u043b\u043b\u0435\u043a\u0442\u0443\u0430\u043b\u044c\u043d\u043e\u0439 \u0441\u0438\u0441\u0442\u0435\u043c\u0435 \u0441\u043a\u0440\u0435\u0431\u043a\u043e\u0432, SH1 \u043e\u0434\u043d\u043e\u0432\u0440\u0435\u043c\u0435\u043d\u043d\u043e \u043c\u043e\u0435\u0442 \u0438 \u0441\u0443\u0448\u0438\u0442 \u043f\u043e\u0432\u0435\u0440\u0445\u043d\u043e\u0441\u0442\u044c, \u043f\u0440\u0435\u0434\u043e\u0442\u0432\u0440\u0430\u0449\u0430\u044f \u043f\u043e\u0432\u0442\u043e\u0440\u043d\u043e\u0435 \u0437\u0430\u0433\u0440\u044f\u0437\u043d\u0435\u043d\u0438\u0435 \u0438 \u043e\u0431\u0435\u0441\u043f\u0435\u0447\u0438\u0432\u0430\u044f \u0438\u0434\u0435\u0430\u043b\u044c\u043d\u044b\u0439 \u0440\u0435\u0437\u0443\u043b\u044c\u0442\u0430\u0442 \u0434\u0430\u0436\u0435 \u0432 \u0441\u0430\u043c\u044b\u0445 \u0437\u0430\u0433\u0440\u0443\u0436\u0435\u043d\u043d\u044b\u0445 \u043a\u043e\u043c\u043c\u0435\u0440\u0447\u0435\u0441\u043a\u0438\u0445 \u0437\u043e\u043d\u0430\u0445.<\/p>\n<p><img decoding=\"async\" src=\"https:\/\/toreco.md\/wp-content\/uploads\/2025\/06\/robot_sh1_moldova_toreco-10.png\" alt=\"echipament profesional cur\u0103\u021benie, robot sh1 de sp\u0103lat podele automata, industrial umed-uscat, horeca, md, toreco\" \/><\/p>\n<p>&nbsp;<\/p>\n<h4 style=\"text-align: left;\">\u041c\u043d\u043e\u0433\u043e\u043c\u0435\u0440\u043d\u0430\u044f \u0443\u0431\u043e\u0440\u043a\u0430 \u2013 \u043a\u0430\u0436\u0434\u044b\u0439 \u0443\u0433\u043e\u043b, \u043a\u0430\u0436\u0434\u0430\u044f \u043f\u043e\u0432\u0435\u0440\u0445\u043d\u043e\u0441\u0442\u044c<\/h4>\n<p>SH1 \u043d\u0435 \u043e\u0433\u0440\u0430\u043d\u0438\u0447\u0438\u0432\u0430\u0435\u0442\u0441\u044f \u0442\u043e\u043b\u044c\u043a\u043e \u043f\u043e\u043b\u0430\u043c\u0438. \u0411\u043b\u0430\u0433\u043e\u0434\u0430\u0440\u044f \u0441\u043f\u0435\u0446\u0438\u0430\u043b\u044c\u043d\u044b\u043c \u0430\u043a\u0441\u0435\u0441\u0441\u0443\u0430\u0440\u0430\u043c \u043e\u043d \u044d\u0444\u0444\u0435\u043a\u0442\u0438\u0432\u043d\u043e \u043e\u0447\u0438\u0449\u0430\u0435\u0442:<br \/>\n<strong>\u0412\u0435\u0440\u0442\u0438\u043a\u0430\u043b\u044c\u043d\u044b\u0435 \u043f\u043e\u0432\u0435\u0440\u0445\u043d\u043e\u0441\u0442\u0438: \u043e\u043a\u043d\u0430, \u0437\u0435\u0440\u043a\u0430\u043b\u0430, \u0432\u0438\u0442\u0440\u0438\u043d\u044b, \u043a\u0430\u0444\u0435\u043b\u044c\u043d\u044b\u0435 \u0441\u0442\u0435\u043d\u044b<\/strong><br \/>\n<strong>\u0422\u0440\u0443\u0434\u043d\u043e\u0434\u043e\u0441\u0442\u0443\u043f\u043d\u044b\u0435 \u0437\u043e\u043d\u044b \u0438 \u0443\u0433\u043b\u044b<\/strong><br \/>\n<strong>\u0423\u0437\u043a\u0438\u0435 \u043f\u0440\u043e\u0441\u0442\u0440\u0430\u043d\u0441\u0442\u0432\u0430 \u043f\u043e\u0434 \u043c\u0435\u0431\u0435\u043b\u044c\u044e \u0438 \u0441\u0442\u0435\u043b\u043b\u0430\u0436\u0430\u043c\u0438<\/strong><br \/>\n<strong>\u0413\u0440\u044f\u0437\u043d\u044b\u0435 \u043d\u0430\u043f\u043e\u043b\u044c\u043d\u044b\u0435 \u043f\u043e\u0432\u0435\u0440\u0445\u043d\u043e\u0441\u0442\u0438 \u0440\u0430\u0437\u043b\u0438\u0447\u043d\u043e\u0439 \u0441\u043b\u043e\u0436\u043d\u043e\u0441\u0442\u0438<\/strong><\/p>\n<p><img decoding=\"async\" src=\"https:\/\/toreco.md\/wp-content\/uploads\/2025\/06\/robot_sh1_moldova_toreco-09.png\" alt=\"echipament profesional cur\u0103\u021benie tridimensionala, 3d, robot sh1 de sp\u0103lat podele automata, industrial umed-uscat, horeca, md, toreco\" \/><\/p>\n<p>&nbsp;<\/p>\n<h4 style=\"text-align: left;\">\u0418\u043d\u0442\u0435\u043b\u043b\u0435\u043a\u0442\u0443\u0430\u043b\u044c\u043d\u044b\u0435 \u0440\u0435\u0436\u0438\u043c\u044b \u0443\u0431\u043e\u0440\u043a\u0438<\/h4>\n<p>\u0412\u044b\u0431\u0438\u0440\u0430\u0439\u0442\u0435 \u043f\u043e\u0434\u0445\u043e\u0434\u044f\u0449\u0438\u0439 \u0440\u0435\u0436\u0438\u043c \u0432 \u0437\u0430\u0432\u0438\u0441\u0438\u043c\u043e\u0441\u0442\u0438 \u043e\u0442 \u0437\u0430\u0434\u0430\u0447\u0438 - <strong>\u042d\u043a\u043e, \u0418\u043d\u0442\u0435\u043d\u0441\u0438\u0432\u043d\u044b\u0439, \u0421 \u0437\u0430\u043c\u0430\u0447\u0438\u0432\u0430\u043d\u0438\u0435\u043c, \u0412\u0441\u0430\u0441\u044b\u0432\u0430\u043d\u0438\u0435 \u0432\u043e\u0434\u044b, \u0421\u043d\u0438\u0436\u0435\u043d\u043d\u044b\u0439 \u043e\u0441\u0442\u0430\u0442\u043e\u043a \u0438 \u0434\u0440\u0443\u0433\u0438\u0435,<\/strong>\u0432\u0441\u0451 \u0441 \u0443\u0434\u043e\u0431\u043d\u043e\u0433\u043e \u0441\u0435\u043d\u0441\u043e\u0440\u043d\u043e\u0433\u043e \u044d\u043a\u0440\u0430\u043d\u0430.<\/p>\n<p><img decoding=\"async\" src=\"https:\/\/toreco.md\/wp-content\/uploads\/2025\/06\/robot_sh1_moldova_toreco-12.png\" alt=\"echipament profesional cur\u0103\u021benie tridimensionala, 3d, robot sh1 de sp\u0103lat podele automata, Eco, Intensiv, Sp\u0103lare cu \u00eenmuiere, Aspira\u021bie de ap\u0103, Mod cu reziduu redus, industrial umed-uscat, horeca, md, toreco\" \/><\/p>\n<p>&nbsp;<\/p>\n<h4 style=\"text-align: left;\">\u0418\u0434\u0435\u0430\u043b\u044c\u043d\u043e\u0435 \u0440\u0435\u0448\u0435\u043d\u0438\u0435 \u0434\u043b\u044f \u043b\u044e\u0431\u043e\u0433\u043e \u0431\u0438\u0437\u043d\u0435\u0441\u0430:<\/h4>\n<p>\u041f\u043e\u0434\u0445\u043e\u0434\u0438\u0442 \u0434\u043b\u044f \u043f\u0440\u043e\u0444\u0435\u0441\u0441\u0438\u043e\u043d\u0430\u043b\u044c\u043d\u043e\u0439 \u0443\u0431\u043e\u0440\u043a\u0438 \u0432 <strong>HoReCa, \u0440\u043e\u0437\u043d\u0438\u0447\u043d\u043e\u0439 \u0442\u043e\u0440\u0433\u043e\u0432\u043b\u0435, \u043c\u0435\u0434\u0438\u0446\u0438\u043d\u0441\u043a\u0438\u0445 \u0443\u0447\u0440\u0435\u0436\u0434\u0435\u043d\u0438\u044f\u0445, \u043e\u0431\u0440\u0430\u0437\u043e\u0432\u0430\u043d\u0438\u0438, \u0442\u0440\u0430\u043d\u0441\u043f\u043e\u0440\u0442\u0435, \u043f\u0440\u043e\u0438\u0437\u0432\u043e\u0434\u0441\u0442\u0432\u0435, \u0442\u043e\u0440\u0433\u043e\u0432\u044b\u0445 \u0438 \u043b\u043e\u0433\u0438\u0441\u0442\u0438\u0447\u0435\u0441\u043a\u0438\u0445 \u0446\u0435\u043d\u0442\u0440\u0430\u0445.<\/strong><\/p>\n<p>&nbsp;<\/p>\n<h4 style=\"text-align: left;\">T\u0435\u0445\u043d\u0438\u0447\u0435\u0441\u043a\u0438\u0435 \u0445\u0430\u0440\u0430\u043a\u0442\u0435\u0440\u0438\u0441\u0442\u0438\u043a\u0438:<\/h4>\n<p>\u041f\u0440\u043e\u0438\u0437\u0432\u043e\u0434\u0438\u0442\u0435\u043b\u044c\u043d\u043e\u0441\u0442\u044c: 1100\u20131600 \u043c\u00b2\/\u0447<br \/>\n\u0428\u0438\u0440\u0438\u043d\u0430 \u0440\u0430\u0431\u043e\u0447\u0435\u0439 \u0437\u043e\u043d\u044b: 44 \u0441\u043c<br \/>\n\u0428\u0438\u0440\u0438\u043d\u0430 \u0441\u043a\u0440\u0435\u0431\u043a\u0430: 49 \u0441\u043c<br \/>\n\u0411\u0430\u043a \u0434\u043b\u044f \u0447\u0438\u0441\u0442\u043e\u0439 \u0432\u043e\u0434\u044b: 4 \u043b | \u0411\u0430\u043a \u0434\u043b\u044f \u0433\u0440\u044f\u0437\u043d\u043e\u0439 \u0432\u043e\u0434\u044b: 4 \u043b<br \/>\n\u0412\u0435\u0441: 17 \u043a\u0433<br \/>\n\u0420\u0430\u0437\u043c\u0435\u0440\u044b: 49 x 53 x 120 \u0441\u043c<br \/>\n\u0412\u0440\u0435\u043c\u044f \u0430\u0432\u0442\u043e\u043d\u043e\u043c\u043d\u043e\u0439 \u0440\u0430\u0431\u043e\u0442\u044b: \u0434\u043e 100 \u043c\u0438\u043d\u0443\u0442 \u0432 \u0440\u0435\u0436\u0438\u043c\u0435 \u042d\u043a\u043e<br \/>\n\u0412\u0440\u0435\u043c\u044f \u0437\u0430\u0440\u044f\u0434\u043a\u0438: 2,5 \u0447\u0430\u0441\u0430<br \/>\n\u0423\u0440\u043e\u0432\u0435\u043d\u044c \u0448\u0443\u043c\u0430: 69\u201372 \u0434\u0411<br \/>\n\u0420\u0430\u0441\u0445\u043e\u0434\u043d\u044b\u0435 \u043c\u0430\u0442\u0435\u0440\u0438\u0430\u043b\u044b: \u0449\u0435\u0442\u043a\u0438 \u0438 \u043f\u0430\u0434-\u043f\u043e\u043b\u043e\u0442\u043d\u0430 \u0440\u0430\u0437\u043b\u0438\u0447\u043d\u043e\u0439 \u0436\u0451\u0441\u0442\u043a\u043e\u0441\u0442\u0438 (\u043c\u044f\u0433\u043a\u0438\u0435, \u0441\u0440\u0435\u0434\u043d\u0438\u0435, \u0436\u0451\u0441\u0442\u043a\u0438\u0435), \u0441\u043a\u0440\u0435\u0431\u043a\u043e\u0432\u044b\u0435 \u0440\u0435\u0437\u0438\u043d\u044b PRIMOthane \u0438 LINATEX<\/p>","protected":false},"excerpt":{"rendered":"<p><strong>PUDU SH1 \u2013 \u0420\u043e\u0431\u043e\u0442 \u0434\u043b\u044f \u0432\u0435\u0440\u0442\u0438\u043a\u0430\u043b\u044c\u043d\u043e\u0439 \u0438 \u0433\u043e\u0440\u0438\u0437\u043e\u043d\u0442\u0430\u043b\u044c\u043d\u043e\u0439 \u0443\u0431\u043e\u0440\u043a\u0438 \u0441 \u043c\u043e\u043c\u0435\u043d\u0442\u0430\u043b\u044c\u043d\u043e\u0439 \u0441\u0443\u0448\u043a\u043e\u0439<\/strong><br \/>\nPUDU SH1 \u2014 \u044d\u0442\u043e \u0438\u043d\u0442\u0435\u043b\u043b\u0435\u043a\u0442\u0443\u0430\u043b\u044c\u043d\u044b\u0439 \u043f\u0440\u043e\u0444\u0435\u0441\u0441\u0438\u043e\u043d\u0430\u043b\u044c\u043d\u044b\u0439 \u0440\u043e\u0431\u043e\u0442 \u0434\u043b\u044f \u0443\u0431\u043e\u0440\u043a\u0438 \u0438 \u0441\u0443\u0448\u043a\u0438 \u043f\u043e\u043b\u043e\u0432, \u043a\u043e\u0442\u043e\u0440\u044b\u0439 \u043f\u043e\u0434\u043d\u0438\u043c\u0430\u0435\u0442 \u0441\u0442\u0430\u043d\u0434\u0430\u0440\u0442\u044b \u0433\u0438\u0433\u0438\u0435\u043d\u044b \u0432 \u0432\u0430\u0448\u0435\u043c \u0431\u0438\u0437\u043d\u0435\u0441\u0435 \u043d\u0430 \u043d\u043e\u0432\u044b\u0439 \u0443\u0440\u043e\u0432\u0435\u043d\u044c. \u041f\u043e \u0441\u0440\u0430\u0432\u043d\u0435\u043d\u0438\u044e \u0441 \u0442\u0440\u0430\u0434\u0438\u0446\u0438\u043e\u043d\u043d\u044b\u043c\u0438 \u043c\u0435\u0442\u043e\u0434\u0430\u043c\u0438 \u0443\u0431\u043e\u0440\u043a\u0438, SH1 \u0441\u043e\u043a\u0440\u0430\u0449\u0430\u0435\u0442 \u0440\u0430\u0441\u0445\u043e\u0434 \u0432\u043e\u0434\u044b \u0438 \u043c\u043e\u044e\u0449\u0438\u0445 \u0441\u0440\u0435\u0434\u0441\u0442\u0432 \u0434\u043e 80% \u0438 \u0443\u043c\u0435\u043d\u044c\u0448\u0430\u0435\u0442 \u0432\u0440\u0435\u043c\u044f \u0443\u0431\u043e\u0440\u043a\u0438 \u043d\u0430 70%, \u043f\u0440\u0438 \u044d\u0442\u043e\u043c \u043e\u0431\u0435\u0441\u043f\u0435\u0447\u0438\u0432\u0430\u044f \u0431\u0435\u0437\u0443\u043f\u0440\u0435\u0447\u043d\u0443\u044e \u0447\u0438\u0441\u0442\u043e\u0442\u0443 \u0438 \u0441\u0443\u0445\u043e\u0441\u0442\u044c \u043f\u043e\u043b\u0430 \u0432\u0441\u0435\u0433\u043e \u0437\u0430 \u043d\u0435\u0441\u043a\u043e\u043b\u044c\u043a\u043e \u0441\u0435\u043a\u0443\u043d\u0434.<\/p>","protected":false},"featured_media":15604,"comment_status":"closed","ping_status":"closed","template":"","meta":[],"product_cat":[70,45,34,42,44,43,40,41,46,110,113,111],"product_tag":[318],"class_list":["post-15599","product","type-product","status-publish","has-post-thumbnail","hentry","product_cat-ai-roboti-si-smart-solutii-b2b","product_cat-industria-auto","product_cat-hotel","product_cat-industria-de-producere-si-prelucrare","product_cat-institutii-de-invatamint","product_cat-medicina","product_cat-restaurant-si-bucatarie","product_cat-servicii-de-curatenie","product_cat-sport-si-fitness","product_cat-aspiratoare","product_cat-masini-de-curatat","product_cat-masini-de-maturat","product_tag-robot-inteligenta-artificiala","pa_brand-pudu-robotics"],"_links":{"self":[{"href":"https:\/\/toreco.md\/ru\/wp-json\/wp\/v2\/product\/15599","targetHints":{"allow":["GET"]}}],"collection":[{"href":"https:\/\/toreco.md\/ru\/wp-json\/wp\/v2\/product"}],"about":[{"href":"https:\/\/toreco.md\/ru\/wp-json\/wp\/v2\/types\/product"}],"replies":[{"embeddable":true,"href":"https:\/\/toreco.md\/ru\/wp-json\/wp\/v2\/comments?post=15599"}],"wp:featuredmedia":[{"embeddable":true,"href":"https:\/\/toreco.md\/ru\/wp-json\/wp\/v2\/media\/15604"}],"wp:attachment":[{"href":"https:\/\/toreco.md\/ru\/wp-json\/wp\/v2\/media?parent=15599"}],"wp:term":[{"taxonomy":"product_cat","embeddable":true,"href":"https:\/\/toreco.md\/ru\/wp-json\/wp\/v2\/product_cat?post=15599"},{"taxonomy":"product_tag","embeddable":true,"href":"https:\/\/toreco.md\/ru\/wp-json\/wp\/v2\/product_tag?post=15599"}],"curies":[{"name":"wp","href":"https:\/\/api.w.org\/{rel}","templated":true}]}}