{"id":14196,"date":"2025-03-11T09:19:53","date_gmt":"2025-03-11T07:19:53","guid":{"rendered":"https:\/\/toreco.md\/?post_type=product&#038;p=14196"},"modified":"2026-03-11T14:18:46","modified_gmt":"2026-03-11T12:18:46","slug":"dispenser-sapun-spuma-si-dezinfectant-negru-s4-tork","status":"publish","type":"product","link":"https:\/\/toreco.md\/ru\/product\/dupa-tip\/dispensere-si-dozatoare\/dozator-sapun-lichid-spuma\/dispenser-sapun-spuma-si-dezinfectant-negru-s4-tork\/","title":{"rendered":"\u0414\u0438\u0441\u043f\u0435\u043d\u0441\u0435\u0440 \u0434\u043b\u044f \u043c\u044b\u043b\u0430 \u0438 \u0434\u0435\u0437\u0438\u043d\u0444\u0438\u0446\u0438\u0440\u0443\u044e\u0449\u0438\u0445 \u0441\u0440\u0435\u0434\u0441\u0442\u0432 Tork, S4, \u0447\u0435\u0440\u043d\u044b\u0439"},"content":{"rendered":"<p>\u0414\u0438\u0441\u043f\u0435\u043d\u0441\u0435\u0440 \u0434\u043b\u044f \u043c\u044b\u043b\u0430 \u0438 \u0434\u0435\u0437\u0438\u043d\u0444\u0438\u0446\u0438\u0440\u0443\u044e\u0449\u0438\u0445 \u0441\u0440\u0435\u0434\u0441\u0442\u0432 Tork \u043f\u043e\u0434\u0445\u043e\u0434\u0438\u0442 \u0434\u043b\u044f \u043b\u044e\u0431\u044b\u0445 \u043f\u043e\u043c\u0435\u0449\u0435\u043d\u0438\u0439 \u0438 \u0441\u043e\u0432\u043c\u0435\u0441\u0442\u0438\u043c \u0441 \u0448\u0438\u0440\u043e\u043a\u0438\u043c \u0430\u0441\u0441\u043e\u0440\u0442\u0438\u043c\u0435\u043d\u0442\u043e\u043c \u043c\u044b\u043b, \u0434\u0435\u0437\u0438\u043d\u0444\u0438\u0446\u0438\u0440\u0443\u044e\u0449\u0438\u0445 \u0441\u0440\u0435\u0434\u0441\u0442\u0432 \u0438 \u043b\u043e\u0441\u044c\u043e\u043d\u043e\u0432 Tork \u0432 \u0433\u0435\u0440\u043c\u0435\u0442\u0438\u0447\u043d\u043e \u0437\u0430\u043f\u0435\u0447\u0430\u0442\u0430\u043d\u043d\u044b\u0445 \u043a\u0430\u0440\u0442\u0440\u0438\u0434\u0436\u0430\u0445, \u043e\u0431\u0435\u0441\u043f\u0435\u0447\u0438\u0432\u0430\u044f \u0433\u0438\u0433\u0438\u0435\u043d\u0438\u0447\u043d\u043e\u0441\u0442\u044c \u0438 \u0443\u0434\u043e\u0431\u0441\u0442\u0432\u043e \u0438\u0441\u043f\u043e\u043b\u044c\u0437\u043e\u0432\u0430\u043d\u0438\u044f. \u041d\u0430\u0434\u0435\u0436\u043d\u0430\u044f \u0441\u0438\u0441\u0442\u0435\u043c\u0430 \u0434\u043e\u0437\u0438\u0440\u043e\u0432\u0430\u043d\u0438\u044f, \u0440\u0435\u0433\u0443\u043b\u0438\u0440\u0443\u0435\u043c\u044b\u0439 \u043e\u0431\u044a\u0435\u043c \u043f\u043e\u0440\u0446\u0438\u0438 \u0438 \u0441\u0435\u0440\u0442\u0438\u0444\u0438\u0446\u0438\u0440\u043e\u0432\u0430\u043d\u043d\u044b\u0439 \u044d\u0440\u0433\u043e\u043d\u043e\u043c\u0438\u0447\u043d\u044b\u0439 \u0434\u0438\u0437\u0430\u0439\u043d \u0441\u043f\u043e\u0441\u043e\u0431\u0441\u0442\u0432\u0443\u044e\u0442 \u043f\u043e\u0434\u0434\u0435\u0440\u0436\u0430\u043d\u0438\u044e \u0432\u044b\u0441\u043e\u043a\u043e\u0433\u043e \u0443\u0440\u043e\u0432\u043d\u044f \u0433\u0438\u0433\u0438\u0435\u043d\u044b \u0440\u0443\u043a \u0434\u043b\u044f \u0432\u0441\u0435\u0445 \u043f\u043e\u043b\u044c\u0437\u043e\u0432\u0430\u0442\u0435\u043b\u0435\u0439. \u0421\u043e\u0437\u0434\u0430\u0439\u0442\u0435 \u043d\u0435\u0438\u0437\u0433\u043b\u0430\u0434\u0438\u043c\u043e\u0435 \u0432\u043f\u0435\u0447\u0430\u0442\u043b\u0435\u043d\u0438\u0435 \u043d\u0430 \u0432\u0430\u0448\u0438\u0445 \u0433\u043e\u0441\u0442\u0435\u0439 \u0441 \u043f\u043e\u043c\u043e\u0449\u044c\u044e \u0441\u043e\u0432\u0440\u0435\u043c\u0435\u043d\u043d\u043e\u0433\u043e \u0438 \u0444\u0443\u043d\u043a\u0446\u0438\u043e\u043d\u0430\u043b\u044c\u043d\u043e\u0433\u043e \u0434\u0438\u0437\u0430\u0439\u043d\u0430 \u0441\u0430\u043c\u043e\u0433\u043e \u0443\u043d\u0438\u0432\u0435\u0440\u0441\u0430\u043b\u044c\u043d\u043e\u0433\u043e \u0414\u0438\u0441\u043f\u0435\u043d\u0441\u0435\u0440\u0430 \u0434\u043b\u044f \u043c\u044b\u043b\u0430 \u0438 \u0434\u0435\u0437\u0438\u043d\u0444\u0438\u0446\u0438\u0440\u0443\u044e\u0449\u0438\u0445 \u0441\u0440\u0435\u0434\u0441\u0442\u0432.<\/p>\n<p>Multiple nevoi de igien\u0103 cu un sistem &#8211; Gam\u0103 larg\u0103 de rezerve pentru s\u0103punuri \u0219i dezinfectan\u021bi sub form\u0103 de spum\u0103, lichid sau gel, pentru a satisface nevoile afacerii \u0219i utilizatorilor dvs.<br \/>\nLivra\u021bi doza corect\u0103 &#8211; Dimensiune variabil\u0103 a dozelor pentru a optimiza consumul, igiena \u0219i experien\u021ba utilizatorului.<br \/>\nFormule pentru protejarea pielii &#8211; Gam\u0103 larg\u0103 de s\u0103punuri, dezinfectan\u021bi \u0219i lo\u021biuni testate dermatologic, cu pH delicat cu pielea.<br \/>\nDozare fiabil\u0103 &#8211; Testat pentru a rezista peste 1 milion de ap\u0103s\u0103ri<br \/>\n\u041d\u0430\u0442\u0443\u0440\u0430\u043b\u044c\u043d\u044b\u0439 \u0441\u043e\u0441\u0442\u0430\u0432 \u2013 \u0432\u0441\u0435 \u043c\u044b\u043b\u0430 \u0441\u043e\u0434\u0435\u0440\u0436\u0430\u0442 \u0431\u043e\u043b\u0435\u0435 90% \u0438\u043d\u0433\u0440\u0435\u0434\u0438\u0435\u043d\u0442\u043e\u0432 \u043d\u0430\u0442\u0443\u0440\u0430\u043b\u044c\u043d\u043e\u0433\u043e \u043f\u0440\u043e\u0438\u0441\u0445\u043e\u0436\u0434\u0435\u043d\u0438\u044f.<br \/>\nRezerv\u0103 u\u0219or de v\u0103zut &#8211; Zona transparent\u0103 face rezerva vizibil\u0103 mereu<br \/>\n\u0411\u044b\u0441\u0442\u0440\u0430\u044f \u0437\u0430\u043f\u0440\u0430\u0432\u043a\u0430 \u2014 \u043c\u0435\u043d\u0435\u0435 10 \u0441\u0435\u043a\u0443\u043d\u0434<br \/>\n\u042d\u043a\u043e\u043d\u043e\u043c\u0438\u0447\u043d\u044b\u0439 \u0440\u0430\u0441\u0445\u043e\u0434 \u2013 \u0414\u0438\u0441\u043f\u0435\u043d\u0441\u0435\u0440 \u0440\u0430\u0441\u0441\u0447\u0438\u0442\u0430\u043d \u043d\u0430 \u043e\u0431\u0441\u043b\u0443\u0436\u0438\u0432\u0430\u043d\u0438\u0435 \u0434\u043e 1650 \u043f\u043e\u0441\u0435\u0442\u0438\u0442\u0435\u043b\u0435\u0439.<br \/>\nConsum controlat &#8211; S\u0103punurile spum\u0103 ajut\u0103 la reducerea consumului de s\u0103pun cu p\u00e2n\u0103 la 50% comparativ cu s\u0103punul lichid<br \/>\nReumplere igienic\u0103 &#8211; Sticla cu protec\u021bie din fabric\u0103, av\u00e2nd o pomp\u0103 nou\u0103 pentru fiecare rezerv\u0103 ajut\u0103 la reducerea riscului de contaminare<br \/>\nU\u0219or de utilizat &#8211; Certificat de Asocia\u021bia suedez\u0103 de reumatism, promov\u00e2nd o bun\u0103 igien\u0103 a m\u00e2inilor pentru to\u021bi utilizatorii<\/p>\n<p>\u0425\u0430\u0440\u0430\u043a\u0442\u0435\u0440\u0438\u0441\u0442\u0438\u043a\u0438:<br \/>\nSistem: S4 &#8211; Sistem pentru S\u0103punuri \u0219i Dezinfectan\u021bi<br \/>\n\u0426\u0432\u0435\u0442: \u0447\u0435\u0440\u043d\u044b\u0439<br \/>\n\u00cen\u0103l\u021bime &#8211; 305 mm<br \/>\nLungime &#8211; 122 mm<br \/>\nL\u0103\u021bime &#8211; 106 mm<br \/>\nVolum &#8211; 1000 ml<\/p>","protected":false},"excerpt":{"rendered":"<p>\u0414\u0438\u0441\u043f\u0435\u043d\u0441\u0435\u0440 \u0434\u043b\u044f \u043c\u044b\u043b\u0430 \u0438 \u0434\u0435\u0437\u0438\u043d\u0444\u0438\u0446\u0438\u0440\u0443\u044e\u0449\u0438\u0445 \u0441\u0440\u0435\u0434\u0441\u0442\u0432 Tork \u043f\u043e\u0434\u0445\u043e\u0434\u0438\u0442 \u0434\u043b\u044f \u043b\u044e\u0431\u044b\u0445 \u043f\u043e\u043c\u0435\u0449\u0435\u043d\u0438\u0439 \u0438 \u0441\u043e\u0432\u043c\u0435\u0441\u0442\u0438\u043c \u0441 \u0448\u0438\u0440\u043e\u043a\u0438\u043c \u0430\u0441\u0441\u043e\u0440\u0442\u0438\u043c\u0435\u043d\u0442\u043e\u043c \u043c\u044b\u043b, \u0434\u0435\u0437\u0438\u043d\u0444\u0438\u0446\u0438\u0440\u0443\u044e\u0449\u0438\u0445 \u0441\u0440\u0435\u0434\u0441\u0442\u0432 \u0438 \u043b\u043e\u0441\u044c\u043e\u043d\u043e\u0432 Tork \u0432 \u0433\u0435\u0440\u043c\u0435\u0442\u0438\u0447\u043d\u043e \u0437\u0430\u043f\u0435\u0447\u0430\u0442\u0430\u043d\u043d\u044b\u0445 \u043a\u0430\u0440\u0442\u0440\u0438\u0434\u0436\u0430\u0445, \u043e\u0431\u0435\u0441\u043f\u0435\u0447\u0438\u0432\u0430\u044f \u0433\u0438\u0433\u0438\u0435\u043d\u0438\u0447\u043d\u043e\u0441\u0442\u044c \u0438 \u0443\u0434\u043e\u0431\u0441\u0442\u0432\u043e \u0438\u0441\u043f\u043e\u043b\u044c\u0437\u043e\u0432\u0430\u043d\u0438\u044f. \u041d\u0430\u0434\u0435\u0436\u043d\u0430\u044f \u0441\u0438\u0441\u0442\u0435\u043c\u0430 \u0434\u043e\u0437\u0438\u0440\u043e\u0432\u0430\u043d\u0438\u044f, \u0440\u0435\u0433\u0443\u043b\u0438\u0440\u0443\u0435\u043c\u044b\u0439 \u043e\u0431\u044a\u0435\u043c \u043f\u043e\u0440\u0446\u0438\u0438 \u0438 \u0441\u0435\u0440\u0442\u0438\u0444\u0438\u0446\u0438\u0440\u043e\u0432\u0430\u043d\u043d\u044b\u0439 \u044d\u0440\u0433\u043e\u043d\u043e\u043c\u0438\u0447\u043d\u044b\u0439 \u0434\u0438\u0437\u0430\u0439\u043d \u0441\u043f\u043e\u0441\u043e\u0431\u0441\u0442\u0432\u0443\u044e\u0442 \u043f\u043e\u0434\u0434\u0435\u0440\u0436\u0430\u043d\u0438\u044e \u0432\u044b\u0441\u043e\u043a\u043e\u0433\u043e \u0443\u0440\u043e\u0432\u043d\u044f \u0433\u0438\u0433\u0438\u0435\u043d\u044b \u0440\u0443\u043a \u0434\u043b\u044f \u0432\u0441\u0435\u0445 \u043f\u043e\u043b\u044c\u0437\u043e\u0432\u0430\u0442\u0435\u043b\u0435\u0439. \u0421\u043e\u0437\u0434\u0430\u0439\u0442\u0435 \u043d\u0435\u0438\u0437\u0433\u043b\u0430\u0434\u0438\u043c\u043e\u0435 \u0432\u043f\u0435\u0447\u0430\u0442\u043b\u0435\u043d\u0438\u0435 \u043d\u0430 \u0432\u0430\u0448\u0438\u0445 \u0433\u043e\u0441\u0442\u0435\u0439 \u0441 \u043f\u043e\u043c\u043e\u0449\u044c\u044e \u0441\u043e\u0432\u0440\u0435\u043c\u0435\u043d\u043d\u043e\u0433\u043e \u0438 \u0444\u0443\u043d\u043a\u0446\u0438\u043e\u043d\u0430\u043b\u044c\u043d\u043e\u0433\u043e \u0434\u0438\u0437\u0430\u0439\u043d\u0430 \u0441\u0430\u043c\u043e\u0433\u043e \u0443\u043d\u0438\u0432\u0435\u0440\u0441\u0430\u043b\u044c\u043d\u043e\u0433\u043e \u0414\u0438\u0441\u043f\u0435\u043d\u0441\u0435\u0440\u0430 \u0434\u043b\u044f \u043c\u044b\u043b\u0430 \u0438 \u0434\u0435\u0437\u0438\u043d\u0444\u0438\u0446\u0438\u0440\u0443\u044e\u0449\u0438\u0445 \u0441\u0440\u0435\u0434\u0441\u0442\u0432.<\/p>","protected":false},"featured_media":14197,"comment_status":"closed","ping_status":"closed","template":"","meta":[],"product_cat":[67,45,34,42,44,43,40,41,46,60],"product_tag":[166],"class_list":["post-14196","product","type-product","status-publish","has-post-thumbnail","hentry","product_cat-dozator-sapun-lichid-spuma","product_cat-industria-auto","product_cat-hotel","product_cat-industria-de-producere-si-prelucrare","product_cat-institutii-de-invatamint","product_cat-medicina","product_cat-restaurant-si-bucatarie","product_cat-servicii-de-curatenie","product_cat-sport-si-fitness","product_cat-dispensere-si-dozatoare","product_tag-dispenser","pa_brand-tork"],"_links":{"self":[{"href":"https:\/\/toreco.md\/ru\/wp-json\/wp\/v2\/product\/14196","targetHints":{"allow":["GET"]}}],"collection":[{"href":"https:\/\/toreco.md\/ru\/wp-json\/wp\/v2\/product"}],"about":[{"href":"https:\/\/toreco.md\/ru\/wp-json\/wp\/v2\/types\/product"}],"replies":[{"embeddable":true,"href":"https:\/\/toreco.md\/ru\/wp-json\/wp\/v2\/comments?post=14196"}],"wp:featuredmedia":[{"embeddable":true,"href":"https:\/\/toreco.md\/ru\/wp-json\/wp\/v2\/media\/14197"}],"wp:attachment":[{"href":"https:\/\/toreco.md\/ru\/wp-json\/wp\/v2\/media?parent=14196"}],"wp:term":[{"taxonomy":"product_cat","embeddable":true,"href":"https:\/\/toreco.md\/ru\/wp-json\/wp\/v2\/product_cat?post=14196"},{"taxonomy":"product_tag","embeddable":true,"href":"https:\/\/toreco.md\/ru\/wp-json\/wp\/v2\/product_tag?post=14196"}],"curies":[{"name":"wp","href":"https:\/\/api.w.org\/{rel}","templated":true}]}}