{"id":14190,"date":"2025-03-11T08:57:58","date_gmt":"2025-03-11T06:57:58","guid":{"rendered":"https:\/\/toreco.md\/?post_type=product&#038;p=14190"},"modified":"2025-03-11T09:03:59","modified_gmt":"2025-03-11T07:03:59","slug":"solutie-gel-dezinfectant-de-curatare-colac-wc-s5-mini-tork","status":"publish","type":"product","link":"https:\/\/toreco.md\/ru\/product\/dupa-tip\/sapun-si-odorizanti\/dezinfectanti-sapun-antibacterian\/solutie-gel-dezinfectant-de-curatare-colac-wc-s5-mini-tork\/","title":{"rendered":"Tork \u0421\u0440\u0435\u0434\u0441\u0442\u0432\u043e \u0434\u043b\u044f \u043e\u0447\u0438\u0441\u0442\u043a\u0438 \u0441\u0438\u0434\u0435\u043d\u044c\u044f \u0443\u043d\u0438\u0442\u0430\u0437\u0430 Mini, S5"},"content":{"rendered":"<p><iframe loading=\"lazy\" width=\"640\" height=\"360\" src=\"https:\/\/www.youtube.com\/embed\/MGXLu-NyBg4\" title=\"[TORECO]: Sapun lichid si spuma Tork - reduce costurile deoarece 1L (Tork) = 5L (sapun obisnuit)\" frameborder=\"0\" allow=\"accelerometer; autoplay; clipboard-write; encrypted-media; gyroscope; picture-in-picture; web-share\" allowfullscreen><\/iframe><\/p>\n<p>\u0421\u0440\u0435\u0434\u0441\u0442\u0432\u043e \u0434\u043b\u044f \u043e\u0447\u0438\u0441\u0442\u043a\u0438 \u0441\u0438\u0434\u0435\u043d\u044c\u044f \u0443\u043d\u0438\u0442\u0430\u0437\u0430 Tork \u043e\u0431\u0435\u0441\u043f\u0435\u0447\u0438\u0432\u0430\u0435\u0442 \u0434\u043e\u043f\u043e\u043b\u043d\u0438\u0442\u0435\u043b\u044c\u043d\u0443\u044e \u0433\u0438\u0433\u0438\u0435\u043d\u0438\u0447\u0435\u0441\u043a\u0443\u044e \u0437\u0430\u0449\u0438\u0442\u0443 \u0434\u043b\u044f \u043f\u043e\u0441\u0435\u0442\u0438\u0442\u0435\u043b\u0435\u0439. \u041e\u0434\u043d\u043e\u0433\u043e \u043d\u0430\u0436\u0430\u0442\u0438\u044f \u0434\u043e\u0441\u0442\u0430\u0442\u043e\u0447\u043d\u043e, \u0447\u0442\u043e\u0431\u044b \u043e\u0447\u0438\u0441\u0442\u0438\u0442\u044c \u0441\u0438\u0434\u0435\u043d\u044c\u0435 \u0443\u043d\u0438\u0442\u0430\u0437\u0430 \u0441 \u043f\u043e\u043c\u043e\u0449\u044c\u044e \u0442\u0443\u0430\u043b\u0435\u0442\u043d\u043e\u0439 \u0431\u0443\u043c\u0430\u0433\u0438. \u041f\u043e\u0434\u0445\u043e\u0434\u0438\u0442 \u0434\u043b\u044f \u0414\u0438\u0441\u043f\u0435\u043d\u0441\u0435\u0440\u043e\u0432 \u0436\u0438\u0434\u043a\u043e\u0433\u043e \u043c\u044b\u043b\u0430 \u0438 \u0434\u0435\u0437\u0438\u043d\u0444\u0438\u0446\u0438\u0440\u0443\u044e\u0449\u0438\u0445 \u0441\u0440\u0435\u0434\u0441\u0442\u0432 Tork Mini, \u0434\u043e\u043a\u0430\u0437\u0430\u0432\u0448\u0438\u0445 \u0441\u0432\u043e\u044e \u043f\u0440\u043e\u0441\u0442\u043e\u0442\u0443 \u0432 \u0438\u0441\u043f\u043e\u043b\u044c\u0437\u043e\u0432\u0430\u043d\u0438\u0438.<\/p>\n<p>\u0411\u044b\u0441\u0442\u0440\u0430\u044f \u0437\u0430\u043f\u0440\u0430\u0432\u043a\u0430 \u2014 \u043c\u0435\u043d\u0435\u0435 10 \u0441\u0435\u043a\u0443\u043d\u0434<br \/>\nReumplere igienic\u0103 &#8211; Sticla cu protec\u021bie din fabric\u0103, av\u00e2nd o pomp\u0103 nou\u0103 pentru fiecare reumplere ajut\u0103 la reducerea riscului de contaminare<br \/>\n\u0421\u043e\u043a\u0440\u0430\u0449\u0430\u0435\u0442 \u043e\u0431\u044a\u0435\u043c \u043e\u0442\u0445\u043e\u0434\u043e\u0432: \u0443\u043f\u0430\u043a\u043e\u0432\u043a\u0430 \u0441\u043f\u043b\u044e\u0449\u0438\u0432\u0430\u0435\u0442\u0441\u044f, \u0443\u043c\u0435\u043d\u044c\u0448\u0430\u044f \u043a\u043e\u043b\u0438\u0447\u0435\u0441\u0442\u0432\u043e \u043e\u0442\u0445\u043e\u0434\u043e\u0432 \u043d\u0430 70%.<\/p>\n<p>\u0425\u0430\u0440\u0430\u043a\u0442\u0435\u0440\u0438\u0441\u0442\u0438\u043a\u0438:<br \/>\nSistem: S5 &#8211; Mini Soap &#038; Sanitizer Dispenser<br \/>\n\u041a\u0430\u0447\u0435\u0441\u0442\u0432\u043e \u2013 Premium<br \/>\n\u0426\u0432\u0435\u0442 \u2013 \u043f\u0440\u043e\u0437\u0440\u0430\u0447\u043d\u044b\u0439<br \/>\nParfum &#8211; Miros de alcool<br \/>\nAspect &#8211; Gel<br \/>\n\u00cen\u0103l\u021bime &#8211; 184 mm<br \/>\nLungime &#8211; 92 mm<br \/>\nL\u0103\u021bime &#8211; 94 mm<br \/>\nVolum &#8211; 500 ml<\/p>","protected":false},"excerpt":{"rendered":"<p>\u0421\u0440\u0435\u0434\u0441\u0442\u0432\u043e \u0434\u043b\u044f \u043e\u0447\u0438\u0441\u0442\u043a\u0438 \u0441\u0438\u0434\u0435\u043d\u044c\u044f \u0443\u043d\u0438\u0442\u0430\u0437\u0430 Tork \u043e\u0431\u0435\u0441\u043f\u0435\u0447\u0438\u0432\u0430\u0435\u0442 \u0434\u043e\u043f\u043e\u043b\u043d\u0438\u0442\u0435\u043b\u044c\u043d\u0443\u044e \u0433\u0438\u0433\u0438\u0435\u043d\u0438\u0447\u0435\u0441\u043a\u0443\u044e \u0437\u0430\u0449\u0438\u0442\u0443 \u0434\u043b\u044f \u043f\u043e\u0441\u0435\u0442\u0438\u0442\u0435\u043b\u0435\u0439. \u041e\u0434\u043d\u043e\u0433\u043e \u043d\u0430\u0436\u0430\u0442\u0438\u044f \u0434\u043e\u0441\u0442\u0430\u0442\u043e\u0447\u043d\u043e, \u0447\u0442\u043e\u0431\u044b \u043e\u0447\u0438\u0441\u0442\u0438\u0442\u044c \u0441\u0438\u0434\u0435\u043d\u044c\u0435 \u0443\u043d\u0438\u0442\u0430\u0437\u0430 \u0441 \u043f\u043e\u043c\u043e\u0449\u044c\u044e \u0442\u0443\u0430\u043b\u0435\u0442\u043d\u043e\u0439 \u0431\u0443\u043c\u0430\u0433\u0438. \u041f\u043e\u0434\u0445\u043e\u0434\u0438\u0442 \u0434\u043b\u044f \u0414\u0438\u0441\u043f\u0435\u043d\u0441\u0435\u0440\u043e\u0432 \u0436\u0438\u0434\u043a\u043e\u0433\u043e \u043c\u044b\u043b\u0430 \u0438 \u0434\u0435\u0437\u0438\u043d\u0444\u0438\u0446\u0438\u0440\u0443\u044e\u0449\u0438\u0445 \u0441\u0440\u0435\u0434\u0441\u0442\u0432 Tork Mini, \u0434\u043e\u043a\u0430\u0437\u0430\u0432\u0448\u0438\u0445 \u0441\u0432\u043e\u044e \u043f\u0440\u043e\u0441\u0442\u043e\u0442\u0443 \u0432 \u0438\u0441\u043f\u043e\u043b\u044c\u0437\u043e\u0432\u0430\u043d\u0438\u0438.<\/p>","protected":false},"featured_media":14191,"comment_status":"closed","ping_status":"closed","template":"","meta":[],"product_cat":[85,45,34,42,44,43,40,41,46,83],"product_tag":[158],"class_list":["post-14190","product","type-product","status-publish","has-post-thumbnail","hentry","product_cat-dezinfectanti-sapun-antibacterian","product_cat-industria-auto","product_cat-hotel","product_cat-industria-de-producere-si-prelucrare","product_cat-institutii-de-invatamint","product_cat-medicina","product_cat-restaurant-si-bucatarie","product_cat-servicii-de-curatenie","product_cat-sport-si-fitness","product_cat-sapun-si-odorizanti","product_tag-igienizant","pa_brand-tork"],"_links":{"self":[{"href":"https:\/\/toreco.md\/ru\/wp-json\/wp\/v2\/product\/14190","targetHints":{"allow":["GET"]}}],"collection":[{"href":"https:\/\/toreco.md\/ru\/wp-json\/wp\/v2\/product"}],"about":[{"href":"https:\/\/toreco.md\/ru\/wp-json\/wp\/v2\/types\/product"}],"replies":[{"embeddable":true,"href":"https:\/\/toreco.md\/ru\/wp-json\/wp\/v2\/comments?post=14190"}],"wp:featuredmedia":[{"embeddable":true,"href":"https:\/\/toreco.md\/ru\/wp-json\/wp\/v2\/media\/14191"}],"wp:attachment":[{"href":"https:\/\/toreco.md\/ru\/wp-json\/wp\/v2\/media?parent=14190"}],"wp:term":[{"taxonomy":"product_cat","embeddable":true,"href":"https:\/\/toreco.md\/ru\/wp-json\/wp\/v2\/product_cat?post=14190"},{"taxonomy":"product_tag","embeddable":true,"href":"https:\/\/toreco.md\/ru\/wp-json\/wp\/v2\/product_tag?post=14190"}],"curies":[{"name":"wp","href":"https:\/\/api.w.org\/{rel}","templated":true}]}}