{"id":14188,"date":"2025-03-10T12:57:01","date_gmt":"2025-03-10T10:57:01","guid":{"rendered":"https:\/\/toreco.md\/?post_type=product&#038;p=14188"},"modified":"2025-03-10T12:59:08","modified_gmt":"2025-03-10T10:59:08","slug":"lotiune-de-maini-hidratanta-sensitive-mini-tork-s5","status":"publish","type":"product","link":"https:\/\/toreco.md\/ru\/product\/dupa-tip\/sapun-si-odorizanti\/sapun-spuma\/lotiune-de-maini-hidratanta-sensitive-mini-tork-s5\/","title":{"rendered":"Tork \u0423\u0432\u043b\u0430\u0436\u043d\u044f\u044e\u0449\u0438\u0439 \u041b\u043e\u0441\u044c\u043e\u043d \u0434\u043b\u044f \u0427\u0443\u0432\u0441\u0442\u0432\u0438\u0442\u0435\u043b\u044c\u043d\u043e\u0439 \u041a\u043e\u0436\u0438 \u0420\u0443\u043a, Mini, S5"},"content":{"rendered":"<p><iframe loading=\"lazy\" width=\"640\" height=\"360\" src=\"https:\/\/www.youtube.com\/embed\/MGXLu-NyBg4\" title=\"[TORECO]: Sapun lichid si spuma Tork - reduce costurile deoarece 1L (Tork) = 5L (sapun obisnuit)\" frameborder=\"0\" allow=\"accelerometer; autoplay; clipboard-write; encrypted-media; gyroscope; picture-in-picture; web-share\" allowfullscreen><\/iframe><\/p>\n<p>\u0423\u0432\u043b\u0430\u0436\u043d\u044f\u044e\u0449\u0438\u0439 \u043b\u043e\u0441\u044c\u043e\u043d \u0434\u043b\u044f \u0440\u0443\u043a Tork Sensitive \u0438\u0434\u0435\u0430\u043b\u044c\u043d\u043e \u043f\u043e\u0434\u0445\u043e\u0434\u0438\u0442 \u0434\u043b\u044f \u0441\u0443\u0445\u043e\u0439 \u043a\u043e\u0436\u0438, \u043e\u0431\u0435\u0441\u043f\u0435\u0447\u0438\u0432\u0430\u044f \u043f\u0438\u0442\u0430\u043d\u0438\u0435 \u0438 \u043c\u044f\u0433\u043a\u043e\u0441\u0442\u044c. \u041d\u0435 \u0441\u043e\u0434\u0435\u0440\u0436\u0438\u0442 \u0430\u0440\u043e\u043c\u0430\u0442\u0438\u0437\u0430\u0442\u043e\u0440\u043e\u0432, \u0441\u043e\u0434\u0435\u0440\u0436\u0438\u0442 \u0443\u0432\u043b\u0430\u0436\u043d\u044f\u044e\u0449\u0438\u0435 \u043a\u043e\u043c\u043f\u043e\u043d\u0435\u043d\u0442\u044b, \u0441\u043f\u043e\u0441\u043e\u0431\u0441\u0442\u0432\u0443\u044e\u0449\u0438\u0435 \u0441\u043e\u0445\u0440\u0430\u043d\u0435\u043d\u0438\u044e \u0435\u0441\u0442\u0435\u0441\u0442\u0432\u0435\u043d\u043d\u043e\u0433\u043e \u0443\u0440\u043e\u0432\u043d\u044f \u0443\u0432\u043b\u0430\u0436\u043d\u0435\u043d\u043d\u043e\u0441\u0442\u0438 \u043a\u043e\u0436\u0438. \u041f\u043e\u0434\u0445\u043e\u0434\u0438\u0442 \u0434\u043b\u044f \u043c\u0438\u043d\u0438-\u0414\u0438\u0441\u043f\u0435\u043d\u0441\u0435\u0440\u043e\u0432 \u043c\u044b\u043b\u0430 \u0438 \u0434\u0435\u0437\u0438\u043d\u0444\u0438\u0446\u0438\u0440\u0443\u044e\u0449\u0438\u0445 \u0441\u0440\u0435\u0434\u0441\u0442\u0432 Tork, \u0441\u0435\u0440\u0442\u0438\u0444\u0438\u0446\u0438\u0440\u043e\u0432\u0430\u043d \u043a\u0430\u043a \u0443\u0434\u043e\u0431\u043d\u044b\u0439 \u0432 \u0438\u0441\u043f\u043e\u043b\u044c\u0437\u043e\u0432\u0430\u043d\u0438\u0438 \u0438 \u043e\u0431\u0435\u0441\u043f\u0435\u0447\u0438\u0432\u0430\u044e\u0449\u0438\u0439 \u043d\u0430\u0434\u043b\u0435\u0436\u0430\u0449\u0443\u044e \u0433\u0438\u0433\u0438\u0435\u043d\u0443 \u0440\u0443\u043a \u0434\u043b\u044f \u0432\u0441\u0435\u0445 \u043f\u043e\u043b\u044c\u0437\u043e\u0432\u0430\u0442\u0435\u043b\u0435\u0439.<\/p>\n<p>\u0411\u0435\u0437 \u043e\u0442\u0434\u0443\u0448\u0435\u043a, \u0441\u043e\u0434\u0435\u0440\u0436\u0438\u0442 \u043c\u0430\u0441\u043b\u043e \u043a\u0430\u043d\u043e\u043b\u044b, \u0433\u043b\u0438\u0446\u0435\u0440\u0438\u043d \u0438 \u043f\u0430\u043d\u0442\u0435\u043d\u043e\u043b \u0434\u043b\u044f \u043f\u043e\u0434\u0434\u0435\u0440\u0436\u0430\u043d\u0438\u044f \u0431\u0430\u043b\u0430\u043d\u0441\u0430 \u0443\u0432\u043b\u0430\u0436\u043d\u0435\u043d\u043d\u043e\u0441\u0442\u0438 \u043a\u043e\u0436\u0438<br \/>\n\u0414\u0435\u043b\u0430\u0435\u0442 \u043a\u043e\u0436\u0443 \u043c\u044f\u0433\u043a\u043e\u0439 \u0438 \u0443\u0445\u043e\u0436\u0435\u043d\u043d\u043e\u0439<br \/>\n\u0411\u044b\u0441\u0442\u0440\u043e \u0432\u043f\u0438\u0442\u044b\u0432\u0430\u0435\u0442\u0441\u044f, \u043d\u0435 \u043e\u0441\u0442\u0430\u0432\u043b\u044f\u044f \u0436\u0438\u0440\u043d\u043e\u0439 \u043f\u043b\u0435\u043d\u043a\u0438<br \/>\n\u0414\u0435\u0440\u043c\u0430\u0442\u043e\u043b\u043e\u0433\u0438\u0447\u0435\u0441\u043a\u0438 \u043f\u0440\u043e\u0442\u0435\u0441\u0442\u0438\u0440\u043e\u0432\u0430\u043d\u043e<br \/>\n\u041d\u0435\u0439\u0442\u0440\u0430\u043b\u044c\u043d\u044b\u0439 pH, \u043d\u0435 \u0440\u0430\u0437\u0434\u0440\u0430\u0436\u0430\u0435\u0442 \u043a\u043e\u0436\u0443<br \/>\n96% \u0438\u043d\u0433\u0440\u0435\u0434\u0438\u0435\u043d\u0442\u043e\u0432 \u043d\u0430\u0442\u0443\u0440\u0430\u043b\u044c\u043d\u043e\u0433\u043e \u043f\u0440\u043e\u0438\u0441\u0445\u043e\u0436\u0434\u0435\u043d\u0438\u044f<br \/>\n\u0411\u044b\u0441\u0442\u0440\u0430\u044f \u0437\u0430\u043f\u0440\u0430\u0432\u043a\u0430 \u2014 \u043c\u0435\u043d\u0435\u0435 10 \u0441\u0435\u043a\u0443\u043d\u0434<br \/>\nReumplere igienic\u0103 &#8211; Sticla cu protec\u021bie din fabric\u0103, av\u00e2nd o pomp\u0103 nou\u0103 pentru fiecare reumplere ajut\u0103 la reducerea riscului de contaminare<br \/>\n\u0421\u043e\u043a\u0440\u0430\u0449\u0430\u0435\u0442 \u043e\u0431\u044a\u0435\u043c \u043e\u0442\u0445\u043e\u0434\u043e\u0432: \u0443\u043f\u0430\u043a\u043e\u0432\u043a\u0430 \u0441\u043f\u043b\u044e\u0449\u0438\u0432\u0430\u0435\u0442\u0441\u044f, \u0443\u043c\u0435\u043d\u044c\u0448\u0430\u044f \u043a\u043e\u043b\u0438\u0447\u0435\u0441\u0442\u0432\u043e \u043e\u0442\u0445\u043e\u0434\u043e\u0432 \u043d\u0430 70%.<\/p>\n<p>\u0425\u0430\u0440\u0430\u043a\u0442\u0435\u0440\u0438\u0441\u0442\u0438\u043a\u0438:<br \/>\nSistem: S5 &#8211; Mini Soap &#038; Sanitizer Dispenser<br \/>\n\u041a\u0430\u0447\u0435\u0441\u0442\u0432\u043e \u2013 Premium<br \/>\nCuloare &#8211; Alb<br \/>\n\u00cen\u0103l\u021bime &#8211; 184 mm<br \/>\nLungime &#8211; 92 mm<br \/>\nL\u0103\u021bime &#8211; 94 mm<br \/>\nVolum &#8211; 500 ml<\/p>","protected":false},"excerpt":{"rendered":"<p>\u0423\u0432\u043b\u0430\u0436\u043d\u044f\u044e\u0449\u0438\u0439 \u043b\u043e\u0441\u044c\u043e\u043d \u0434\u043b\u044f \u0440\u0443\u043a Tork Sensitive \u0438\u0434\u0435\u0430\u043b\u044c\u043d\u043e \u043f\u043e\u0434\u0445\u043e\u0434\u0438\u0442 \u0434\u043b\u044f \u0441\u0443\u0445\u043e\u0439 \u043a\u043e\u0436\u0438, \u043e\u0431\u0435\u0441\u043f\u0435\u0447\u0438\u0432\u0430\u044f \u043f\u0438\u0442\u0430\u043d\u0438\u0435 \u0438 \u043c\u044f\u0433\u043a\u043e\u0441\u0442\u044c. \u041d\u0435 \u0441\u043e\u0434\u0435\u0440\u0436\u0438\u0442 \u0430\u0440\u043e\u043c\u0430\u0442\u0438\u0437\u0430\u0442\u043e\u0440\u043e\u0432, \u0441\u043e\u0434\u0435\u0440\u0436\u0438\u0442 \u0443\u0432\u043b\u0430\u0436\u043d\u044f\u044e\u0449\u0438\u0435 \u043a\u043e\u043c\u043f\u043e\u043d\u0435\u043d\u0442\u044b, \u0441\u043f\u043e\u0441\u043e\u0431\u0441\u0442\u0432\u0443\u044e\u0449\u0438\u0435 \u0441\u043e\u0445\u0440\u0430\u043d\u0435\u043d\u0438\u044e \u0435\u0441\u0442\u0435\u0441\u0442\u0432\u0435\u043d\u043d\u043e\u0433\u043e \u0443\u0440\u043e\u0432\u043d\u044f \u0443\u0432\u043b\u0430\u0436\u043d\u0435\u043d\u043d\u043e\u0441\u0442\u0438 \u043a\u043e\u0436\u0438. \u041f\u043e\u0434\u0445\u043e\u0434\u0438\u0442 \u0434\u043b\u044f \u043c\u0438\u043d\u0438-\u0414\u0438\u0441\u043f\u0435\u043d\u0441\u0435\u0440\u043e\u0432 \u043c\u044b\u043b\u0430 \u0438 \u0434\u0435\u0437\u0438\u043d\u0444\u0438\u0446\u0438\u0440\u0443\u044e\u0449\u0438\u0445 \u0441\u0440\u0435\u0434\u0441\u0442\u0432 Tork, \u0441\u0435\u0440\u0442\u0438\u0444\u0438\u0446\u0438\u0440\u043e\u0432\u0430\u043d \u043a\u0430\u043a \u0443\u0434\u043e\u0431\u043d\u044b\u0439 \u0432 \u0438\u0441\u043f\u043e\u043b\u044c\u0437\u043e\u0432\u0430\u043d\u0438\u0438 \u0438 \u043e\u0431\u0435\u0441\u043f\u0435\u0447\u0438\u0432\u0430\u044e\u0449\u0438\u0439 \u043d\u0430\u0434\u043b\u0435\u0436\u0430\u0449\u0443\u044e \u0433\u0438\u0433\u0438\u0435\u043d\u0443 \u0440\u0443\u043a \u0434\u043b\u044f \u0432\u0441\u0435\u0445 \u043f\u043e\u043b\u044c\u0437\u043e\u0432\u0430\u0442\u0435\u043b\u0435\u0439.<\/p>","protected":false},"featured_media":14189,"comment_status":"closed","ping_status":"closed","template":"","meta":[],"product_cat":[86,45,34,42,44,43,40,41,46,83],"product_tag":[171],"class_list":["post-14188","product","type-product","status-publish","has-post-thumbnail","hentry","product_cat-sapun-spuma","product_cat-industria-auto","product_cat-hotel","product_cat-industria-de-producere-si-prelucrare","product_cat-institutii-de-invatamint","product_cat-medicina","product_cat-restaurant-si-bucatarie","product_cat-servicii-de-curatenie","product_cat-sport-si-fitness","product_cat-sapun-si-odorizanti","product_tag-sapun","pa_brand-tork"],"_links":{"self":[{"href":"https:\/\/toreco.md\/ru\/wp-json\/wp\/v2\/product\/14188","targetHints":{"allow":["GET"]}}],"collection":[{"href":"https:\/\/toreco.md\/ru\/wp-json\/wp\/v2\/product"}],"about":[{"href":"https:\/\/toreco.md\/ru\/wp-json\/wp\/v2\/types\/product"}],"replies":[{"embeddable":true,"href":"https:\/\/toreco.md\/ru\/wp-json\/wp\/v2\/comments?post=14188"}],"wp:featuredmedia":[{"embeddable":true,"href":"https:\/\/toreco.md\/ru\/wp-json\/wp\/v2\/media\/14189"}],"wp:attachment":[{"href":"https:\/\/toreco.md\/ru\/wp-json\/wp\/v2\/media?parent=14188"}],"wp:term":[{"taxonomy":"product_cat","embeddable":true,"href":"https:\/\/toreco.md\/ru\/wp-json\/wp\/v2\/product_cat?post=14188"},{"taxonomy":"product_tag","embeddable":true,"href":"https:\/\/toreco.md\/ru\/wp-json\/wp\/v2\/product_tag?post=14188"}],"curies":[{"name":"wp","href":"https:\/\/api.w.org\/{rel}","templated":true}]}}