{"id":13933,"date":"2024-10-07T12:43:54","date_gmt":"2024-10-07T09:43:54","guid":{"rendered":"https:\/\/toreco.md\/?post_type=product&#038;p=13933"},"modified":"2025-06-20T11:22:32","modified_gmt":"2025-06-20T08:22:32","slug":"maxx2-brial-s-detergent-suprafete-si-geamuri-1-litru","status":"publish","type":"product","link":"https:\/\/toreco.md\/ru\/product\/dupa-tip\/detergenti-si-dezinfectanti-profesionali\/sticla-geamuri-oglinzi\/maxx2-brial-s-detergent-suprafete-si-geamuri-1-litru\/","title":{"rendered":"Maxx2 Brial S, \u0421\u0440\u0435\u0434\u0441\u0442\u0432\u043e \u0434\u043b\u044f \u043e\u0447\u0438\u0441\u0442\u043a\u0438 \u0441\u0442\u0435\u043a\u043e\u043b \u0438 \u043f\u043e\u0432\u0435\u0440\u0445\u043d\u043e\u0441\u0442\u0435\u0439, 1 \u043b\u0438\u0442\u0440"},"content":{"rendered":"<p>\u0421\u0440\u0435\u0434\u0441\u0442\u0432\u043e \u0434\u043b\u044f \u043e\u0447\u0438\u0441\u0442\u043a\u0438 \u0441\u0442\u0435\u043a\u043e\u043b \u0438 \u043f\u043e\u0432\u0435\u0440\u0445\u043d\u043e\u0441\u0442\u0435\u0439 \u0441 \u0432\u044b\u0441\u043e\u043a\u043e\u0439 \u0441\u043c\u0430\u0447\u0438\u0432\u0430\u0435\u043c\u043e\u0441\u0442\u044c\u044e<\/p>\n<p>\u042d\u0424\u0424\u0415\u041a\u0422\u0418\u0412\u041d\u041e\u0421\u0422\u042c<br \/>\n\u0421\u043c\u0435\u0441\u044c \u0447\u0438\u0441\u0442\u044f\u0449\u0435\u0433\u043e \u0441\u043f\u0438\u0440\u0442\u0430 \u0438 \u0430\u043a\u0442\u0438\u0432\u043d\u044b\u0445 \u0438\u043d\u0433\u0440\u0435\u0434\u0438\u0435\u043d\u0442\u043e\u0432 \u043e\u0431\u0435\u0441\u043f\u0435\u0447\u0438\u0432\u0430\u0435\u0442 \u043e\u0442\u043b\u0438\u0447\u043d\u044b\u0435 \u0440\u0435\u0437\u0443\u043b\u044c\u0442\u0430\u0442\u044b \u043e\u0447\u0438\u0441\u0442\u043a\u0438 \u0433\u043b\u044f\u043d\u0446\u0435\u0432\u044b\u0445 \u043f\u043e\u0432\u0435\u0440\u0445\u043d\u043e\u0441\u0442\u0435\u0439 \u0438 \u043f\u043e\u043b\u043e\u0432<br \/>\n\u0424\u043e\u0440\u043c\u0443\u043b\u0430 \u0431\u0435\u0437 \u0440\u0430\u0437\u0432\u043e\u0434\u043e\u0432<\/p>\n<p>\u042d\u041a\u041e\u041d\u041e\u041c\u0418\u0427\u041d\u041e\u0421\u0422\u042c<br \/>\n\u042d\u0444\u0444\u0435\u043a\u0442\u0438\u0432\u043d\u043e \u0432 \u043d\u0438\u0437\u043a\u043e\u0439 \u043a\u043e\u043d\u0446\u0435\u043d\u0442\u0440\u0430\u0446\u0438\u0438 (\u043e\u0442 0,1%) \u0434\u043b\u044f \u043e\u043f\u0442\u0438\u043c\u0438\u0437\u0430\u0446\u0438\u0438 \u0437\u0430\u0442\u0440\u0430\u0442 \u043d\u0430 \u0443\u0431\u043e\u0440\u043a\u0443<br \/>\n\u0411\u044b\u0441\u0442\u0440\u043e \u0443\u0434\u0430\u043b\u044f\u0435\u0442 \u0437\u0430\u0433\u0440\u044f\u0437\u043d\u0435\u043d\u0438\u044f<\/p>\n<p>\u0411\u0415\u0417\u041e\u041f\u0410\u0421\u041d\u041e\u0421\u0422\u042c<br \/>\n\u041d\u0435\u0442 \u043d\u0435\u043e\u0431\u0445\u043e\u0434\u0438\u043c\u043e\u0441\u0442\u0438 \u0432 \u0434\u043e\u043f\u043e\u043b\u043d\u0438\u0442\u0435\u043b\u044c\u043d\u043e\u043c \u043e\u0431\u0443\u0447\u0435\u043d\u0438\u0438 \u0431\u0435\u0437\u043e\u043f\u0430\u0441\u043d\u043e\u0441\u0442\u0438 \u0438 \u0438\u0441\u043f\u043e\u043b\u044c\u0437\u043e\u0432\u0430\u043d\u0438\u0438 \u0434\u043e\u043f\u043e\u043b\u043d\u0438\u0442\u0435\u043b\u044c\u043d\u043e\u0433\u043e \u0421\u0418\u0417<br \/>\n\u0426\u0432\u0435\u0442\u043e\u0432\u0430\u044f \u043a\u043e\u0434\u0438\u0440\u043e\u0432\u043a\u0430 \u0434\u043b\u044f \u0447\u0435\u0442\u043a\u043e\u0439 \u0438\u0434\u0435\u043d\u0442\u0438\u0444\u0438\u043a\u0430\u0446\u0438\u0438 \u043f\u0440\u0438\u043c\u0435\u043d\u0435\u043d\u0438\u044f<br \/>\n\u0429\u0430\u0434\u044f\u0449\u0430\u044f \u0444\u043e\u0440\u043c\u0443\u043b\u0430, \u043f\u043e\u0434\u0445\u043e\u0434\u0438\u0442 \u0434\u043b\u044f \u0431\u043e\u043b\u044c\u0448\u0438\u043d\u0441\u0442\u0432\u0430 \u0442\u0432\u0435\u0440\u0434\u044b\u0445 \u0432\u043e\u0434\u043e\u0441\u0442\u043e\u0439\u043a\u0438\u0445 \u043f\u043e\u0432\u0435\u0440\u0445\u043d\u043e\u0441\u0442\u0435\u0439<\/p>\n<p>\u0423\u0421\u0422\u041e\u0419\u0427\u0418\u0412\u041e\u0421\u0422\u042c<br \/>\n\u0421\u043d\u0438\u0436\u0430\u0435\u0442 \u0432\u044b\u0431\u0440\u043e\u0441\u044b CO2, \u0441\u0432\u044f\u0437\u0430\u043d\u043d\u044b\u0435 \u0441 \u043f\u0440\u043e\u0438\u0437\u0432\u043e\u0434\u0441\u0442\u0432\u043e\u043c \u0438 \u0442\u0440\u0430\u043d\u0441\u043f\u043e\u0440\u0442\u043e\u043c, \u043f\u0440\u0438\u043c\u0435\u0440\u043d\u043e \u043d\u0430 60%<br \/>\n\u0421\u043d\u0438\u0436\u0430\u0435\u0442 \u043e\u0431\u044a\u0435\u043c \u043e\u0442\u0445\u043e\u0434\u043e\u0432 \u043f\u0440\u0438\u043c\u0435\u0440\u043d\u043e \u043d\u0430 50%<br \/>\n\u0423\u043f\u0430\u043a\u043e\u0432\u043a\u0430 \u0441\u043e\u0434\u0435\u0440\u0436\u0438\u0442 30% \u043f\u0435\u0440\u0435\u0440\u0430\u0431\u043e\u0442\u0430\u043d\u043d\u043e\u0433\u043e \u043c\u0430\u0442\u0435\u0440\u0438\u0430\u043b\u0430, 100% \u043f\u0440\u0438\u0433\u043e\u0434\u043d\u0430 \u0434\u043b\u044f \u0432\u0442\u043e\u0440\u0438\u0447\u043d\u043e\u0439 \u043f\u0435\u0440\u0435\u0440\u0430\u0431\u043e\u0442\u043a\u0438 (\u0432 \u0437\u0430\u0432\u0438\u0441\u0438\u043c\u043e\u0441\u0442\u0438 \u043e\u0442 \u043c\u0435\u0441\u0442\u043d\u044b\u0445 \u0441\u0438\u0441\u0442\u0435\u043c \u043f\u0435\u0440\u0435\u0440\u0430\u0431\u043e\u0442\u043a\u0438)<\/p>\n<p>\u0421\u0415\u0420\u0422\u0418\u0424\u0418\u041a\u0410\u0422\u042b<br \/>\nEticheta ecologic\u0103 a UE &#8211; DE\/020\/425<br \/>\n\u0421\u0435\u0440\u0442\u0438\u0444\u0438\u0446\u0438\u0440\u043e\u0432\u0430\u043d\u043e Cradle2Cradle<\/p>\n<p>\u0418\u043d\u0441\u0442\u0440\u0443\u043a\u0446\u0438\u044f \u043f\u043e \u043f\u0440\u0438\u043c\u0435\u043d\u0435\u043d\u0438\u044e:<br \/>\n1. \u041e\u0437\u043d\u0430\u043a\u043e\u043c\u044c\u0442\u0435\u0441\u044c \u0441 \u0433\u0438\u0433\u0438\u0435\u043d\u0438\u0447\u0435\u0441\u043a\u0438\u043c \u043f\u043b\u0430\u043d\u043e\u043c \u0438 \u044d\u0442\u0438\u043a\u0435\u0442\u043a\u043e\u0439 \u043f\u0440\u043e\u0434\u0443\u043a\u0442\u0430 \u0434\u043b\u044f \u043f\u043e\u043b\u0443\u0447\u0435\u043d\u0438\u044f \u043f\u043e\u0434\u0440\u043e\u0431\u043d\u043e\u0439 \u0438\u043d\u0444\u043e\u0440\u043c\u0430\u0446\u0438\u0438 \u043e \u043f\u0440\u0438\u043c\u0435\u043d\u0435\u043d\u0438\u0438.<br \/>\n2. \u041d\u043e\u0441\u0438\u0442\u0435 \u0441\u043e\u043e\u0442\u0432\u0435\u0442\u0441\u0442\u0432\u0443\u044e\u0449\u0443\u044e \u0437\u0430\u0449\u0438\u0442\u043d\u0443\u044e \u043e\u0434\u0435\u0436\u0434\u0443 \u043f\u0440\u0438 \u0440\u0430\u0431\u043e\u0442\u0435 \u0441 \u043f\u0440\u043e\u0434\u0443\u043a\u0442\u043e\u043c.<br \/>\n3. \u00cen func\u021bie de gradul de murd\u0103rie, ad\u0103uga\u021bi 10 &#8211; 100 ml MAXX Brial S la 10 L ap\u0103. Pentru cur\u0103\u021benia zilnic\u0103, cu murd\u0103rie normal\u0103, amesteca\u021bi 25 ml MAXX Brial S cu 10 L ap\u0103 rece.<br \/>\n4. \u041f\u0440\u043e\u0442\u0440\u0438\u0442\u0435 \u043f\u043e\u0432\u0435\u0440\u0445\u043d\u043e\u0441\u0442\u044c \u0438 \u0434\u0430\u0439\u0442\u0435 \u0432\u044b\u0441\u043e\u0445\u043d\u0443\u0442\u044c. \u041c\u044b \u0440\u0435\u043a\u043e\u043c\u0435\u043d\u0434\u0443\u0435\u043c \u0438\u0441\u043f\u043e\u043b\u044c\u0437\u043e\u0432\u0430\u0442\u044c MAXX Brial S \u0432 \u0441\u043e\u0447\u0435\u0442\u0430\u043d\u0438\u0438 \u0441 \u043c\u0438\u043a\u0440\u043e\u0444\u0438\u0431\u0440\u043e\u0432\u044b\u043c\u0438 \u0441\u0430\u043b\u0444\u0435\u0442\u043a\u0430\u043c\u0438 polifix, \u043a\u043e\u0434\u0438\u0440\u043e\u0432\u0430\u043d\u043d\u044b\u043c\u0438 \u043f\u043e \u0446\u0432\u0435\u0442\u0430\u043c, \u0447\u0442\u043e\u0431\u044b \u0438\u0437\u0431\u0435\u0436\u0430\u0442\u044c \u043f\u0435\u0440\u0435\u043a\u0440\u0435\u0441\u0442\u043d\u043e\u0433\u043e \u0437\u0430\u0433\u0440\u044f\u0437\u043d\u0435\u043d\u0438\u044f.<br \/>\n5. \u0414\u043b\u044f \u0440\u0443\u0447\u043d\u043e\u0439 \u0443\u0431\u043e\u0440\u043a\u0438 \u043f\u043e\u043b\u043e\u0432 \u043c\u044b \u0440\u0435\u043a\u043e\u043c\u0435\u043d\u0434\u0443\u0435\u043c \u0438\u0441\u043f\u043e\u043b\u044c\u0437\u043e\u0432\u0430\u0442\u044c \u043f\u0440\u043e\u0434\u0443\u043a\u0442 \u0432 \u0441\u043e\u0447\u0435\u0442\u0430\u043d\u0438\u0438 \u0441 \u043c\u0438\u043a\u0440\u043e\u0444\u0438\u0431\u0440\u043e\u0432\u044b\u043c\u0438 \u0441\u0438\u0441\u0442\u0435\u043c\u0430\u043c\u0438 \u0448\u0432\u0430\u0431\u0440 Ecolab.<br \/>\n6. \u0421\u043c\u044b\u0432\u0430\u0442\u044c \u043d\u0435 \u0442\u0440\u0435\u0431\u0443\u0435\u0442\u0441\u044f.<\/p>\n<p>\u041e\u0431\u044a\u0435\u043c: 1 \u043b\u0438\u0442\u0440<\/p>","protected":false},"excerpt":{"rendered":"<p>\u0421\u0440\u0435\u0434\u0441\u0442\u0432\u043e \u0434\u043b\u044f \u043e\u0447\u0438\u0441\u0442\u043a\u0438 \u0441\u0442\u0435\u043a\u043e\u043b \u0438 \u043f\u043e\u0432\u0435\u0440\u0445\u043d\u043e\u0441\u0442\u0435\u0439 \u0441 \u0432\u044b\u0441\u043e\u043a\u043e\u0439 \u0441\u043c\u0430\u0447\u0438\u0432\u0430\u0435\u043c\u043e\u0441\u0442\u044c\u044e<\/p>","protected":false},"featured_media":13934,"comment_status":"closed","ping_status":"closed","template":"","meta":[],"product_cat":[73,45,34,42,44,43,40,41,46,71],"product_tag":[169,295],"class_list":["post-13933","product","type-product","status-publish","has-post-thumbnail","hentry","product_cat-sticla-geamuri-oglinzi","product_cat-industria-auto","product_cat-hotel","product_cat-industria-de-producere-si-prelucrare","product_cat-institutii-de-invatamint","product_cat-medicina","product_cat-restaurant-si-bucatarie","product_cat-servicii-de-curatenie","product_cat-sport-si-fitness","product_cat-detergenti-si-dezinfectanti-profesionali","product_tag-detergent","product_tag-geam","pa_brand-ecolab"],"_links":{"self":[{"href":"https:\/\/toreco.md\/ru\/wp-json\/wp\/v2\/product\/13933","targetHints":{"allow":["GET"]}}],"collection":[{"href":"https:\/\/toreco.md\/ru\/wp-json\/wp\/v2\/product"}],"about":[{"href":"https:\/\/toreco.md\/ru\/wp-json\/wp\/v2\/types\/product"}],"replies":[{"embeddable":true,"href":"https:\/\/toreco.md\/ru\/wp-json\/wp\/v2\/comments?post=13933"}],"wp:featuredmedia":[{"embeddable":true,"href":"https:\/\/toreco.md\/ru\/wp-json\/wp\/v2\/media\/13934"}],"wp:attachment":[{"href":"https:\/\/toreco.md\/ru\/wp-json\/wp\/v2\/media?parent=13933"}],"wp:term":[{"taxonomy":"product_cat","embeddable":true,"href":"https:\/\/toreco.md\/ru\/wp-json\/wp\/v2\/product_cat?post=13933"},{"taxonomy":"product_tag","embeddable":true,"href":"https:\/\/toreco.md\/ru\/wp-json\/wp\/v2\/product_tag?post=13933"}],"curies":[{"name":"wp","href":"https:\/\/api.w.org\/{rel}","templated":true}]}}