{"id":13665,"date":"2024-07-29T13:25:31","date_gmt":"2024-07-29T10:25:31","guid":{"rendered":"https:\/\/toreco.md\/?post_type=product&#038;p=13665"},"modified":"2024-07-29T13:33:10","modified_gmt":"2024-07-29T10:33:10","slug":"clint-kf-200-detergent-alcalin-pentru-curatarea-utilajelor-din-industria-alimentara-22-kg-ecolab","status":"publish","type":"product","link":"https:\/\/toreco.md\/ru\/product\/dupa-tip\/detergenti-si-dezinfectanti-profesionali\/bucatarie\/clint-kf-200-detergent-alcalin-pentru-curatarea-utilajelor-din-industria-alimentara-22-kg-ecolab\/","title":{"rendered":"Clint KF 200, \u0449\u0435\u043b\u043e\u0447\u043d\u043e\u0435 \u043c\u043e\u044e\u0449\u0435\u0435 \u0441\u0440\u0435\u0434\u0441\u0442\u0432\u043e \u0434\u043b\u044f \u043e\u0447\u0438\u0441\u0442\u043a\u0438 \u043e\u0431\u043e\u0440\u0443\u0434\u043e\u0432\u0430\u043d\u0438\u044f \u043f\u0438\u0449\u0435\u0432\u043e\u0439 \u043f\u0440\u043e\u043c\u044b\u0448\u043b\u0435\u043d\u043d\u043e\u0441\u0442\u0438, 22 \u043a\u0433, Ecolab"},"content":{"rendered":"<p>Clint KF 200, \u0416\u0438\u0434\u043a\u043e\u0435 \u0449\u0435\u043b\u043e\u0447\u043d\u043e\u0435 \u0447\u0438\u0441\u0442\u044f\u0449\u0435\u0435 \u0441\u0440\u0435\u0434\u0441\u0442\u0432\u043e \u0434\u043b\u044f \u043e\u0447\u0438\u0441\u0442\u043a\u0438 \u0443\u0441\u0442\u0430\u043d\u043e\u0432\u043e\u043a \u0438 \u043e\u0431\u043e\u0440\u0443\u0434\u043e\u0432\u0430\u043d\u0438\u044f \u0432 \u043f\u0438\u0449\u0435\u0432\u043e\u0439 \u043f\u0440\u043e\u043c\u044b\u0448\u043b\u0435\u043d\u043d\u043e\u0441\u0442\u0438<\/p>\n<p><strong>\u041f\u0440\u0435\u0438\u043c\u0443\u0449\u0435\u0441\u0442\u0432\u0430 \u043f\u0440\u043e\u0434\u0443\u043a\u0442\u0430:<\/strong><br \/>\n&#8211; extrem de eficient \u00eempotriva gr\u0103simii, uleiului \u0219i prafului<br \/>\n&#8211; aplicabil universal pentru cur\u0103\u021barea automat\u0103 \u0219i manual\u0103 a suprafe\u021belor utilajelor<br \/>\n&#8211; u\u0219or spumant<\/p>\n<p><strong>\u0421\u0432\u043e\u0439\u0441\u0442\u0432\u0430:<\/strong><br \/>\n&#8211; Aspect: lichid limpede, galben deschis<br \/>\n&#8211; Condi\u021bii de depozitare: 0 la 40 \u00b0C<br \/>\n&#8211; Solubilitate: la 20 \u00b0C, miscibil cu ap\u0103 \u00een orice propor\u021bie<br \/>\n&#8211; Densitate: 1.11 &#8211; 1.14 g\/cm\u00b3 (20 \u00b0C)<br \/>\n&#8211; pH: 10.6 &#8211; 10.8 (1 %, 20 \u00b0C, ap\u0103 deionizat\u0103), 8.9 &#8211; 9.1 (1 %, 20 \u00b0C, ap\u0103 de 16 \u00b0d)<\/p>\n<p><strong>\u0421\u043e\u0432\u043c\u0435\u0441\u0442\u0438\u043c\u043e\u0441\u0442\u044c \u0441 \u043c\u0430\u0442\u0435\u0440\u0438\u0430\u043b\u0430\u043c\u0438:<\/strong><br \/>\nClint KF 200 \u0441\u043e\u0432\u043c\u0435\u0441\u0442\u0438\u043c \u0441:<br \/>\n\u041c\u0435\u0442\u0430\u043b\u043b\u0430\u043c\u0438: \u0430\u0443\u0441\u0442\u0435\u043d\u0438\u0442\u043d\u044b\u0435 \u0441\u0442\u0430\u043b\u0438 CrNi (\u043a\u0430\u0447\u0435\u0441\u0442\u0432\u043e \u043d\u0435 \u043c\u0435\u043d\u0435\u0435 DIN 1.4301 = AISI 304), \u0441\u0442\u0430\u043b\u044c, \u043c\u0435\u0434\u044c<br \/>\n\u041f\u043b\u0430\u0441\u0442\u0438\u043a\u0430\u043c\u0438: PE, PP \u0438 \u0436\u0435\u0441\u0442\u043a\u0438\u0439 PVC<\/p>\n<p><strong>\u041f\u0440\u0438\u043c\u0435\u043d\u0435\u043d\u0438\u0435:<\/strong><br \/>\nClint KF 200 - \u044d\u0442\u043e \u0436\u0438\u0434\u043a\u043e\u0435 \u0449\u0435\u043b\u043e\u0447\u043d\u043e\u0435 \u0447\u0438\u0441\u0442\u044f\u0449\u0435\u0435 \u0441\u0440\u0435\u0434\u0441\u0442\u0432\u043e \u0441 \u0441\u043e\u0434\u0435\u0440\u0436\u0430\u043d\u0438\u0435\u043c \u041f\u0410\u0412 \u0434\u043b\u044f \u0430\u0432\u0442\u043e\u043c\u0430\u0442\u0438\u0447\u0435\u0441\u043a\u043e\u0439 \u0438 \u0440\u0443\u0447\u043d\u043e\u0439 \u043e\u0447\u0438\u0441\u0442\u043a\u0438 \u043d\u0430\u0440\u0443\u0436\u043d\u044b\u0445 \u043f\u043e\u0432\u0435\u0440\u0445\u043d\u043e\u0441\u0442\u0435\u0439 \u043e\u0431\u043e\u0440\u0443\u0434\u043e\u0432\u0430\u043d\u0438\u044f, \u0430 \u0442\u0430\u043a\u0436\u0435 \u0434\u043b\u044f \u043e\u0431\u0449\u0435\u0439 \u043e\u0447\u0438\u0441\u0442\u043a\u0438 \u0443\u0441\u0442\u0430\u043d\u043e\u0432\u043e\u043a.<br \/>\n\u041f\u0440\u0435\u0434\u0432\u0430\u0440\u0438\u0442\u0435\u043b\u044c\u043d\u043e \u043e\u043f\u043e\u043b\u043e\u0441\u043d\u0438\u0442\u0435 \u0432\u043e\u0434\u043e\u0439 \u0434\u043b\u044f \u0443\u0434\u0430\u043b\u0435\u043d\u0438\u044f \u0433\u0440\u0443\u0431\u043e\u0439 \u0433\u0440\u044f\u0437\u0438.<\/p>\n<p><strong>\u041d\u0430\u0440\u0443\u0436\u043d\u044b\u0435 \u043f\u043e\u0432\u0435\u0440\u0445\u043d\u043e\u0441\u0442\u0438 \u043e\u0431\u043e\u0440\u0443\u0434\u043e\u0432\u0430\u043d\u0438\u044f:<\/strong><br \/>\n&#8211; Cur\u0103\u021bare automat\u0103: solu\u021bie de 1 &#8211; 3 % Clint KF 200<br \/>\n&#8211; Cur\u0103\u021bare manual\u0103: solu\u021bie de 2 &#8211; 4 % Clint KF 200, timp de contact aprox. 2 minute, peria\u021bi \u0219i cl\u0103ti\u021bi<\/p>\n<p><strong>\u041f\u043e\u0432\u0435\u0440\u0445\u043d\u043e\u0441\u0442\u0438 \u043f\u0440\u043e\u0438\u0437\u0432\u043e\u0434\u0441\u0442\u0432\u0435\u043d\u043d\u044b\u0445 \u043f\u043e\u043c\u0435\u0449\u0435\u043d\u0438\u0439 \u0438 \u0446\u0435\u0445\u043e\u0432:<\/strong><br \/>\n1. Aplicarea solu\u021biei de 2 &#8211; 4 % Clint KF 200<br \/>\n2. \u0420\u0430\u0441\u043f\u0440\u0435\u0434\u0435\u043b\u0438\u0442\u0435 \u0432\u0440\u0443\u0447\u043d\u0443\u044e \u0438\u043b\u0438 \u0441 \u043f\u043e\u043c\u043e\u0449\u044c\u044e \u043c\u0430\u0448\u0438\u043d\u044b \u0434\u043b\u044f \u0447\u0438\u0441\u0442\u043a\u0438 \u043f\u043e\u043b\u043e\u0432<br \/>\n3. Timp de contact 10 &#8211; 20 minute \u00eenainte de cl\u0103tire<\/p>\n<p><strong>\u041e\u0447\u0438\u0441\u0442\u043a\u0430 \u0443\u0441\u0442\u0430\u043d\u043e\u0432\u043e\u043a:<\/strong><br \/>\n&#8211; solu\u021bie de 2 &#8211; 5 % Clint KF 200 pentru procesarea manual\u0103 sau cu dispozitiv automat de spumare<br \/>\n&#8211; Cl\u0103tire final\u0103 cu ap\u0103<\/p>\n<p><strong>\u0411\u0435\u0437\u043e\u043f\u0430\u0441\u043d\u043e\u0441\u0442\u044c:<\/strong><br \/>\n\u0412\u043e \u0432\u0440\u0435\u043c\u044f \u043e\u043f\u0435\u0440\u0430\u0446\u0438\u0439 \u043f\u043e \u043e\u0447\u0438\u0441\u0442\u043a\u0435 \u0438 \u0434\u0435\u0437\u0438\u043d\u0444\u0435\u043a\u0446\u0438\u0438, \u043e\u0441\u043e\u0431\u0435\u043d\u043d\u043e \u043f\u0440\u0438 \u0438\u0441\u043f\u043e\u043b\u044c\u0437\u043e\u0432\u0430\u043d\u0438\u0438 \u0441\u0438\u0441\u0442\u0435\u043c \u0432\u044b\u0441\u043e\u043a\u043e\u0433\u043e \u0434\u0430\u0432\u043b\u0435\u043d\u0438\u044f, \u043c\u043e\u0436\u0435\u0442 \u043e\u0431\u0440\u0430\u0437\u043e\u0432\u044b\u0432\u0430\u0442\u044c\u0441\u044f \u0442\u0443\u043c\u0430\u043d. \u042d\u0442\u0438 \u0430\u044d\u0440\u043e\u0437\u043e\u043b\u0438 \u0441\u043e\u0441\u0442\u043e\u044f\u0442 \u0438\u0437 \u043c\u0435\u043b\u043a\u043e\u0434\u0438\u0441\u043f\u0435\u0440\u0441\u043d\u043e\u0433\u043e \u0432\u043e\u0434\u044f\u043d\u043e\u0433\u043e \u0442\u0443\u043c\u0430\u043d\u0430 \u0438 \u043f\u0440\u0438\u043c\u0435\u043d\u044f\u0435\u043c\u043e\u0433\u043e \u0445\u0438\u043c\u0438\u0447\u0435\u0441\u043a\u043e\u0433\u043e \u0432\u0435\u0449\u0435\u0441\u0442\u0432\u0430. \u041d\u0435\u043e\u0431\u0445\u043e\u0434\u0438\u043c\u043e \u0438\u0437\u0431\u0435\u0433\u0430\u0442\u044c \u0432\u0434\u044b\u0445\u0430\u043d\u0438\u044f \u0442\u0430\u043a\u043e\u0433\u043e \u0430\u044d\u0440\u043e\u0437\u043e\u043b\u044f. \u041e\u0431\u044f\u0437\u0430\u0442\u0435\u043b\u044c\u043d\u043e \u0438\u0441\u043f\u043e\u043b\u044c\u0437\u043e\u0432\u0430\u043d\u0438\u0435 \u0440\u0435\u0441\u043f\u0438\u0440\u0430\u0442\u043e\u0440\u0430 \u0438 \u0437\u0430\u0449\u0438\u0442\u043d\u044b\u0445 \u043e\u0447\u043a\u043e\u0432.<\/p>\n<p>\u041e\u0431\u044a\u0435\u043c: 22 \u043a\u0433<\/p>","protected":false},"excerpt":{"rendered":"<p>Clint KF 200, \u0416\u0438\u0434\u043a\u043e\u0435 \u0449\u0435\u043b\u043e\u0447\u043d\u043e\u0435 \u0447\u0438\u0441\u0442\u044f\u0449\u0435\u0435 \u0441\u0440\u0435\u0434\u0441\u0442\u0432\u043e \u0434\u043b\u044f \u043e\u0447\u0438\u0441\u0442\u043a\u0438 \u0443\u0441\u0442\u0430\u043d\u043e\u0432\u043e\u043a \u0438 \u043e\u0431\u043e\u0440\u0443\u0434\u043e\u0432\u0430\u043d\u0438\u044f \u0432 \u043f\u0438\u0449\u0435\u0432\u043e\u0439 \u043f\u0440\u043e\u043c\u044b\u0448\u043b\u0435\u043d\u043d\u043e\u0441\u0442\u0438<\/p>","protected":false},"featured_media":13666,"comment_status":"closed","ping_status":"closed","template":"","meta":[],"product_cat":[74,34,42,44,40,71,76],"product_tag":[169],"class_list":["post-13665","product","type-product","status-publish","has-post-thumbnail","hentry","product_cat-bucatarie","product_cat-hotel","product_cat-industria-de-producere-si-prelucrare","product_cat-institutii-de-invatamint","product_cat-restaurant-si-bucatarie","product_cat-detergenti-si-dezinfectanti-profesionali","product_cat-industrie","product_tag-detergent","pa_brand-ecolab"],"_links":{"self":[{"href":"https:\/\/toreco.md\/ru\/wp-json\/wp\/v2\/product\/13665","targetHints":{"allow":["GET"]}}],"collection":[{"href":"https:\/\/toreco.md\/ru\/wp-json\/wp\/v2\/product"}],"about":[{"href":"https:\/\/toreco.md\/ru\/wp-json\/wp\/v2\/types\/product"}],"replies":[{"embeddable":true,"href":"https:\/\/toreco.md\/ru\/wp-json\/wp\/v2\/comments?post=13665"}],"wp:featuredmedia":[{"embeddable":true,"href":"https:\/\/toreco.md\/ru\/wp-json\/wp\/v2\/media\/13666"}],"wp:attachment":[{"href":"https:\/\/toreco.md\/ru\/wp-json\/wp\/v2\/media?parent=13665"}],"wp:term":[{"taxonomy":"product_cat","embeddable":true,"href":"https:\/\/toreco.md\/ru\/wp-json\/wp\/v2\/product_cat?post=13665"},{"taxonomy":"product_tag","embeddable":true,"href":"https:\/\/toreco.md\/ru\/wp-json\/wp\/v2\/product_tag?post=13665"}],"curies":[{"name":"wp","href":"https:\/\/api.w.org\/{rel}","templated":true}]}}