{"id":13554,"date":"2024-06-11T11:33:49","date_gmt":"2024-06-11T08:33:49","guid":{"rendered":"https:\/\/toreco.md\/?post_type=product&#038;p=13554"},"modified":"2024-06-11T11:43:53","modified_gmt":"2024-06-11T08:43:53","slug":"prevens-paris-grenade-rezerva","status":"publish","type":"product","link":"https:\/\/toreco.md\/ru\/product\/dupa-tip\/sapun-si-odorizanti\/sapun-lichid\/prevens-paris-grenade-rezerva\/","title":{"rendered":"Prevens Paris Grenade - \u0420\u0435\u0437\u0435\u0440\u0432"},"content":{"rendered":"<p>Preven&#8217;s Paris este o serie de produse profesionale pentru baie \u0219i du\u0219, care este disponibil sub form\u0103 de gel lichid cu diverse arome \u0219i este potrivit pentru sp\u0103larea m\u00e2inilor, corpului \u0219i p\u0103rului. Sunt ideale pentru camere de hotel \u0219i hoteluri. Toate produsele sunt certificate \u00een conformitate cu standardele interna\u021bionale de siguran\u021b\u0103 a mediului a produsului.<br \/>\nProdusele Preven&#8217;s Paris sunt utilizate pe scar\u0103 larg\u0103 \u00eempreun\u0103 cu dozatoarele Ecolab \u00een unit\u0103\u021bile sanitare \u0219i b\u0103i.<br \/>\nSeria Prevent&#8217;s Paris include: previne Paris Grenade &#8211; gel de \u0219ampon lichid cu extract de rodie, cur\u0103\u021b\u0103 delicat pielea \u0219i are un efect de tonifiere. <\/p>\n<p>\u041e\u0442\u043b\u0438\u0447\u0438\u0442\u0435\u043b\u044c\u043d\u044b\u0435 \u043e\u0441\u043e\u0431\u0435\u043d\u043d\u043e\u0441\u0442\u0438 \u0441\u0440\u0435\u0434\u0441\u0442\u0432 Ecolab Prevens Paris:<br \/>\n\u042d\u043a\u043e\u043b\u043e\u0433\u0438\u0447\u043d\u044b\u0435 \u0438 \u043c\u044f\u0433\u043a\u0438\u0435 \u0441\u0440\u0435\u0434\u0441\u0442\u0432\u0430 \u0434\u043b\u044f \u043c\u044b\u0442\u044c\u044f \u0440\u0443\u043a, \u0442\u0435\u043b\u0430 \u0438 \u0432\u043e\u043b\u043e\u0441.<br \/>\n\u0421\u043e\u043e\u0442\u0432\u0435\u0442\u0441\u0442\u0432\u0443\u044e\u0442 \u0441\u0430\u043c\u044b\u043c \u0432\u044b\u0441\u043e\u043a\u0438\u043c \u044d\u043a\u043e\u043b\u043e\u0433\u0438\u0447\u0435\u0441\u043a\u0438\u043c \u0441\u0442\u0430\u043d\u0434\u0430\u0440\u0442\u0430\u043c.<br \/>\n\u0411\u043b\u0430\u0433\u043e\u043f\u0440\u0438\u044f\u0442\u043d\u043e \u0432\u043e\u0437\u0434\u0435\u0439\u0441\u0442\u0432\u0443\u044e\u0442 \u043d\u0430 \u043a\u043e\u0436\u0443, \u043f\u0440\u043e\u0448\u043b\u043e \u0434\u0435\u0440\u043c\u0430\u0442\u043e\u043b\u043e\u0433\u0438\u0447\u0435\u0441\u043a\u0438\u0435 \u0438\u0441\u043f\u044b\u0442\u0430\u043d\u0438\u044f.<br \/>\n\u0414\u043e\u0437\u0430\u0442\u043e\u0440 Ecolab \u043e\u0431\u0435\u0441\u043f\u0435\u0447\u0438\u0432\u0430\u0435\u0442 \u0443\u0434\u043e\u0431\u043d\u043e\u0435 \u0438 \u044d\u043a\u043e\u043d\u043e\u043c\u0438\u0447\u043d\u043e\u0435 \u0438\u0441\u043f\u043e\u043b\u044c\u0437\u043e\u0432\u0430\u043d\u0438\u0435. <\/p>\n<p>\u0423\u0441\u043b\u043e\u0432\u0438\u044f \u0445\u0440\u0430\u043d\u0435\u043d\u0438\u044f: \u0445\u0440\u0430\u043d\u0438\u0442\u044c \u043f\u0440\u0438 \u0442\u0435\u043c\u043f\u0435\u0440\u0430\u0442\u0443\u0440\u0435 \u043e\u0442 0\u00b0C \u0434\u043e 40\u00b0C.<br \/>\n\u041e\u0431\u044a\u0435\u043c: 220 \u043c\u043b<\/p>","protected":false},"excerpt":{"rendered":"<p>Preven`s Paris - \u0441\u0435\u0440\u0438\u044f \u043f\u0440\u043e\u0444\u0435\u0441\u0441\u0438\u043e\u043d\u0430\u043b\u044c\u043d\u044b\u0445 \u0441\u0440\u0435\u0434\u0441\u0442\u0432 \u0434\u043b\u044f \u0432\u0430\u043d\u043d\u044b \u0438 \u0434\u0443\u0448\u0430, \u043a\u043e\u0442\u043e\u0440\u0430\u044f \u0432\u044b\u043f\u0443\u0441\u043a\u0430\u0435\u0442\u0441\u044f \u0432 \u0444\u043e\u0440\u043c\u0435 \u0436\u0438\u0434\u043a\u043e\u0433\u043e \u0433\u0435\u043b\u044f \u0441 \u0440\u0430\u0437\u043b\u0438\u0447\u043d\u044b\u043c\u0438 \u0430\u0440\u043e\u043c\u0430\u0442\u0430\u043c\u0438 \u0438 \u043f\u043e\u0434\u0445\u043e\u0434\u0438\u0442 \u0434\u043b\u044f \u043c\u044b\u0442\u044c\u044f \u0440\u0443\u043a, \u0442\u0435\u043b\u0430 \u0438 \u0432\u043e\u043b\u043e\u0441. \u0418\u0434\u0435\u0430\u043b\u044c\u043d\u043e \u043f\u043e\u0434\u0445\u043e\u0434\u044f\u0442 \u0434\u043b\u044f \u043d\u043e\u043c\u0435\u0440\u043d\u043e\u0433\u043e \u0444\u043e\u043d\u0434\u0430 \u0433\u043e\u0441\u0442\u0438\u043d\u0438\u0446 \u0438 \u043e\u0442\u0435\u043b\u0435\u0439. <\/p>","protected":false},"featured_media":13555,"comment_status":"closed","ping_status":"closed","template":"","meta":[],"product_cat":[84,34,40,46,83],"product_tag":[262],"class_list":["post-13554","product","type-product","status-publish","has-post-thumbnail","hentry","product_cat-sapun-lichid","product_cat-hotel","product_cat-restaurant-si-bucatarie","product_cat-sport-si-fitness","product_cat-sapun-si-odorizanti","product_tag-gel-de-dus","pa_brand-ecolab"],"_links":{"self":[{"href":"https:\/\/toreco.md\/ru\/wp-json\/wp\/v2\/product\/13554","targetHints":{"allow":["GET"]}}],"collection":[{"href":"https:\/\/toreco.md\/ru\/wp-json\/wp\/v2\/product"}],"about":[{"href":"https:\/\/toreco.md\/ru\/wp-json\/wp\/v2\/types\/product"}],"replies":[{"embeddable":true,"href":"https:\/\/toreco.md\/ru\/wp-json\/wp\/v2\/comments?post=13554"}],"wp:featuredmedia":[{"embeddable":true,"href":"https:\/\/toreco.md\/ru\/wp-json\/wp\/v2\/media\/13555"}],"wp:attachment":[{"href":"https:\/\/toreco.md\/ru\/wp-json\/wp\/v2\/media?parent=13554"}],"wp:term":[{"taxonomy":"product_cat","embeddable":true,"href":"https:\/\/toreco.md\/ru\/wp-json\/wp\/v2\/product_cat?post=13554"},{"taxonomy":"product_tag","embeddable":true,"href":"https:\/\/toreco.md\/ru\/wp-json\/wp\/v2\/product_tag?post=13554"}],"curies":[{"name":"wp","href":"https:\/\/api.w.org\/{rel}","templated":true}]}}