{"id":13509,"date":"2024-05-14T14:01:00","date_gmt":"2024-05-14T11:01:00","guid":{"rendered":"https:\/\/toreco.md\/?post_type=product&#038;p=13509"},"modified":"2024-05-14T14:37:03","modified_gmt":"2024-05-14T11:37:03","slug":"manusi-unica-folosinta-de-protectie-chimica-super-high-risk-l-albastre","status":"publish","type":"product","link":"https:\/\/toreco.md\/ru\/product\/dupa-tip\/articole-parafarmaceutice\/bavete-bonete-manusi-masca\/manusi-unica-folosinta-de-protectie-chimica-super-high-risk-l-albastre\/","title":{"rendered":"\u041e\u0434\u043d\u043e\u0440\u0430\u0437\u043e\u0432\u044b\u0435 \u0445\u0438\u043c\u0438\u0447\u0435\u0441\u043a\u0438\u0435 \u0437\u0430\u0449\u0438\u0442\u043d\u044b\u0435 \u043f\u0435\u0440\u0447\u0430\u0442\u043a\u0438 Super High Risk, L, Blue"},"content":{"rendered":"<p>\u041d\u0438\u0442\u0440\u0438\u043b\u043e\u0432\u044b\u0435 \u043f\u0435\u0440\u0447\u0430\u0442\u043a\u0438 Super High Risk \u043f\u0440\u043e\u0442\u0435\u0441\u0442\u0438\u0440\u043e\u0432\u0430\u043d\u044b \u0438 \u0441\u043e\u043e\u0442\u0432\u0435\u0442\u0441\u0442\u0432\u0443\u044e\u0442 \u043a\u0430\u0442\u0435\u0433\u043e\u0440\u0438\u0438 3 \u0437\u0430\u0449\u0438\u0442\u044b, \u043e\u043d\u0438 \u043f\u0440\u043e\u0447\u043d\u044b\u0435, \u0443\u0441\u0442\u043e\u0439\u0447\u0438\u0432\u044b\u0435 \u0438 \u0431\u0435\u0437\u043e\u043f\u0430\u0441\u043d\u044b\u0435. \u0412 \u0442\u043e \u0436\u0435 \u0432\u0440\u0435\u043c\u044f \u043e\u043d\u0438 \u0445\u043e\u0440\u043e\u0448\u043e \u0441\u0438\u0434\u044f\u0442 \u043d\u0430 \u0440\u0443\u043a\u0435 \u0438 \u043e\u0431\u0435\u0441\u043f\u0435\u0447\u0438\u0432\u0430\u044e\u0442 \u0432\u044b\u0441\u043e\u043a\u0443\u044e \u0447\u0443\u0432\u0441\u0442\u0432\u0438\u0442\u0435\u043b\u044c\u043d\u043e\u0441\u0442\u044c \u0434\u043b\u044f \u0442\u043e\u0447\u043d\u043e\u0439 \u0440\u0430\u0431\u043e\u0442\u044b. \u041f\u0440\u0438 \u0440\u0430\u0431\u043e\u0442\u0435 \u0441 \u0445\u0438\u043c\u0438\u0447\u0435\u0441\u043a\u0438\u043c\u0438 \u0432\u0435\u0449\u0435\u0441\u0442\u0432\u0430\u043c\u0438 \u0438 \u0431\u0438\u043e\u043b\u043e\u0433\u0438\u0447\u0435\u0441\u043a\u0438\u043c\u0438 \u043e\u043f\u0430\u0441\u043d\u043e\u0441\u0442\u044f\u043c\u0438 \u0432\u0430\u043c \u043d\u0443\u0436\u043d\u044b \u0437\u0430\u0449\u0438\u0442\u043d\u044b\u0435 \u043f\u0435\u0440\u0447\u0430\u0442\u043a\u0438, \u043d\u0430 \u043a\u043e\u0442\u043e\u0440\u044b\u0435 \u043c\u043e\u0436\u043d\u043e \u043f\u043e\u043b\u043e\u0436\u0438\u0442\u044c\u0441\u044f. <\/p>\n<p>\u0425\u0438\u043c\u0438\u0447\u0435\u0441\u043a\u0438 \u0441\u0442\u043e\u0439\u043a\u0438\u0435 \u043f\u0435\u0440\u0447\u0430\u0442\u043a\u0438 \u0438\u0437 \u043f\u0440\u043e\u0447\u043d\u043e\u0433\u043e \u043d\u0438\u0442\u0440\u0438\u043b\u0430 \u0434\u043b\u044f \u043e\u0434\u043d\u043e\u0440\u0430\u0437\u043e\u0432\u043e\u0433\u043e \u0438\u0441\u043f\u043e\u043b\u044c\u0437\u043e\u0432\u0430\u043d\u0438\u044f. \u041d\u0438\u0442\u0440\u0438\u043b \u0443\u0441\u0442\u043e\u0439\u0447\u0438\u0432 \u043a \u0445\u0438\u043c\u0438\u0447\u0435\u0441\u043a\u0438\u043c \u0432\u0435\u0449\u0435\u0441\u0442\u0432\u0430\u043c, \u043c\u0430\u0441\u043b\u0430\u043c, \u0436\u0438\u0440\u0430\u043c \u0438 \u0437\u0430\u0449\u0438\u0449\u0430\u0435\u0442 \u043e\u0442 \u043c\u0438\u043a\u0440\u043e\u043e\u0440\u0433\u0430\u043d\u0438\u0437\u043c\u043e\u0432 \u0438 \u0434\u0440\u0443\u0433\u0438\u0445 \u0431\u0438\u043e\u043b\u043e\u0433\u0438\u0447\u0435\u0441\u043a\u0438\u0445 \u043e\u043f\u0430\u0441\u043d\u043e\u0441\u0442\u0435\u0439. \u0411\u043b\u0430\u0433\u043e\u0434\u0430\u0440\u044f \u0443\u0434\u043b\u0438\u043d\u0435\u043d\u043d\u043e\u0439 \u043c\u0430\u043d\u0436\u0435\u0442\u0435, \u043f\u0435\u0440\u0447\u0430\u0442\u043a\u0438 \u0438\u043c\u0435\u044e\u0442 \u043e\u0431\u0449\u0443\u044e \u0434\u043b\u0438\u043d\u0443 \u043f\u0440\u0438\u043c\u0435\u0440\u043d\u043e 30 \u0441\u043c, \u0447\u0442\u043e \u043e\u0431\u0435\u0441\u043f\u0435\u0447\u0438\u0432\u0430\u0435\u0442 \u0437\u0430\u0449\u0438\u0442\u0443 \u0437\u0430 \u043f\u0440\u0435\u0434\u0435\u043b\u0430\u043c\u0438 \u0437\u0430\u043f\u044f\u0441\u0442\u044c\u044f. \u042d\u0442\u043e \u043e\u0431\u0435\u0441\u043f\u0435\u0447\u0438\u0432\u0430\u0435\u0442 \u0434\u043e\u043f\u043e\u043b\u043d\u0438\u0442\u0435\u043b\u044c\u043d\u0443\u044e \u0437\u0430\u0449\u0438\u0442\u0443 \u043f\u0440\u0438 \u0440\u0430\u0431\u043e\u0442\u0435 \u0441 \u0431\u0440\u044b\u0437\u0433\u0430\u043c\u0438 \u0438\u043b\u0438 \u0436\u0438\u0434\u043a\u043e\u0441\u0442\u044f\u043c\u0438.<\/p>\n<p>\u0425\u0438\u043c\u0438\u0447\u0435\u0441\u043a\u0438\u0435 \u0437\u0430\u0449\u0438\u0442\u043d\u044b\u0435 \u043f\u0435\u0440\u0447\u0430\u0442\u043a\u0438 \u044d\u043b\u0430\u0441\u0442\u0438\u0447\u043d\u044b \u0438 \u0441\u0438\u0434\u044f\u0442 \u043a\u0430\u043a \u0432\u0442\u043e\u0440\u0430\u044f \u043a\u043e\u0436\u0430. \u041a\u0440\u043e\u043c\u0435 \u0442\u043e\u0433\u043e, \u0442\u0435\u043a\u0441\u0442\u0443\u0440\u0438\u0440\u043e\u0432\u0430\u043d\u043d\u0430\u044f \u043f\u043e\u0432\u0435\u0440\u0445\u043d\u043e\u0441\u0442\u044c \u043e\u0431\u043b\u0435\u0433\u0447\u0430\u0435\u0442 \u0437\u0430\u0445\u0432\u0430\u0442, \u0447\u0442\u043e \u043f\u043e\u0437\u0432\u043e\u043b\u044f\u0435\u0442 \u0440\u0430\u0431\u043e\u0442\u0430\u0442\u044c \u0431\u044b\u0441\u0442\u0440\u0435\u0435 \u0438 \u0442\u043e\u0447\u043d\u0435\u0435. \u0411\u043b\u0430\u0433\u043e\u0434\u0430\u0440\u044f \u044d\u0442\u0438\u043c \u0445\u0430\u0440\u0430\u043a\u0442\u0435\u0440\u0438\u0441\u0442\u0438\u043a\u0430\u043c, \u043f\u0435\u0440\u0447\u0430\u0442\u043a\u0438 Super High Risk \u043b\u0443\u0447\u0448\u0435 \u0432\u0441\u0435\u0433\u043e \u043f\u043e\u0434\u0445\u043e\u0434\u044f\u0442 \u0434\u043b\u044f \u043b\u0430\u0431\u043e\u0440\u0430\u0442\u043e\u0440\u0438\u0439, \u0444\u0430\u0440\u043c\u0430\u0446\u0435\u0432\u0442\u0438\u0447\u0435\u0441\u043a\u043e\u0439 \u043f\u0440\u043e\u043c\u044b\u0448\u043b\u0435\u043d\u043d\u043e\u0441\u0442\u0438, \u044d\u043a\u0441\u0442\u0440\u0435\u043d\u043d\u044b\u0445 \u0441\u043b\u0443\u0436\u0431, \u0431\u043e\u043b\u044c\u043d\u0438\u0446, \u0443\u0445\u043e\u0434\u0430, \u043f\u0438\u0449\u0435\u0432\u043e\u0439 \u043f\u0440\u043e\u043c\u044b\u0448\u043b\u0435\u043d\u043d\u043e\u0441\u0442\u0438 \u0438 \u043f\u0440\u043e\u043c\u044b\u0448\u043b\u0435\u043d\u043d\u043e\u0441\u0442\u0438. <\/p>\n<p><strong>\u0421\u0432\u043e\u0439\u0441\u0442\u0432\u0430 \u0445\u0438\u043c\u0438\u0447\u0435\u0441\u043a\u0438\u0445 \u0437\u0430\u0449\u0438\u0442\u043d\u044b\u0445 \u043f\u0435\u0440\u0447\u0430\u0442\u043e\u043a Super High Risk:<\/strong><br \/>\n&#8211; m\u0103nu\u0219i de protec\u021bie chimic\u0103 Super High Risk din nitril<br \/>\n&#8211; nitril puternic, foarte robust \u0219i etan\u0219<br \/>\n&#8211; f\u0103r\u0103 pudr\u0103, f\u0103r\u0103 contaminarea probelor sau alimentelor de c\u0103tre pudr\u0103<br \/>\n&#8211; anti-alunecare datorit\u0103 suprafe\u021bei texturate<br \/>\n&#8211; lungime de 30 cm, protec\u021bie dincolo de \u00eencheietura m\u00e2inii<br \/>\n&#8211; foarte robuste, durabile<br \/>\n&#8211; sensibilitate tactil\u0103 bun\u0103, potrivite pentru lucr\u0103ri fine<br \/>\n&#8211; flexibile \u0219i elastice pentru o potrivire foarte bun\u0103<br \/>\n&#8211; sigure pentru contactul cu alimentele<br \/>\n&#8211; cu margine rulat\u0103 care re\u021bine pic\u0103turile<br \/>\n&#8211; f\u0103r\u0103 latex<br \/>\n&#8211; potrivite pentru m\u00e2na st\u00e2ng\u0103 \u0219i dreapt\u0103<\/p>\n<p><strong>\u041d\u0430\u0437\u043d\u0430\u0447\u0435\u043d\u0438\u0435:<\/strong> \u0414\u043b\u044f \u0437\u0430\u0449\u0438\u0442\u044b \u0442\u0440\u0435\u0442\u044c\u0438\u0445 \u043b\u0438\u0446 (\u043f\u0440\u0435\u0434\u043e\u0442\u0432\u0440\u0430\u0449\u0435\u043d\u0438\u0435 \u043f\u0435\u0440\u0435\u0434\u0430\u0447\u0438 \u043c\u0438\u043a\u0440\u043e\u0431\u043e\u0432) \u0432 \u0431\u043e\u043b\u044c\u043d\u0438\u0446\u0430\u0445 \u0438 \u0441\u0444\u0435\u0440\u0435 \u0443\u0445\u043e\u0434\u0430<\/p>\n<p><strong>\u041e\u0431\u043b\u0430\u0441\u0442\u044c \u043f\u0440\u0438\u043c\u0435\u043d\u0435\u043d\u0438\u044f:<\/strong> \u0434\u043b\u044f \u043b\u0430\u0431\u043e\u0440\u0430\u0442\u043e\u0440\u0438\u0439, \u0444\u0430\u0440\u043c\u0430\u0446\u0435\u0432\u0442\u0438\u0447\u0435\u0441\u043a\u043e\u0439 \u043f\u0440\u043e\u043c\u044b\u0448\u043b\u0435\u043d\u043d\u043e\u0441\u0442\u0438, \u044d\u043a\u0441\u0442\u0440\u0435\u043d\u043d\u044b\u0445 \u0441\u043b\u0443\u0436\u0431, \u0431\u043e\u043b\u044c\u043d\u0438\u0446, \u0443\u0445\u043e\u0434\u0430, \u043f\u0438\u0449\u0435\u0432\u043e\u0439 \u043f\u0440\u043e\u043c\u044b\u0448\u043b\u0435\u043d\u043d\u043e\u0441\u0442\u0438 \u0438 \u043f\u0440\u043e\u043c\u044b\u0448\u043b\u0435\u043d\u043d\u043e\u0441\u0442\u0438<\/p>\n<p>\u0423\u0440\u043e\u0432\u0435\u043d\u044c \u043a\u0430\u0447\u0435\u0441\u0442\u0432\u0430: 8 \u0438\u0437 8<br \/>\n\u0425\u0438\u043c\u0438\u0447\u0435\u0441\u043a\u0430\u044f \u0441\u0442\u043e\u0439\u043a\u043e\u0441\u0442\u044c: 8 \u0438\u0437 8<br \/>\n\u0421\u0442\u043e\u0439\u043a\u043e\u0441\u0442\u044c \u043a \u043c\u0430\u0441\u043b\u0430\u043c \u0438 \u0441\u043c\u0430\u0437\u043a\u0430\u043c: 6 \u0438\u0437 8<\/p>\n<p>\u041a\u043e\u043b\u0438\u0447\u0435\u0441\u0442\u0432\u043e: 50 \u0448\u0442 \/ \u043f\u0430\u043a\u0435\u0442<\/p>","protected":false},"excerpt":{"rendered":"<p>\u041d\u0438\u0442\u0440\u0438\u043b\u043e\u0432\u044b\u0435 \u043f\u0435\u0440\u0447\u0430\u0442\u043a\u0438 Super High Risk \u043f\u0440\u043e\u0442\u0435\u0441\u0442\u0438\u0440\u043e\u0432\u0430\u043d\u044b \u0438 \u0441\u043e\u043e\u0442\u0432\u0435\u0442\u0441\u0442\u0432\u0443\u044e\u0442 \u043a\u0430\u0442\u0435\u0433\u043e\u0440\u0438\u0438 3 \u0437\u0430\u0449\u0438\u0442\u044b, \u043e\u043d\u0438 \u043f\u0440\u043e\u0447\u043d\u044b\u0435, \u0443\u0441\u0442\u043e\u0439\u0447\u0438\u0432\u044b\u0435 \u0438 \u0431\u0435\u0437\u043e\u043f\u0430\u0441\u043d\u044b\u0435. \u0412 \u0442\u043e \u0436\u0435 \u0432\u0440\u0435\u043c\u044f \u043e\u043d\u0438 \u0445\u043e\u0440\u043e\u0448\u043e \u0441\u0438\u0434\u044f\u0442 \u043d\u0430 \u0440\u0443\u043a\u0435 \u0438 \u043e\u0431\u0435\u0441\u043f\u0435\u0447\u0438\u0432\u0430\u044e\u0442 \u0432\u044b\u0441\u043e\u043a\u0443\u044e \u0447\u0443\u0432\u0441\u0442\u0432\u0438\u0442\u0435\u043b\u044c\u043d\u043e\u0441\u0442\u044c \u0434\u043b\u044f \u0442\u043e\u0447\u043d\u043e\u0439 \u0440\u0430\u0431\u043e\u0442\u044b. \u041f\u0440\u0438 \u0440\u0430\u0431\u043e\u0442\u0435 \u0441 \u0445\u0438\u043c\u0438\u0447\u0435\u0441\u043a\u0438\u043c\u0438 \u0432\u0435\u0449\u0435\u0441\u0442\u0432\u0430\u043c\u0438 \u0438 \u0431\u0438\u043e\u043b\u043e\u0433\u0438\u0447\u0435\u0441\u043a\u0438\u043c\u0438 \u043e\u043f\u0430\u0441\u043d\u043e\u0441\u0442\u044f\u043c\u0438 \u0432\u0430\u043c \u043d\u0443\u0436\u043d\u044b \u0437\u0430\u0449\u0438\u0442\u043d\u044b\u0435 \u043f\u0435\u0440\u0447\u0430\u0442\u043a\u0438, \u043d\u0430 \u043a\u043e\u0442\u043e\u0440\u044b\u0435 \u043c\u043e\u0436\u043d\u043e \u043f\u043e\u043b\u043e\u0436\u0438\u0442\u044c\u0441\u044f. <\/p>","protected":false},"featured_media":13510,"comment_status":"closed","ping_status":"closed","template":"","meta":[],"product_cat":[27,45,34,42,44,43,40,41,46,21],"product_tag":[155],"class_list":["post-13509","product","type-product","status-publish","has-post-thumbnail","hentry","product_cat-bavete-bonete-manusi-masca","product_cat-industria-auto","product_cat-hotel","product_cat-industria-de-producere-si-prelucrare","product_cat-institutii-de-invatamint","product_cat-medicina","product_cat-restaurant-si-bucatarie","product_cat-servicii-de-curatenie","product_cat-sport-si-fitness","product_cat-articole-parafarmaceutice","product_tag-manusi-de-unica-folosinta","pa_brand-hygostar"],"_links":{"self":[{"href":"https:\/\/toreco.md\/ru\/wp-json\/wp\/v2\/product\/13509","targetHints":{"allow":["GET"]}}],"collection":[{"href":"https:\/\/toreco.md\/ru\/wp-json\/wp\/v2\/product"}],"about":[{"href":"https:\/\/toreco.md\/ru\/wp-json\/wp\/v2\/types\/product"}],"replies":[{"embeddable":true,"href":"https:\/\/toreco.md\/ru\/wp-json\/wp\/v2\/comments?post=13509"}],"wp:featuredmedia":[{"embeddable":true,"href":"https:\/\/toreco.md\/ru\/wp-json\/wp\/v2\/media\/13510"}],"wp:attachment":[{"href":"https:\/\/toreco.md\/ru\/wp-json\/wp\/v2\/media?parent=13509"}],"wp:term":[{"taxonomy":"product_cat","embeddable":true,"href":"https:\/\/toreco.md\/ru\/wp-json\/wp\/v2\/product_cat?post=13509"},{"taxonomy":"product_tag","embeddable":true,"href":"https:\/\/toreco.md\/ru\/wp-json\/wp\/v2\/product_tag?post=13509"}],"curies":[{"name":"wp","href":"https:\/\/api.w.org\/{rel}","templated":true}]}}