{"id":13398,"date":"2024-03-07T10:48:26","date_gmt":"2024-03-07T08:48:26","guid":{"rendered":"https:\/\/toreco.md\/?post_type=product&#038;p=13398"},"modified":"2026-01-13T10:53:07","modified_gmt":"2026-01-13T08:53:07","slug":"galeata-gri-maner-rosu-25-litri","status":"publish","type":"product","link":"https:\/\/toreco.md\/ru\/product\/dupa-tip\/echipamente-curatenie\/carucioare-si-galeti\/galeata-gri-maner-rosu-25-litri\/","title":{"rendered":"\u0421\u0435\u0440\u043e\u0435 \u0432\u0435\u0434\u0440\u043e, \u043a\u0440\u0430\u0441\u043d\u0430\u044f \u0440\u0443\u0447\u043a\u0430, 25 \u043b\u0438\u0442\u0440\u043e\u0432"},"content":{"rendered":"<p>\u041f\u043b\u0430\u0441\u0442\u0438\u043a\u043e\u0432\u043e\u0435 \u0432\u0435\u0434\u0440\u043e \u0441 \u0440\u0443\u0447\u043a\u043e\u0439 - \u044d\u0442\u043e \u0443\u043d\u0438\u0432\u0435\u0440\u0441\u0430\u043b\u044c\u043d\u043e\u0435 \u043f\u043b\u0430\u0441\u0442\u0438\u043a\u043e\u0432\u043e\u0435 \u0432\u0435\u0434\u0440\u043e, \u043a\u043e\u0442\u043e\u0440\u043e\u0435 \u043c\u043e\u0436\u043d\u043e \u0438\u0441\u043f\u043e\u043b\u044c\u0437\u043e\u0432\u0430\u0442\u044c \u043a\u0430\u043a \u043e\u0442\u0434\u0435\u043b\u044c\u043d\u043e\u0435 \u0432\u0435\u0434\u0440\u043e \u0438\u043b\u0438 \u043a\u0430\u043a \u0430\u043a\u0441\u0435\u0441\u0441\u0443\u0430\u0440 \u0434\u043b\u044f \u043c\u043d\u043e\u0433\u043e\u0446\u0435\u043b\u0435\u0432\u043e\u0439 \u0442\u0435\u043b\u0435\u0436\u043a\u0438 <a href=\"https:\/\/toreco.md\/ru\/product\/dupa-tip\/echipamente-curatenie\/carucioare-si-galeti\/carucior-profesional-curatenie-combix\/\">CombiX<\/a>,\u0435\u0433\u043e \u043c\u043e\u0436\u043d\u043e \u0438\u0441\u043f\u043e\u043b\u044c\u0437\u043e\u0432\u0430\u0442\u044c \u0432 \u0440\u0430\u0437\u043b\u0438\u0447\u043d\u044b\u0445 \u043f\u043e\u043c\u0435\u0449\u0435\u043d\u0438\u044f\u0445 \u0438 \u0432 \u0442\u0435\u0445 \u0441\u0440\u0435\u0434\u0430\u0445, \u0433\u0434\u0435 \u0442\u0440\u0435\u0431\u0443\u0435\u0442\u0441\u044f \u0446\u0432\u0435\u0442\u043e\u0432\u0430\u044f \u043c\u0430\u0440\u043a\u0438\u0440\u043e\u0432\u043a\u0430.<\/p>\n<p>\u041f\u043e\u043b\u043d\u043e\u0441\u0442\u044c\u044e \u0438\u0437\u0433\u043e\u0442\u043e\u0432\u043b\u0435\u043d \u0438\u0437 \u0443\u0434\u0430\u0440\u043e\u043f\u0440\u043e\u0447\u043d\u043e\u0433\u043e \u043f\u043b\u0430\u0441\u0442\u0438\u043a\u0430.<br \/>\n\u042d\u0440\u0433\u043e\u043d\u043e\u043c\u0438\u0447\u043d\u0430\u044f \u043f\u043b\u0430\u0441\u0442\u0438\u043a\u043e\u0432\u0430\u044f \u0440\u0443\u0447\u043a\u0430.<br \/>\nJant\u0103 inferioar\u0103 pentru a u\u0219ura golirea g\u0103le\u021bii &#8211; ofer\u0103 o u\u0219urin\u021b\u0103 suplimentar\u0103 \u00een turnarea lichidului \u00een interior datorit\u0103 m\u00e2nerului s\u0103u situat \u00een partea de jos.<br \/>\n\u0412\u044b\u043f\u0443\u0441\u043a\u0430\u0435\u0442\u0441\u044f \u0432 \u0441\u0438\u043d\u0435\u043c \u0438 \u043a\u0440\u0430\u0441\u043d\u043e\u043c \u0446\u0432\u0435\u0442\u0430\u0445<br \/>\n\u0413\u0440\u0430\u0434\u0430\u0446\u0438\u044f \u0432\u043d\u0443\u0442\u0440\u0438 \u0432\u0435\u0434\u0440\u0430<br \/>\n\u0426\u0432\u0435\u0442\u043e\u0432\u043e\u0439 \u043a\u043e\u0434 \u0432 \u0447\u0438\u0441\u0442\u043e\u0442\u0435<br \/>\n\u0426\u0432\u0435\u0442 \u0432\u0435\u0434\u0440\u0430: \u0441\u0435\u0440\u044b\u0439<br \/>\n\u0426\u0432\u0435\u0442 \u0440\u0443\u0447\u043a\u0438: \u043a\u0440\u0430\u0441\u043d\u044b\u0439<\/p>\n<p>\u041e\u0431\u044a\u0435\u043c: 25 \u043b\u0438\u0442\u0440\u043e\u0432<\/p>","protected":false},"excerpt":{"rendered":"<p>\u041f\u043b\u0430\u0441\u0442\u0438\u043a\u043e\u0432\u043e\u0435 \u0432\u0435\u0434\u0440\u043e \u0441 \u0440\u0443\u0447\u043a\u043e\u0439 - \u044d\u0442\u043e \u0443\u043d\u0438\u0432\u0435\u0440\u0441\u0430\u043b\u044c\u043d\u043e\u0435 \u043f\u043b\u0430\u0441\u0442\u0438\u043a\u043e\u0432\u043e\u0435 \u0432\u0435\u0434\u0440\u043e, \u043a\u043e\u0442\u043e\u0440\u043e\u0435 \u043c\u043e\u0436\u043d\u043e \u0438\u0441\u043f\u043e\u043b\u044c\u0437\u043e\u0432\u0430\u0442\u044c \u043a\u0430\u043a \u043e\u0442\u0434\u0435\u043b\u044c\u043d\u043e\u0435 \u0432\u0435\u0434\u0440\u043e \u0438\u043b\u0438 \u043a\u0430\u043a \u0430\u043a\u0441\u0435\u0441\u0441\u0443\u0430\u0440 \u0434\u043b\u044f \u043c\u043d\u043e\u0433\u043e\u0446\u0435\u043b\u0435\u0432\u043e\u0439 \u0442\u0435\u043b\u0435\u0436\u043a\u0438 <a href=\"https:\/\/toreco.md\/ru\/product\/dupa-tip\/echipamente-curatenie\/carucioare-si-galeti\/carucior-profesional-curatenie-combix\/\">CombiX<\/a>,\u0435\u0433\u043e \u043c\u043e\u0436\u043d\u043e \u0438\u0441\u043f\u043e\u043b\u044c\u0437\u043e\u0432\u0430\u0442\u044c \u0432 \u0440\u0430\u0437\u043b\u0438\u0447\u043d\u044b\u0445 \u043f\u043e\u043c\u0435\u0449\u0435\u043d\u0438\u044f\u0445 \u0438 \u0432 \u0442\u0435\u0445 \u0441\u0440\u0435\u0434\u0430\u0445, \u0433\u0434\u0435 \u0442\u0440\u0435\u0431\u0443\u0435\u0442\u0441\u044f \u0446\u0432\u0435\u0442\u043e\u0432\u0430\u044f \u043c\u0430\u0440\u043a\u0438\u0440\u043e\u0432\u043a\u0430.<\/p>","protected":false},"featured_media":13399,"comment_status":"closed","ping_status":"closed","template":"","meta":[],"product_cat":[91,45,34,42,44,43,40,41,46,90],"product_tag":[175],"class_list":["post-13398","product","type-product","status-publish","has-post-thumbnail","hentry","product_cat-carucioare-si-galeti","product_cat-industria-auto","product_cat-hotel","product_cat-industria-de-producere-si-prelucrare","product_cat-institutii-de-invatamint","product_cat-medicina","product_cat-restaurant-si-bucatarie","product_cat-servicii-de-curatenie","product_cat-sport-si-fitness","product_cat-echipamente-curatenie","product_tag-galeata","pa_brand-sprintus"],"_links":{"self":[{"href":"https:\/\/toreco.md\/ru\/wp-json\/wp\/v2\/product\/13398","targetHints":{"allow":["GET"]}}],"collection":[{"href":"https:\/\/toreco.md\/ru\/wp-json\/wp\/v2\/product"}],"about":[{"href":"https:\/\/toreco.md\/ru\/wp-json\/wp\/v2\/types\/product"}],"replies":[{"embeddable":true,"href":"https:\/\/toreco.md\/ru\/wp-json\/wp\/v2\/comments?post=13398"}],"wp:featuredmedia":[{"embeddable":true,"href":"https:\/\/toreco.md\/ru\/wp-json\/wp\/v2\/media\/13399"}],"wp:attachment":[{"href":"https:\/\/toreco.md\/ru\/wp-json\/wp\/v2\/media?parent=13398"}],"wp:term":[{"taxonomy":"product_cat","embeddable":true,"href":"https:\/\/toreco.md\/ru\/wp-json\/wp\/v2\/product_cat?post=13398"},{"taxonomy":"product_tag","embeddable":true,"href":"https:\/\/toreco.md\/ru\/wp-json\/wp\/v2\/product_tag?post=13398"}],"curies":[{"name":"wp","href":"https:\/\/api.w.org\/{rel}","templated":true}]}}