{"id":13345,"date":"2024-02-21T11:02:53","date_gmt":"2024-02-21T09:02:53","guid":{"rendered":"https:\/\/toreco.md\/?post_type=product&#038;p=13345"},"modified":"2024-02-21T11:13:53","modified_gmt":"2024-02-21T09:13:53","slug":"pungi-igienice-b5-25-buc-albe-tork","status":"publish","type":"product","link":"https:\/\/toreco.md\/ru\/product\/dupa-tip\/hartie-igienica\/pungi-igienice-b5-25-buc-albe-tork\/","title":{"rendered":"\u0413\u0438\u0433\u0438\u0435\u043d\u0438\u0447\u0435\u0441\u043a\u0438\u0435 \u043f\u0430\u043a\u0435\u0442\u044b, B5, 25 \u0448\u0442, TORK"},"content":{"rendered":"<p>\u041f\u043e\u0434\u0434\u0435\u0440\u0436\u0438\u0432\u0430\u0439\u0442\u0435 \u0433\u0438\u0433\u0438\u0435\u043d\u0443 \u0432 \u0442\u0443\u0430\u043b\u0435\u0442\u043d\u044b\u0445 \u043a\u043e\u043c\u043d\u0430\u0442\u0430\u0445 \u0438 \u0443\u043b\u0443\u0447\u0448\u0430\u0439\u0442\u0435 \u043a\u0430\u0447\u0435\u0441\u0442\u0432\u043e \u043e\u0431\u0441\u043b\u0443\u0436\u0438\u0432\u0430\u043d\u0438\u044f \u0433\u043e\u0441\u0442\u0435\u0439 \u0441 \u043f\u043e\u043c\u043e\u0449\u044c\u044e \u043d\u0430\u0448\u0438\u0445 \u043f\u0430\u043a\u0435\u0442\u043e\u0432 \u0434\u043b\u044f \u0433\u0438\u0433\u0438\u0435\u043d\u0438\u0447\u0435\u0441\u043a\u0438\u0445 \u043f\u043e\u043b\u043e\u0442\u0435\u043d\u0435\u0446 Tork, \u043f\u0440\u0435\u0434\u043d\u0430\u0437\u043d\u0430\u0447\u0435\u043d\u043d\u044b\u0445 \u0434\u043b\u044f \u0431\u0435\u0440\u0435\u0436\u043d\u043e\u0439 \u0443\u0442\u0438\u043b\u0438\u0437\u0430\u0446\u0438\u0438 \u0441\u0440\u0435\u0434\u0441\u0442\u0432 \u0436\u0435\u043d\u0441\u043a\u043e\u0439 \u0433\u0438\u0433\u0438\u0435\u043d\u044b \u0432 \u0441\u0430\u043d\u0438\u0442\u0430\u0440\u043d\u044b\u0445 \u043a\u043e\u043d\u0442\u0435\u0439\u043d\u0435\u0440\u0430\u0445. \u041f\u0440\u0438 \u043f\u043e\u043c\u0435\u0449\u0435\u043d\u0438\u0438 \u0432 \u043c\u0443\u0441\u043e\u0440\u043d\u043e\u0435 \u0432\u0435\u0434\u0440\u043e \u0432 \u043f\u0430\u043a\u0435\u0442\u0435 \u0441\u043e\u0434\u0435\u0440\u0436\u0430\u0442\u0441\u044f \u0430\u0440\u043e\u043c\u0430\u0442\u0438\u0437\u0430\u0442\u043e\u0440\u044b, \u043a\u043e\u0442\u043e\u0440\u044b\u0435 \u043f\u043e\u043c\u043e\u0433\u0430\u044e\u0442 \u0441\u043e\u0445\u0440\u0430\u043d\u0438\u0442\u044c \u0441\u0432\u0435\u0436\u0438\u0439 \u0437\u0430\u043f\u0430\u0445 \u0432 \u0442\u0443\u0430\u043b\u0435\u0442\u043d\u044b\u0445 \u043a\u043e\u043c\u043d\u0430\u0442\u0430\u0445. \u0411\u043e\u043b\u044c\u0448\u043e\u0435 \u043a\u043e\u043b\u0438\u0447\u0435\u0441\u0442\u0432\u043e \u0432 \u0443\u043f\u0430\u043a\u043e\u0432\u043a\u0435 \u043e\u0431\u0435\u0441\u043f\u0435\u0447\u0438\u0432\u0430\u0435\u0442 \u0438\u0445 \u0434\u043e\u0441\u0442\u0443\u043f\u043d\u043e\u0441\u0442\u044c \u0434\u043b\u044f \u0433\u043e\u0441\u0442\u0435\u0439, \u044d\u043a\u043e\u043d\u043e\u043c\u044f \u0432\u0440\u0435\u043c\u044f \u043f\u0435\u0440\u0441\u043e\u043d\u0430\u043b\u0430 \u043d\u0430 \u043e\u0431\u0441\u043b\u0443\u0436\u0438\u0432\u0430\u043d\u0438\u0435 \u0438 \u0437\u0430\u043f\u0440\u0430\u0432\u043a\u0443. \u0418\u0441\u043f\u043e\u043b\u044c\u0437\u0443\u0439\u0442\u0435 \u0441 \u0434\u0438\u0441\u043f\u0435\u043d\u0441\u0435\u0440\u0430\u043c\u0438 \u0434\u043b\u044f \u0433\u0438\u0433\u0438\u0435\u043d\u0438\u0447\u0435\u0441\u043a\u0438\u0445 \u043f\u043e\u043b\u043e\u0442\u0435\u043d\u0435\u0446 Tork \u0434\u043b\u044f \u043b\u0435\u0433\u043a\u043e\u0433\u043e \u0434\u043e\u0441\u0442\u0443\u043f\u0430 \u0438 \u0430\u043a\u043a\u0443\u0440\u0430\u0442\u043d\u043e\u0433\u043e \u043f\u0440\u043e\u0441\u0442\u0440\u0430\u043d\u0441\u0442\u0432\u0430.<\/p>\n<p>Men\u021bine\u021bi toaletele aprovizionate &#8211; aceste pungi sanitare vin \u00een cantit\u0103\u021bi mari pentru disponibilitate u\u0219oar\u0103.<br \/>\n\u00cembun\u0103t\u0103\u021birea nivelului de igien\u0103 &#8211; pungile noastre igienice permit aruncarea curat\u0103 a produselor feminine \u00een co\u0219urile sanitare.<br \/>\n\u0421\u043e\u0432\u043c\u0435\u0441\u0442\u0438\u043c \u0441 \u0434\u043e\u0437\u0430\u0442\u043e\u0440\u0430\u043c\u0438 B5.<\/p>\n<p>\u0426\u0432\u0435\u0442: \u0411\u0435\u043b\u044b\u0439<br \/>\n\u041a\u0430\u0447\u0435\u0441\u0442\u0432\u043e: Premium<br \/>\n\u0423\u043f\u0430\u043a\u043e\u0432\u043a\u0430: 25 \u0448\u0442\u0443\u043a \/ \u043f\u0430\u043a\u0435\u0442, 48 \u043f\u0430\u043a\u0435\u0442\u043e\u0432 \/ \u043a\u043e\u0440\u043e\u0431\u043a\u0430<\/p>","protected":false},"excerpt":{"rendered":"<p>\u0413\u0438\u0433\u0438\u0435\u043d\u0438\u0447\u0435\u0441\u043a\u0438\u0435 \u043f\u0430\u043a\u0435\u0442\u044b \u044f\u0432\u043b\u044f\u044e\u0442\u0441\u044f \u043d\u0435\u0437\u0430\u043c\u0435\u043d\u0438\u043c\u044b\u043c\u0438 \u043f\u0440\u043e\u0434\u0443\u043a\u0442\u0430\u043c\u0438 \u0432 \u043e\u0431\u0449\u0435\u0441\u0442\u0432\u0435\u043d\u043d\u044b\u0445 \u0438\u043b\u0438 \u0447\u0430\u0441\u0442\u043d\u044b\u0445 \u0442\u0443\u0430\u043b\u0435\u0442\u0430\u0445 \u0438 \u043f\u043e\u0437\u0432\u043e\u043b\u044f\u044e\u0442 \u0434\u043e\u043b\u044c\u0448\u0435 \u0441\u043e\u0445\u0440\u0430\u043d\u044f\u0442\u044c \u0447\u0438\u0441\u0442\u043e\u0442\u0443. \u042d\u0442\u0438 \u0433\u0438\u0433\u0438\u0435\u043d\u0438\u0447\u0435\u0441\u043a\u0438\u0435 \u043f\u0430\u043a\u0435\u0442\u044b \u043d\u0435 \u0434\u043e\u043b\u0436\u043d\u044b \u043e\u0442\u0441\u0443\u0442\u0441\u0442\u0432\u043e\u0432\u0430\u0442\u044c \u043d\u0438 \u0432 \u043e\u0434\u043d\u043e\u0439 \u0432\u0430\u043d\u043d\u043e\u0439 \u043a\u043e\u043c\u043d\u0430\u0442\u0435, \u0431\u0443\u0434\u044c \u0442\u043e \u0440\u0435\u0441\u0442\u043e\u0440\u0430\u043d, \u043e\u0442\u0435\u043b\u044c, \u0442\u0440\u0435\u043d\u0430\u0436\u0435\u0440\u043d\u044b\u0439 \u0437\u0430\u043b \u0438\u043b\u0438 \u0434\u0430\u0436\u0435 \u043e\u0442\u0435\u043b\u044c. \u041f\u0440\u043e\u0447\u043d\u044b\u0435 \u0433\u0438\u0433\u0438\u0435\u043d\u0438\u0447\u0435\u0441\u043a\u0438\u0435 \u043f\u0430\u043a\u0435\u0442\u044b \u0434\u043b\u044f \u043c\u0435\u0442\u0430\u043d\u0438\u044f \u0442\u0430\u043c\u043f\u043e\u043d\u043e\u0432.<\/p>","protected":false},"featured_media":13346,"comment_status":"closed","ping_status":"closed","template":"","meta":[],"product_cat":[34,44,43,40,41,46,51,57],"product_tag":[164],"class_list":["post-13345","product","type-product","status-publish","has-post-thumbnail","hentry","product_cat-hotel","product_cat-institutii-de-invatamint","product_cat-medicina","product_cat-restaurant-si-bucatarie","product_cat-servicii-de-curatenie","product_cat-sport-si-fitness","product_cat-hartie-igienica","product_cat-pungi-igienice","product_tag-pungi-igienice","pa_brand-tork"],"_links":{"self":[{"href":"https:\/\/toreco.md\/ru\/wp-json\/wp\/v2\/product\/13345","targetHints":{"allow":["GET"]}}],"collection":[{"href":"https:\/\/toreco.md\/ru\/wp-json\/wp\/v2\/product"}],"about":[{"href":"https:\/\/toreco.md\/ru\/wp-json\/wp\/v2\/types\/product"}],"replies":[{"embeddable":true,"href":"https:\/\/toreco.md\/ru\/wp-json\/wp\/v2\/comments?post=13345"}],"wp:featuredmedia":[{"embeddable":true,"href":"https:\/\/toreco.md\/ru\/wp-json\/wp\/v2\/media\/13346"}],"wp:attachment":[{"href":"https:\/\/toreco.md\/ru\/wp-json\/wp\/v2\/media?parent=13345"}],"wp:term":[{"taxonomy":"product_cat","embeddable":true,"href":"https:\/\/toreco.md\/ru\/wp-json\/wp\/v2\/product_cat?post=13345"},{"taxonomy":"product_tag","embeddable":true,"href":"https:\/\/toreco.md\/ru\/wp-json\/wp\/v2\/product_tag?post=13345"}],"curies":[{"name":"wp","href":"https:\/\/api.w.org\/{rel}","templated":true}]}}