{"id":12567,"date":"2023-07-05T07:55:04","date_gmt":"2023-07-05T04:55:04","guid":{"rendered":"https:\/\/toreco.md\/?post_type=product&#038;p=12567"},"modified":"2025-06-11T13:03:15","modified_gmt":"2025-06-11T10:03:15","slug":"aparat-de-colectare-deseurilor-din-plastic-greeny-inox","status":"publish","type":"product","link":"https:\/\/toreco.md\/ru\/product\/dupa-tip\/utilaje-pentru-deseuri\/prese-de-balotat\/aparat-de-colectare-deseurilor-din-plastic-greeny-inox\/","title":{"rendered":"\u0423\u0441\u0442\u0440\u043e\u0439\u0441\u0442\u0432\u043e \u0434\u043b\u044f \u0441\u0431\u043e\u0440\u0430 \u043f\u043b\u0430\u0441\u0442\u0438\u043a\u043e\u0432\u044b\u0445 \u043e\u0442\u0445\u043e\u0434\u043e\u0432, RVM, Greeny Inox"},"content":{"rendered":"<p><iframe loading=\"lazy\" width=\"640\" height=\"360\" src=\"https:\/\/www.youtube.com\/embed\/MA58fAdeWH8\" title=\"[TORECO]: Responsabilitate Sociala\" frameborder=\"0\" allow=\"accelerometer; autoplay; clipboard-write; encrypted-media; gyroscope; picture-in-picture; web-share\" allowfullscreen><\/iframe><\/p>\n<p>&nbsp;<\/p>\n<p style=\"text-align: center;\"><strong>\u041f\u0440\u043e\u0442\u0435\u0441\u0442\u0438\u0440\u0443\u0439\u0442\u0435 \u0431\u0435\u0441\u043f\u043b\u0430\u0442\u043d\u043e!<\/strong><\/p>\n<hr \/>\n<p style=\"text-align: center;\">\u0412\u044b \u043c\u043e\u0436\u0435\u0442\u0435 \u0443\u0441\u0442\u0430\u043d\u043e\u0432\u0438\u0442\u044c \u0430\u043f\u043f\u0430\u0440\u0430\u0442 \u0434\u043b\u044f \u0441\u0431\u043e\u0440\u0430 \u043f\u043b\u0430\u0441\u0442\u0438\u043a\u043e\u0432\u044b\u0445 \u043e\u0442\u0445\u043e\u0434\u043e\u0432 \u043d\u0430 \u0441\u0432\u043e\u0435\u0439 \u043b\u043e\u043a\u0430\u0446\u0438\u0438, \u0447\u0442\u043e\u0431\u044b \u043b\u0438\u0447\u043d\u043e \u043e\u0446\u0435\u043d\u0438\u0442\u044c \u0435\u0433\u043e \u043f\u0440\u0435\u0438\u043c\u0443\u0449\u0435\u0441\u0442\u0432\u0430.<\/p>\n<p>&#8211; O priz\u0103 func\u021bional\u0103 este tot de ce este nevoie pentru a \u00eencepe Testarea!<br \/>\n&#8211; Perioad\u0103 de testare: GRATUIT\u0102 f\u0103r\u0103 riscuri \u0219i f\u0103r\u0103 obliga\u021bii!<br \/>\n&#8211; Contacta\u021bi-ne pentru mai multe detalii<\/p>\n<p><strong>\u042d\u0442\u0430\u043f\u044b \u0442\u0435\u0441\u0442\u0438\u0440\u043e\u0432\u0430\u043d\u0438\u044f:<\/strong><br \/>\nLIVRARE &#8211; livr\u0103m aparatul de colectare a de\u0219eurilor din plastic acolo unde este nevoie de el.<br \/>\nINSTALARE &#8211; Instalarea complet\u0103 a sistemului \u015fi testarea lui \u00een loca\u0163ia clientului<br \/>\n\u0412\u041d\u0415\u0414\u0420\u0415\u041d\u0418\u0415 \u2013 \u0432\u043d\u0435\u0448\u043d\u044f\u044f \u043a\u0430\u0441\u0442\u043e\u043c\u0438\u0437\u0430\u0446\u0438\u044f (\u0432 \u0441\u043b\u0443\u0447\u0430\u0435 \u0430\u0440\u0435\u043d\u0434\u044b \u0438\u043b\u0438 \u043f\u043e\u043a\u0443\u043f\u043a\u0438), \u0442\u0435\u0441\u0442\u0438\u0440\u043e\u0432\u0430\u043d\u0438\u0435 \u0438 \u0438\u043d\u0442\u0435\u0433\u0440\u0430\u0446\u0438\u044f \u043a\u043e\u043d\u0444\u0438\u0433\u0443\u0440\u0430\u0446\u0438\u0438 \u0440\u0430\u0431\u043e\u0442\u044b \u0430\u043f\u043f\u0430\u0440\u0430\u0442\u0430, \u0434\u043e\u0441\u0442\u0443\u043f \u043a \u0441\u0442\u0430\u0442\u0438\u0441\u0442\u0438\u043a\u0435, \u0443\u0434\u0430\u043b\u0451\u043d\u043d\u044b\u0439 \u0434\u043e\u0441\u0442\u0443\u043f \u0438 \u0434\u0440.<br \/>\nTRAINING &#8211; Instruirea angaja\u0163ilor \u015fi a administratorilor la sediul clientului<br \/>\nMENTENAN\u021a\u0102 &#8211; Service gratuit pe toata perioada de testare<\/p>\n<p>&nbsp;<\/p>\n<p>\u0423\u0441\u0442\u0440\u043e\u0439\u0441\u0442\u0432\u043e \u0434\u043b\u044f \u0441\u0431\u043e\u0440\u0430, \u043f\u0435\u0440\u0435\u0440\u0430\u0431\u043e\u0442\u043a\u0438 \u0438 \u0443\u043c\u0435\u043d\u044c\u0448\u0435\u043d\u0438\u044f \u043e\u0431\u044a\u0435\u043c\u0430 \u043e\u0442\u0445\u043e\u0434\u043e\u0432 \/ \u041f\u042d\u0422 (\u043f\u043b\u0430\u0441\u0442\u0438\u043a\u043e\u0432\u044b\u0445) \u0431\u0443\u0442\u044b\u043b\u043e\u043a \u0434\u043e 90%.  \u041d\u043e\u0432\u044b\u0439 \u0441\u043f\u043e\u0441\u043e\u0431 \u0441\u044d\u043a\u043e\u043d\u043e\u043c\u0438\u0442\u044c \u043d\u0430 \u043f\u0440\u043e\u0434\u0443\u043a\u0442\u0430\u0445 \u0438 \u0443\u0441\u043b\u0443\u0433\u0430\u0445 \u0440\u044f\u0434\u043e\u043c \u0441 \u0432\u0430\u043c\u0438 \u0447\u0435\u0440\u0435\u0437 \u0441\u0438\u0441\u0442\u0435\u043c\u0443 \u043a\u0443\u043f\u043e\u043d\u043e\u0432 \/ \u0441\u043a\u0438\u0434\u043e\u043a, \u0440\u0435\u043a\u043b\u0430\u043c\u0438\u0440\u0443\u0435\u043c\u0443\u044e \u043c\u0430\u0433\u0430\u0437\u0438\u043d\u0430\u043c\u0438.<br \/>\n\u041d\u043e\u0432\u044b\u0439 \u0438\u043d\u0441\u0442\u0440\u0443\u043c\u0435\u043d\u0442 \u0434\u043b\u044f \u044d\u043a\u043e\u043b\u043e\u0433\u0438\u0447\u0435\u0441\u043a\u043e\u0433\u043e \u043c\u0430\u0440\u043a\u0435\u0442\u0438\u043d\u0433\u0430 \u0438 \u044d\u043a\u043e\u043b\u043e\u0433\u0438\u0447\u0435\u0441\u043a\u043e\u0439 \u044d\u0442\u0438\u043a\u0438, \u0438\u043d\u0441\u0442\u0440\u0443\u043c\u0435\u043d\u0442 \u0434\u043b\u044f \u0432\u043e\u0432\u043b\u0435\u0447\u0435\u043d\u0438\u044f \u0438 \u043e\u0431\u0443\u0447\u0435\u043d\u0438\u044f \u0432 \u043f\u043e\u043b\u044c\u0437\u0443 \u043e\u043a\u0440\u0443\u0436\u0430\u044e\u0449\u0435\u0439 \u0441\u0440\u0435\u0434\u044b, \u043f\u0435\u0440\u0435\u0440\u0430\u0431\u043e\u0442\u043a\u0438 \u041f\u042d\u0422-\u0431\u0443\u0442\u044b\u043b\u043e\u043a (\u0434\u0440\u0430\u0433\u043e\u0446\u0435\u043d\u043d\u044b\u0445 \u043c\u0430\u0442\u0435\u0440\u0438\u0430\u043b\u043e\u0432) \u0438 \u0441\u043e\u043a\u0440\u0430\u0449\u0435\u043d\u0438\u044f \u0432\u044b\u0431\u0440\u043e\u0441\u043e\u0432 CO2.<br \/>\n\u041f\u0440\u043e\u0441\u0442\u043e\u0435 \u0434\u0435\u0439\u0441\u0442\u0432\u0438\u0435, \u043a\u043e\u0442\u043e\u0440\u043e\u0435 \u043f\u043e\u0437\u0432\u043e\u043b\u044f\u0435\u0442 \u043f\u043e\u043b\u044c\u0437\u043e\u0432\u0430\u0442\u0435\u043b\u044e \u0432\u044b\u0431\u0438\u0440\u0430\u0442\u044c \u043b\u0443\u0447\u0448\u0438\u0435 \u043f\u0440\u0435\u0434\u043b\u043e\u0436\u0435\u043d\u0438\u044f \u0440\u044f\u0434\u043e\u043c \u0441 \u0435\u0433\u043e \u0434\u043e\u043c\u043e\u043c, \u0447\u0442\u043e \u043e\u0431\u0435\u0441\u043f\u0435\u0447\u0438\u0432\u0430\u0435\u0442 \u0431\u0435\u0437\u043e\u043f\u0430\u0441\u043d\u0443\u044e \u0438 \u043d\u0435\u043c\u0435\u0434\u043b\u0435\u043d\u043d\u0443\u044e \u044d\u043a\u043e\u043d\u043e\u043c\u0438\u044e.  \u042d\u0442\u043e\u0442 \u0441\u0442\u0438\u043c\u0443\u043b \u0441\u043e\u0437\u0434\u0430\u0435\u0442 \u0433\u0430\u0440\u0430\u043d\u0442\u0438\u0440\u043e\u0432\u0430\u043d\u043d\u044b\u0439 \u0438 \u043e\u0447\u0435\u0432\u0438\u0434\u043d\u044b\u0439 \u0440\u043e\u0441\u0442 \u043f\u043e\u0441\u0435\u0449\u0430\u0435\u043c\u043e\u0441\u0442\u0438, \u043b\u043e\u044f\u043b\u044c\u043d\u043e\u0441\u0442\u0438 \u0438 \u0440\u043e\u0441\u0442\u0430 \u043f\u0440\u043e\u0434\u0430\u0436, \u0430 \u0442\u0430\u043a\u0436\u0435 \u043c\u043e\u0442\u0438\u0432\u0430\u0446\u0438\u0438 \u043f\u043e\u043b\u044c\u0437\u043e\u0432\u0430\u0442\u0435\u043b\u0435\u0439.<br \/>\n\u0418\u0434\u0435\u0430\u043b\u044c\u043d\u043e \u043f\u043e\u0434\u0445\u043e\u0434\u0438\u0442 \u0434\u043b\u044f \u0441\u0443\u043f\u0435\u0440\u043c\u0430\u0440\u043a\u0435\u0442\u043e\u0432, \u0442\u043e\u0440\u0433\u043e\u0432\u044b\u0445 \u0446\u0435\u043d\u0442\u0440\u043e\u0432, \u0441\u0442\u043e\u043b\u043e\u0432\u044b\u0445 \u043a\u043e\u043b\u043b\u0435\u043a\u0442\u0438\u0432\u043d\u043e\u0433\u043e \u043f\u0438\u0442\u0430\u043d\u0438\u044f, \u043e\u0431\u0449\u0435\u0441\u0442\u0432\u0435\u043d\u043d\u044b\u0445 \u043c\u0435\u0441\u0442, \u043c\u0435\u0440\u043e\u043f\u0440\u0438\u044f\u0442\u0438\u0439 \u0438 \u0432\u044b\u0441\u0442\u0430\u0432\u043e\u043a \u0438 \u0442. \u0434<\/p>\n<p>Compactare &#038; Design<br \/>\nIntegrarea tehnologiilor \u0219i spa\u021biilor de promovare \u0219i publicitate &#8211; Marketing Ecologic.<br \/>\n\u041d\u0435\u043c\u0435\u0434\u043b\u0435\u043d\u043d\u0430\u044f \u044d\u043a\u043e\u043d\u043e\u043c\u0438\u044f \u0432 \u043e\u0431\u044a\u0435\u043c\u0435 \u043e\u0442\u0445\u043e\u0434\u043e\u0432 \u0441 \u043f\u043e\u0441\u043b\u0435\u0434\u0443\u044e\u0449\u0435\u0439 \u041f\u0440\u044f\u043c\u043e\u0439 \u044d\u043a\u043e\u043d\u043e\u043c\u0438\u0435\u0439 \u043d\u0430 \u0437\u0430\u0442\u0440\u0430\u0442\u0430\u0445 \u043d\u0430 \u0445\u0440\u0430\u043d\u0435\u043d\u0438\u0435 \u0438 \u043e\u0431\u0440\u0430\u0431\u043e\u0442\u043a\u0443.<br \/>\n\u041f\u0440\u043e\u0441\u0442\u043e\u0442\u0430 \u043e\u0431\u0443\u0447\u0435\u043d\u0438\u044f \u0432 \u0438\u0441\u043f\u043e\u043b\u044c\u0437\u043e\u0432\u0430\u043d\u0438\u0438 \u0431\u043b\u0430\u0433\u043e\u0434\u0430\u0440\u044f \u0440\u0430\u0437\u043b\u0438\u0447\u043d\u044b\u043c \u043c\u0435\u0445\u0430\u043d\u0438\u0437\u043c\u0430\u043c \u043b\u043e\u044f\u043b\u044c\u043d\u043e\u0441\u0442\u0438, \u0441\u0442\u0438\u043c\u0443\u043b\u044f\u0446\u0438\u0438, \u043c\u043e\u0442\u0438\u0432\u0430\u0446\u0438\u0438 \u0438 \u0438\u043d\u0444\u043e\u0440\u043c\u0430\u0446\u0438\u0438.<\/p>\n<p>T\u0435\u0445\u043d\u0438\u0447\u0435\u0441\u043a\u0438\u0435 \u0445\u0430\u0440\u0430\u043a\u0442\u0435\u0440\u0438\u0441\u0442\u0438\u043a\u0438:<br \/>\n\u0425\u0440\u0430\u043d\u0435\u043d\u0438\u0435 \u043e\u043a\u043e\u043b\u043e 820 \u043b\u0438\u0442\u0440\u043e\u0432<br \/>\n\u0428\u0438\u0440\u0438\u043d\u0430 1140 \u043c\u043c<br \/>\n\u0413\u043b\u0443\u0431\u0438\u043d\u0430 800 \u043c\u043c<br \/>\n\u0412\u044b\u0441\u043e\u0442\u0430 1140 \u043c\u043c<br \/>\n\u0412\u0435\u0441 250 \u041a\u0433<br \/>\n\u0423\u043c\u0435\u043d\u044c\u0448\u0435\u043d\u0438\u0435 \u041e\u0431\u044a\u0435\u043c\u0430.  3\/5 \u0440\u0430\u0437 vol. \u043f\u0435\u0440\u0432\u043e\u043d\u0430\u0447\u0430\u043b\u044c\u043d\u043e. \u0414\u043e 90% \u0432\u0441\u0435.<br \/>\n\u0418\u0441\u0442\u043e\u0447\u043d\u0438\u043a \u043f\u0438\u0442\u0430\u043d\u0438\u044f 220 \u0412 \/ 50 \u0413\u0446<br \/>\n\u041f\u043e\u0442\u0440\u0435\u0431\u043b\u0435\u043d\u0438\u0435 0,21 \u0412\u0442 \u0440\u0435\u0436\u0438\u043c \u043e\u0436\u0438\u0434\u0430\u043d\u0438\u044f (\u0432 \u0440\u0435\u0436\u0438\u043c\u0435 \u043e\u0436\u0438\u0434\u0430\u043d\u0438\u044f), 0,75 \u043a\u0412\u0442 \/ \u0447 (\u0446\u0438\u043a\u043b \u0443\u043f\u043b\u043e\u0442\u043d\u0435\u043d\u0438\u044f \u043a\u0430\u043a 10 \u0441\u0435\u043a)<br \/>\n\u0423\u0440\u043e\u0432\u0435\u043d\u044c \u0448\u0443\u043c &lt; 70 \u0434\u0411 < 70 dB  \n<\/p>","protected":false},"excerpt":{"rendered":"<p>\u0423\u0441\u0442\u0440\u043e\u0439\u0441\u0442\u0432\u043e \u0434\u043b\u044f \u0441\u0431\u043e\u0440\u0430, \u043f\u0435\u0440\u0435\u0440\u0430\u0431\u043e\u0442\u043a\u0438 \u0438 \u0443\u043c\u0435\u043d\u044c\u0448\u0435\u043d\u0438\u044f \u043e\u0431\u044a\u0435\u043c\u0430 \u043e\u0442\u0445\u043e\u0434\u043e\u0432 \/ \u041f\u042d\u0422 (\u043f\u043b\u0430\u0441\u0442\u0438\u043a\u043e\u0432\u044b\u0445) \u0431\u0443\u0442\u044b\u043b\u043e\u043a \u0434\u043e 90% \u0441 \u0446\u0438\u0444\u0440\u043e\u0432\u043e\u0439 \u0441\u0435\u043d\u0441\u043e\u0440\u043d\u043e\u0439 \u0441\u0438\u0441\u0442\u0435\u043c\u043e\u0439 \u0434\u043b\u044f \u0432\u044b\u0431\u043e\u0440\u0430 \u0430\u043a\u0446\u0438\u0438.  \u041d\u043e\u0432\u044b\u0439 \u0441\u043f\u043e\u0441\u043e\u0431 \u0441\u044d\u043a\u043e\u043d\u043e\u043c\u0438\u0442\u044c \u043d\u0430 \u043f\u0440\u043e\u0434\u0443\u043a\u0442\u0430\u0445 \u0438 \u0443\u0441\u043b\u0443\u0433\u0430\u0445 \u0440\u044f\u0434\u043e\u043c \u0441 \u0432\u0430\u043c\u0438 \u0447\u0435\u0440\u0435\u0437 \u0441\u0438\u0441\u0442\u0435\u043c\u0443 \u043a\u0443\u043f\u043e\u043d\u043e\u0432 \/ \u0441\u043a\u0438\u0434\u043e\u043a, \u0440\u0435\u043a\u043b\u0430\u043c\u0438\u0440\u0443\u0435\u043c\u0443\u044e \u043c\u0430\u0433\u0430\u0437\u0438\u043d\u0430\u043c\u0438.<\/p>","protected":false},"featured_media":12568,"comment_status":"closed","ping_status":"closed","template":"","meta":[],"product_cat":[108,45,34,42,44,43,40,46,107],"product_tag":[],"class_list":["post-12567","product","type-product","status-publish","has-post-thumbnail","hentry","product_cat-prese-de-balotat","product_cat-industria-auto","product_cat-hotel","product_cat-industria-de-producere-si-prelucrare","product_cat-institutii-de-invatamint","product_cat-medicina","product_cat-restaurant-si-bucatarie","product_cat-sport-si-fitness","product_cat-utilaje-pentru-deseuri","pa_brand-toreco"],"_links":{"self":[{"href":"https:\/\/toreco.md\/ru\/wp-json\/wp\/v2\/product\/12567","targetHints":{"allow":["GET"]}}],"collection":[{"href":"https:\/\/toreco.md\/ru\/wp-json\/wp\/v2\/product"}],"about":[{"href":"https:\/\/toreco.md\/ru\/wp-json\/wp\/v2\/types\/product"}],"replies":[{"embeddable":true,"href":"https:\/\/toreco.md\/ru\/wp-json\/wp\/v2\/comments?post=12567"}],"wp:featuredmedia":[{"embeddable":true,"href":"https:\/\/toreco.md\/ru\/wp-json\/wp\/v2\/media\/12568"}],"wp:attachment":[{"href":"https:\/\/toreco.md\/ru\/wp-json\/wp\/v2\/media?parent=12567"}],"wp:term":[{"taxonomy":"product_cat","embeddable":true,"href":"https:\/\/toreco.md\/ru\/wp-json\/wp\/v2\/product_cat?post=12567"},{"taxonomy":"product_tag","embeddable":true,"href":"https:\/\/toreco.md\/ru\/wp-json\/wp\/v2\/product_tag?post=12567"}],"curies":[{"name":"wp","href":"https:\/\/api.w.org\/{rel}","templated":true}]}}