{"id":12541,"date":"2023-06-20T14:02:47","date_gmt":"2023-06-20T11:02:47","guid":{"rendered":"https:\/\/toreco.md\/?post_type=product&#038;p=12541"},"modified":"2025-05-27T14:50:23","modified_gmt":"2025-05-27T11:50:23","slug":"ttd20-uscator-rufe-profesional-electric-20kg","status":"publish","type":"product","link":"https:\/\/toreco.md\/ru\/product\/dupa-tip\/utilaje-pentru-curatenie\/masini-de-spalat\/ttd20-uscator-rufe-profesional-electric-20kg\/","title":{"rendered":"TTD20, \u041f\u0440\u043e\u0444\u0435\u0441\u0441\u0438\u043e\u043d\u0430\u043b\u044c\u043d\u0430\u044f \u044d\u043b\u0435\u043a\u0442\u0440\u0438\u0447\u0435\u0441\u043a\u0430\u044f \u0441\u0443\u0448\u0438\u043b\u043a\u0430 \u0434\u043b\u044f \u0431\u0435\u043b\u044c\u044f, 20 \u043a\u0433"},"content":{"rendered":"<p><iframe loading=\"lazy\" width=\"640\" height=\"360\" src=\"https:\/\/www.youtube.com\/embed\/MT_zOjd2p0k\" title=\"[Toreco]: Echipamente pentru spalatorie profesionala - ma\u0219ini de sp\u0103lat rufe, calandre, usc\u0103toare\" frameborder=\"0\" allow=\"accelerometer; autoplay; clipboard-write; encrypted-media; gyroscope; picture-in-picture; web-share\" allowfullscreen><\/iframe><\/p>\n<p>\u041f\u0440\u043e\u0444\u0435\u0441\u0441\u0438\u043e\u043d\u0430\u043b\u044c\u043d\u0430\u044f \u044d\u043b\u0435\u043a\u0442\u0440\u0438\u0447\u0435\u0441\u043a\u0430\u044f \u0441\u0443\u0448\u0438\u043b\u043a\u0430 \u0434\u043b\u044f \u0431\u0435\u043b\u044c\u044f, \u0435\u043c\u043a\u043e\u0441\u0442\u044c 20 \u043a\u0433, \u043e\u0431\u044a\u0435\u043c \u0431\u0430\u0440\u0430\u0431\u0430\u043d\u0430 422 \u043b\u0438\u0442\u0440\u0430, \u0432\u044b\u043a\u043b\u044e\u0447\u0430\u0442\u0435\u043b\u044c \u0431\u0435\u0437\u043e\u043f\u0430\u0441\u043d\u043e\u0441\u0442\u0438 \u043f\u0440\u0438 \u043e\u0442\u043a\u0440\u044b\u0442\u0438\u0438 \u0434\u0432\u0435\u0440\u0438, \u044d\u043b\u0435\u043a\u0442\u0440\u043e\u043d\u043d\u043e\u0435 \u0443\u043f\u0440\u0430\u0432\u043b\u0435\u043d\u0438\u0435 \u0432\u0440\u0435\u043c\u0435\u043d\u0435\u043c \u0438 \u0442\u0435\u043c\u043f\u0435\u0440\u0430\u0442\u0443\u0440\u043e\u0439, \u0438\u0437\u043e\u043b\u044f\u0446\u0438\u044f \u0434\u043b\u044f \u043f\u043e\u0434\u0434\u0435\u0440\u0436\u0430\u043d\u0438\u044f \u0442\u0435\u043f\u043b\u0430, \u044d\u043b\u0435\u043a\u0442\u0440\u043e\u0441\u0442\u0430\u0442\u0438\u0447\u0435\u0441\u043a\u0438 \u043e\u043a\u0440\u0430\u0448\u0435\u043d\u043d\u044b\u0435 \u0432\u043d\u0435\u0448\u043d\u0438\u0435 \u043f\u0430\u043d\u0435\u043b\u0438, \u043a\u043e\u0440\u043f\u0443\u0441 \u0438\u0437 \u043d\u0435\u0440\u0436\u0430\u0432\u0435\u044e\u0449\u0435\u0439 \u0441\u0442\u0430\u043b\u0438, \u043b\u0435\u0433\u043a\u043e \u043c\u043e\u044e\u0449\u0438\u0439\u0441\u044f \u0444\u0438\u043b\u044c\u0442\u0440, \u0434\u0432\u0435 \u0440\u0430\u0431\u043e\u0447\u0438\u0435 \u0441\u043a\u043e\u0440\u043e\u0441\u0442\u0438, \u0438\u043d\u0442\u0435\u043b\u043b\u0435\u043a\u0442\u0443\u0430\u043b\u044c\u043d\u044b\u0439 \u0441\u0432\u0435\u0442\u043e\u0432\u043e\u0439 \u0438\u043d\u0434\u0438\u043a\u0430\u0442\u043e\u0440 \u043e \u043d\u0435\u0441\u0442\u0430\u0431\u0438\u043b\u044c\u043d\u043e\u043c \u0441\u043e\u0441\u0442\u043e\u044f\u043d\u0438\u0438 \u043f\u0440\u043e\u0446\u0435\u0441\u0441\u0430 \u043c\u0430\u0448\u0438\u043d\u044b.<\/p>\n<p>\u0422\u0435\u0445\u043d\u0438\u0447\u0435\u0441\u043a\u0438\u0435 \u0425\u0430\u0440\u0430\u043a\u0442\u0435\u0440\u0438\u0441\u0442\u0438\u043a\u0438<br \/>\n\u041e\u0431\u044a\u0435\u043c \u0431\u0430\u0440\u0430\u0431\u0430\u043d\u0430: 422 \u043b\u0438\u0442\u0440\u0430<br \/>\n\u0421\u0443\u0445\u0430\u044f \u043d\u0430\u0433\u0440\u0443\u0437\u043a\u0430: 20 \u043a\u0433 (35 \u043a\u0433 \/ \u0447)<br \/>\n\u041e\u0442\u043e\u043f\u043b\u0435\u043d\u0438\u0435: \u044d\u043b\u0435\u043a\u0442\u0440\u0438\u0447\u0435\u0441\u043a\u043e\u0435<br \/>\n\u0421\u0438\u0441\u0442\u0435\u043c\u0430 \u0443\u043f\u0440\u0430\u0432\u043b\u0435\u043d\u0438\u044f: \u043f\u0440\u043e\u0433\u0440\u0430\u043c\u043c\u0438\u0440\u0443\u0435\u043c\u043e\u0435 \u0430\u0432\u0442\u043e\u043c\u0430\u0442\u0438\u0447\u0435\u0441\u043a\u043e\u0435 \u0443\u043f\u0440\u0430\u0432\u043b\u0435\u043d\u0438\u0435<br \/>\n\u0414\u0432\u0438\u0433\u0430\u0442\u0435\u043b\u044c: 0,55 \u043a\u0412\u0442<br \/>\n\u041c\u043e\u0449\u043d\u043e\u0441\u0442\u044c \u044d\u043b\u0435\u043a\u0442\u0440\u0438\u0447\u0435\u0441\u043a\u043e\u0433\u043e \u043d\u0430\u0433\u0440\u0435\u0432\u0430: 20,4 \u043a\u0412\u0442<br \/>\n\u041c\u043e\u0449\u043d\u043e\u0441\u0442\u044c \u0432\u0435\u043d\u0442\u0438\u043b\u044f\u0442\u043e\u0440\u0430: 1,1 \u043a\u0412\u0442<br \/>\n\u0412\u0435\u0441: 435 \u043a\u0433<br \/>\n\u0420\u0430\u0437\u043c\u0435\u0440\u044b (\u0414\u0445\u0428\u0445\u0412): 1116 x 1382 x 1971 \u043c\u043c<\/p>\n<p>\u0424\u0443\u043d\u043a\u0446\u0438\u0438 \u0438 \u043f\u0440\u0435\u0438\u043c\u0443\u0449\u0435\u0441\u0442\u0432\u0430<br \/>\nSpa\u021biu minim &#8211; Mai multe usc\u0103toare adiacente pot fi utilizate pe m\u0103sur\u0103 ce spa\u021biul necesar u\u0219ii batante este eliminat.<br \/>\nErgonomic &#8211; U\u0219or de \u00eendep\u0103rtat scamele formate \u00een timpul procesului, filtrele de aer sunt u\u0219or de accesat.<br \/>\nInteligent &#8211; Prezentare instantanee a st\u0103rii ma\u0219inii cu indicatorul luminos inteligent.<br \/>\nRapid &#8211;  Desc\u0103rcare rapid\u0103 \u0219i utilizare u\u0219oar\u0103 \u00een spa\u021bii \u00eenguste cu u\u0219i glisante.<br \/>\nEficient &#8211; Mai mult\u0103 c\u0103ldur\u0103 transferat\u0103 \u00een aerul de uscare cu suprafa\u021ba mare de transfer special conceput\u0103 \u0219i bobinele de abur.<\/p>\n<p>\u042d\u043b\u0435\u043a\u0442\u0440\u0438\u0447\u0435\u0441\u043a\u0430\u044f, \u043f\u0430\u0440\u043e\u0432\u0430\u044f \u0438\u043b\u0438 \u0433\u0430\u0437\u043e\u0432\u0430\u044f \u0441\u0438\u0441\u0442\u0435\u043c\u0430 \u043e\u0442\u043e\u043f\u043b\u0435\u043d\u0438\u044f<br \/>\n\u0411\u0430\u0440\u0430\u0431\u0430\u043d \u0438\u0437 \u043d\u0435\u0440\u0436\u0430\u0432\u0435\u044e\u0449\u0435\u0439 \u0441\u0442\u0430\u043b\u0438<br \/>\n\u041f\u043e\u0441\u0442\u043e\u044f\u043d\u043d\u043e\u0435\/ \u0434\u0432\u0443\u0441\u0442\u043e\u0440\u043e\u043d\u043d\u0435\u0435 \u0432\u0440\u0430\u0449\u0435\u043d\u0438\u0435<\/p>\n<p>\u0421\u0432\u044f\u0436\u0438\u0442\u0435\u0441\u044c \u0441 \u043d\u0430\u043c\u0438 \u0434\u043b\u044f \u043f\u043e\u043b\u0443\u0447\u0435\u043d\u0438\u044f \u0431\u043e\u043b\u0435\u0435 \u043f\u043e\u0434\u0440\u043e\u0431\u043d\u043e\u0439 \u0438\u043d\u0444\u043e\u0440\u043c\u0430\u0446\u0438\u0438<\/p>","protected":false},"excerpt":{"rendered":"<p><strong>\u0414\u043e\u0441\u0442\u0443\u043f\u043d\u043e \u043d\u0430 \u0437\u0430\u043a\u0430\u0437<\/strong><\/p>\n<p>\u041f\u0440\u043e\u0444\u0435\u0441\u0441\u0438\u043e\u043d\u0430\u043b\u044c\u043d\u0430\u044f \u044d\u043b\u0435\u043a\u0442\u0440\u0438\u0447\u0435\u0441\u043a\u0430\u044f \u0441\u0443\u0448\u0438\u043b\u043a\u0430 \u0434\u043b\u044f \u0431\u0435\u043b\u044c\u044f, \u0435\u043c\u043a\u043e\u0441\u0442\u044c 20 \u043a\u0433, \u043e\u0431\u044a\u0435\u043c \u0431\u0430\u0440\u0430\u0431\u0430\u043d\u0430 422 \u043b\u0438\u0442\u0440\u0430, \u0432\u044b\u043a\u043b\u044e\u0447\u0430\u0442\u0435\u043b\u044c \u0431\u0435\u0437\u043e\u043f\u0430\u0441\u043d\u043e\u0441\u0442\u0438 \u043f\u0440\u0438 \u043e\u0442\u043a\u0440\u044b\u0442\u0438\u0438 \u0434\u0432\u0435\u0440\u0438, \u044d\u043b\u0435\u043a\u0442\u0440\u043e\u043d\u043d\u043e\u0435 \u0443\u043f\u0440\u0430\u0432\u043b\u0435\u043d\u0438\u0435 \u0432\u0440\u0435\u043c\u0435\u043d\u0435\u043c \u0438 \u0442\u0435\u043c\u043f\u0435\u0440\u0430\u0442\u0443\u0440\u043e\u0439, \u0438\u0437\u043e\u043b\u044f\u0446\u0438\u044f \u0434\u043b\u044f \u043f\u043e\u0434\u0434\u0435\u0440\u0436\u0430\u043d\u0438\u044f \u0442\u0435\u043f\u043b\u0430, \u044d\u043b\u0435\u043a\u0442\u0440\u043e\u0441\u0442\u0430\u0442\u0438\u0447\u0435\u0441\u043a\u0438 \u043e\u043a\u0440\u0430\u0448\u0435\u043d\u043d\u044b\u0435 \u0432\u043d\u0435\u0448\u043d\u0438\u0435 \u043f\u0430\u043d\u0435\u043b\u0438, \u043a\u043e\u0440\u043f\u0443\u0441 \u0438\u0437 \u043d\u0435\u0440\u0436\u0430\u0432\u0435\u044e\u0449\u0435\u0439 \u0441\u0442\u0430\u043b\u0438, \u043b\u0435\u0433\u043a\u043e \u043c\u043e\u044e\u0449\u0438\u0439\u0441\u044f \u0444\u0438\u043b\u044c\u0442\u0440, \u0434\u0432\u0435 \u0440\u0430\u0431\u043e\u0447\u0438\u0435 \u0441\u043a\u043e\u0440\u043e\u0441\u0442\u0438, \u0438\u043d\u0442\u0435\u043b\u043b\u0435\u043a\u0442\u0443\u0430\u043b\u044c\u043d\u044b\u0439 \u0441\u0432\u0435\u0442\u043e\u0432\u043e\u0439 \u0438\u043d\u0434\u0438\u043a\u0430\u0442\u043e\u0440 \u043e \u043d\u0435\u0441\u0442\u0430\u0431\u0438\u043b\u044c\u043d\u043e\u043c \u0441\u043e\u0441\u0442\u043e\u044f\u043d\u0438\u0438 \u043f\u0440\u043e\u0446\u0435\u0441\u0441\u0430 \u043c\u0430\u0448\u0438\u043d\u044b.<\/p>","protected":false},"featured_media":12542,"comment_status":"closed","ping_status":"closed","template":"","meta":[],"product_cat":[293,34,43,40,41,46,109],"product_tag":[294],"class_list":["post-12541","product","type-product","status-publish","has-post-thumbnail","hentry","product_cat-masini-de-spalat","product_cat-hotel","product_cat-medicina","product_cat-restaurant-si-bucatarie","product_cat-servicii-de-curatenie","product_cat-sport-si-fitness","product_cat-utilaje-pentru-curatenie","product_tag-masina-profesionala-de-spalat","pa_brand-toreco"],"_links":{"self":[{"href":"https:\/\/toreco.md\/ru\/wp-json\/wp\/v2\/product\/12541","targetHints":{"allow":["GET"]}}],"collection":[{"href":"https:\/\/toreco.md\/ru\/wp-json\/wp\/v2\/product"}],"about":[{"href":"https:\/\/toreco.md\/ru\/wp-json\/wp\/v2\/types\/product"}],"replies":[{"embeddable":true,"href":"https:\/\/toreco.md\/ru\/wp-json\/wp\/v2\/comments?post=12541"}],"wp:featuredmedia":[{"embeddable":true,"href":"https:\/\/toreco.md\/ru\/wp-json\/wp\/v2\/media\/12542"}],"wp:attachment":[{"href":"https:\/\/toreco.md\/ru\/wp-json\/wp\/v2\/media?parent=12541"}],"wp:term":[{"taxonomy":"product_cat","embeddable":true,"href":"https:\/\/toreco.md\/ru\/wp-json\/wp\/v2\/product_cat?post=12541"},{"taxonomy":"product_tag","embeddable":true,"href":"https:\/\/toreco.md\/ru\/wp-json\/wp\/v2\/product_tag?post=12541"}],"curies":[{"name":"wp","href":"https:\/\/api.w.org\/{rel}","templated":true}]}}