{"id":12383,"date":"2023-05-22T14:20:14","date_gmt":"2023-05-22T11:20:14","guid":{"rendered":"https:\/\/toreco.md\/?post_type=product&#038;p=12383"},"modified":"2025-05-27T14:50:43","modified_gmt":"2025-05-27T11:50:43","slug":"twe15-masina-de-spalat-profesionala-15kg","status":"publish","type":"product","link":"https:\/\/toreco.md\/ru\/product\/dupa-tip\/utilaje-pentru-curatenie\/masini-de-spalat\/twe15-masina-de-spalat-profesionala-15kg\/","title":{"rendered":"TWE15, \u043f\u0440\u043e\u0444\u0435\u0441\u0441\u0438\u043e\u043d\u0430\u043b\u044c\u043d\u0430\u044f \u0441\u0442\u0438\u0440\u0430\u043b\u044c\u043d\u0430\u044f \u043c\u0430\u0448\u0438\u043d\u0430, 15 \u043a\u0433"},"content":{"rendered":"<p><iframe loading=\"lazy\" width=\"640\" height=\"360\" src=\"https:\/\/www.youtube.com\/embed\/MT_zOjd2p0k\" title=\"[Toreco]: Echipamente pentru spalatorie profesionala - ma\u0219ini de sp\u0103lat rufe, calandre, usc\u0103toare\" frameborder=\"0\" allow=\"accelerometer; autoplay; clipboard-write; encrypted-media; gyroscope; picture-in-picture; web-share\" allowfullscreen><\/iframe><\/p>\n<p>\u0421\u0442\u0438\u0440\u0430\u043b\u044c\u043d\u0430\u044f \u043c\u0430\u0448\u0438\u043d\u0430 \u0441 \u0432\u044b\u0441\u043e\u043a\u0438\u043c \u0432\u0440\u0430\u0449\u0435\u043d\u0438\u0435\u043c \u0441 \u0434\u0435\u043c\u043f\u0444\u0438\u0440\u043e\u0432\u0430\u043d\u0438\u0435\u043c, TWE15. \u041d\u0435 \u0442\u0440\u0435\u0431\u0443\u0435\u0442 \u0430\u043d\u043a\u0435\u0440\u043e\u0432\u043a\u0438 \u043f\u043e\u043b\u0430. \u041f\u0440\u043e\u0433\u0440\u0430\u043c\u043c\u0438\u0440\u0443\u0435\u043c\u044b\u0439 \u0441 \u0430\u0432\u0442\u043e\u043c\u0430\u0442\u0438\u0447\u0435\u0441\u043a\u0438\u043c \u0443\u043f\u0440\u0430\u0432\u043b\u0435\u043d\u0438\u0435\u043c \u0438 \u043f\u0435\u0440\u0435\u0434\u0430\u0447\u0435\u0439 \/ \u043a\u043e\u043f\u0438\u0440\u043e\u0432\u0430\u043d\u0438\u0435\u043c \u043f\u0440\u043e\u0433\u0440\u0430\u043c\u043c \u043d\u0430 USB-\u043d\u0430\u043a\u043e\u043f\u0438\u0442\u0435\u043b\u044c. \u041e\u0431\u0437\u043e\u0440 \u0440\u0430\u0431\u043e\u0447\u0435\u0433\u043e \u0441\u043e\u0441\u0442\u043e\u044f\u043d\u0438\u044f, \u043e\u043f\u0438\u0441\u0430\u043d\u043d\u044b\u0439 \u0443\u043c\u043d\u044b\u043c \u0441\u0432\u0435\u0442\u043e\u0434\u0438\u043e\u0434\u043e\u043c. \u041e\u043d\u0438 \u043f\u043e\u0437\u0432\u043e\u043b\u044f\u044e\u0442 \u043b\u0435\u0433\u043a\u043e \u0437\u0430\u0433\u0440\u0443\u0436\u0430\u0442\u044c \u0438 \u0432\u044b\u0433\u0440\u0443\u0436\u0430\u0442\u044c \u0431\u0435\u043b\u044c\u0435 \u0431\u043b\u0430\u0433\u043e\u0434\u0430\u0440\u044f \u044d\u0440\u0433\u043e\u043d\u043e\u043c\u0438\u0447\u043d\u043e\u0439 \u0441\u0438\u0441\u0442\u0435\u043c\u0435 \u0437\u0430\u043a\u0440\u044b\u0442\u0438\u044f. \u0423\u043c\u043d\u0430\u044f \u043f\u043e\u0434\u0432\u0435\u0441\u043a\u0430. \u041f\u043e\u0434\u0445\u043e\u0434\u0438\u0442 \u0434\u043b\u044f \u0441\u0438\u0441\u0442\u0435\u043c \u0434\u043e\u0437\u0438\u0440\u043e\u0432\u0430\u043d\u0438\u044f.<\/p>\n<p>\u0422\u0435\u0445\u043d\u0438\u0447\u0435\u0441\u043a\u0438\u0435 \u0425\u0430\u0440\u0430\u043a\u0442\u0435\u0440\u0438\u0441\u0442\u0438\u043a\u0438<br \/>\n\u041e\u0431\u044a\u0435\u043c \u0431\u0430\u0440\u0430\u0431\u0430\u043d\u0430: 153 \u043b\u0438\u0442\u0440\u0430<br \/>\n\u0421\u0443\u0445\u0430\u044f \u043d\u0430\u0433\u0440\u0443\u0437\u043a\u0430: 15 \u043a\u0433 (22.5 \u043a\u0433 \/ \u0447)<br \/>\n\u041e\u0442\u043e\u043f\u043b\u0435\u043d\u0438\u0435: \u044d\u043b\u0435\u043a\u0442\u0440\u0438\u0447\u0435\u0441\u043a\u043e\u0435 \u0438\u043b\u0438 \u043f\u0430\u0440\u043e\u0432\u043e\u0435<br \/>\n\u0421\u0438\u0441\u0442\u0435\u043c\u0430 \u0443\u043f\u0440\u0430\u0432\u043b\u0435\u043d\u0438\u044f: \u043f\u0440\u043e\u0433\u0440\u0430\u043c\u043c\u0438\u0440\u0443\u0435\u043c\u043e\u0435 \u0430\u0432\u0442\u043e\u043c\u0430\u0442\u0438\u0447\u0435\u0441\u043a\u043e\u0435 \u0443\u043f\u0440\u0430\u0432\u043b\u0435\u043d\u0438\u0435<br \/>\n\u0414\u0432\u0438\u0433\u0430\u0442\u0435\u043b\u044c: 2,2 \u043a\u0412\u0442<br \/>\n\u041c\u043e\u0449\u043d\u043e\u0441\u0442\u044c \u044d\u043b\u0435\u043a\u0442\u0440\u0438\u0447\u0435\u0441\u043a\u043e\u0433\u043e \u043d\u0430\u0433\u0440\u0435\u0432\u0430: 15 \u043a\u0412\u0442<br \/>\n\u0426\u0435\u043d\u0442\u0440\u043e\u0431\u0435\u0436\u043d\u0430\u044f \u0441\u0438\u043b\u0430: 360 \u0433<br \/>\n\u041f\u0440\u043e\u0434\u043e\u043b\u0436\u0438\u0442\u0435\u043b\u044c\u043d\u043e\u0441\u0442\u044c \u0446\u0438\u043a\u043b\u0430: 30-45 \u043c\u0438\u043d<br \/>\n\u0412\u0435\u0441: 463 \u043a\u0433<br \/>\n\u0420\u0430\u0437\u043c\u0435\u0440\u044b (\u0414\u0445\u0428\u0445\u0412): 880 x 1136 x 1710 \u043c\u043c<\/p>\n<p>\u0424\u0443\u043d\u043a\u0446\u0438\u0438 \u0438 \u043f\u0440\u0435\u0438\u043c\u0443\u0449\u0435\u0441\u0442\u0432\u0430<br \/>\nCompact &#8211; Eficien\u021b\u0103 maxim\u0103 \u00een spa\u021bii \u00eenguste datorit\u0103 dimensiunilor compacte<br \/>\nTehnologie \u00eenalt\u0103 &#8211; Configurarea \u0219i copierea rapid\u0103 \u0219i u\u0219oar\u0103 a programelor de sp\u0103lare \u0219i chimice prin porturile USB de pe ma\u0219ini.<br \/>\nInteligent &#8211; Prezentare instantanee a st\u0103rii ma\u0219inii cu indicatorul luminos inteligent.<br \/>\nU\u0219or de utilizat &#8211; Simplu \u0219i u\u0219or de utilizat de introducere a datelor de interfa\u021b\u0103 cu utilizatorul \u0219i urm\u0103rirea proceselor.<br \/>\nPractic &#8211; \u00cenc\u0103rcare \u0219i desc\u0103rcare u\u0219oar\u0103 cu u\u0219a mare de \u00eenc\u0103rcare larg\u0103 \u0219i fa\u021ba conic\u0103 a tamburului.<br \/>\nDe \u00eencredere &#8211; Un arbore de tambur de \u00eenalt\u0103 precizie, cu o durat\u0103 lung\u0103 de via\u021b\u0103.<\/p>\n<p>\u0421\u0432\u044f\u0436\u0438\u0442\u0435\u0441\u044c \u0441 \u043d\u0430\u043c\u0438 \u0434\u043b\u044f \u043f\u043e\u043b\u0443\u0447\u0435\u043d\u0438\u044f \u0431\u043e\u043b\u0435\u0435 \u043f\u043e\u0434\u0440\u043e\u0431\u043d\u043e\u0439 \u0438\u043d\u0444\u043e\u0440\u043c\u0430\u0446\u0438\u0438<\/p>","protected":false},"excerpt":{"rendered":"<p>\u0414\u043e\u0441\u0442\u0443\u043f\u043d\u043e \u043d\u0430 \u0437\u0430\u043a\u0430\u0437<\/p>\n<p>\u0421\u0442\u0438\u0440\u0430\u043b\u044c\u043d\u0430\u044f \u043c\u0430\u0448\u0438\u043d\u0430 \u0441 \u0432\u044b\u0441\u043e\u043a\u0438\u043c \u0432\u0440\u0430\u0449\u0435\u043d\u0438\u0435\u043c \u0441 \u0434\u0435\u043c\u043f\u0444\u0438\u0440\u043e\u0432\u0430\u043d\u0438\u0435\u043c, TWE15. \u041d\u0435 \u0442\u0440\u0435\u0431\u0443\u0435\u0442 \u0430\u043d\u043a\u0435\u0440\u043e\u0432\u043a\u0438 \u043f\u043e\u043b\u0430. \u041f\u0440\u043e\u0433\u0440\u0430\u043c\u043c\u0438\u0440\u0443\u0435\u043c\u044b\u0439 \u0441 \u0430\u0432\u0442\u043e\u043c\u0430\u0442\u0438\u0447\u0435\u0441\u043a\u0438\u043c \u0443\u043f\u0440\u0430\u0432\u043b\u0435\u043d\u0438\u0435\u043c \u0438 \u043f\u0435\u0440\u0435\u0434\u0430\u0447\u0435\u0439 \/ \u043a\u043e\u043f\u0438\u0440\u043e\u0432\u0430\u043d\u0438\u0435\u043c \u043f\u0440\u043e\u0433\u0440\u0430\u043c\u043c \u043d\u0430 USB-\u043d\u0430\u043a\u043e\u043f\u0438\u0442\u0435\u043b\u044c. \u041e\u0431\u0437\u043e\u0440 \u0440\u0430\u0431\u043e\u0447\u0435\u0433\u043e \u0441\u043e\u0441\u0442\u043e\u044f\u043d\u0438\u044f, \u043e\u043f\u0438\u0441\u0430\u043d\u043d\u044b\u0439 \u0443\u043c\u043d\u044b\u043c \u0441\u0432\u0435\u0442\u043e\u0434\u0438\u043e\u0434\u043e\u043c. \u041e\u043d\u0438 \u043f\u043e\u0437\u0432\u043e\u043b\u044f\u044e\u0442 \u043b\u0435\u0433\u043a\u043e \u0437\u0430\u0433\u0440\u0443\u0436\u0430\u0442\u044c \u0438 \u0432\u044b\u0433\u0440\u0443\u0436\u0430\u0442\u044c \u0431\u0435\u043b\u044c\u0435 \u0431\u043b\u0430\u0433\u043e\u0434\u0430\u0440\u044f \u044d\u0440\u0433\u043e\u043d\u043e\u043c\u0438\u0447\u043d\u043e\u0439 \u0441\u0438\u0441\u0442\u0435\u043c\u0435 \u0437\u0430\u043a\u0440\u044b\u0442\u0438\u044f. \u0423\u043c\u043d\u0430\u044f \u043f\u043e\u0434\u0432\u0435\u0441\u043a\u0430. \u041f\u043e\u0434\u0445\u043e\u0434\u0438\u0442 \u0434\u043b\u044f \u0441\u0438\u0441\u0442\u0435\u043c \u0434\u043e\u0437\u0438\u0440\u043e\u0432\u0430\u043d\u0438\u044f.<\/p>","protected":false},"featured_media":12376,"comment_status":"closed","ping_status":"closed","template":"","meta":[],"product_cat":[293,34,43,40,41,46,109],"product_tag":[294],"class_list":["post-12383","product","type-product","status-publish","has-post-thumbnail","hentry","product_cat-masini-de-spalat","product_cat-hotel","product_cat-medicina","product_cat-restaurant-si-bucatarie","product_cat-servicii-de-curatenie","product_cat-sport-si-fitness","product_cat-utilaje-pentru-curatenie","product_tag-masina-profesionala-de-spalat","pa_brand-toreco"],"_links":{"self":[{"href":"https:\/\/toreco.md\/ru\/wp-json\/wp\/v2\/product\/12383","targetHints":{"allow":["GET"]}}],"collection":[{"href":"https:\/\/toreco.md\/ru\/wp-json\/wp\/v2\/product"}],"about":[{"href":"https:\/\/toreco.md\/ru\/wp-json\/wp\/v2\/types\/product"}],"replies":[{"embeddable":true,"href":"https:\/\/toreco.md\/ru\/wp-json\/wp\/v2\/comments?post=12383"}],"wp:featuredmedia":[{"embeddable":true,"href":"https:\/\/toreco.md\/ru\/wp-json\/wp\/v2\/media\/12376"}],"wp:attachment":[{"href":"https:\/\/toreco.md\/ru\/wp-json\/wp\/v2\/media?parent=12383"}],"wp:term":[{"taxonomy":"product_cat","embeddable":true,"href":"https:\/\/toreco.md\/ru\/wp-json\/wp\/v2\/product_cat?post=12383"},{"taxonomy":"product_tag","embeddable":true,"href":"https:\/\/toreco.md\/ru\/wp-json\/wp\/v2\/product_tag?post=12383"}],"curies":[{"name":"wp","href":"https:\/\/api.w.org\/{rel}","templated":true}]}}