{"id":12353,"date":"2023-05-12T12:54:09","date_gmt":"2023-05-12T09:54:09","guid":{"rendered":"https:\/\/toreco.md\/?post_type=product&#038;p=12353"},"modified":"2024-06-25T15:24:13","modified_gmt":"2024-06-25T12:24:13","slug":"de-ink-ultra-detergent-curatare-pix-marker-clei-750-ml","status":"publish","type":"product","link":"https:\/\/toreco.md\/ru\/product\/dupa-tip\/detergenti-si-dezinfectanti-profesionali\/detergenti-speciali\/de-ink-ultra-detergent-curatare-pix-marker-clei-750-ml\/","title":{"rendered":"De-Ink Ultra, \u043c\u043e\u044e\u0449\u0435\u0435 \u0441\u0440\u0435\u0434\u0441\u0442\u0432\u043e \u0434\u043b\u044f \u043e\u0447\u0438\u0441\u0442\u043a\u0438 \u0441\u043b\u0435\u0434\u043e\u0432 \u0440\u0443\u0447\u043a\u0438, \u043c\u0430\u0440\u043a\u0435\u0440\u0430, \u043a\u043b\u0435\u044f, 750 \u043c\u043b"},"content":{"rendered":"<p>\u041e\u0431\u0435\u0437\u0436\u0438\u0440\u0438\u0432\u0430\u044e\u0449\u0435\u0435 \u043c\u043e\u044e\u0449\u0435\u0435 \u0441\u0440\u0435\u0434\u0441\u0442\u0432\u043e \u043d\u0430 \u043e\u0441\u043d\u043e\u0432\u0435 \u0440\u0430\u0441\u0442\u0432\u043e\u0440\u0438\u0442\u0435\u043b\u0435\u0439, \u0441\u043f\u0435\u0446\u0438\u0430\u043b\u044c\u043d\u043e \u043f\u0440\u0435\u0434\u043d\u0430\u0437\u043d\u0430\u0447\u0435\u043d\u043d\u043e\u0435 \u0434\u043b\u044f \u043e\u0447\u0438\u0441\u0442\u043a\u0438 \u043e\u0442 \u0441\u043b\u0435\u0434\u043e\u0432 \u0441\u0442\u0438\u0440\u043a\u0438, \u0440\u0443\u0447\u043a\u0438, \u043c\u0430\u0440\u043a\u0435\u0440\u0430, \u0447\u0435\u0440\u043d\u0438\u043b, \u0433\u0440\u0430\u0444\u0444\u0438\u0442\u0438, \u0448\u0442\u0430\u043c\u043f\u043e\u0432, \u0436\u0438\u0440\u0430, \u043a\u043b\u0435\u044f, \u0441\u043a\u043e\u0442\u0447\u0430 \u0438 \u0442. \u0434. \u0423\u0441\u043f\u0435\u0448\u043d\u043e \u043e\u0442\u0447\u0438\u0449\u0430\u0435\u0442 \u0441\u043b\u0435\u0434\u044b \u043a\u043b\u0435\u044f, \u043e\u0441\u0442\u0430\u0432\u0448\u0438\u0435\u0441\u044f \u043f\u043e\u0441\u043b\u0435 \u0443\u0434\u0430\u043b\u0435\u043d\u0438\u044f \u043d\u0430\u043a\u043b\u0435\u0435\u043a \u0438 \u043b\u0438\u043f\u043a\u0438\u0445 \u043b\u0435\u043d\u0442 (\u0441\u043a\u043e\u0442\u0447\u0430), \u0430 \u0442\u0430\u043a\u0436\u0435 \u0441\u0432\u0435\u0436\u0438\u0435 \u0441\u043b\u0435\u0434\u044b \u043a\u0440\u0430\u0441\u043a\u0438. \u041d\u0435 \u0442\u0440\u0435\u0431\u0443\u0435\u0442 \u0441\u043c\u044b\u0432\u0430\u043d\u0438\u044f, \u043f\u043e\u0441\u043b\u0435 \u043c\u044b\u0442\u044c\u044f \u043f\u043e\u0432\u0435\u0440\u0445\u043d\u043e\u0441\u0442\u044c \u0431\u044b\u0441\u0442\u0440\u043e \u0432\u044b\u0441\u044b\u0445\u0430\u0435\u0442 \u0431\u0435\u0437 \u0441\u043b\u0435\u0434\u043e\u0432. \u0420\u0435\u043a\u043e\u043c\u0435\u043d\u0434\u0443\u0435\u0442\u0441\u044f \u0434\u043b\u044f \u043f\u043b\u0430\u043d\u0430 \u043e\u0447\u0438\u0441\u0442\u043a\u0438 \u0438 \u0441\u0430\u043c\u043e\u043a\u043e\u043d\u0442\u0440\u043e\u043b\u044f H.A.C.C.P. \u041f\u0440\u043e\u0444\u0435\u0441\u0441\u0438\u043e\u043d\u0430\u043b\u044c\u043d\u044b\u0439 \u043f\u0440\u043e\u0434\u0443\u043a\u0442, \u043f\u0440\u043e\u0447\u0438\u0442\u0430\u0439\u0442\u0435 \u0442\u0435\u0445\u043d\u0438\u0447\u0435\u0441\u043a\u0438\u0439 \u043f\u0430\u0441\u043f\u043e\u0440\u0442 \u0438 \u043f\u0430\u0441\u043f\u043e\u0440\u0442 \u0431\u0435\u0437\u043e\u043f\u0430\u0441\u043d\u043e\u0441\u0442\u0438 \u043f\u0435\u0440\u0435\u0434 \u0438\u0441\u043f\u043e\u043b\u044c\u0437\u043e\u0432\u0430\u043d\u0438\u0435\u043c \u043f\u0440\u043e\u0434\u0443\u043a\u0442\u0430. 90% \u0431\u0438\u043e\u0440\u0430\u0437\u043b\u0430\u0433\u0430\u0435\u043c\u044b\u0439 \u043f\u0440\u043e\u0434\u0443\u043a\u0442.<\/p>\n<p>\u041e\u0411\u041b\u0410\u0421\u0422\u042c \u041f\u0420\u0418\u041c\u0415\u041d\u0415\u041d\u0418\u042f<br \/>\n\u0413\u043e\u0441\u0442\u0438\u043d\u0438\u0447\u043d\u044b\u0439 \u0431\u0438\u0437\u043d\u0435\u0441, \u0440\u0435\u0441\u0442\u043e\u0440\u0430\u043d\u044b, \u0441\u0442\u043e\u043b\u043e\u0432\u044b\u0435, \u043f\u0430\u043d\u0441\u0438\u043e\u043d\u0430\u0442\u044b, \u0431\u0430\u0440\u044b, \u0448\u043a\u043e\u043b\u044b, \u0431\u043e\u043b\u044c\u043d\u0438\u0446\u044b, \u0430\u0432\u0442\u043e\u0441\u0435\u0440\u0432\u0438\u0441 \u0438 \u0440\u0435\u043c\u043e\u043d\u0442, \u0442\u0438\u043f\u043e\u0433\u0440\u0430\u0444\u0438\u0438, \u0442\u0438\u043f\u043e\u0433\u0440\u0430\u0444\u0438\u0438, \u0441\u043f\u0435\u0446\u0438\u0430\u043b\u0438\u0437\u0438\u0440\u043e\u0432\u0430\u043d\u043d\u044b\u0435 \u043a\u043b\u0438\u043d\u0438\u043d\u0433\u043e\u0432\u044b\u0435 \u043a\u043e\u043c\u043f\u0430\u043d\u0438\u0438 \u0438 \u0442.\u0434.<\/p>\n<p>\u0418\u0421\u041f\u041e\u041b\u042c\u0417\u041e\u0412\u0410\u041d\u0418\u0415<br \/>\n\u041e\u0447\u0438\u0441\u0442\u043a\u0430 \u0438 \u043e\u0431\u0435\u0437\u0436\u0438\u0440\u0438\u0432\u0430\u043d\u0438\u0435 \u043f\u043e\u0432\u0435\u0440\u0445\u043d\u043e\u0441\u0442\u0435\u0439 \u0438\u0437: \u043f\u043b\u0430\u0441\u0442\u0438\u043a\u0430, \u0430\u043b\u044e\u043a\u043e\u0431\u043e\u043d\u0434\u0430, \u043f\u0432\u0445, \u043d\u0435\u0440\u0436\u0430\u0432\u0435\u044e\u0449\u0435\u0439 \u0441\u0442\u0430\u043b\u0438, \u0434\u0435\u0440\u0435\u0432\u0430, \u043b\u0438\u043d\u043e\u043b\u0435\u0443\u043c\u0430, \u043f\u0430\u0440\u043a\u0435\u0442\u0430, \u043a\u043e\u0432\u0440\u0430, \u0442\u043a\u0430\u043d\u0438, \u0442\u0435\u0442\u0440\u0430\u043f\u0430\u0440\u043a\u0435\u0442\u0430, \u043f\u043e\u043b\u043e\u0432, \u0437\u0430\u0449\u0438\u0449\u0435\u043d\u043d\u044b\u0445 \u044d\u043f\u043e\u043a\u0441\u0438\u0434\u043d\u043e\u0439 \u043a\u0440\u0430\u0441\u043a\u043e\u0439, \u0434\u0435\u0440\u0435\u0432\u044f\u043d\u043d\u043e\u0439 \u043c\u0435\u0431\u0435\u043b\u0438, \u043f\u043b\u0438\u0442\u043a\u0438, \u043f\u043b\u0438\u0442\u043a\u0438, \u0442\u0440\u0430\u0432\u0435\u0440\u0442\u0438\u043d\u0430, \u043c\u0440\u0430\u043c\u043e\u0440\u0430, \u0433\u0440\u0430\u043d\u0438\u0442\u0430, \u0441\u0442\u0435\u043a\u043b\u044f\u043d\u043d\u044b\u0445 \u043f\u043e\u0432\u0435\u0440\u0445\u043d\u043e\u0441\u0442\u0435\u0439 , \u0441\u0430\u043b\u043e\u043d\u044b \u0430\u0432\u0442\u043e\u043c\u043e\u0431\u0438\u043b\u0435\u0439, \u043d\u0435\u0440\u0436\u0430\u0432\u0435\u044e\u0449\u0430\u044f \u0441\u0442\u0430\u043b\u044c, \u043e\u043a\u0440\u0430\u0448\u0435\u043d\u043d\u044b\u0435 \u043f\u043e\u0432\u0435\u0440\u0445\u043d\u043e\u0441\u0442\u0438, \u043c\u043e\u043d\u0438\u0442\u043e\u0440 \u041f\u041a, \u0432\u0438\u0442\u0440\u0438\u043d\u044b, \u043e\u0444\u0438\u0441\u044b \u0438 \u0442.\u0434. \u0412 \u043a\u043e\u043d\u0446\u0435\u043d\u0442\u0440\u0438\u0440\u043e\u0432\u0430\u043d\u043d\u043e\u043c \u0432\u0438\u0434\u0435 \u043d\u0435 \u0438\u0441\u043f\u043e\u043b\u044c\u0437\u0443\u0435\u0442\u0441\u044f \u043d\u0430 \u043e\u043a\u0440\u0430\u0448\u0435\u043d\u043d\u044b\u0445 \u0438 \u043d\u0435\u0437\u0430\u0449\u0438\u0449\u0435\u043d\u043d\u044b\u0445 \u043f\u043e\u0432\u0435\u0440\u0445\u043d\u043e\u0441\u0442\u044f\u0445. \u0414\u043b\u044f \u043e\u0447\u0438\u0441\u0442\u043a\u0438 \u043e\u0441\u0442\u0430\u0442\u043a\u043e\u0432 \u043a\u043b\u0435\u044f, \u0430\u0432\u0442\u043e\u043c\u043e\u0431\u0438\u043b\u044c\u043d\u044b\u0445 \u043d\u0430\u043a\u043b\u0435\u0435\u043a, \u043e\u0447\u0438\u0441\u0442\u043a\u0438 \u0440\u0435\u0437\u0438\u043d\u044b \u0438 \u0441\u043b\u0435\u0434\u043e\u0432 \u0433\u043e\u043c\u043c, \u0440\u0443\u0447\u043a\u0438, \u043c\u0430\u0440\u043a\u0435\u0440\u0430, \u043a\u0430\u0440\u0430\u043d\u0434\u0430\u0448\u0430, \u0441\u043a\u043e\u0442\u0447\u0430, \u0433\u0440\u0430\u0444\u0444\u0438\u0442\u0438, \u0445\u0438\u043c\u0447\u0438\u0441\u0442\u043a\u0438, \u043a\u0440\u0430\u0441\u043a\u0438 \u0438 \u0442. \u0434. \u0412 \u043a\u043e\u043d\u0446\u0435\u043d\u0442\u0440\u0438\u0440\u043e\u0432\u0430\u043d\u043d\u043e\u043c \u0432\u0438\u0434\u0435 \u043d\u0435 \u0438\u0441\u043f\u043e\u043b\u044c\u0437\u0443\u0435\u0442\u0441\u044f \u043d\u0430 \u043e\u043a\u0440\u0430\u0448\u0435\u043d\u043d\u044b\u0445 \u0438 \u043d\u0435\u0437\u0430\u0449\u0438\u0449\u0435\u043d\u043d\u044b\u0445 \u043f\u043e\u0432\u0435\u0440\u0445\u043d\u043e\u0441\u0442\u044f\u0445 \u0438\u043b\u0438 \u0441\u0430\u043b\u043e\u043d\u0430\u0445 \u0430\u0432\u0442\u043e\u043c\u043e\u0431\u0438\u043b\u0435\u0439. \u0414\u043b\u044f \u0443\u0445\u043e\u0434\u0430 \u0437\u0430 \u043f\u043e\u043b\u043e\u043c \u043f\u0440\u043e\u0434\u0443\u043a\u0442 \u043c\u043e\u0436\u043d\u043e \u0440\u0430\u0437\u0431\u0430\u0432\u043b\u044f\u0442\u044c.<\/p>\n<p>\u0414\u041e\u0417\u0418\u0420\u041e\u0412\u041a\u0410<br \/>\nAutomat sau Manual 1% &#8211; 5% per litru de ap\u0103 | 1: 100 lt de ap\u0103 | 1: 20 lt de ap\u0103. Dozarea produsului se face \u00een func\u021bie de gradul de murd\u0103rie al suprafe\u021bei. Pentru \u00eendepartarea urmelor de scoth, pix, cerneal\u0103, lavabil\u0103, grafiti, folosi\u021bi produsul \u00een stare concentrat\u0103, important este c\u0103 \u00eenainte s\u0103 proba\u021bi produsul \u00een partea mai pu\u021bin vizibil\u0103 a suprafe\u021bei.<\/p>\n<p>\u0421\u041f\u041e\u0421\u041e\u0411 \u041f\u0420\u0418\u041c\u0415\u041d\u0415\u041d\u0418\u042f<br \/>\n\u041e\u0427\u0418\u0421\u0422\u041a\u0410 \u0418 \u041e\u0411\u0415\u0417\u0416\u0418\u0420\u0418\u0412\u0410\u041d\u0418\u0415 \u041f\u041e\u0412\u0415\u0420\u0425\u041d\u041e\u0421\u0422\u0415\u0419<br \/>\n\u041f\u0440\u043e\u043f\u044b\u043b\u0435\u0441\u043e\u0441\u044c\u0442\u0435 \u043f\u044b\u043b\u044c \u0438 \u0443\u0434\u0430\u043b\u0438\u0442\u0435 \u043e\u0441\u0442\u0430\u0442\u043a\u0438 \u0441 \u043e\u0447\u0438\u0449\u0430\u0435\u043c\u043e\u0439 \u043f\u043e\u0432\u0435\u0440\u0445\u043d\u043e\u0441\u0442\u0438. \u0420\u0430\u0437\u0431\u0430\u0432\u044c\u0442\u0435 \u0441\u0440\u0435\u0434\u0441\u0442\u0432\u043e, \u0437\u0430\u0442\u0435\u043c \u043f\u0440\u0438\u0441\u0442\u0443\u043f\u0430\u0439\u0442\u0435 \u043a \u043c\u044b\u0442\u044c\u044e \u043f\u043e\u0432\u0435\u0440\u0445\u043d\u043e\u0441\u0442\u0438 \u0448\u0432\u0430\u0431\u0440\u043e\u0439 \u0438\u043b\u0438 \u043f\u0440\u043e\u0444\u0435\u0441\u0441\u0438\u043e\u043d\u0430\u043b\u044c\u043d\u044b\u043c \u043c\u043e\u044e\u0449\u0438\u043c \u043e\u0431\u043e\u0440\u0443\u0434\u043e\u0432\u0430\u043d\u0438\u0435\u043c. \u041f\u0440\u0438 \u043d\u0435\u043e\u0431\u0445\u043e\u0434\u0438\u043c\u043e\u0441\u0442\u0438 \u043f\u043e\u0432\u0442\u043e\u0440\u0438\u0442\u0435 \u043e\u043f\u0435\u0440\u0430\u0446\u0438\u044e \u043f\u0440\u043e\u043c\u044b\u0432\u043a\u0438. \u0421\u043c\u044b\u0432\u0430\u0442\u044c \u043d\u0435 \u043d\u0430\u0434\u043e, \u043d\u043e \u0435\u0441\u043b\u0438 \u0441\u0447\u0438\u0442\u0430\u0435\u0442\u0435 \u043d\u0443\u0436\u043d\u044b\u043c, \u043f\u0440\u043e\u043c\u043e\u0439\u0442\u0435 \u043f\u043e\u0432\u0435\u0440\u0445\u043d\u043e\u0441\u0442\u044c. \u0414\u043b\u044f \u0434\u043e\u0437\u0438\u0440\u043e\u0432\u0430\u043d\u0438\u044f \u043f\u0440\u043e\u0434\u0443\u043a\u0442\u0430 \u0438\u0441\u043f\u043e\u043b\u044c\u0437\u0443\u0439\u0442\u0435 \u0434\u043e\u0437\u0430\u0442\u043e\u0440, \u043f\u043e\u0441\u0442\u0430\u0432\u043b\u044f\u0435\u043c\u044b\u0439 \u0441 \u0431\u0430\u043d\u043a\u043e\u0439, \u0438\u043b\u0438 \u043e\u0431\u0440\u0430\u0442\u0438\u0442\u0435\u0441\u044c \u0437\u0430 \u043d\u0435\u043e\u0431\u0445\u043e\u0434\u0438\u043c\u043e\u0439 \u0438\u043d\u0444\u043e\u0440\u043c\u0430\u0446\u0438\u0435\u0439 \u043a \u0441\u043f\u0435\u0446\u0438\u0430\u043b\u0438\u0441\u0442\u0443 Toreco.<\/p>\n<p>\u0418\u0421\u041f\u041e\u041b\u042c\u0417\u041e\u0412\u0410\u041d\u0418\u0415 \u041f\u0420\u041e\u0414\u0423\u041a\u0422\u0410 \u0412 \u041a\u041e\u041d\u0426\u0415\u041d\u0422\u0420\u0418\u0420\u041e\u0412\u0410\u041d\u041d\u041e\u041c \u0421\u041e\u0421\u0422\u041e\u042f\u041d\u0418\u0418<br \/>\n\u0420\u0430\u0441\u043f\u044b\u043b\u0438\u0442\u0435 \u0441\u0440\u0435\u0434\u0441\u0442\u0432\u043e, \u0443\u0434\u0435\u0440\u0436\u0438\u0432\u0430\u044f \u0444\u043b\u0430\u043a\u043e\u043d \u0432 \u0432\u0435\u0440\u0442\u0438\u043a\u0430\u043b\u044c\u043d\u043e\u043c \u043f\u043e\u043b\u043e\u0436\u0435\u043d\u0438\u0438 \u043d\u0430 \u0440\u0430\u0441\u0441\u0442\u043e\u044f\u043d\u0438\u0438 20 \u0441\u043c \u043e\u0442 \u043e\u0447\u0438\u0449\u0430\u0435\u043c\u043e\u0439 \u043f\u043e\u0432\u0435\u0440\u0445\u043d\u043e\u0441\u0442\u0438. \u0420\u0430\u0432\u043d\u043e\u043c\u0435\u0440\u043d\u043e \u0440\u0430\u0441\u043f\u0440\u0435\u0434\u0435\u043b\u0438\u0442\u044c \u043f\u0440\u0435\u0434\u043f\u043e\u0447\u0442\u0438\u0442\u0435\u043b\u044c\u043d\u043e \u0431\u0443\u043c\u0430\u0433\u043e\u0439 \u0438\u043b\u0438 \u0447\u0438\u0441\u0442\u043e\u0439 \u0442\u043a\u0430\u043d\u044c\u044e. \u0412\u0442\u0438\u0440\u0430\u0439\u0442\u0435 \u0434\u043e \u043f\u043e\u043b\u043d\u043e\u0433\u043e \u0432\u044b\u0441\u044b\u0445\u0430\u043d\u0438\u044f. \u041f\u0440\u0438 \u043e\u0447\u0438\u0441\u0442\u043a\u0435 \u0434\u0435\u043b\u0438\u043a\u0430\u0442\u043d\u044b\u0445 \u043f\u043e\u0432\u0435\u0440\u0445\u043d\u043e\u0441\u0442\u0435\u0439 \u043f\u0440\u043e\u043c\u043e\u0439\u0442\u0435 \u0438 \u0432\u044b\u0441\u0443\u0448\u0438\u0442\u0435. \u041f\u0440\u0438 \u043d\u0435\u043e\u0431\u0445\u043e\u0434\u0438\u043c\u043e\u0441\u0442\u0438 \u043f\u043e\u0432\u0442\u043e\u0440\u0438\u0442\u0435. \u041d\u0435 \u0438\u0441\u043f\u043e\u043b\u044c\u0437\u0443\u0439\u0442\u0435 \u043d\u0430 \u043e\u043a\u0440\u0430\u0448\u0435\u043d\u043d\u044b\u0445 \u0438 \u043d\u0435\u0437\u0430\u0449\u0438\u0449\u0435\u043d\u043d\u044b\u0445 \u043f\u043e\u0432\u0435\u0440\u0445\u043d\u043e\u0441\u0442\u044f\u0445, \u043c\u044b \u0440\u0435\u043a\u043e\u043c\u0435\u043d\u0434\u0443\u0435\u043c \u0441\u043d\u0430\u0447\u0430\u043b\u0430 \u043f\u0440\u043e\u0442\u0435\u0441\u0442\u0438\u0440\u043e\u0432\u0430\u0442\u044c \u043f\u0440\u043e\u0434\u0443\u043a\u0442 \u043d\u0430 \u043e\u0447\u0435\u043d\u044c \u043c\u0430\u043b\u0435\u043d\u044c\u043a\u043e\u0439 \u0441\u043a\u0440\u044b\u0442\u043e\u0439 \u043f\u043e\u0432\u0435\u0440\u0445\u043d\u043e\u0441\u0442\u0438.<\/p>\n<p>\u041e\u0431\u044a\u0435\u043c: 750 \u043c\u043b<\/p>","protected":false},"excerpt":{"rendered":"<p>\u041e\u0431\u0435\u0437\u0436\u0438\u0440\u0438\u0432\u0430\u044e\u0449\u0435\u0435 \u043c\u043e\u044e\u0449\u0435\u0435 \u0441\u0440\u0435\u0434\u0441\u0442\u0432\u043e \u043d\u0430 \u043e\u0441\u043d\u043e\u0432\u0435 \u0440\u0430\u0441\u0442\u0432\u043e\u0440\u0438\u0442\u0435\u043b\u0435\u0439, \u0441\u043f\u0435\u0446\u0438\u0430\u043b\u044c\u043d\u043e \u043f\u0440\u0435\u0434\u043d\u0430\u0437\u043d\u0430\u0447\u0435\u043d\u043d\u043e\u0435 \u0434\u043b\u044f \u043e\u0447\u0438\u0441\u0442\u043a\u0438 \u043e\u0442 \u0441\u043b\u0435\u0434\u043e\u0432 \u0441\u0442\u0438\u0440\u043a\u0438, \u0440\u0443\u0447\u043a\u0438, \u043c\u0430\u0440\u043a\u0435\u0440\u0430, \u0447\u0435\u0440\u043d\u0438\u043b, \u0433\u0440\u0430\u0444\u0444\u0438\u0442\u0438, \u0448\u0442\u0430\u043c\u043f\u043e\u0432, \u0436\u0438\u0440\u0430, \u043a\u043b\u0435\u044f, \u0441\u043a\u043e\u0442\u0447\u0430 \u0438 \u0442. \u0434. \u0423\u0441\u043f\u0435\u0448\u043d\u043e \u043e\u0442\u0447\u0438\u0449\u0430\u0435\u0442 \u0441\u043b\u0435\u0434\u044b \u043a\u043b\u0435\u044f, \u043e\u0441\u0442\u0430\u0432\u0448\u0438\u0435\u0441\u044f \u043f\u043e\u0441\u043b\u0435 \u0443\u0434\u0430\u043b\u0435\u043d\u0438\u044f \u043d\u0430\u043a\u043b\u0435\u0435\u043a \u0438 \u043b\u0438\u043f\u043a\u0438\u0445 \u043b\u0435\u043d\u0442 (\u0441\u043a\u043e\u0442\u0447\u0430), \u0430 \u0442\u0430\u043a\u0436\u0435 \u0441\u0432\u0435\u0436\u0438\u0435 \u0441\u043b\u0435\u0434\u044b \u043a\u0440\u0430\u0441\u043a\u0438. \u041d\u0435 \u0442\u0440\u0435\u0431\u0443\u0435\u0442 \u0441\u043c\u044b\u0432\u0430\u043d\u0438\u044f, \u043f\u043e\u0441\u043b\u0435 \u043c\u044b\u0442\u044c\u044f \u043f\u043e\u0432\u0435\u0440\u0445\u043d\u043e\u0441\u0442\u044c \u0431\u044b\u0441\u0442\u0440\u043e \u0432\u044b\u0441\u044b\u0445\u0430\u0435\u0442 \u0431\u0435\u0437 \u0441\u043b\u0435\u0434\u043e\u0432. <\/p>","protected":false},"featured_media":12354,"comment_status":"closed","ping_status":"closed","template":"","meta":[],"product_cat":[81,45,34,42,44,43,40,41,46,71],"product_tag":[169],"class_list":["post-12353","product","type-product","status-publish","has-post-thumbnail","hentry","product_cat-detergenti-speciali","product_cat-industria-auto","product_cat-hotel","product_cat-industria-de-producere-si-prelucrare","product_cat-institutii-de-invatamint","product_cat-medicina","product_cat-restaurant-si-bucatarie","product_cat-servicii-de-curatenie","product_cat-sport-si-fitness","product_cat-detergenti-si-dezinfectanti-profesionali","product_tag-detergent","pa_brand-sanidet"],"_links":{"self":[{"href":"https:\/\/toreco.md\/ru\/wp-json\/wp\/v2\/product\/12353","targetHints":{"allow":["GET"]}}],"collection":[{"href":"https:\/\/toreco.md\/ru\/wp-json\/wp\/v2\/product"}],"about":[{"href":"https:\/\/toreco.md\/ru\/wp-json\/wp\/v2\/types\/product"}],"replies":[{"embeddable":true,"href":"https:\/\/toreco.md\/ru\/wp-json\/wp\/v2\/comments?post=12353"}],"wp:featuredmedia":[{"embeddable":true,"href":"https:\/\/toreco.md\/ru\/wp-json\/wp\/v2\/media\/12354"}],"wp:attachment":[{"href":"https:\/\/toreco.md\/ru\/wp-json\/wp\/v2\/media?parent=12353"}],"wp:term":[{"taxonomy":"product_cat","embeddable":true,"href":"https:\/\/toreco.md\/ru\/wp-json\/wp\/v2\/product_cat?post=12353"},{"taxonomy":"product_tag","embeddable":true,"href":"https:\/\/toreco.md\/ru\/wp-json\/wp\/v2\/product_tag?post=12353"}],"curies":[{"name":"wp","href":"https:\/\/api.w.org\/{rel}","templated":true}]}}