{"id":12256,"date":"2023-04-06T15:23:32","date_gmt":"2023-04-06T12:23:32","guid":{"rendered":"https:\/\/toreco.md\/?post_type=product&#038;p=12256"},"modified":"2025-04-08T14:44:16","modified_gmt":"2025-04-08T11:44:16","slug":"fornonet-detergent-degresant-pentru-cuptoare-grill-uri-si-aragaze-sanitec","status":"publish","type":"product","link":"https:\/\/toreco.md\/ru\/product\/dupa-tip\/detergenti-si-dezinfectanti-profesionali\/bucatarie\/fornonet-detergent-degresant-pentru-cuptoare-grill-uri-si-aragaze-sanitec\/","title":{"rendered":"Fornonet, \u0441\u0440\u0435\u0434\u0441\u0442\u0432\u043e \u0434\u043b\u044f \u0447\u0438\u0441\u0442\u043a\u0438 \u0434\u0443\u0445\u043e\u0432\u043e\u043a \u0438 \u043f\u043b\u0438\u0442, Sanitec"},"content":{"rendered":"<p>\u0421\u0443\u043f\u0435\u0440 \u043a\u043e\u043d\u0446\u0435\u043d\u0442\u0440\u0438\u0440\u043e\u0432\u0430\u043d\u043d\u043e\u0435 \u0438\u0433\u0440\u0438\u0441\u0442\u043e\u0435 \u0449\u0435\u043b\u043e\u0447\u043d\u043e\u0435 \u043c\u043e\u044e\u0449\u0435\u0435 \u0441\u0440\u0435\u0434\u0441\u0442\u0432\u043e \u0434\u043b\u044f \u0443\u0434\u0430\u043b\u0435\u043d\u0438\u044f \u043e\u0441\u0442\u0430\u0442\u043a\u043e\u0432 \u0436\u0438\u0440\u0430, \u043e\u0441\u0442\u0430\u0432\u043b\u0435\u043d\u043d\u044b\u0445 \u043f\u0440\u0438 \u043f\u0440\u0438\u0433\u043e\u0442\u043e\u0432\u043b\u0435\u043d\u0438\u0438 \u043f\u0438\u0449\u0438, \u043e\u0431\u0443\u0433\u043b\u0435\u043d\u043d\u044b\u0445 \u043e\u0441\u0442\u0430\u0442\u043a\u043e\u0432 \u0432 \u043f\u0435\u0447\u0430\u0445, \u043d\u0430 \u0440\u0435\u0448\u0435\u0442\u043a\u0430\u0445, \u043f\u043e\u0432\u0435\u0440\u0445\u043d\u043e\u0441\u0442\u044f\u0445 \u0434\u043b\u044f \u043f\u0440\u0438\u0433\u043e\u0442\u043e\u0432\u043b\u0435\u043d\u0438\u044f \u043f\u0438\u0449\u0438, \u0432 \u0433\u0440\u0438\u043b\u044f\u0445, \u043f\u043b\u0438\u0442\u0430\u0445, \u0433\u0440\u0438\u043b\u044f\u0445 \u0438 \u0442. \u0434. \u0435\u0433\u043e \u043a\u043e\u043d\u0446\u0435\u043d\u0442\u0440\u0438\u0440\u043e\u0432\u0430\u043d\u043d\u0430\u044f \u0444\u043e\u0440\u043c\u0443\u043b\u0430 \u0434\u0435\u043b\u0430\u0435\u0442 \u0435\u0433\u043e \u043d\u0430\u0438\u0431\u043e\u043b\u0435\u0435 \u0441\u0442\u043e\u0439\u043a\u0438\u043c \u043a \u0437\u0430\u0433\u0440\u044f\u0437\u043d\u0435\u043d\u0438\u044e \u0432 \u0441\u0430\u043c\u044b\u0445 \u0441\u043b\u043e\u0436\u043d\u044b\u0445, \u0434\u0430\u0436\u0435 \u0445\u043e\u043b\u043e\u0434\u043d\u044b\u0445 \u0442\u043e\u0447\u043a\u0430\u0445. \u041f\u0440\u043e\u0434\u0443\u043a\u0442 \u043f\u043e\u0434\u0445\u043e\u0434\u0438\u0442 \u0434\u043b\u044f \u0438\u0441\u043f\u043e\u043b\u044c\u0437\u043e\u0432\u0430\u043d\u0438\u044f \u0432 \u043f\u043b\u0430\u043d\u0430\u0445 \u0441\u0430\u043c\u043e\u043a\u043e\u043d\u0442\u0440\u043e\u043b\u044f H.a.c.c.p.<\/p>\n<p>\u041b\u0435\u0433\u043a\u043e \u0443\u0434\u0430\u043b\u044f\u0435\u0442 \u0436\u0438\u0440, \u043c\u0430\u0441\u043b\u044f\u043d\u044b\u0435 \u043f\u044f\u0442\u043d\u0430 \u0438 \u043e\u0431\u0443\u0433\u043b\u0435\u043d\u043d\u044b\u0435 \u043f\u0438\u0449\u0435\u0432\u044b\u0435 \u0437\u0430\u0433\u0440\u044f\u0437\u043d\u0435\u043d\u0438\u044f.<br \/>\n\u041e\u0431\u0440\u0430\u0437\u0443\u0435\u0442 \u043a\u043e\u043c\u043f\u0430\u043a\u0442\u043d\u0443\u044e \u043f\u0435\u043d\u0443, \u043a\u043e\u0442\u043e\u0440\u0430\u044f \u043f\u0440\u0438\u043b\u0438\u043f\u0430\u0435\u0442 \u043a \u0432\u0435\u0440\u0442\u0438\u043a\u0430\u043b\u044c\u043d\u044b\u043c \u043f\u043e\u0432\u0435\u0440\u0445\u043d\u043e\u0441\u0442\u044f\u043c, \u043f\u043e\u0432\u044b\u0448\u0430\u044f \u044d\u0444\u0444\u0435\u043a\u0442\u0438\u0432\u043d\u043e\u0441\u0442\u044c \u0434\u0430\u0436\u0435 \u0432 \u0442\u0440\u0443\u0434\u043d\u043e\u0434\u043e\u0441\u0442\u0443\u043f\u043d\u044b\u0445 \u043c\u0435\u0441\u0442\u0430\u0445.<br \/>\n\u0418\u043c\u0435\u0435\u0442\u0441\u044f \u043f\u0435\u043d\u043d\u0430\u044f \u043d\u0430\u0441\u0430\u0434\u043a\u0430, \u043a\u043e\u0442\u043e\u0440\u0430\u044f \u0443\u0432\u0435\u043b\u0438\u0447\u0438\u0432\u0430\u0435\u0442 \u0434\u043e\u0441\u044f\u0433\u0430\u0435\u043c\u043e\u0441\u0442\u044c \u0438 \u0443\u043c\u0435\u043d\u044c\u0448\u0430\u0435\u0442 \u0438\u0441\u043f\u0430\u0440\u0435\u043d\u0438\u0435 \u043f\u0440\u043e\u0434\u0443\u043a\u0442\u0430. <\/p>\n<p>\u0421\u043f\u043e\u0441\u043e\u0431 \u0438\u0441\u043f\u043e\u043b\u044c\u0437\u043e\u0432\u0430\u043d\u0438\u044f:<br \/>\nCur\u0103\u0163area cuptoarelor, a grillurilor \u015fi a plitelor: asigura\u0163i-v\u0103 c\u0103 suprafa\u021ba de tratat nu dep\u0103\u015fe\u015fte 80 \u00b0C (ideal 50 \u00b0C &#8211; 60 \u00b0C). Aplica\u0163i produsul nediluat pe suprafe\u0163e \u015fi l\u0103sa\u021bi s\u0103 ac\u021bioneze c\u00e2teva secunde. \u00cendep\u0103rta\u0163i eventual reziduurile cu un burete abraziv sau o perie. Cl\u0103ti\u021bi cu ap\u0103 din abunden\u021b\u0103. Cur\u0103\u0163area friteuzelor: scurge\u0163i uleiul \u015fi \u00eenchide\u0163i valva. Umple\u0163i rezervorul cu ap\u0103 p\u00e2n\u0103 la atingerea nivelului de ulei. Pentru fiecare litru de ap\u0103 ad\u0103uga\u0163i 50 -100 ml de produs (5 &#8211; 10 capace la fiecare 5 litri). Porni\u0163i friteuza \u015fi aduce\u0163i solu\u0163ia la fierbere, f\u0103r\u0103 a dep\u0103\u015fi 100 \u00b0C. Dup\u0103 r\u0103cire \u015fi golire, \u00eendep\u0103rta\u0163i eventual reziduurile cu un burete abraziv sau o perie. Cl\u0103ti\u021bi cu ap\u0103 din abunden\u021b\u0103. Cur\u0103\u0163area hotelor: preg\u0103ti\u0163i o solu\u0163ie cu 50 &#8211; 100 ml de produs la fiecare litru de ap\u0103. Pentru o eficien\u0163\u0103 mai mare, folosi\u0163i ap\u0103 cald\u0103. Scufunda\u0163i componentele demontate ale hotei pentru 5-30 de minute. Cl\u0103ti\u021bi cu ap\u0103 din abunden\u021b\u0103.<\/p>\n<p>\u041e\u0431\u044a\u0435\u043c: 6 \u043a\u0433<\/p>","protected":false},"excerpt":{"rendered":"<p>\u0421\u0443\u043f\u0435\u0440 \u043a\u043e\u043d\u0446\u0435\u043d\u0442\u0440\u0438\u0440\u043e\u0432\u0430\u043d\u043d\u043e\u0435 \u0449\u0435\u043b\u043e\u0447\u043d\u043e\u0435 \u043c\u043e\u044e\u0449\u0435\u0435 \u0441\u0440\u0435\u0434\u0441\u0442\u0432\u043e \u0434\u043b\u044f \u0443\u0434\u0430\u043b\u0435\u043d\u0438\u044f \u043e\u0441\u0442\u0430\u0442\u043a\u043e\u0432 \u0436\u0438\u0440\u0430, \u043e\u0441\u0442\u0430\u0432\u043b\u0435\u043d\u043d\u044b\u0445 \u043f\u0440\u0438 \u043f\u0440\u0438\u0433\u043e\u0442\u043e\u0432\u043b\u0435\u043d\u0438\u0438 \u043f\u0438\u0449\u0438, \u043e\u0431\u0443\u0433\u043b\u0435\u043d\u043d\u044b\u0445 \u043e\u0441\u0442\u0430\u0442\u043a\u043e\u0432 \u043e\u0442 \u0434\u0443\u0445\u043e\u0432\u043e\u043a, \u043e\u0442 \u0433\u0440\u0438\u043b\u0435\u0439, \u043f\u043e\u0432\u0435\u0440\u0445\u043d\u043e\u0441\u0442\u0435\u0439 \u0414\u043b\u044f \u043f\u0440\u0438\u0433\u043e\u0442\u043e\u0432\u043b\u0435\u043d\u0438\u044f \u043f\u0438\u0449\u0438, \u043e\u0442 \u0433\u0440\u0438\u043b\u0435\u0439, \u043f\u043b\u0438\u0442, \u0433\u0440\u0438\u043b\u0435\u0439 \u0438 \u0442. \u0434.<\/p>","protected":false},"featured_media":12257,"comment_status":"closed","ping_status":"closed","template":"","meta":[],"product_cat":[74,34,42,44,43,40,41,71],"product_tag":[169],"class_list":["post-12256","product","type-product","status-publish","has-post-thumbnail","hentry","product_cat-bucatarie","product_cat-hotel","product_cat-industria-de-producere-si-prelucrare","product_cat-institutii-de-invatamint","product_cat-medicina","product_cat-restaurant-si-bucatarie","product_cat-servicii-de-curatenie","product_cat-detergenti-si-dezinfectanti-profesionali","product_tag-detergent","pa_brand-sanitec"],"_links":{"self":[{"href":"https:\/\/toreco.md\/ru\/wp-json\/wp\/v2\/product\/12256","targetHints":{"allow":["GET"]}}],"collection":[{"href":"https:\/\/toreco.md\/ru\/wp-json\/wp\/v2\/product"}],"about":[{"href":"https:\/\/toreco.md\/ru\/wp-json\/wp\/v2\/types\/product"}],"replies":[{"embeddable":true,"href":"https:\/\/toreco.md\/ru\/wp-json\/wp\/v2\/comments?post=12256"}],"wp:featuredmedia":[{"embeddable":true,"href":"https:\/\/toreco.md\/ru\/wp-json\/wp\/v2\/media\/12257"}],"wp:attachment":[{"href":"https:\/\/toreco.md\/ru\/wp-json\/wp\/v2\/media?parent=12256"}],"wp:term":[{"taxonomy":"product_cat","embeddable":true,"href":"https:\/\/toreco.md\/ru\/wp-json\/wp\/v2\/product_cat?post=12256"},{"taxonomy":"product_tag","embeddable":true,"href":"https:\/\/toreco.md\/ru\/wp-json\/wp\/v2\/product_tag?post=12256"}],"curies":[{"name":"wp","href":"https:\/\/api.w.org\/{rel}","templated":true}]}}