{"id":12040,"date":"2023-02-24T09:52:44","date_gmt":"2023-02-24T07:52:44","guid":{"rendered":"https:\/\/toreco.md\/?post_type=product&#038;p=12040"},"modified":"2025-05-27T14:50:59","modified_gmt":"2025-05-27T11:50:59","slug":"v-press-818-plus-presa-de-balotat-electro-hidraulica-hsm","status":"publish","type":"product","link":"https:\/\/toreco.md\/ru\/product\/dupa-tip\/utilaje-pentru-deseuri\/prese-de-balotat\/v-press-818-plus-presa-de-balotat-electro-hidraulica-hsm\/","title":{"rendered":"\u042d\u043b\u0435\u043a\u0442\u0440\u043e\u0433\u0438\u0434\u0440\u0430\u0432\u043b\u0438\u0447\u0435\u0441\u043a\u0438\u0439 \u043f\u0440\u0435\u0441\u0441, V-Press 818 plus, HSM"},"content":{"rendered":"<p><iframe loading=\"lazy\" width=\"640\" height=\"360\" src=\"https:\/\/www.youtube.com\/embed\/TZ_MzIAoG0A\" title=\"[TORECO]: Presele de balotat HSM\" frameborder=\"0\" allow=\"accelerometer; autoplay; clipboard-write; encrypted-media; gyroscope; picture-in-picture; web-share\" allowfullscreen><\/iframe><\/p>\n<p>Pres\u0103 vertical\u0103 de balotat HSM V-Press 818 plus &#8211; datorit\u0103 \u00een\u0103l\u021bimii sale reduse de transport, HSM V-Press 818 poate fi transportat cu u\u0219urin\u021b\u0103 oriunde este necesar s\u0103 fie folosit. Pentru a umple presa, jum\u0103tatea superioar\u0103 a u\u0219ilor este \u00eempins\u0103 \u00een jos \u0219i se deschide automat dup\u0103 procesul de compresie. Blocare u\u0219\u0103 roat\u0103 manual\u0103 &#8211; u\u0219or de manevrat datorit\u0103 filetului contra-rotativ pentru deschidere \u0219i \u00eenchidere rapid\u0103. \u00cen\u0103l\u021bime mic\u0103 de instalare \u0219i amprent\u0103 mic\u0103. Potrivit at\u00e2t pentru carton, c\u00e2t \u0219i pentru pelicul\u0103. Pornirea automat\u0103 a procesului de presare dup\u0103 \u00eenchiderea u\u0219ii. Tastatur\u0103 cu membran\u0103 convenabil\u0103 cu afi\u0219aj text, care arat\u0103 starea curent\u0103 a ma\u0219inii.<br \/>\n\u0421\u0438\u0441\u0442\u0435\u043c\u0430 HSM TCS (Torsion Control System) \u0434\u043b\u044f \u043a\u043e\u043d\u0442\u0440\u043e\u043b\u044f \u043f\u0435\u0440\u0435\u043a\u043e\u0441\u0430 \u043f\u0440\u0438\u0436\u0438\u043c\u043d\u043e\u0439 \u043f\u043b\u0438\u0442\u044b.<br \/>\n\u041e\u0431\u0432\u044f\u0437\u043a\u0430 \u0442\u044e\u043a\u043e\u0432 \u043f\u043e\u043b\u0438\u044d\u0444\u0438\u0440\u043d\u043e\u0439 \u043b\u0435\u043d\u0442\u043e\u0439.<\/p>\n<p>\u0422\u0435\u0445\u043d\u0438\u0447\u0435\u0441\u043a\u0438\u0435 \u0434\u0430\u043d\u043d\u044b\u0435:<br \/>\n\u0421\u0438\u043b\u0430 \u043f\u0440\u0435\u0441\u0441\u043e\u0432\u0430\u043d\u0438\u044f: 185 \u043a\u041d<br \/>\n\u0423\u0434\u0435\u043b\u044c\u043d\u0430\u044f \u043c\u043e\u0449\u043d\u043e\u0441\u0442\u044c \u043f\u0440\u0435\u0441\u0441\u043e\u0432\u0430\u043d\u0438\u044f: 19,23 \u041d\/\u043c<br \/>\n\u041c\u043e\u0449\u043d\u043e\u0441\u0442\u044c \u0434\u0432\u0438\u0433\u0430\u0442\u0435\u043b\u044f \u043a\u0412\u0442: 4<br \/>\n\u041d\u0430\u043f\u0440\u044f\u0436\u0435\u043d\u0438\u0435\/\u0427\u0430\u0441\u0442\u043e\u0442\u0430: 400 \u0412 \/ 50 \u0413\u0446<br \/>\n\u0412\u0440\u0435\u043c\u044f \u0446\u0438\u043a\u043b\u0430 \u043f\u0440\u0438 \u0445\u043e\u043b\u043e\u0441\u0442\u043e\u043c \u0445\u043e\u0434\u0443: 27 \u0441<br \/>\n\u041e\u0431\u044a\u0435\u043c\u043d\u0430\u044f \u043f\u0440\u043e\u0438\u0437\u0432\u043e\u0434\u0438\u0442\u0435\u043b\u044c\u043d\u043e\u0441\u0442\u044c \u0432 \u0440\u0435\u0436\u0438\u043c\u0435 \u0445\u043e\u043b\u043e\u0441\u0442\u043e\u0433\u043e \u0445\u043e\u0434\u0430 (\u0442\u0435\u043e\u0440\u0435\u0442\u0438\u0447\u0435\u0441\u043a\u0438): 5 \u043c3\/\u0447<br \/>\n\u0412\u044b\u0441\u043e\u0442\u0430 \u0437\u0430\u0433\u0440\u0443\u0437\u043a\u0438: 958 \u043c\u043c<br \/>\n\u0428\u0438\u0440\u0438\u043d\u0430 x \u0432\u044b\u0441\u043e\u0442\u0430 \u0437\u0430\u0433\u0440\u0443\u0437\u043e\u0447\u043d\u043e\u0433\u043e \u043e\u0442\u0432\u0435\u0440\u0441\u0442\u0438\u044f: 1195 x 530 \u043c\u043c<br \/>\n\u0414\u043b\u0438\u043d\u0430 \u0442\u044e\u043a\u0430 x \u0448\u0438\u0440\u0438\u043d\u0430 \u0442\u044e\u043a\u0430 x \u0432\u044b\u0441\u043e\u0442\u0430 \u0442\u044e\u043a\u0430: 1200 x 780 x 700 \u043c\u043c<br \/>\n\u0412\u0435\u0441 \u0442\u044e\u043a\u0430: 200 \u043a\u0433<br \/>\n\u0428\u0438\u0440\u0438\u043d\u0430 x \u0433\u043b\u0443\u0431\u0438\u043d\u0430 x \u0432\u044b\u0441\u043e\u0442\u0430: 1700 x 1046 x 2370 \u043c\u043c<br \/>\n\u0412\u0435\u0441: 1031 \u043a\u0433<br \/>\n\u0422\u0438\u043f \u0440\u0430\u0441\u0445\u043e\u0434\u043d\u044b\u0445 \u043c\u0430\u0442\u0435\u0440\u0438\u0430\u043b\u043e\u0432: \u041e\u0431\u0432\u044f\u0437\u043e\u0447\u043d\u0430\u044f \u043b\u0435\u043d\u0442\u0430<br \/>\n\u041f\u0440\u0435\u0441\u0441-\u043c\u0430\u0442\u0435\u0440\u0438\u0430\u043b: \u041f\u043b\u0430\u0441\u0442\u0438\u043a\u043e\u0432\u0430\u044f \u043f\u043b\u0435\u043d\u043a\u0430, \u0441\u043c\u0435\u0448\u0430\u043d\u043d\u0430\u044f \u0431\u0443\u043c\u0430\u0433\u0430, \u043a\u0430\u0440\u0442\u043e\u043d, \u043e\u0442\u0445\u043e\u0434\u044b \u043f\u0435\u0440\u0444\u043e\u0440\u0430\u0442\u043e\u0440\u0430, \u041e\u0434\u0435\u0436\u0434\u0430<\/p>\n<p><a href=\"https:\/\/toreco.md\/ru\/general\/toreco-devine-distribuitor-autorizat-in-moldova-pentru-brandul-german-hsm\/\"><img decoding=\"async\" src=\"https:\/\/toreco.md\/wp-content\/uploads\/2024\/02\/icon-toreco-distribuitor-autorizat-hsm-germania-moldova.png\" alt=\"Distribuitor Autorizat HSM\" \/><\/a><\/p>","protected":false},"excerpt":{"rendered":"<p>\u0414\u043e\u0441\u0442\u0443\u043f\u0435\u043d \u0434\u043b\u044f \u0437\u0430\u043a\u0430\u0437\u0430 | <strong>\u0417\u0430\u043f\u0440\u043e\u0441\u0438\u0442\u0435 \u043f\u0440\u0435\u0434\u043b\u043e\u0436\u0435\u043d\u0438\u0435 \u043f\u043e \u044d\u043b\u0435\u043a\u0442\u0440\u043e\u043d\u043d\u043e\u0439 \u043f\u043e\u0447\u0442\u0435<\/strong><\/p>\n<p>\u0412\u0435\u0440\u0442\u0438\u043a\u0430\u043b\u044c\u043d\u044b\u0439 \u042d\u043b\u0435\u043a\u0442\u0440\u043e\u0433\u0438\u0434\u0440\u0430\u0432\u043b\u0438\u0447\u0435\u0441\u043a\u0438\u0439 \u043f\u0440\u0435\u0441\u0441 HSM V-Press 818 plus \u043f\u043e\u0434\u0445\u043e\u0434\u0438\u0442 \u0434\u043b\u044f \u043f\u0440\u0435\u0441\u0441\u043e\u0432\u0430\u043d\u0438\u044f \u043f\u043e\u043b\u0438\u044d\u0442\u0438\u043b\u0435\u043d\u043e\u0432\u043e\u0439 \u043f\u043b\u0435\u043d\u043a\u0438, \u0441\u043c\u0435\u0448\u0430\u043d\u043d\u043e\u0439 \u0431\u0443\u043c\u0430\u0433\u0438, \u043a\u0430\u0440\u0442\u043e\u043d\u0430, \u043e\u0442\u0445\u043e\u0434\u043e\u0432\/\u043f\u0440\u043e\u0431\u0438\u0432\u043d\u044b\u0445 \u043e\u0441\u0442\u0430\u0442\u043a\u043e\u0432, \u043e\u0434\u0435\u0436\u0434\u044b \u0438 \u0442. \u0434.<\/p>","protected":false},"featured_media":12041,"comment_status":"closed","ping_status":"closed","template":"","meta":[],"product_cat":[108,45,34,42,40],"product_tag":[202],"class_list":["post-12040","product","type-product","status-publish","has-post-thumbnail","hentry","product_cat-prese-de-balotat","product_cat-industria-auto","product_cat-hotel","product_cat-industria-de-producere-si-prelucrare","product_cat-restaurant-si-bucatarie","product_tag-presa-de-balotat","pa_brand-hsm"],"_links":{"self":[{"href":"https:\/\/toreco.md\/ru\/wp-json\/wp\/v2\/product\/12040","targetHints":{"allow":["GET"]}}],"collection":[{"href":"https:\/\/toreco.md\/ru\/wp-json\/wp\/v2\/product"}],"about":[{"href":"https:\/\/toreco.md\/ru\/wp-json\/wp\/v2\/types\/product"}],"replies":[{"embeddable":true,"href":"https:\/\/toreco.md\/ru\/wp-json\/wp\/v2\/comments?post=12040"}],"wp:featuredmedia":[{"embeddable":true,"href":"https:\/\/toreco.md\/ru\/wp-json\/wp\/v2\/media\/12041"}],"wp:attachment":[{"href":"https:\/\/toreco.md\/ru\/wp-json\/wp\/v2\/media?parent=12040"}],"wp:term":[{"taxonomy":"product_cat","embeddable":true,"href":"https:\/\/toreco.md\/ru\/wp-json\/wp\/v2\/product_cat?post=12040"},{"taxonomy":"product_tag","embeddable":true,"href":"https:\/\/toreco.md\/ru\/wp-json\/wp\/v2\/product_tag?post=12040"}],"curies":[{"name":"wp","href":"https:\/\/api.w.org\/{rel}","templated":true}]}}