{"id":11248,"date":"2023-01-31T09:17:44","date_gmt":"2023-01-31T07:17:44","guid":{"rendered":"https:\/\/toreco.md\/?post_type=product&#038;p=11248"},"modified":"2023-11-07T14:11:35","modified_gmt":"2023-11-07T12:11:35","slug":"strike-2-detergent-degresant-5-kg","status":"publish","type":"product","link":"https:\/\/toreco.md\/ru\/product\/dupa-tip\/detergenti-si-dezinfectanti-profesionali\/detergenti-speciali\/strike-2-detergent-degresant-5-kg\/","title":{"rendered":"STRIKE 2, \u043e\u0431\u0435\u0437\u0436\u0438\u0440\u0438\u0432\u0430\u044e\u0449\u0435\u0435 \u043c\u043e\u044e\u0449\u0435\u0435 \u0441\u0440\u0435\u0434\u0441\u0442\u0432\u043e, 5 \u043a\u0433"},"content":{"rendered":"<p>\u0423\u043d\u0438\u0432\u0435\u0440\u0441\u0430\u043b\u044c\u043d\u043e\u0435 \u0434\u0432\u0443\u0445\u043a\u043e\u043c\u043f\u043e\u043d\u0435\u043d\u0442\u043d\u043e\u0435 \u043c\u043e\u044e\u0449\u0435\u0435 \u0441\u0440\u0435\u0434\u0441\u0442\u0432\u043e \u043d\u0430 \u043e\u0441\u043d\u043e\u0432\u0435 \u0440\u0430\u0441\u0442\u0432\u043e\u0440\u0438\u0442\u0435\u043b\u044f, \u0441\u0443\u043f\u0435\u0440\u043e\u0431\u0435\u0437\u0436\u0438\u0440\u0438\u0432\u0430\u044e\u0449\u0435\u0435<br \/>\n\u0414\u0432\u0443\u0445\u043a\u043e\u043c\u043f\u043e\u043d\u0435\u043d\u0442\u043d\u044b\u0439 \u0441\u0443\u043f\u0435\u0440\u043e\u0431\u0435\u0437\u0436\u0438\u0440\u0438\u0432\u0430\u044e\u0449\u0438\u0439 \u043a\u043e\u043d\u0446\u0435\u043d\u0442\u0440\u0438\u0440\u043e\u0432\u0430\u043d\u043d\u044b\u0439 \u0440\u0430\u0441\u0442\u0432\u043e\u0440 \u0434\u043b\u044f \u0431\u044b\u0441\u0442\u0440\u043e\u0439 \u0438 \u044d\u0444\u0444\u0435\u043a\u0442\u0438\u0432\u043d\u043e\u0439 \u043e\u0447\u0438\u0441\u0442\u043a\u0438 \u043b\u044e\u0431\u044b\u0445 \u0442\u0438\u043f\u043e\u0432 \u0437\u0430\u0433\u0440\u044f\u0437\u043d\u0435\u043d\u0438\u0439 \u043d\u0430 \u0432\u0441\u0435\u0445 \u0442\u0438\u043f\u0430\u0445 \u043f\u043e\u0432\u0435\u0440\u0445\u043d\u043e\u0441\u0442\u0435\u0439. \u0411\u043b\u0430\u0433\u043e\u0434\u0430\u0440\u044f \u0430\u043a\u0442\u0438\u0432\u043d\u044b\u043c \u043a\u043e\u043c\u043f\u043e\u043d\u0435\u043d\u0442\u0430\u043c, \u043a\u043e\u0442\u043e\u0440\u044b\u0435 \u0432\u0441\u0442\u0443\u043f\u0430\u044e\u0442 \u0432 \u043a\u043e\u043d\u0442\u0430\u043a\u0442 \u0442\u043e\u043b\u044c\u043a\u043e \u043f\u0440\u0438 \u0441\u043c\u0435\u0448\u0438\u0432\u0430\u043d\u0438\u0438, \u044d\u0442\u043e \u043f\u0440\u0438\u0434\u0430\u0435\u0442 \u043f\u0440\u043e\u0434\u0443\u043a\u0442\u0443 \u0433\u043e\u0440\u0430\u0437\u0434\u043e \u0431\u043e\u043b\u0435\u0435 \u0432\u044b\u0441\u043e\u043a\u0443\u044e \u044d\u0444\u0444\u0435\u043a\u0442\u0438\u0432\u043d\u043e\u0441\u0442\u044c \u043f\u0440\u0438 \u0440\u0430\u0437\u0431\u0430\u0432\u043b\u0435\u043d\u0438\u0438 \u0432\u043e\u0434\u043e\u0439. \u0411\u0438\u043e\u0440\u0430\u0437\u043b\u0430\u0433\u0430\u0435\u043c\u044b\u0439 \u043f\u0440\u043e\u0434\u0443\u043a\u0442 \u0441 \u043e\u0447\u0435\u043d\u044c \u0445\u043e\u0440\u043e\u0448\u0438\u043c\u0438 \u0441\u0432\u043e\u0439\u0441\u0442\u0432\u0430\u043c\u0438 \u0434\u043b\u044f \u043e\u0431\u0435\u0437\u0436\u0438\u0440\u0438\u0432\u0430\u043d\u0438\u044f, \u043f\u0440\u043e\u043c\u044b\u0432\u043a\u0438 \u0438 \u0443\u0434\u0430\u043b\u0435\u043d\u0438\u044f \u043d\u0435\u0441\u043a\u043e\u043b\u044c\u043a\u0438\u0445 \u0442\u0438\u043f\u043e\u0432 \u043e\u0440\u0433\u0430\u043d\u0438\u0447\u0435\u0441\u043a\u0438\u0445 \u043c\u0438\u043d\u0435\u0440\u0430\u043b\u044c\u043d\u044b\u0445 \u0437\u0430\u0433\u0440\u044f\u0437\u043d\u0435\u043d\u0438\u0439, \u0441\u043c\u0435\u0448\u0430\u043d\u043d\u044b\u0445 \u0438\u043b\u0438 \u0441\u0438\u043d\u0442\u0435\u0442\u0438\u0447\u0435\u0441\u043a\u0438\u0445 \u0437\u0430\u0433\u0440\u044f\u0437\u043d\u0435\u043d\u0438\u0439. \u041f\u0435\u0440\u0435\u0434 \u0438\u0441\u043f\u043e\u043b\u044c\u0437\u043e\u0432\u0430\u043d\u0438\u0435\u043c \u0440\u0435\u043a\u043e\u043c\u0435\u043d\u0434\u0443\u0435\u0442\u0441\u044f \u044d\u043d\u0435\u0440\u0433\u0438\u0447\u043d\u043e \u0432\u0441\u0442\u0440\u044f\u0445\u043d\u0443\u0442\u044c \u0431\u0430\u043b\u043b\u043e\u043d. \u041e\u043d \u0442\u0430\u043a\u0436\u0435 \u0443\u0441\u043f\u0435\u0448\u043d\u043e \u0434\u0435\u0439\u0441\u0442\u0432\u0443\u0435\u0442 \u043d\u0430 \u0437\u0430\u0441\u0442\u0430\u0440\u0435\u043b\u044b\u0435 \u043e\u0442\u043b\u043e\u0436\u0435\u043d\u0438\u044f \u0433\u0440\u044f\u0437\u0438. \u041f\u0440\u043e\u0434\u0443\u043a\u0442 \u043f\u0440\u0435\u0434\u0441\u0442\u0430\u0432\u043b\u044f\u0435\u0442 \u0441\u043e\u0431\u043e\u0439 \u043d\u0435\u0433\u043e\u0440\u044e\u0447\u0443\u044e \u0436\u0438\u0434\u043a\u043e\u0441\u0442\u044c \u043d\u0430 \u043e\u0441\u043d\u043e\u0432\u0435 \u043f\u043e\u0432\u0435\u0440\u0445\u043d\u043e\u0441\u0442\u043d\u043e-\u0430\u043a\u0442\u0438\u0432\u043d\u044b\u0445 \u0432\u0435\u0449\u0435\u0441\u0442\u0432 \u0441 \u0432\u044b\u0441\u043e\u043a\u043e\u0439 \u043e\u0447\u0438\u0449\u0430\u044e\u0449\u0435\u0439 \u0438 \u044d\u043c\u0443\u043b\u044c\u0433\u0438\u0440\u0443\u044e\u0449\u0435\u0439 \u0441\u043f\u043e\u0441\u043e\u0431\u043d\u043e\u0441\u0442\u044c\u044e \u0432 \u0432\u043e\u0434\u043d\u043e\u043c \u0440\u0430\u0441\u0442\u0432\u043e\u0440\u0435. \u041f\u0440\u043e\u0444\u0435\u0441\u0441\u0438\u043e\u043d\u0430\u043b\u044c\u043d\u044b\u0439 \u043f\u0440\u043e\u0434\u0443\u043a\u0442, \u043f\u0435\u0440\u0435\u0434 \u0438\u0441\u043f\u043e\u043b\u044c\u0437\u043e\u0432\u0430\u043d\u0438\u0435\u043c \u043e\u0437\u043d\u0430\u043a\u043e\u043c\u044c\u0442\u0435\u0441\u044c \u0441 \u0442\u0435\u0445\u043d\u0438\u0447\u0435\u0441\u043a\u0438\u043c\u0438 \u0434\u0430\u043d\u043d\u044b\u043c\u0438 \u0438 \u043f\u0430\u0441\u043f\u043e\u0440\u0442\u043e\u043c \u0431\u0435\u0437\u043e\u043f\u0430\u0441\u043d\u043e\u0441\u0442\u0438. 90% \u0431\u0438\u043e\u0440\u0430\u0437\u043b\u0430\u0433\u0430\u0435\u043c\u044b\u0439 \u043f\u0440\u043e\u0434\u0443\u043a\u0442.<\/p>\n<p>\u041e\u0411\u041b\u0410\u0421\u0422\u042c \u041f\u0420\u0418\u041c\u0415\u041d\u0415\u041d\u0418\u042f<br \/>\n\u041f\u0438\u0449\u0435\u0432\u0430\u044f \u0438 \u0430\u0433\u0440\u043e\u043f\u0438\u0449\u0435\u0432\u0430\u044f \u043f\u0440\u043e\u043c\u044b\u0448\u043b\u0435\u043d\u043d\u043e\u0441\u0442\u044c, \u043f\u0440\u043e\u0444\u0435\u0441\u0441\u0438\u043e\u043d\u0430\u043b\u044c\u043d\u044b\u0435 \u043a\u0443\u0445\u043d\u0438, \u0440\u0435\u0441\u0442\u043e\u0440\u0430\u043d\u044b, \u0433\u043e\u0441\u0442\u0438\u043d\u0438\u0446\u044b, \u043f\u0430\u043d\u0441\u0438\u043e\u043d\u0430\u0442\u044b, \u043f\u0435\u043a\u0430\u0440\u043d\u0438, \u043f\u0438\u0446\u0446\u0435\u0440\u0438\u0438, \u043c\u0430\u0448\u0438\u043d\u043e\u0441\u0442\u0440\u043e\u0435\u043d\u0438\u0435, \u0441\u0438\u0441\u0442\u0435\u043c\u0430 Ho.Re.Ca, \u0430\u0432\u0442\u043e\u0441\u0435\u0440\u0432\u0438\u0441, \u0430\u0432\u0442\u043e\u043c\u043e\u0431\u0438\u043b\u044c\u043d\u044b\u0439 \u0441\u0435\u043a\u0442\u043e\u0440, \u0430\u0432\u0442\u043e\u043c\u043e\u0439\u043a\u0438, \u043a\u043b\u0438\u043d\u0438\u043d\u0433\u043e\u0432\u044b\u0435 \u043a\u043e\u043c\u043f\u0430\u043d\u0438\u0438 \u0438 \u0434\u0440.<\/p>\n<p>\u0418\u0421\u041f\u041e\u041b\u042c\u0417\u041e\u0412\u0410\u041d\u0418\u0415<br \/>\n\u0423\u0434\u0430\u043b\u0435\u043d\u0438\u0435 \u0441\u0442\u043e\u0439\u043a\u0438\u0445 \u0437\u0430\u0433\u0440\u044f\u0437\u043d\u0435\u043d\u0438\u0439 \u043e\u0440\u0433\u0430\u043d\u0438\u0447\u0435\u0441\u043a\u043e\u0433\u043e \u043f\u0440\u043e\u0438\u0441\u0445\u043e\u0436\u0434\u0435\u043d\u0438\u044f (\u043c\u0430\u0441\u043b\u044f\u043d\u044b\u0435 \u043f\u044f\u0442\u043d\u0430, \u043f\u044f\u0442\u043d\u0430 \u0436\u0438\u0432\u043e\u0442\u043d\u043e\u0433\u043e \u0438\u043b\u0438 \u0440\u0430\u0441\u0442\u0438\u0442\u0435\u043b\u044c\u043d\u043e\u0433\u043e \u0436\u0438\u0440\u0430, \u043f\u0447\u0435\u043b\u0438\u043d\u044b\u0439 \u0432\u043e\u0441\u043a \u0438 \u0442.\u043f.), \u043c\u0438\u043d\u0435\u0440\u0430\u043b\u044c\u043d\u044b\u0445 \u0437\u0430\u0433\u0440\u044f\u0437\u043d\u0435\u043d\u0438\u0439 (\u0430\u0432\u0442\u043e\u043c\u043e\u0431\u0438\u043b\u044c\u043d\u044b\u0435 \u043c\u0430\u0441\u043b\u0430, \u0432\u0430\u0437\u0435\u043b\u0438\u043d, \u0441\u043b\u0435\u0434\u044b \u0441\u043e\u043b\u044f\u0440\u043a\u0438 \u0438\u043b\u0438 \u0431\u0435\u043d\u0437\u0438\u043d\u0430, \u0433\u0440\u044f\u0437\u044c \u0438 \u0442.\u043f.) \u0438 \u0441\u043c\u0435\u0448\u0430\u043d\u043d\u044b\u0445 \u0438\u043b\u0438 \u0441\u0438\u043d\u0442\u0435\u0442\u0438\u0447\u0435\u0441\u043a\u0438\u0445 \u0437\u0430\u0433\u0440\u044f\u0437\u043d\u0435\u043d\u0438\u0439 (\u043a\u043b\u0435\u0439, \u0446\u0435\u043b\u043b\u044e\u043b\u043e\u0437\u0430 , \u0441\u043b\u0435\u0434\u044b \u043a\u0440\u0430\u0441\u043a\u0438, \u0441\u043b\u0435\u0434\u044b \u0440\u0435\u0437\u0438\u043d\u044b \u0438 \u0434\u0440.) \u0441 \u043f\u043e\u0432\u0435\u0440\u0445\u043d\u043e\u0441\u0442\u0435\u0439 \u0438 \u043e\u0431\u043e\u0440\u0443\u0434\u043e\u0432\u0430\u043d\u0438\u044f, \u0432 \u0446\u0435\u043b\u043e\u043c, \u0443\u0445\u043e\u0434 \u0437\u0430 \u043f\u043e\u043b\u0430\u043c\u0438 \u0432 \u0441\u043a\u043b\u0430\u0434\u0441\u043a\u0438\u0445 \u043f\u043e\u043c\u0435\u0449\u0435\u043d\u0438\u044f\u0445 \u0438\u043b\u0438 \u043f\u0440\u043e\u0438\u0437\u0432\u043e\u0434\u0441\u0442\u0432\u0435\u043d\u043d\u044b\u0445 \u0446\u0435\u0445\u0430\u0445, \u0435\u0436\u0435\u0434\u043d\u0435\u0432\u043d\u0430\u044f \u0443\u0431\u043e\u0440\u043a\u0430 \u043f\u043e\u0432\u0435\u0440\u0445\u043d\u043e\u0441\u0442\u0435\u0439 \u0438 \u043f\u043e\u043b\u043e\u0432 \u0432 \u0430\u0432\u0442\u043e\u0441\u0435\u0440\u0432\u0438\u0441\u0430\u0445, \u0437\u0430\u043f\u0440\u0430\u0432\u043a\u0430\u0445, \u043f\u0440\u043e\u043c\u044b\u0448\u043b\u0435\u043d\u043d\u044b\u0445 \u043c\u0435\u0445\u0430\u043d\u0438\u043a\u0430\u0445. \u0414\u043b\u044f \u0433\u0435\u043d\u0435\u0440\u0430\u043b\u044c\u043d\u043e\u0439 \u0443\u0431\u043e\u0440\u043a\u0438 \u043a\u0443\u0445\u043e\u043d\u044c \u0438 \u043f\u0440\u043e\u0444\u0435\u0441\u0441\u0438\u043e\u043d\u0430\u043b\u044c\u043d\u043e\u0433\u043e \u043e\u0431\u043e\u0440\u0443\u0434\u043e\u0432\u0430\u043d\u0438\u044f \u0432 \u0430\u0433\u0440\u043e\u043f\u0438\u0449\u0435\u0432\u043e\u0439 \u043f\u0440\u043e\u043c\u044b\u0448\u043b\u0435\u043d\u043d\u043e\u0441\u0442\u0438, \u043e\u0447\u0438\u0441\u0442\u043a\u0438 \u0442\u0435\u043d\u0442\u043e\u0432 \u0433\u0440\u0443\u0437\u043e\u0432\u044b\u0445 \u0438 \u0433\u0440\u0443\u0437\u043e\u0432\u044b\u0445 \u0430\u0432\u0442\u043e\u043c\u043e\u0431\u0438\u043b\u0435\u0439, \u0430\u0432\u0442\u043e\u043c\u043e\u0431\u0438\u043b\u044c\u043d\u044b\u0445 \u0434\u0432\u0438\u0433\u0430\u0442\u0435\u043b\u0435\u0439, \u043f\u0440\u043e\u043c\u044b\u0448\u043b\u0435\u043d\u043d\u043e\u0433\u043e \u043e\u0431\u043e\u0440\u0443\u0434\u043e\u0432\u0430\u043d\u0438\u044f, \u0430\u0432\u0442\u043e\u0437\u0430\u043f\u0447\u0430\u0441\u0442\u0435\u0439, \u0430\u0432\u0442\u043e\u043c\u043e\u0431\u0438\u043b\u0435\u0439 \u0438 \u0442.\u0434. \u0412\u0441\u0442\u0440\u044f\u0445\u043d\u0438\u0442\u0435 \u043a\u043e\u043d\u0442\u0435\u0439\u043d\u0435\u0440 \u043f\u0435\u0440\u0435\u0434 \u0438\u0441\u043f\u043e\u043b\u044c\u0437\u043e\u0432\u0430\u043d\u0438\u0435\u043c.<\/p>\n<p>\u0414\u041e\u0417\u0418\u0420\u041e\u0412\u041a\u0410<br \/>\n\u0410\u0432\u0442\u043e\u043c\u0430\u0442\u0438\u0447\u0435\u0441\u043a\u0438\u0439 \u0438\u043b\u0438 \u0440\u0443\u0447\u043d\u043e\u0439<br \/>\n0,5 &#8211; 3% per litru de ap\u0103 | 5 &#8211; 30gr per litru de apa | Intre\u021binere 1: 200lt de ap\u0103 | Cur\u0103\u021bare 1: 35lt ap\u0103 Diluarea se face \u00een func\u0163ie gradul de murd\u0103rie al suprafe\u021bei, dac\u0103 considera\u0163i c\u0103 este necesar m\u0103ri\u0163i doza f\u0103r\u0103 s\u0103 exagera\u021bi. Dac\u0103 suprafa\u021ba o permite \u0219i considera\u0163i necesar acolo unde este nevoie folosi\u0163i produsul direct pe suprafa\u0163a care trebuie cur\u0103\u0163at\u0103, l\u0103sa\u0163i s\u0103 actioneze dup\u0103 care clati\u0163i bine suprafa\u021ba.<\/p>\n<p>\u0421\u041f\u041e\u0421\u041e\u0411 \u041f\u0420\u0418\u041c\u0415\u041d\u0415\u041d\u0418\u042f<br \/>\n\u041f\u0440\u043e\u043f\u044b\u043b\u0435\u0441\u043e\u0441\u044c\u0442\u0435 \u043f\u044b\u043b\u044c \u0438 \u0443\u0434\u0430\u043b\u0438\u0442\u0435 \u043e\u0441\u0442\u0430\u0442\u043a\u0438 \u0441 \u043e\u0447\u0438\u0449\u0430\u0435\u043c\u043e\u0439 \u043f\u043e\u0432\u0435\u0440\u0445\u043d\u043e\u0441\u0442\u0438. \u0420\u0430\u0437\u0431\u0430\u0432\u044c\u0442\u0435 \u0441\u0440\u0435\u0434\u0441\u0442\u0432\u043e, \u0437\u0430\u0442\u0435\u043c \u043d\u0430\u0447\u043d\u0438\u0442\u0435 \u043c\u044b\u0442\u044c \u043f\u043e\u0432\u0435\u0440\u0445\u043d\u043e\u0441\u0442\u044c \u0448\u0432\u0430\u0431\u0440\u043e\u0439, \u0442\u0440\u044f\u043f\u043a\u043e\u0439, \u0433\u0443\u0431\u043a\u043e\u0439 \u0438\u043b\u0438 \u043f\u0440\u043e\u0444\u0435\u0441\u0441\u0438\u043e\u043d\u0430\u043b\u044c\u043d\u044b\u043c \u043c\u043e\u044e\u0449\u0438\u043c \u043e\u0431\u043e\u0440\u0443\u0434\u043e\u0432\u0430\u043d\u0438\u0435\u043c. \u041f\u0440\u0438 \u043d\u0435\u043e\u0431\u0445\u043e\u0434\u0438\u043c\u043e\u0441\u0442\u0438 \u043f\u043e\u0432\u0442\u043e\u0440\u0438\u0442\u0435 \u043e\u043f\u0435\u0440\u0430\u0446\u0438\u044e \u043f\u0440\u043e\u043c\u044b\u0432\u043a\u0438. \u0414\u0430\u0439\u0442\u0435 \u043f\u043e\u0432\u0435\u0440\u0445\u043d\u043e\u0441\u0442\u0438 \u0432\u044b\u0441\u043e\u0445\u043d\u0443\u0442\u044c, \u043d\u0435 \u0441\u043c\u044b\u0432\u0430\u044f. \u0415\u0441\u043b\u0438 \u0441\u0447\u0438\u0442\u0430\u0435\u0442\u0435 \u043d\u0443\u0436\u043d\u044b\u043c, \u043f\u0440\u043e\u043c\u043e\u0439\u0442\u0435 \u043f\u043e\u0432\u0435\u0440\u0445\u043d\u043e\u0441\u0442\u044c. \u0414\u043b\u044f \u0441\u0438\u0441\u0442\u0435\u043c\u044b \u0434\u043e\u0437\u0438\u0440\u043e\u0432\u0430\u043d\u0438\u044f \u043f\u0440\u043e\u0434\u0443\u043a\u0442\u0430 \u0437\u0430\u043f\u0440\u043e\u0441\u0438\u0442\u0435 \u043d\u0435\u043e\u0431\u0445\u043e\u0434\u0438\u043c\u0443\u044e \u0438\u043d\u0444\u043e\u0440\u043c\u0430\u0446\u0438\u044e \u0443 \u0442\u043e\u0440\u0433\u043e\u0432\u043e\u0433\u043e \u0430\u0433\u0435\u043d\u0442\u0430 \u0438\u043b\u0438 \u043f\u043e\u0441\u0442\u0430\u0432\u0449\u0438\u043a\u0430.\u041f\u0440\u0438 \u043d\u0430\u043b\u0438\u0447\u0438\u0438 \u0437\u0430\u0441\u0442\u0430\u0440\u0435\u043b\u044b\u0445 \u0441\u043b\u0435\u0434\u043e\u0432 \u0441\u0442\u043e\u0439\u043a\u0438\u0445 \u0437\u0430\u0433\u0440\u044f\u0437\u043d\u0435\u043d\u0438\u0439 \u0440\u0430\u0441\u043f\u044b\u043b\u0438\u0442\u0435 \u0441\u0440\u0435\u0434\u0441\u0442\u0432\u043e \u0432 \u043a\u043e\u043d\u0446\u0435\u043d\u0442\u0440\u0438\u0440\u043e\u0432\u0430\u043d\u043d\u043e\u043c \u0432\u0438\u0434\u0435 \u043d\u0435\u043f\u043e\u0441\u0440\u0435\u0434\u0441\u0442\u0432\u0435\u043d\u043d\u043e \u043d\u0430 \u0433\u0440\u044f\u0437\u043d\u0443\u044e \u043c\u0435\u0442\u043a\u0443 (\u0435\u0441\u043b\u0438 \u044d\u0442\u043e \u043f\u043e\u0437\u0432\u043e\u043b\u044f\u0435\u0442 \u043f\u043e\u043b), \u043e\u0441\u0442\u0430\u0432\u044c\u0442\u0435 \u0434\u0435\u0439\u0441\u0442\u0432\u043e\u0432\u0430\u0442\u044c \u0430 \u0437\u0430\u0442\u0435\u043c \u0441\u043c\u044b\u0442\u044c \u0435\u0433\u043e \u0441 \u043f\u043e\u0432\u0435\u0440\u0445\u043d\u043e\u0441\u0442\u0438.<\/p>\n<p>\u041e\u0431\u044a\u0435\u043c: 5 \u043a\u0433<\/p>","protected":false},"excerpt":{"rendered":"<p>\u0414\u0432\u0443\u0445\u043a\u043e\u043c\u043f\u043e\u043d\u0435\u043d\u0442\u043d\u044b\u0439 \u0441\u0443\u043f\u0435\u0440\u043e\u0431\u0435\u0437\u0436\u0438\u0440\u0438\u0432\u0430\u044e\u0449\u0438\u0439 \u043a\u043e\u043d\u0446\u0435\u043d\u0442\u0440\u0438\u0440\u043e\u0432\u0430\u043d\u043d\u044b\u0439 \u0440\u0430\u0441\u0442\u0432\u043e\u0440 \u0434\u043b\u044f \u0431\u044b\u0441\u0442\u0440\u043e\u0439 \u0438 \u044d\u0444\u0444\u0435\u043a\u0442\u0438\u0432\u043d\u043e\u0439 \u043e\u0447\u0438\u0441\u0442\u043a\u0438 \u043b\u044e\u0431\u044b\u0445 \u0442\u0438\u043f\u043e\u0432 \u0437\u0430\u0433\u0440\u044f\u0437\u043d\u0435\u043d\u0438\u0439 \u043d\u0430 \u0432\u0441\u0435\u0445 \u0442\u0438\u043f\u0430\u0445 \u043f\u043e\u0432\u0435\u0440\u0445\u043d\u043e\u0441\u0442\u0435\u0439. \u0411\u043b\u0430\u0433\u043e\u0434\u0430\u0440\u044f \u0430\u043a\u0442\u0438\u0432\u043d\u044b\u043c \u043a\u043e\u043c\u043f\u043e\u043d\u0435\u043d\u0442\u0430\u043c, \u043a\u043e\u0442\u043e\u0440\u044b\u0435 \u0432\u0441\u0442\u0443\u043f\u0430\u044e\u0442 \u0432 \u043a\u043e\u043d\u0442\u0430\u043a\u0442 \u0442\u043e\u043b\u044c\u043a\u043e \u043f\u0440\u0438 \u0441\u043c\u0435\u0448\u0438\u0432\u0430\u043d\u0438\u0438, \u044d\u0442\u043e \u043f\u0440\u0438\u0434\u0430\u0435\u0442 \u043f\u0440\u043e\u0434\u0443\u043a\u0442\u0443 \u0433\u043e\u0440\u0430\u0437\u0434\u043e \u0431\u043e\u043b\u0435\u0435 \u0432\u044b\u0441\u043e\u043a\u0443\u044e \u044d\u0444\u0444\u0435\u043a\u0442\u0438\u0432\u043d\u043e\u0441\u0442\u044c \u043f\u0440\u0438 \u0440\u0430\u0437\u0431\u0430\u0432\u043b\u0435\u043d\u0438\u0438 \u0432\u043e\u0434\u043e\u0439. \u0411\u0438\u043e\u0440\u0430\u0437\u043b\u0430\u0433\u0430\u0435\u043c\u044b\u0439 \u043f\u0440\u043e\u0434\u0443\u043a\u0442 \u0441 \u043e\u0447\u0435\u043d\u044c \u0445\u043e\u0440\u043e\u0448\u0438\u043c\u0438 \u0441\u0432\u043e\u0439\u0441\u0442\u0432\u0430\u043c\u0438 \u0434\u043b\u044f \u043e\u0431\u0435\u0437\u0436\u0438\u0440\u0438\u0432\u0430\u043d\u0438\u044f, \u043f\u0440\u043e\u043c\u044b\u0432\u043a\u0438 \u0438 \u0443\u0434\u0430\u043b\u0435\u043d\u0438\u044f \u043d\u0435\u0441\u043a\u043e\u043b\u044c\u043a\u0438\u0445 \u0442\u0438\u043f\u043e\u0432 \u043e\u0440\u0433\u0430\u043d\u0438\u0447\u0435\u0441\u043a\u0438\u0445 \u043c\u0438\u043d\u0435\u0440\u0430\u043b\u044c\u043d\u044b\u0445 \u0437\u0430\u0433\u0440\u044f\u0437\u043d\u0435\u043d\u0438\u0439, \u0441\u043c\u0435\u0448\u0430\u043d\u043d\u044b\u0445 \u0438\u043b\u0438 \u0441\u0438\u043d\u0442\u0435\u0442\u0438\u0447\u0435\u0441\u043a\u0438\u0445 \u0437\u0430\u0433\u0440\u044f\u0437\u043d\u0435\u043d\u0438\u0439. \u041f\u0435\u0440\u0435\u0434 \u0438\u0441\u043f\u043e\u043b\u044c\u0437\u043e\u0432\u0430\u043d\u0438\u0435\u043c \u0440\u0435\u043a\u043e\u043c\u0435\u043d\u0434\u0443\u0435\u0442\u0441\u044f \u044d\u043d\u0435\u0440\u0433\u0438\u0447\u043d\u043e \u0432\u0441\u0442\u0440\u044f\u0445\u043d\u0443\u0442\u044c \u0431\u0430\u043b\u043b\u043e\u043d. \u041e\u043d \u0442\u0430\u043a\u0436\u0435 \u0443\u0441\u043f\u0435\u0448\u043d\u043e \u0434\u0435\u0439\u0441\u0442\u0432\u0443\u0435\u0442 \u043d\u0430 \u0437\u0430\u0441\u0442\u0430\u0440\u0435\u043b\u044b\u0435 \u043e\u0442\u043b\u043e\u0436\u0435\u043d\u0438\u044f \u0433\u0440\u044f\u0437\u0438.<\/p>","protected":false},"featured_media":11249,"comment_status":"closed","ping_status":"closed","template":"","meta":[],"product_cat":[81,45,34,42,44,43,40,41,46,71],"product_tag":[169],"class_list":["post-11248","product","type-product","status-publish","has-post-thumbnail","hentry","product_cat-detergenti-speciali","product_cat-industria-auto","product_cat-hotel","product_cat-industria-de-producere-si-prelucrare","product_cat-institutii-de-invatamint","product_cat-medicina","product_cat-restaurant-si-bucatarie","product_cat-servicii-de-curatenie","product_cat-sport-si-fitness","product_cat-detergenti-si-dezinfectanti-profesionali","product_tag-detergent","pa_brand-sanidet"],"_links":{"self":[{"href":"https:\/\/toreco.md\/ru\/wp-json\/wp\/v2\/product\/11248","targetHints":{"allow":["GET"]}}],"collection":[{"href":"https:\/\/toreco.md\/ru\/wp-json\/wp\/v2\/product"}],"about":[{"href":"https:\/\/toreco.md\/ru\/wp-json\/wp\/v2\/types\/product"}],"replies":[{"embeddable":true,"href":"https:\/\/toreco.md\/ru\/wp-json\/wp\/v2\/comments?post=11248"}],"wp:featuredmedia":[{"embeddable":true,"href":"https:\/\/toreco.md\/ru\/wp-json\/wp\/v2\/media\/11249"}],"wp:attachment":[{"href":"https:\/\/toreco.md\/ru\/wp-json\/wp\/v2\/media?parent=11248"}],"wp:term":[{"taxonomy":"product_cat","embeddable":true,"href":"https:\/\/toreco.md\/ru\/wp-json\/wp\/v2\/product_cat?post=11248"},{"taxonomy":"product_tag","embeddable":true,"href":"https:\/\/toreco.md\/ru\/wp-json\/wp\/v2\/product_tag?post=11248"}],"curies":[{"name":"wp","href":"https:\/\/api.w.org\/{rel}","templated":true}]}}