{"id":11243,"date":"2023-01-31T08:53:41","date_gmt":"2023-01-31T06:53:41","guid":{"rendered":"https:\/\/toreco.md\/?post_type=product&#038;p=11243"},"modified":"2023-01-31T08:57:46","modified_gmt":"2023-01-31T06:57:46","slug":"brillmat-power-detergent-clatitor-pentru-masina-de-spalat-vase-25kg","status":"publish","type":"product","link":"https:\/\/toreco.md\/ru\/product\/dupa-tip\/detergenti-si-dezinfectanti-profesionali\/bucatarie\/brillmat-power-detergent-clatitor-pentru-masina-de-spalat-vase-25kg\/","title":{"rendered":"Brillmat Power, \u043e\u043f\u043e\u043b\u0430\u0441\u043a\u0438\u0432\u0430\u0442\u0435\u043b\u044c \u0434\u043b\u044f \u043f\u043e\u0441\u0443\u0434\u043e\u043c\u043e\u0435\u0447\u043d\u043e\u0439 \u043c\u0430\u0448\u0438\u043d\u044b, 25 \u043a\u0433"},"content":{"rendered":"<p>\u041a\u043e\u043d\u0446\u0435\u043d\u0442\u0440\u0438\u0440\u043e\u0432\u0430\u043d\u043d\u044b\u0439 \u0440\u0430\u0441\u0442\u0432\u043e\u0440 \u0434\u043b\u044f \u0430\u0432\u0442\u043e\u043c\u0430\u0442\u0438\u0447\u0435\u0441\u043a\u043e\u0433\u043e \u043c\u044b\u0442\u044c\u044f \u043f\u043e\u0441\u0443\u0434\u044b. \u0416\u0435\u0441\u0442\u043a\u0430\u044f \u0432\u043e\u0434\u0430 15\u00b0F &gt; 25\u00b0F<br \/>\n\u041a\u043e\u043d\u0446\u0435\u043d\u0442\u0440\u0438\u0440\u043e\u0432\u0430\u043d\u043d\u044b\u0439 \u044d\u043a\u043e\u043b\u043e\u0433\u0438\u0447\u0435\u0441\u043a\u0438\u0439 \u0440\u0430\u0441\u0442\u0432\u043e\u0440 \u0441 \u0430\u043d\u0442\u0438\u0431\u0430\u043a\u0442\u0435\u0440\u0438\u0430\u043b\u044c\u043d\u044b\u043c \u044d\u0444\u0444\u0435\u043a\u0442\u043e\u043c \u0434\u043b\u044f \u043e\u043f\u043e\u043b\u0430\u0441\u043a\u0438\u0432\u0430\u043d\u0438\u044f \u0438 \u0434\u0435\u0437\u0438\u043d\u0444\u0435\u043a\u0446\u0438\u0438 \u043f\u043e\u0441\u0443\u0434\u044b \u0432 \u043f\u043e\u0441\u0443\u0434\u043e\u043c\u043e\u0435\u0447\u043d\u043e\u0439 \u043c\u0430\u0448\u0438\u043d\u0435. Brillmat Power \u0431\u044b\u0441\u0442\u0440\u043e \u0438 \u044d\u0444\u0444\u0435\u043a\u0442\u0438\u0432\u043d\u043e \u043d\u0435\u0439\u0442\u0440\u0430\u043b\u0438\u0437\u0443\u0435\u0442 \u0438\u0437\u0432\u0435\u0441\u0442\u043a\u043e\u0432\u044b\u0439 \u043d\u0430\u043b\u0435\u0442 \u0438 \u043e\u0441\u0442\u0430\u0442\u043a\u0438 \u043c\u043e\u044e\u0449\u0438\u0445 \u0441\u0440\u0435\u0434\u0441\u0442\u0432, \u043e\u0431\u0435\u0441\u043f\u0435\u0447\u0438\u0432\u0430\u044f \u0435\u0441\u0442\u0435\u0441\u0442\u0432\u0435\u043d\u043d\u044b\u0439 \u0431\u043b\u0435\u0441\u043a \u043f\u043e\u0441\u0443\u0434\u044b \u0438 \u0441\u0442\u043e\u043b\u043e\u0432\u044b\u0445 \u043f\u0440\u0438\u0431\u043e\u0440\u043e\u0432. \u041e\u043f\u043e\u043b\u0430\u0441\u043a\u0438\u0432\u0430\u043d\u0438\u0435 \u043f\u043e\u0441\u0443\u0434\u044b \u0441\u0440\u0435\u0434\u0441\u0442\u0432\u043e\u043c Brillmat Power \u043e\u0431\u0435\u0441\u043f\u0435\u0447\u0438\u0432\u0430\u0435\u0442 \u0431\u044b\u0441\u0442\u0440\u043e\u0435 \u0432\u044b\u0441\u044b\u0445\u0430\u043d\u0438\u0435 \u0431\u0435\u0437 \u0441\u043b\u0435\u0434\u043e\u0432 \u043f\u043e\u0441\u0443\u0434\u044b \u0438 \u0441\u0442\u043e\u043b\u043e\u0432\u044b\u0445 \u043f\u0440\u0438\u0431\u043e\u0440\u043e\u0432, \u043f\u043e\u044d\u0442\u043e\u043c\u0443 \u0438\u043c\u0438 \u043c\u043e\u0436\u043d\u043e \u043f\u043e\u043b\u044c\u0437\u043e\u0432\u0430\u0442\u044c\u0441\u044f \u0432\u0441\u043a\u043e\u0440\u0435 \u043f\u043e\u0441\u043b\u0435 \u043c\u044b\u0442\u044c\u044f, \u043d\u0435 \u0442\u0440\u0435\u0431\u0443\u044f \u043f\u0440\u043e\u0442\u0438\u0440\u0430\u043d\u0438\u044f. \u041f\u0440\u0435\u0434\u043e\u0442\u0432\u0440\u0430\u0449\u0430\u0435\u0442 \u043e\u0431\u0440\u0430\u0437\u043e\u0432\u0430\u043d\u0438\u0435 \u0438\u0437\u0432\u0435\u0441\u0442\u043a\u043e\u0432\u043e\u0433\u043e \u043d\u0430\u043b\u0435\u0442\u0430 \u043d\u0430 \u043f\u043e\u0441\u0443\u0434\u0435 \u0438 \u0432 \u043f\u043e\u0441\u0443\u0434\u043e\u043c\u043e\u0435\u0447\u043d\u043e\u0439 \u043c\u0430\u0448\u0438\u043d\u0435, \u0430\u043d\u0442\u0438\u0431\u0430\u043a\u0442\u0435\u0440\u0438\u0430\u043b\u044c\u043d\u044b\u0439 \u044d\u0444\u0444\u0435\u043a\u0442 \u043e\u0431\u0435\u0441\u043f\u0435\u0447\u0438\u0432\u0430\u0435\u0442 \u043d\u0435\u043e\u0431\u0445\u043e\u0434\u0438\u043c\u0443\u044e \u0435\u0436\u0435\u0434\u043d\u0435\u0432\u043d\u0443\u044e \u0441\u0430\u043d\u0438\u0442\u0430\u0440\u043d\u0443\u044e \u043e\u0431\u0440\u0430\u0431\u043e\u0442\u043a\u0443 \u043f\u043e\u0441\u0443\u0434\u044b. \u0418\u0441\u043f\u043e\u043b\u044c\u0437\u043e\u0432\u0430\u043d\u0438\u0435 \u043e\u043f\u043e\u043b\u0430\u0441\u043a\u0438\u0432\u0430\u0442\u0435\u043b\u044f \u043f\u0440\u043e\u0434\u043b\u0435\u0432\u0430\u0435\u0442 \u0441\u0440\u043e\u043a \u0441\u043b\u0443\u0436\u0431\u044b \u043f\u043e\u0441\u0443\u0434\u043e\u043c\u043e\u0435\u0447\u043d\u043e\u0439 \u043c\u0430\u0448\u0438\u043d\u044b. \u0414\u043e\u0437\u0438\u0440\u043e\u0432\u043a\u0430 \u043e\u043f\u043e\u043b\u0430\u0441\u043a\u0438\u0432\u0430\u044e\u0449\u0435\u0433\u043e \u0440\u0430\u0441\u0442\u0432\u043e\u0440\u0430 \u043e\u0441\u0443\u0449\u0435\u0441\u0442\u0432\u043b\u044f\u0435\u0442\u0441\u044f \u0432 \u0437\u0430\u0432\u0438\u0441\u0438\u043c\u043e\u0441\u0442\u0438 \u043e\u0442 \u0441\u0442\u0435\u043f\u0435\u043d\u0438 \u0436\u0435\u0441\u0442\u043a\u043e\u0441\u0442\u0438 \u0432\u043e\u0434\u044b. \u0420\u0435\u043a\u043e\u043c\u0435\u043d\u0434\u0443\u0435\u0442\u0441\u044f \u0434\u043b\u044f \u043f\u043b\u0430\u043d\u0430 \u043e\u0447\u0438\u0441\u0442\u043a\u0438 \u0438 \u0441\u0430\u043c\u043e\u043a\u043e\u043d\u0442\u0440\u043e\u043b\u044f H.A.C.C.P. \u041f\u0440\u043e\u0444\u0435\u0441\u0441\u0438\u043e\u043d\u0430\u043b\u044c\u043d\u044b\u0439 \u043f\u0440\u043e\u0434\u0443\u043a\u0442, \u043f\u0440\u043e\u0447\u0438\u0442\u0430\u0439\u0442\u0435 \u043f\u0430\u0441\u043f\u043e\u0440\u0442 \u0431\u0435\u0437\u043e\u043f\u0430\u0441\u043d\u043e\u0441\u0442\u0438 \u043f\u0435\u0440\u0435\u0434 \u0438\u0441\u043f\u043e\u043b\u044c\u0437\u043e\u0432\u0430\u043d\u0438\u0435\u043c! 90% \u0431\u0438\u043e\u0440\u0430\u0437\u043b\u0430\u0433\u0430\u0435\u043c\u044b\u0439 \u043f\u0440\u043e\u0434\u0443\u043a\u0442.<\/p>\n<p>\u041e\u0411\u041b\u0410\u0421\u0422\u042c \u041f\u0420\u0418\u041c\u0415\u041d\u0415\u041d\u0418\u042f<br \/>\n\u041f\u0438\u0449\u0435\u0432\u0430\u044f \u0438 \u0430\u0433\u0440\u043e\u043f\u0438\u0449\u0435\u0432\u0430\u044f \u043f\u0440\u043e\u043c\u044b\u0448\u043b\u0435\u043d\u043d\u043e\u0441\u0442\u044c, \u043f\u0440\u043e\u0444\u0435\u0441\u0441\u0438\u043e\u043d\u0430\u043b\u044c\u043d\u044b\u0435 \u043a\u0443\u0445\u043d\u0438, \u0431\u043e\u043b\u044c\u043d\u0438\u0446\u044b, \u0441\u0438\u0441\u0442\u0435\u043c\u0430 Ho.Re.Ca, \u0433\u043e\u0441\u0442\u0438\u043d\u0438\u0447\u043d\u044b\u0439 \u0431\u0438\u0437\u043d\u0435\u0441, \u043f\u0440\u0435\u0434\u043f\u0440\u0438\u044f\u0442\u0438\u044f \u043e\u0431\u0449\u0435\u0441\u0442\u0432\u0435\u043d\u043d\u043e\u0433\u043e \u043f\u0438\u0442\u0430\u043d\u0438\u044f, \u043c\u044f\u0441\u043d\u044b\u0435 \u043b\u0430\u0432\u043a\u0438, \u043a\u043e\u043d\u0434\u0438\u0442\u0435\u0440\u0441\u043a\u0438\u0435, \u0441\u0442\u043e\u043b\u043e\u0432\u044b\u0435, \u0440\u0435\u0441\u0442\u043e\u0440\u0430\u043d\u044b, \u0444\u0430\u0441\u0442-\u0444\u0443\u0434, \u0431\u043e\u043b\u044c\u043d\u0438\u0446\u044b, \u0448\u043a\u043e\u043b\u044b \u0438 \u0442.\u0434.<\/p>\n<p>\u0418\u0421\u041f\u041e\u041b\u042c\u0417\u041e\u0412\u0410\u041d\u0418\u0415<br \/>\n\u0414\u043b\u044f \u043e\u043f\u043e\u043b\u0430\u0441\u043a\u0438\u0432\u0430\u043d\u0438\u044f: \u0442\u0430\u0440\u0435\u043b\u043e\u043a, \u0441\u0442\u0430\u043a\u0430\u043d\u043e\u0432, \u0447\u0430\u0448\u0435\u043a, \u043f\u043e\u0434\u043d\u043e\u0441\u043e\u0432, \u0441\u0442\u043e\u043b\u043e\u0432\u044b\u0445 \u043f\u0440\u0438\u0431\u043e\u0440\u043e\u0432, \u0438\u0437\u043c\u0435\u043b\u044c\u0447\u0438\u0442\u0435\u043b\u0435\u0439, \u043a\u0430\u0441\u0442\u0440\u044e\u043b\u044c, \u0441\u043a\u043e\u0432\u043e\u0440\u043e\u0434\u043e\u043a, \u0444\u043e\u0440\u043c \u0434\u043b\u044f \u0432\u044b\u043f\u0435\u0447\u043a\u0438, \u043a\u0440\u0443\u0436\u0435\u043a, \u0442\u0440\u0430\u043d\u0441\u043f\u043e\u0440\u0442\u043d\u044b\u0445 \u043a\u043e\u043d\u0442\u0435\u0439\u043d\u0435\u0440\u043e\u0432 \u0438 \u0442. \u0434. \u0418\u0437 \u0442\u0430\u043a\u0438\u0445 \u043c\u0430\u0442\u0435\u0440\u0438\u0430\u043b\u043e\u0432, \u043a\u0430\u043a: \u0444\u0430\u0440\u0444\u043e\u0440, \u0441\u0442\u0435\u043a\u043b\u043e, \u043d\u0435\u0440\u0436\u0430\u0432\u0435\u044e\u0449\u0430\u044f \u0441\u0442\u0430\u043b\u044c, \u043f\u043b\u0430\u0441\u0442\u0438\u043a, \u0434\u0435\u0440\u0435\u0432\u044f\u043d\u043d\u044b\u0435 \u043b\u0435\u0437\u0432\u0438\u044f, \u0432\u0443\u043b\u043a\u0430\u043d\u0438\u0447\u0435\u0441\u043a\u0438\u0439 \u043a\u0430\u043c\u0435\u043d\u044c, \u0433\u043b\u0438\u043d\u044f\u043d\u044b\u0435 \u0433\u043e\u0440\u0448\u043a\u0438 \u0438 \u0442.\u0434. \u041d\u0435 \u043f\u043e\u043c\u0435\u0449\u0430\u0439\u0442\u0435 \u0432 \u043f\u043e\u0441\u0443\u0434\u043e\u043c\u043e\u0435\u0447\u043d\u0443\u044e \u043c\u0430\u0448\u0438\u043d\u0443 \u043f\u043e\u0441\u0443\u0434\u0443 \u0441 \u0444\u0438\u043b\u0438\u0433\u0440\u0430\u043d\u043d\u043e\u0439 \u0438\u043b\u0438 \u0440\u0430\u0441\u043f\u0438\u0441\u0430\u043d\u043d\u043e\u0439 \u0432\u0440\u0443\u0447\u043d\u0443\u044e \u043f\u043e\u0441\u0443\u0434\u043e\u0439, \u0430 \u0442\u0430\u043a\u0436\u0435 \u043f\u043e\u0441\u0443\u0434\u0443 \u0438\u0437 \u043c\u0430\u0442\u0435\u0440\u0438\u0430\u043b\u043e\u0432, \u043d\u0435 \u0432\u044b\u0434\u0435\u0440\u0436\u0438\u0432\u0430\u044e\u0449\u0438\u0445 \u0432\u043b\u0430\u0433\u0438 \u0438\u043b\u0438 \u0445\u0438\u043c\u0438\u0447\u0435\u0441\u043a\u0438\u0445 \u0432\u0435\u0449\u0435\u0441\u0442\u0432.<\/p>\n<p>\u0414\u041e\u0417\u0418\u0420\u041e\u0412\u041a\u0410<br \/>\n\u0410\u0432\u0442\u043e\u043c\u0430\u0442\u0438\u0447\u0435\u0441\u043a\u0438\u0439 \u0438\u043b\u0438 \u0440\u0443\u0447\u043d\u043e\u0439<br \/>\nPentru cl\u0103tirea vaselor automat \u00eentre: 0,5 &#8211; 1.5 gr. de produs per litru de ap\u0103, dozarea se face \u00een func\u021bie de duritatea apei. Cantitatea de solu\u021bie de cl\u0103tire, pentru cl\u0103tirea unui co\u0219 de farfurii (apox.18 buc) cu ajutorul ma\u0219inii de sp\u0103lat vase este de 1.5gr &#8211; 4.5gr \/ co\u0219 de vase. Dozarea produsului este recomandat\u0103 pentru ap\u0103 cu duritate medie \u00eentre 15\u00b0F > 25\u00b0F (grade franceze). Pentru calibrarea doz\u0103rii se va \u021bine cont de gradul de murd\u0103rie al veselei \u0219i duritatea apei.<\/p>\n<p>\u0421\u041f\u041e\u0421\u041e\u0411 \u041f\u0420\u0418\u041c\u0415\u041d\u0415\u041d\u0418\u042f<br \/>\n\u041f\u0435\u0440\u0435\u0434 \u0442\u0435\u043c, \u043a\u0430\u043a \u043c\u044b\u0442\u044c \u043f\u043e\u0441\u0443\u0434\u0443 \u0432 \u0441\u0442\u0438\u0440\u0430\u043b\u044c\u043d\u043e\u0439 \u043c\u0430\u0448\u0438\u043d\u0435, \u0442\u0449\u0430\u0442\u0435\u043b\u044c\u043d\u043e \u0443\u0434\u0430\u043b\u0438\u0442\u0435 \u0431\u044b\u0442\u043e\u0432\u043e\u0439 \u043c\u0443\u0441\u043e\u0440, \u0435\u0441\u043b\u0438 \u043c\u0443\u0441\u043e\u0440 \u0441\u0442\u0430\u0440\u044b\u0439 \u0438 \u043e\u0447\u0435\u043d\u044c \u0441\u0443\u0445\u043e\u0439, \u043f\u0440\u043e\u043c\u043e\u0439\u0442\u0435 \u043d\u0435\u0431\u043e\u043b\u044c\u0448\u0438\u043c \u043a\u043e\u043b\u0438\u0447\u0435\u0441\u0442\u0432\u043e\u043c \u0432\u043e\u0434\u044b \u0438 \u0433\u0443\u0431\u043a\u043e\u0439. \u0412 \u0441\u043b\u0443\u0447\u0430\u0435 \u0430\u0432\u0442\u043e\u043c\u0430\u0442\u0438\u0447\u0435\u0441\u043a\u043e\u0439 \u0441\u0438\u0441\u0442\u0435\u043c\u044b \u0434\u043e\u0437\u0438\u0440\u043e\u0432\u0430\u043d\u0438\u044f \u043e\u0442\u0440\u0435\u0433\u0443\u043b\u0438\u0440\u0443\u0439\u0442\u0435 \u0434\u043e\u0437\u0438\u0440\u0443\u044e\u0449\u0438\u0439 \u043d\u0430\u0441\u043e\u0441 \u0442\u0430\u043a, \u0447\u0442\u043e\u0431\u044b \u043e\u043d \u043f\u043e\u0433\u043b\u043e\u0449\u0430\u043b \u043a\u043e\u043b\u0438\u0447\u0435\u0441\u0442\u0432\u043e \u043f\u0440\u043e\u0434\u0443\u043a\u0442\u0430, \u0443\u043a\u0430\u0437\u0430\u043d\u043d\u043e\u0435 \u0432 \u0442\u0435\u0445\u043d\u0438\u0447\u0435\u0441\u043a\u043e\u043c \u043f\u0430\u0441\u043f\u043e\u0440\u0442\u0435. \u0421\u0438\u0441\u0442\u0435\u043c\u0430 \u0434\u043e\u0437\u0438\u0440\u043e\u0432\u0430\u043d\u0438\u044f \u2013 \u0438\u0434\u0435\u0430\u043b\u044c\u043d\u044b\u0439 \u0441\u043f\u043e\u0441\u043e\u0431 \u0438\u0441\u043f\u043e\u043b\u044c\u0437\u043e\u0432\u0430\u043d\u0438\u044f \u043f\u0440\u043e\u0434\u0443\u043a\u0442\u0430, \u0440\u0435\u043a\u043e\u043c\u0435\u043d\u0434\u043e\u0432\u0430\u043d\u043d\u044b\u0439 \u043f\u0440\u043e\u0438\u0437\u0432\u043e\u0434\u0438\u0442\u0435\u043b\u0435\u043c. \u0418\u0441\u043f\u043e\u043b\u044c\u0437\u043e\u0432\u0430\u043d\u0438\u0435 \u0441\u0438\u0441\u0442\u0435\u043c\u044b \u0434\u043e\u0437\u0438\u0440\u043e\u0432\u0430\u043d\u0438\u044f \u043f\u043e\u043c\u043e\u0433\u0430\u0435\u0442 \u0434\u043e\u0431\u0438\u0442\u044c\u0441\u044f \u043e\u043f\u0442\u0438\u043c\u0430\u043b\u044c\u043d\u043e\u0439 \u044d\u0444\u0444\u0435\u043a\u0442\u0438\u0432\u043d\u043e\u0441\u0442\u0438 \u0438 \u0433\u0430\u0440\u0430\u043d\u0442\u0438\u0440\u0443\u0435\u0442 \u043a\u0430\u0447\u0435\u0441\u0442\u0432\u043e \u043f\u0440\u043e\u0446\u0435\u0441\u0441\u0430 \u0441\u0442\u0438\u0440\u043a\u0438. \u0414\u043b\u044f \u043f\u043e\u043b\u0443\u0447\u0435\u043d\u0438\u044f \u0438\u043d\u0444\u043e\u0440\u043c\u0430\u0446\u0438\u0438, \u043d\u0435\u043e\u0431\u0445\u043e\u0434\u0438\u043c\u043e\u0439 \u0434\u043b\u044f \u0438\u0441\u043f\u043e\u043b\u044c\u0437\u043e\u0432\u0430\u043d\u0438\u044f \u0430\u0432\u0442\u043e\u043c\u0430\u0442\u0438\u0447\u0435\u0441\u043a\u043e\u0439 \u0441\u0438\u0441\u0442\u0435\u043c\u044b \u0434\u043e\u0437\u0438\u0440\u043e\u0432\u0430\u043d\u0438\u044f \u043c\u043e\u044e\u0449\u0438\u0445 \u0441\u0440\u0435\u0434\u0441\u0442\u0432 \u0438 \u043e\u043f\u043e\u043b\u0430\u0441\u043a\u0438\u0432\u0430\u0442\u0435\u043b\u0435\u0439, \u043e\u0431\u0440\u0430\u0442\u0438\u0442\u0435\u0441\u044c \u043a \u0441\u0432\u043e\u0435\u043c\u0443 \u043f\u043e\u0441\u0442\u0430\u0432\u0449\u0438\u043a\u0443.<\/p>\n<p>\u041e\u0431\u044a\u0435\u043c: 25 \u043a\u0433<\/p>","protected":false},"excerpt":{"rendered":"<p>\u041a\u043e\u043d\u0446\u0435\u043d\u0442\u0440\u0438\u0440\u043e\u0432\u0430\u043d\u043d\u044b\u0439 \u044d\u043a\u043e\u043b\u043e\u0433\u0438\u0447\u0435\u0441\u043a\u0438\u0439 \u0440\u0430\u0441\u0442\u0432\u043e\u0440 \u0441 \u0430\u043d\u0442\u0438\u0431\u0430\u043a\u0442\u0435\u0440\u0438\u0430\u043b\u044c\u043d\u044b\u043c \u044d\u0444\u0444\u0435\u043a\u0442\u043e\u043c \u0434\u043b\u044f \u043e\u043f\u043e\u043b\u0430\u0441\u043a\u0438\u0432\u0430\u043d\u0438\u044f \u0438 \u0434\u0435\u0437\u0438\u043d\u0444\u0435\u043a\u0446\u0438\u0438 \u043f\u043e\u0441\u0443\u0434\u044b \u0432 \u043f\u043e\u0441\u0443\u0434\u043e\u043c\u043e\u0435\u0447\u043d\u043e\u0439 \u043c\u0430\u0448\u0438\u043d\u0435. Brillmat Power \u0431\u044b\u0441\u0442\u0440\u043e \u0438 \u044d\u0444\u0444\u0435\u043a\u0442\u0438\u0432\u043d\u043e \u043d\u0435\u0439\u0442\u0440\u0430\u043b\u0438\u0437\u0443\u0435\u0442 \u0438\u0437\u0432\u0435\u0441\u0442\u043a\u043e\u0432\u044b\u0439 \u043d\u0430\u043b\u0435\u0442 \u0438 \u043e\u0441\u0442\u0430\u0442\u043a\u0438 \u043c\u043e\u044e\u0449\u0438\u0445 \u0441\u0440\u0435\u0434\u0441\u0442\u0432, \u043e\u0431\u0435\u0441\u043f\u0435\u0447\u0438\u0432\u0430\u044f \u0435\u0441\u0442\u0435\u0441\u0442\u0432\u0435\u043d\u043d\u044b\u0439 \u0431\u043b\u0435\u0441\u043a \u043f\u043e\u0441\u0443\u0434\u044b \u0438 \u0441\u0442\u043e\u043b\u043e\u0432\u044b\u0445 \u043f\u0440\u0438\u0431\u043e\u0440\u043e\u0432. \u041e\u043f\u043e\u043b\u0430\u0441\u043a\u0438\u0432\u0430\u043d\u0438\u0435 \u043f\u043e\u0441\u0443\u0434\u044b \u0441\u0440\u0435\u0434\u0441\u0442\u0432\u043e\u043c Brillmat Power \u043e\u0431\u0435\u0441\u043f\u0435\u0447\u0438\u0432\u0430\u0435\u0442 \u0431\u044b\u0441\u0442\u0440\u043e\u0435 \u0432\u044b\u0441\u044b\u0445\u0430\u043d\u0438\u0435 \u0431\u0435\u0437 \u0441\u043b\u0435\u0434\u043e\u0432 \u043f\u043e\u0441\u0443\u0434\u044b \u0438 \u0441\u0442\u043e\u043b\u043e\u0432\u044b\u0445 \u043f\u0440\u0438\u0431\u043e\u0440\u043e\u0432, \u043f\u043e\u044d\u0442\u043e\u043c\u0443 \u0438\u043c\u0438 \u043c\u043e\u0436\u043d\u043e \u043f\u043e\u043b\u044c\u0437\u043e\u0432\u0430\u0442\u044c\u0441\u044f \u0432\u0441\u043a\u043e\u0440\u0435 \u043f\u043e\u0441\u043b\u0435 \u043c\u044b\u0442\u044c\u044f, \u043d\u0435 \u0442\u0440\u0435\u0431\u0443\u044f \u043f\u0440\u043e\u0442\u0438\u0440\u0430\u043d\u0438\u044f. \u041f\u0440\u0435\u0434\u043e\u0442\u0432\u0440\u0430\u0449\u0430\u0435\u0442 \u043e\u0431\u0440\u0430\u0437\u043e\u0432\u0430\u043d\u0438\u0435 \u0438\u0437\u0432\u0435\u0441\u0442\u043a\u043e\u0432\u043e\u0433\u043e \u043d\u0430\u043b\u0435\u0442\u0430 \u043d\u0430 \u043f\u043e\u0441\u0443\u0434\u0435 \u0438 \u0432 \u043f\u043e\u0441\u0443\u0434\u043e\u043c\u043e\u0435\u0447\u043d\u043e\u0439 \u043c\u0430\u0448\u0438\u043d\u0435, \u0430\u043d\u0442\u0438\u0431\u0430\u043a\u0442\u0435\u0440\u0438\u0430\u043b\u044c\u043d\u044b\u0439 \u044d\u0444\u0444\u0435\u043a\u0442 \u043e\u0431\u0435\u0441\u043f\u0435\u0447\u0438\u0432\u0430\u0435\u0442 \u043d\u0435\u043e\u0431\u0445\u043e\u0434\u0438\u043c\u0443\u044e \u0435\u0436\u0435\u0434\u043d\u0435\u0432\u043d\u0443\u044e \u0441\u0430\u043d\u0438\u0442\u0430\u0440\u043d\u0443\u044e \u043e\u0431\u0440\u0430\u0431\u043e\u0442\u043a\u0443 \u043f\u043e\u0441\u0443\u0434\u044b. \u0418\u0441\u043f\u043e\u043b\u044c\u0437\u043e\u0432\u0430\u043d\u0438\u0435 \u043e\u043f\u043e\u043b\u0430\u0441\u043a\u0438\u0432\u0430\u0442\u0435\u043b\u044f \u043f\u0440\u043e\u0434\u043b\u0435\u0432\u0430\u0435\u0442 \u0441\u0440\u043e\u043a \u0441\u043b\u0443\u0436\u0431\u044b \u043f\u043e\u0441\u0443\u0434\u043e\u043c\u043e\u0435\u0447\u043d\u043e\u0439 \u043c\u0430\u0448\u0438\u043d\u044b. \u0414\u043e\u0437\u0438\u0440\u043e\u0432\u043a\u0430 \u043e\u043f\u043e\u043b\u0430\u0441\u043a\u0438\u0432\u0430\u044e\u0449\u0435\u0433\u043e \u0440\u0430\u0441\u0442\u0432\u043e\u0440\u0430 \u043e\u0441\u0443\u0449\u0435\u0441\u0442\u0432\u043b\u044f\u0435\u0442\u0441\u044f \u0432 \u0437\u0430\u0432\u0438\u0441\u0438\u043c\u043e\u0441\u0442\u0438 \u043e\u0442 \u0441\u0442\u0435\u043f\u0435\u043d\u0438 \u0436\u0435\u0441\u0442\u043a\u043e\u0441\u0442\u0438 \u0432\u043e\u0434\u044b. \u0420\u0435\u043a\u043e\u043c\u0435\u043d\u0434\u0443\u0435\u0442\u0441\u044f \u0434\u043b\u044f \u043f\u043b\u0430\u043d\u0430 \u043e\u0447\u0438\u0441\u0442\u043a\u0438 \u0438 \u0441\u0430\u043c\u043e\u043a\u043e\u043d\u0442\u0440\u043e\u043b\u044f H.A.C.C.P. \u041f\u0440\u043e\u0444\u0435\u0441\u0441\u0438\u043e\u043d\u0430\u043b\u044c\u043d\u044b\u0439 \u043f\u0440\u043e\u0434\u0443\u043a\u0442, \u043f\u0440\u043e\u0447\u0438\u0442\u0430\u0439\u0442\u0435 \u043f\u0430\u0441\u043f\u043e\u0440\u0442 \u0431\u0435\u0437\u043e\u043f\u0430\u0441\u043d\u043e\u0441\u0442\u0438 \u043f\u0435\u0440\u0435\u0434 \u0438\u0441\u043f\u043e\u043b\u044c\u0437\u043e\u0432\u0430\u043d\u0438\u0435\u043c! 90% \u0431\u0438\u043e\u0440\u0430\u0437\u043b\u0430\u0433\u0430\u0435\u043c\u044b\u0439 \u043f\u0440\u043e\u0434\u0443\u043a\u0442.<\/p>","protected":false},"featured_media":11244,"comment_status":"closed","ping_status":"closed","template":"","meta":[],"product_cat":[74,34,42,44,40,71],"product_tag":[169],"class_list":["post-11243","product","type-product","status-publish","has-post-thumbnail","hentry","product_cat-bucatarie","product_cat-hotel","product_cat-industria-de-producere-si-prelucrare","product_cat-institutii-de-invatamint","product_cat-restaurant-si-bucatarie","product_cat-detergenti-si-dezinfectanti-profesionali","product_tag-detergent","pa_brand-sanidet"],"_links":{"self":[{"href":"https:\/\/toreco.md\/ru\/wp-json\/wp\/v2\/product\/11243","targetHints":{"allow":["GET"]}}],"collection":[{"href":"https:\/\/toreco.md\/ru\/wp-json\/wp\/v2\/product"}],"about":[{"href":"https:\/\/toreco.md\/ru\/wp-json\/wp\/v2\/types\/product"}],"replies":[{"embeddable":true,"href":"https:\/\/toreco.md\/ru\/wp-json\/wp\/v2\/comments?post=11243"}],"wp:featuredmedia":[{"embeddable":true,"href":"https:\/\/toreco.md\/ru\/wp-json\/wp\/v2\/media\/11244"}],"wp:attachment":[{"href":"https:\/\/toreco.md\/ru\/wp-json\/wp\/v2\/media?parent=11243"}],"wp:term":[{"taxonomy":"product_cat","embeddable":true,"href":"https:\/\/toreco.md\/ru\/wp-json\/wp\/v2\/product_cat?post=11243"},{"taxonomy":"product_tag","embeddable":true,"href":"https:\/\/toreco.md\/ru\/wp-json\/wp\/v2\/product_tag?post=11243"}],"curies":[{"name":"wp","href":"https:\/\/api.w.org\/{rel}","templated":true}]}}