{"id":11002,"date":"2022-11-03T14:51:57","date_gmt":"2022-11-03T12:51:57","guid":{"rendered":"https:\/\/toreco.md\/?post_type=product&#038;p=11002"},"modified":"2024-01-02T14:51:37","modified_gmt":"2024-01-02T12:51:37","slug":"maner-inox-cu-pulverizator-spraypro-145-cm","status":"publish","type":"product","link":"https:\/\/toreco.md\/ru\/product\/dupa-tip\/echipamente-curatenie\/mopuri-maturi-farase\/maner-inox-cu-pulverizator-spraypro-145-cm\/","title":{"rendered":"\u0423\u043d\u0438\u0432\u0435\u0440\u0441\u0430\u043b\u044c\u043d\u0430\u044f \u0440\u0443\u0447\u043a\u0430 \u0441\u043e \u0432\u0441\u0442\u0440\u043e\u0435\u043d\u043d\u044b\u043c \u0440\u0435\u0437\u0435\u0440\u0432\u0443\u0430\u0440\u043e\u043c, SprayPro, 145 \u0441\u043c"},"content":{"rendered":"<p>\u0423\u043d\u0438\u0432\u0435\u0440\u0441\u0430\u043b\u044c\u043d\u0430\u044f \u0440\u0443\u0447\u043a\u0430 \u0441\u043e \u0432\u0441\u0442\u0440\u043e\u0435\u043d\u043d\u044b\u043c \u0440\u0435\u0437\u0435\u0440\u0432\u0443\u0430\u0440\u043e\u043c \u0434\u043b\u044f \u0431\u044b\u0441\u0442\u0440\u043e\u0439 \u0442\u043e\u0447\u0435\u0447\u043d\u043e\u0439 \u0443\u0431\u043e\u0440\u043a\u0438 \u043f\u043e\u043b\u0430 \u0441\u043f\u0440\u0435\u0439-\u043c\u0435\u0442\u043e\u0434\u043e\u043c. \u0421\u0438\u0441\u0442\u0435\u043c\u0430 \u0421\u043f\u0440\u0435\u0439\u041f\u0440\u043e \u0418\u043d\u043e\u043a\u0441 - \u043f\u0440\u043e\u0441\u0442\u043e\u0435 \u0440\u0435\u0448\u0435\u043d\u0438\u0435 \u0434\u043b\u044f \u0440\u0443\u0447\u043d\u043e\u0439 \u0443\u0431\u043e\u0440\u043a\u0438. \u0420\u0443\u0447\u043a\u0430 \u0421\u043f\u0440\u0435\u0439\u041f\u0440\u043e \u0418\u043d\u043e\u043a\u0441 \u0441\u043e\u0432\u043c\u0435\u0441\u0442\u0438\u043c\u0430 \u0441\u043e \u043d\u0430\u0448\u0438\u043c\u0438 \u043f\u043e\u043f\u0443\u043b\u044f\u0440\u043d\u044b\u043c\u0438 \u0441\u0438\u0441\u0442\u0435\u043c\u0430\u043c\u0438 \u0443\u0431\u043e\u0440\u043a\u0438 \u043d\u0430\u043f\u043e\u043b\u044c\u043d\u043e\u0433\u043e \u043f\u043e\u043a\u0440\u044b\u0442\u0438\u044f \u0438 \u043b\u0435\u0433\u043a\u043e \u0430\u0434\u0430\u043f\u0442\u0438\u0440\u0443\u0435\u0442\u0441\u044f \u043f\u043e\u0434 \u0432\u0430\u0448\u0438 \u043f\u043e\u0442\u0440\u0435\u0431\u043d\u043e\u0441\u0442\u0438 \u043d\u0430 \u043c\u0435\u0441\u0442\u0435.<br \/>\n\u0412\u043e\u0437\u044c\u043c\u0438\u0442\u0435 \u0440\u0443\u0447\u043a\u0443, \u043f\u043e\u0434\u0441\u043e\u0435\u0434\u0438\u043d\u0438\u0442\u0435 \u043a \u043b\u044e\u0431\u043e\u043c\u0443 \u0434\u0435\u0440\u0436\u0430\u0442\u0435\u043b\u044e \u043c\u043e\u043f\u043e\u0432 Vileda Professional, \u0437\u0430\u043b\u0435\u0439\u0442\u0435 \u043c\u043e\u044e\u0449\u0438\u0439 \u0440\u0430\u0441\u0442\u0432\u043e\u0440 \u0438\u043b\u0438 \u0432\u043e\u0434\u0443 \u0432 \u0440\u0435\u0437\u0435\u0440\u0432\u0443\u0430\u0440, \u0438 \u0441\u0438\u0441\u0442\u0435\u043c\u0430 \u0433\u043e\u0442\u043e\u0432\u0430 \u043a \u0443\u0431\u043e\u0440\u043a\u0435.<br \/>\n\u041d\u0430\u0436\u043c\u0438\u0442\u0435 \u043d\u0430 \u0440\u044b\u0447\u0430\u0433, \u0447\u0442\u043e\u0431\u044b \u0440\u0430\u0441\u043f\u044b\u043b\u0438\u0442\u044c \u0440\u0430\u0441\u0442\u0432\u043e\u0440 \u043d\u0430 \u043d\u0430\u043f\u043e\u043b\u044c\u043d\u043e\u0435 \u043f\u043e\u043a\u0440\u044b\u0442\u0438\u0435 \u0438 \u043d\u0430\u0447\u0430\u0442\u044c \u0443\u0431\u043e\u0440\u043a\u0443. \u0415\u0441\u043b\u0438 \u043c\u043e\u043f \u0441\u0442\u0430\u043b \u0441\u043b\u0438\u0448\u043a\u043e\u043c \u0441\u0443\u0445\u043e\u0439 \u0438\u043b\u0438 \u0432\u0430\u043c \u043d\u0435\u043e\u0431\u0445\u043e\u0434\u0438\u043c\u043e \u0434\u043e\u0431\u0430\u0432\u0438\u0442\u044c \u0431\u043e\u043b\u044c\u0448\u0435 \u043c\u043e\u044e\u0449\u0435\u0433\u043e \u0441\u0440\u0435\u0434\u0441\u0442\u0432\u0430 \u043d\u0430 \u043f\u043e\u0432\u0435\u0440\u0445\u043d\u043e\u0441\u0442\u044c \u043f\u043e\u043b\u0430, \u043f\u0440\u043e\u0441\u0442\u043e \u043d\u0430\u0436\u043c\u0438\u0442\u0435 \u043d\u0430 \u0440\u044b\u0447\u0430\u0433 (\u0442\u0440\u0438\u0433\u0433\u0435\u0440).<\/p>\n<p>\u041e\u0431\u043b\u0430\u0441\u0442\u044c \u043f\u0440\u0438\u043c\u0435\u043d\u0435\u043d\u0438\u044f:<br \/>\n&#8211; Facilit\u0103\u021bi: imobiliare comerciale \u0219i necomerciale, unit\u0103\u021bi medicale, produc\u021bie \u0219i HoReCa.<br \/>\n&#8211; Ideal pentru cur\u0103\u021barea camerelor, cum ar fi holuri \u0219i camere de hotel, zone de recep\u021bie, case de sc\u0103ri, terenuri alimentare, toalete etc.<br \/>\n&#8211; M\u00e2ner din sistemul SprayPro Inox pentru cur\u0103\u021barea expres\u0103 a contamin\u0103rii locale sau la fa\u021ba locului \u0219i a suprafe\u021belor limitate de p\u00e2n\u0103 la 75 mp.<\/p>\n<p>\u041e\u0441\u043e\u0431\u0435\u043d\u043d\u043e\u0441\u0442\u0438 \u0438 \u043f\u0440\u0435\u0438\u043c\u0443\u0449\u0435\u0441\u0442\u0432\u0430:<br \/>\n&#8211; O solu\u021bie convenabil\u0103 pentru cur\u0103\u021barea suprafe\u021belor mici f\u0103r\u0103 a utiliza g\u0103le\u021bi \u0219i rotire.<br \/>\n&#8211; U\u0219or \u0219i u\u0219or de utilizat.<br \/>\n&#8211; Sistemul este \u00eentotdeauna gata s\u0103 func\u021bioneze.<br \/>\n&#8211; Fabricat din o\u021bel inoxidabil durabil: nu rugine\u0219te at\u00e2t \u00een exterior, c\u00e2t \u0219i \u00een interior.<br \/>\n&#8211; M\u0103surarea diviziunilor de pe m\u00e2ner pentru a controla cantitatea de lichid turnat\u0103 \u00een rezervorul m\u00e2nerului.<br \/>\n&#8211; M\u00e2ner Ergonomic.<br \/>\n&#8211; Capacul impermeabil protejeaz\u0103 \u00eempotriva scurgerilor atunci c\u00e2nd m\u00e2nerul este r\u0103sturnat.<br \/>\n&#8211; Duza pulverizatorului poate fi \u00eendep\u0103rtat\u0103 \u0219i sp\u0103lat\u0103 cu u\u0219urin\u021b\u0103.<br \/>\n&#8211; Autocolante cu coduri de culori pentru a elimina contaminarea \u00eencruci\u0219at\u0103 incluse.<\/p>\n<p>\u0425\u0430\u0440\u0430\u043a\u0442\u0435\u0440\u0438\u0441\u0442\u0438\u043a\u0438<br \/>\n&#8211; Greutate: 580 g.<br \/>\n&#8211; Dimensiune: \u00een\u0103l\u021bimea m\u00e2nerului 145 cm, Volumul rezervorului 350 ml, volumul lichidului 335 ml, consumul de lichid 4 g\/cm.<\/p>","protected":false},"excerpt":{"rendered":"<p>\u0423\u043d\u0438\u0432\u0435\u0440\u0441\u0430\u043b\u044c\u043d\u0430\u044f \u0440\u0443\u0447\u043a\u0430 \u0441\u043e \u0432\u0441\u0442\u0440\u043e\u0435\u043d\u043d\u044b\u043c \u0440\u0435\u0437\u0435\u0440\u0432\u0443\u0430\u0440\u043e\u043c \u0434\u043b\u044f \u0431\u044b\u0441\u0442\u0440\u043e\u0439 \u0442\u043e\u0447\u0435\u0447\u043d\u043e\u0439 \u0443\u0431\u043e\u0440\u043a\u0438 \u043f\u043e\u043b\u0430 \u0441\u043f\u0440\u0435\u0439-\u043c\u0435\u0442\u043e\u0434\u043e\u043c. \u0421\u0438\u0441\u0442\u0435\u043c\u0430 \u0421\u043f\u0440\u0435\u0439\u041f\u0440\u043e \u0418\u043d\u043e\u043a\u0441 - \u043f\u0440\u043e\u0441\u0442\u043e\u0435 \u0440\u0435\u0448\u0435\u043d\u0438\u0435 \u0434\u043b\u044f \u0440\u0443\u0447\u043d\u043e\u0439 \u0443\u0431\u043e\u0440\u043a\u0438. \u0420\u0443\u0447\u043a\u0430 \u0421\u043f\u0440\u0435\u0439\u041f\u0440\u043e \u0418\u043d\u043e\u043a\u0441 \u0441\u043e\u0432\u043c\u0435\u0441\u0442\u0438\u043c\u0430 \u0441\u043e \u043d\u0430\u0448\u0438\u043c\u0438 \u043f\u043e\u043f\u0443\u043b\u044f\u0440\u043d\u044b\u043c\u0438 \u0441\u0438\u0441\u0442\u0435\u043c\u0430\u043c\u0438 \u0443\u0431\u043e\u0440\u043a\u0438 \u043d\u0430\u043f\u043e\u043b\u044c\u043d\u043e\u0433\u043e \u043f\u043e\u043a\u0440\u044b\u0442\u0438\u044f \u0438 \u043b\u0435\u0433\u043a\u043e \u0430\u0434\u0430\u043f\u0442\u0438\u0440\u0443\u0435\u0442\u0441\u044f \u043f\u043e\u0434 \u0432\u0430\u0448\u0438 \u043f\u043e\u0442\u0440\u0435\u0431\u043d\u043e\u0441\u0442\u0438 \u043d\u0430 \u043c\u0435\u0441\u0442\u0435.<br \/>\n\u0412\u043e\u0437\u044c\u043c\u0438\u0442\u0435 \u0440\u0443\u0447\u043a\u0443, \u043f\u043e\u0434\u0441\u043e\u0435\u0434\u0438\u043d\u0438\u0442\u0435 \u043a \u043b\u044e\u0431\u043e\u043c\u0443 \u0434\u0435\u0440\u0436\u0430\u0442\u0435\u043b\u044e \u043c\u043e\u043f\u043e\u0432 Vileda Professional, \u0437\u0430\u043b\u0435\u0439\u0442\u0435 \u043c\u043e\u044e\u0449\u0438\u0439 \u0440\u0430\u0441\u0442\u0432\u043e\u0440 \u0438\u043b\u0438 \u0432\u043e\u0434\u0443 \u0432 \u0440\u0435\u0437\u0435\u0440\u0432\u0443\u0430\u0440, \u0438 \u0441\u0438\u0441\u0442\u0435\u043c\u0430 \u0433\u043e\u0442\u043e\u0432\u0430 \u043a \u0443\u0431\u043e\u0440\u043a\u0435.<br \/>\n\u041d\u0430\u0436\u043c\u0438\u0442\u0435 \u043d\u0430 \u0440\u044b\u0447\u0430\u0433, \u0447\u0442\u043e\u0431\u044b \u0440\u0430\u0441\u043f\u044b\u043b\u0438\u0442\u044c \u0440\u0430\u0441\u0442\u0432\u043e\u0440 \u043d\u0430 \u043d\u0430\u043f\u043e\u043b\u044c\u043d\u043e\u0435 \u043f\u043e\u043a\u0440\u044b\u0442\u0438\u0435 \u0438 \u043d\u0430\u0447\u0430\u0442\u044c \u0443\u0431\u043e\u0440\u043a\u0443. \u0415\u0441\u043b\u0438 \u043c\u043e\u043f \u0441\u0442\u0430\u043b \u0441\u043b\u0438\u0448\u043a\u043e\u043c \u0441\u0443\u0445\u043e\u0439 \u0438\u043b\u0438 \u0432\u0430\u043c \u043d\u0435\u043e\u0431\u0445\u043e\u0434\u0438\u043c\u043e \u0434\u043e\u0431\u0430\u0432\u0438\u0442\u044c \u0431\u043e\u043b\u044c\u0448\u0435 \u043c\u043e\u044e\u0449\u0435\u0433\u043e \u0441\u0440\u0435\u0434\u0441\u0442\u0432\u0430 \u043d\u0430 \u043f\u043e\u0432\u0435\u0440\u0445\u043d\u043e\u0441\u0442\u044c \u043f\u043e\u043b\u0430, \u043f\u0440\u043e\u0441\u0442\u043e \u043d\u0430\u0436\u043c\u0438\u0442\u0435 \u043d\u0430 \u0440\u044b\u0447\u0430\u0433 (\u0442\u0440\u0438\u0433\u0433\u0435\u0440).<\/p>","protected":false},"featured_media":11003,"comment_status":"closed","ping_status":"closed","template":"","meta":[],"product_cat":[92,45,34,42,44,43,40,41,46,90,93],"product_tag":[182,181],"class_list":["post-11002","product","type-product","status-publish","has-post-thumbnail","hentry","product_cat-mopuri-maturi-farase","product_cat-industria-auto","product_cat-hotel","product_cat-industria-de-producere-si-prelucrare","product_cat-institutii-de-invatamint","product_cat-medicina","product_cat-restaurant-si-bucatarie","product_cat-servicii-de-curatenie","product_cat-sport-si-fitness","product_cat-echipamente-curatenie","product_cat-raclete-si-perii-profesionale","product_tag-maner","product_tag-mop","pa_brand-vileda-professional"],"_links":{"self":[{"href":"https:\/\/toreco.md\/ru\/wp-json\/wp\/v2\/product\/11002","targetHints":{"allow":["GET"]}}],"collection":[{"href":"https:\/\/toreco.md\/ru\/wp-json\/wp\/v2\/product"}],"about":[{"href":"https:\/\/toreco.md\/ru\/wp-json\/wp\/v2\/types\/product"}],"replies":[{"embeddable":true,"href":"https:\/\/toreco.md\/ru\/wp-json\/wp\/v2\/comments?post=11002"}],"wp:featuredmedia":[{"embeddable":true,"href":"https:\/\/toreco.md\/ru\/wp-json\/wp\/v2\/media\/11003"}],"wp:attachment":[{"href":"https:\/\/toreco.md\/ru\/wp-json\/wp\/v2\/media?parent=11002"}],"wp:term":[{"taxonomy":"product_cat","embeddable":true,"href":"https:\/\/toreco.md\/ru\/wp-json\/wp\/v2\/product_cat?post=11002"},{"taxonomy":"product_tag","embeddable":true,"href":"https:\/\/toreco.md\/ru\/wp-json\/wp\/v2\/product_tag?post=11002"}],"curies":[{"name":"wp","href":"https:\/\/api.w.org\/{rel}","templated":true}]}}