{"id":10994,"date":"2022-11-03T14:24:41","date_gmt":"2022-11-03T12:24:41","guid":{"rendered":"https:\/\/toreco.md\/?post_type=product&#038;p=10994"},"modified":"2025-08-28T14:58:09","modified_gmt":"2025-08-28T11:58:09","slug":"suport-multiduster-maxi-670x55x30-mm","status":"publish","type":"product","link":"https:\/\/toreco.md\/ru\/product\/dupa-tip\/echipamente-curatenie\/mopuri-maturi-farase\/suport-multiduster-maxi-670x55x30-mm\/","title":{"rendered":"\u0414\u0435\u0440\u0436\u0430\u0442\u0435\u043b\u044c \u043d\u0430\u0441\u0430\u0434\u043e\u043a MultiDuster, 670x55x30 \u043c\u043c"},"content":{"rendered":"<p>\u0421\u0438\u0441\u0442\u0435\u043c\u0430 \u0434\u043b\u044f \u0443\u0431\u043e\u0440\u043a\u0438 \u0442\u0440\u0443\u0434\u043d\u043e\u0434\u043e\u0441\u0442\u0443\u043f\u043d\u044b\u0445 \u043f\u043e\u0432\u0435\u0440\u0445\u043d\u043e\u0441\u0442\u0435\u0439, \u043a\u043e\u0442\u043e\u0440\u0430\u044f \u043f\u0440\u0438\u043d\u0438\u043c\u0430\u0435\u0442 \u0438 \u0434\u0435\u0440\u0436\u0438\u0442 \u0440\u0430\u0437\u043b\u0438\u0447\u043d\u044b\u0435 \u0444\u043e\u0440\u043c\u044b.  \u0421\u0438\u0441\u0442\u0435\u043c\u0430 \u041c\u0443\u043b\u044c\u0442\u0438\u0414\u0430\u0441\u0442\u0435\u0440 \u043f\u0440\u0435\u0434\u043d\u0430\u0437\u043d\u0430\u0447\u0435\u043d\u0430 \u0434\u043b\u044f \u0443\u0431\u043e\u0440\u043a\u0438 \u0442\u0440\u0443\u0434\u043d\u043e\u0434\u043e\u0441\u0442\u0443\u043f\u043d\u044b\u0445 \u0438 \u043d\u0435\u0441\u0442\u0430\u043d\u0434\u0430\u0440\u0442\u043d\u044b\u0445 \u043f\u043e\u0432\u0435\u0440\u0445\u043d\u043e\u0441\u0442\u0435\u0439, \u0442\u0430\u043a\u0438\u0445 \u043a\u0430\u043a \u0448\u043a\u0430\u0444\u044b, \u0441\u0438\u0441\u0442\u0435\u043c\u044b \u0432\u0435\u043d\u0442\u0438\u043b\u044f\u0446\u0438\u0438, \u043f\u0435\u0440\u0435\u0433\u043e\u0440\u043e\u0434\u043a\u0438, \u0440\u0430\u0434\u0438\u0430\u0442\u043e\u0440\u044b \u043e\u0442\u043e\u043f\u043b\u0435\u043d\u0438\u044f, \u0432\u0441\u0442\u0440\u043e\u0435\u043d\u043d\u0430\u044f \u043c\u0435\u0431\u0435\u043b\u044c.\n\u041c\u0443\u043b\u044c\u0442\u0438\u0414\u0430\u0441\u0442\u0435\u0440 \u0438\u043c\u0435\u0435\u0442 \u0443\u043d\u0438\u043a\u0430\u043b\u044c\u043d\u044b\u0439 \u043c\u0435\u0445\u0430\u043d\u0438\u0437\u043c, \u043a\u043e\u0442\u043e\u0440\u044b\u0439 \u043f\u043e\u0437\u0432\u043e\u043b\u044f\u0435\u0442 \u0430\u0434\u0430\u043f\u0442\u0438\u0440\u043e\u0432\u0430\u0442\u044c \u0444\u043e\u0440\u043c\u0443 \u0434\u0435\u0440\u0436\u0430\u0442\u0435\u043b\u044f \u043f\u043e\u0434 \u043f\u0440\u0435\u0434\u043c\u0435\u0442 \u0438\u043d\u0442\u0435\u0440\u044c\u0435\u0440\u0430 \u043d\u0435\u043f\u043e\u0441\u0440\u0435\u0434\u0441\u0442\u0432\u0435\u043d\u043d\u043e \u0432\u043e \u0432\u0440\u0435\u043c\u044f \u0438\u0441\u043f\u043e\u043b\u044c\u0437\u043e\u0432\u0430\u043d\u0438\u044f. \u0421\u043e\u0433\u043d\u0438\u0442\u0435 \u0435\u0433\u043e \u0432 \u043d\u0443\u0436\u043d\u043e\u043c \u043f\u043e\u043b\u043e\u0436\u0435\u043d\u0438\u0438, \u0438 \u043c\u0435\u0445\u0430\u043d\u0438\u0437\u043c \u043e\u0431\u0435\u0441\u043f\u0435\u0447\u0438\u0442 \u0444\u0438\u043a\u0441\u0430\u0446\u0438\u044e \u0438 \u0434\u043e\u0441\u0442\u0430\u0442\u043e\u0447\u043d\u043e\u0435 \u0434\u0430\u0432\u043b\u0435\u043d\u0438\u0435 \u043d\u0430 \u043f\u043e\u0432\u0435\u0440\u0445\u043d\u043e\u0441\u0442\u044c \u0434\u043b\u044f \u0435\u0435 \u044d\u0444\u0444\u0435\u043a\u0442\u0438\u0432\u043d\u043e\u0439 \u043e\u0447\u0438\u0441\u0442\u043a\u0438. \u041f\u043e\u0441\u043b\u0435 \u0438\u0441\u043f\u043e\u043b\u044c\u0437\u043e\u0432\u0430\u043d\u0438\u044f \u043f\u0440\u043e\u0441\u0442\u043e \u0432\u0435\u0440\u043d\u0438\u0442\u0435 \u0434\u0435\u0440\u0436\u0430\u0442\u0435\u043b\u044c \u0432 \u0438\u0441\u0445\u043e\u0434\u043d\u043e\u0435 \u043f\u043e\u043b\u043e\u0436\u0435\u043d\u0438\u0435 \u0438\u043b\u0438 \u0441\u043e\u0433\u043d\u0438\u0442\u0435 \u0432 \u043d\u043e\u0432\u0443\u044e \u0444\u043e\u0440\u043c\u0443. \u0423\u0437\u043a\u0430\u044f \u043a\u043e\u043d\u0441\u0442\u0440\u0443\u043a\u0446\u0438\u044f \u0434\u0435\u0440\u0436\u0430\u0442\u0435\u043b\u044f \u043f\u043e\u0437\u0432\u043e\u043b\u044f\u0435\u0442 \u043b\u0435\u0433\u043a\u043e \u043e\u0447\u0438\u0449\u0430\u0442\u044c \u043e\u0433\u0440\u0430\u043d\u0438\u0447\u0435\u043d\u043d\u044b\u0435 \u043f\u0440\u043e\u0441\u0442\u0440\u0430\u043d\u0441\u0442\u0432\u0430, \u0442\u0430\u043a\u0438\u0435 \u043a\u0430\u043a \u0440\u0430\u0434\u0438\u0430\u0442\u043e\u0440\u044b, \u043f\u0435\u0440\u0435\u0433\u043e\u0440\u043e\u0434\u043a\u0438, \u0442\u0440\u0443\u0431\u044b \u0438 \u0442. \u0434. \u041c\u043e\u0436\u0435\u0442 \u0438\u0441\u043f\u043e\u043b\u044c\u0437\u043e\u0432\u0430\u0442\u044c\u0441\u044f \u0441\u0430\u043c\u043e\u0441\u0442\u043e\u044f\u0442\u0435\u043b\u044c\u043d\u043e \u0438 \u0432 \u043a\u043e\u043c\u0431\u0438\u043d\u0430\u0446\u0438\u0438 \u0441 \u0442\u0435\u043b\u0435\u0441\u043a\u043e\u043f\u0438\u0447\u0435\u0441\u043a\u043e\u0439 \u0440\u0443\u0447\u043a\u043e\u0439 \u0434\u043b\u044f \u043e\u0447\u0438\u0441\u0442\u043a\u0438 \u0442\u0440\u0443\u0431 \u0438 \u0432\u044b\u0441\u0442\u0443\u043f\u043e\u0432 \u043d\u0430 \u0432\u044b\u0441\u043e\u0442\u0435 \u0434\u043e 3 \u043c.<\/p>\n<p>\u041e\u0431\u043b\u0430\u0441\u0442\u044c \u043f\u0440\u0438\u043c\u0435\u043d\u0435\u043d\u0438\u044f:<br \/>\n&#8211; Imobiliare comerciale \u0219i necomerciale, inclusiv centre de afaceri, centre comerciale, birouri, complexe reziden\u021biale, sport, culturale, institu\u021bii de \u00eenv\u0103\u021b\u0103m\u00e2nt, transport, aeroporturi, g\u0103ri; institu\u021bii medicale, HoReCa.<br \/>\n&#8211; Cur\u0103\u021barea suprafe\u021belor verticale \u0219i orizontale de diferite forme, inclusiv \u00eenguste, greu accesibile \u0219i \u00eendep\u0103rtate. De exemplu: balustrade, radiatoare, dulapuri, bare transversale, \u021bevi, echipamente etc.<\/p>\n<p>\u041e\u0441\u043e\u0431\u0435\u043d\u043d\u043e\u0441\u0442\u0438 \u0438 \u043f\u0440\u0435\u0438\u043c\u0443\u0449\u0435\u0441\u0442\u0432\u0430<br \/>\n&#8211; Forma plat\u0103 \u0219i \u00eengust\u0103 v\u0103 permite s\u0103 ajunge\u021bi \u00een cele mai inaccesibile locuri.<br \/>\n&#8211; Datorit\u0103 designului format din 5 segmente, acesta ia diferite forme \u0219i este fixat \u00een siguran\u021b\u0103 \u00een ele.<br \/>\n&#8211; Balamalele asigur\u0103 o schimbare rapid\u0103 a formei \u00een timpul cur\u0103\u021b\u0103rii.<br \/>\n&#8211; C\u00e2rlig \u00een m\u00e2nerul suportului pentru fixarea sigur\u0103 a duzei.<br \/>\n&#8211; U\u0219or de \u0219ters \u0219i cur\u0103\u021bat de murd\u0103rie.<br \/>\n&#8211; Plasticul neporos nu permite bacteriilor s\u0103 se \u00eenmul\u021beasc\u0103 pe suprafa\u021ba suportului.<br \/>\n&#8211; Rezistent la cele mai comune dezinfectante \u0219i detergen\u021bi.<br \/>\n&#8211; Compatibil cu m\u00e2nere telescopice, care v\u0103 permite s\u0103 cur\u0103\u021ba\u021bi obiecte la o distan\u021b\u0103 de p\u00e2n\u0103 la 2,5-3 m.<\/p>","protected":false},"excerpt":{"rendered":"<p>\u0421\u0438\u0441\u0442\u0435\u043c\u0430 \u0434\u043b\u044f \u0443\u0431\u043e\u0440\u043a\u0438 \u0442\u0440\u0443\u0434\u043d\u043e\u0434\u043e\u0441\u0442\u0443\u043f\u043d\u044b\u0445 \u043f\u043e\u0432\u0435\u0440\u0445\u043d\u043e\u0441\u0442\u0435\u0439, \u043a\u043e\u0442\u043e\u0440\u0430\u044f \u043f\u0440\u0438\u043d\u0438\u043c\u0430\u0435\u0442 \u0438 \u0434\u0435\u0440\u0436\u0438\u0442 \u0440\u0430\u0437\u043b\u0438\u0447\u043d\u044b\u0435 \u0444\u043e\u0440\u043c\u044b. \n\u0421\u0438\u0441\u0442\u0435\u043c\u0430 \u041c\u0443\u043b\u044c\u0442\u0438\u0414\u0430\u0441\u0442\u0435\u0440 \u043f\u0440\u0435\u0434\u043d\u0430\u0437\u043d\u0430\u0447\u0435\u043d\u0430 \u0434\u043b\u044f \u0443\u0431\u043e\u0440\u043a\u0438 \u0442\u0440\u0443\u0434\u043d\u043e\u0434\u043e\u0441\u0442\u0443\u043f\u043d\u044b\u0445 \u0438 \u043d\u0435\u0441\u0442\u0430\u043d\u0434\u0430\u0440\u0442\u043d\u044b\u0445 \u043f\u043e\u0432\u0435\u0440\u0445\u043d\u043e\u0441\u0442\u0435\u0439, \u0442\u0430\u043a\u0438\u0445 \u043a\u0430\u043a \u0448\u043a\u0430\u0444\u044b, \u0441\u0438\u0441\u0442\u0435\u043c\u044b \u0432\u0435\u043d\u0442\u0438\u043b\u044f\u0446\u0438\u0438, \u043f\u0435\u0440\u0435\u0433\u043e\u0440\u043e\u0434\u043a\u0438, \u0440\u0430\u0434\u0438\u0430\u0442\u043e\u0440\u044b \u043e\u0442\u043e\u043f\u043b\u0435\u043d\u0438\u044f, \u0432\u0441\u0442\u0440\u043e\u0435\u043d\u043d\u0430\u044f \u043c\u0435\u0431\u0435\u043b\u044c.\n\u041c\u0443\u043b\u044c\u0442\u0438\u0414\u0430\u0441\u0442\u0435\u0440 \u0438\u043c\u0435\u0435\u0442 \u0443\u043d\u0438\u043a\u0430\u043b\u044c\u043d\u044b\u0439 \u043c\u0435\u0445\u0430\u043d\u0438\u0437\u043c, \u043a\u043e\u0442\u043e\u0440\u044b\u0439 \u043f\u043e\u0437\u0432\u043e\u043b\u044f\u0435\u0442 \u0430\u0434\u0430\u043f\u0442\u0438\u0440\u043e\u0432\u0430\u0442\u044c \u0444\u043e\u0440\u043c\u0443 \u0434\u0435\u0440\u0436\u0430\u0442\u0435\u043b\u044f \u043f\u043e\u0434 \u043f\u0440\u0435\u0434\u043c\u0435\u0442 \u0438\u043d\u0442\u0435\u0440\u044c\u0435\u0440\u0430 \u043d\u0435\u043f\u043e\u0441\u0440\u0435\u0434\u0441\u0442\u0432\u0435\u043d\u043d\u043e \u0432\u043e \u0432\u0440\u0435\u043c\u044f \u0438\u0441\u043f\u043e\u043b\u044c\u0437\u043e\u0432\u0430\u043d\u0438\u044f. <\/p>","protected":false},"featured_media":10995,"comment_status":"closed","ping_status":"closed","template":"","meta":[],"product_cat":[92,45,34,42,44,43,40,41,46,90],"product_tag":[183,185],"class_list":["post-10994","product","type-product","status-publish","has-post-thumbnail","hentry","product_cat-mopuri-maturi-farase","product_cat-industria-auto","product_cat-hotel","product_cat-industria-de-producere-si-prelucrare","product_cat-institutii-de-invatamint","product_cat-medicina","product_cat-restaurant-si-bucatarie","product_cat-servicii-de-curatenie","product_cat-sport-si-fitness","product_cat-echipamente-curatenie","product_tag-pamatuf","product_tag-suport","pa_brand-vileda-professional"],"_links":{"self":[{"href":"https:\/\/toreco.md\/ru\/wp-json\/wp\/v2\/product\/10994","targetHints":{"allow":["GET"]}}],"collection":[{"href":"https:\/\/toreco.md\/ru\/wp-json\/wp\/v2\/product"}],"about":[{"href":"https:\/\/toreco.md\/ru\/wp-json\/wp\/v2\/types\/product"}],"replies":[{"embeddable":true,"href":"https:\/\/toreco.md\/ru\/wp-json\/wp\/v2\/comments?post=10994"}],"wp:featuredmedia":[{"embeddable":true,"href":"https:\/\/toreco.md\/ru\/wp-json\/wp\/v2\/media\/10995"}],"wp:attachment":[{"href":"https:\/\/toreco.md\/ru\/wp-json\/wp\/v2\/media?parent=10994"}],"wp:term":[{"taxonomy":"product_cat","embeddable":true,"href":"https:\/\/toreco.md\/ru\/wp-json\/wp\/v2\/product_cat?post=10994"},{"taxonomy":"product_tag","embeddable":true,"href":"https:\/\/toreco.md\/ru\/wp-json\/wp\/v2\/product_tag?post=10994"}],"curies":[{"name":"wp","href":"https:\/\/api.w.org\/{rel}","templated":true}]}}