{"id":10992,"date":"2022-11-03T14:12:22","date_gmt":"2022-11-03T12:12:22","guid":{"rendered":"https:\/\/toreco.md\/?post_type=product&#038;p=10992"},"modified":"2026-03-10T11:47:56","modified_gmt":"2026-03-10T09:47:56","slug":"galeata-cu-rotile-si-storcator-ultraspeed-pro-25-l","status":"publish","type":"product","link":"https:\/\/toreco.md\/ru\/product\/dupa-tip\/echipamente-curatenie\/carucioare-si-galeti\/galeata-cu-rotile-si-storcator-ultraspeed-pro-25-l\/","title":{"rendered":"ULTRASPEED PRO \u0441 \u0432\u0435\u0434\u0440\u043e\u043c 25 \u043b"},"content":{"rendered":"<p>\u041e\u0434\u043d\u043e \u0432\u0451\u0434\u0435\u0440\u043d\u0430\u044f \u0441\u0438\u0441\u0442\u0435\u043c\u0430 ULTRASPEED PRO \u0441 \u0432\u0435\u0434\u0440\u043e\u043c 25 \u043b \u043d\u0430 \u043f\u043b\u0430\u0442\u0444\u043e\u0440\u043c\u0435 \u0431\u0435\u0437 \u0442\u0440\u0430\u043d\u0441\u043f\u043e\u0440\u0442\u0438\u0440\u043e\u0432\u043e\u0447\u043d\u043e\u0439 \u0440\u0443\u0447\u043a\u0438 \u2013 \u044d\u0442\u043e \u043f\u0440\u043e\u0444\u0435\u0441\u0441\u0438\u043e\u043d\u0430\u043b\u044c\u043d\u0430\u044f \u0441\u0438\u0441\u0442\u0435\u043c\u0430 \u0434\u043b\u044f \u0443\u0431\u043e\u0440\u043a\u0438 \u043c\u0430\u043b\u044b\u0445 \u043f\u043b\u043e\u0449\u0430\u0434\u0435\u0439 \u043c\u0435\u0442\u043e\u0434\u043e\u043c \u00ab\u0432\u0435\u0434\u0440\u043e-\u0432\u043e\u0434\u0430\u00bb \u0441 \u0443\u043d\u0438\u043a\u0430\u043b\u044c\u043d\u044b\u043c \u0432\u044b\u0441\u043e\u043a\u043e\u044d\u0444\u0444\u0435\u043a\u0442\u0438\u0432\u043d\u044b\u043c \u043e\u0442\u0436\u0438\u043c\u043e\u043c \u043d\u0430\u0441\u0430\u0434\u043e\u043a. \u0423\u0431\u043e\u0440\u043a\u0430 \u043f\u043e\u043b\u043e\u0432 \u0432 \u043e\u0444\u0438\u0441\u0430\u0445, \u0411\u0426, \u043c\u0430\u0433\u0430\u0437\u0438\u043d\u0430\u0445, \u0422\u0426, \u0441\u0430\u043b\u043e\u043d\u0430\u0445 \u043a\u0440\u0430\u0441\u043e\u0442\u044b, \u043a\u0430\u0444\u0435, \u0440\u0435\u0441\u0442\u043e\u0440\u0430\u043d\u0430\u0445, \u043e\u0442\u0435\u043b\u044f\u0445 \u0438 \u043f\u043e\u043c\u0435\u0449\u0435\u043d\u0438\u044f\u0445 \u0441 \u0432\u044b\u0441\u043e\u043a\u043e\u0439 \u043f\u0440\u043e\u0445\u043e\u0434\u0438\u043c\u043e\u0441\u0442\u044c\u044e \u0438 \u0441\u0440\u0435\u0434\u043d\u0435\u0439 \u043f\u043b\u043e\u0449\u0430\u0434\u044c\u044e \u0434\u043e 300 \u043a\u0432. \u043c. \u041f\u043e\u0434\u0445\u043e\u0434\u0438\u0442 \u0434\u043b\u044f \u0432\u0441\u0435\u0445 \u0432\u0438\u0434\u043e\u0432 \u043a\u043b\u0438\u043d\u0438\u043d\u0433\u043e\u0432\u044b\u0445 \u0437\u0430\u0434\u0430\u0447.<\/p>\n<p>\u0422\u0438\u043f\u044b \u043f\u043e\u0432\u0435\u0440\u0445\u043d\u043e\u0441\u0442\u0435\u0439:<br \/>\n\u041b\u044e\u0431\u044b\u0435 \u0442\u0432\u0435\u0440\u0434\u044b\u0435 \u043d\u0430\u043f\u043e\u043b\u044c\u043d\u044b\u0435 \u043f\u043e\u043a\u0440\u044b\u0442\u0438\u044f, \u0432\u043a\u043b\u044e\u0447\u0430\u044f \u043f\u043b\u0438\u0442\u043a\u0443, \u043a\u0435\u0440\u0430\u043c\u043e\u0433\u0440\u0430\u043d\u0438\u0442, \u043d\u0430\u0442\u0443\u0440\u0430\u043b\u044c\u043d\u044b\u0439 \u043a\u0430\u043c\u0435\u043d\u044c, \u043d\u0430\u043b\u0438\u0432\u043d\u044b\u0435 \u043f\u043e\u043b\u044b, \u043f\u0430\u0440\u043a\u0435\u0442, \u043f\u0430\u0440\u043a\u0435\u0442\u043d\u0443\u044e \u0434\u043e\u0441\u043a\u0443, \u043b\u0430\u043c\u0438\u043d\u0430\u0442, \u043b\u0438\u043d\u043e\u043b\u0435\u0443\u043c, \u0432\u0438\u043d\u0438\u043b\u043e\u0432\u044b\u0435 \u043f\u043e\u043a\u0440\u044b\u0442\u0438\u044f; \u043f\u043b\u0438\u043d\u0442\u0443\u0441\u0430, \u0441\u0442\u0435\u043d\u044b, \u043b\u0435\u0441\u0442\u043d\u0438\u0446\u044b, \u043f\u0435\u0440\u0438\u043b\u0430.<\/p>\n<p>\u041e\u0441\u043e\u0431\u0435\u043d\u043d\u043e\u0441\u0442\u0438 \u0438 \u043f\u0440\u0435\u0438\u043c\u0443\u0449\u0435\u0441\u0442\u0432\u0430<br \/>\n&#8211; V\u0103 permite s\u0103 cur\u0103\u021ba\u021bi rapid \u0219i ergonomic camerele cu productivitate ridicat\u0103.<br \/>\n&#8211; Patentat tunel spin este cu 50% mai eficient dec\u00e2t spin vertical\u0103 conven\u021bional\u0103. Datorit\u0103 acestui fapt, podelele sp\u0103late se usuc\u0103 mai repede \u0219i pot fi utilizate aproape imediat.<br \/>\n&#8211; Designul inovator de rotire v\u0103 permite s\u0103 str\u00e2nge\u021bi duzele cu mai pu\u021bin efort \u0219i f\u0103r\u0103 a fi nevoie s\u0103 v\u0103 apleca\u021bi puternic spre g\u0103leat\u0103.<br \/>\n&#8211; O g\u0103leat\u0103 atent\u0103, cu un canal de scurgere special, o scal\u0103 de m\u0103surare \u0219i un m\u00e2ner de transport convenabil.<br \/>\n&#8211; Fixarea mopurilor pe curele elimin\u0103 necesitatea de a le \u00eendep\u0103rta pentru stoarcere, ceea ce cre\u0219te viteza de cur\u0103\u021bare.<br \/>\n&#8211; Materiale u\u0219oare \u0219i design ergonomic pentru u\u0219urin\u021b\u0103 \u00een utilizare pe tot parcursul zilei.<br \/>\n&#8211; O platform\u0103 stabil\u0103 pentru g\u0103leat\u0103, care poate fi \u00eendep\u0103rtat\u0103 cu u\u0219urin\u021b\u0103 \u00eentr-o singur\u0103 mi\u0219care, dac\u0103 este necesar.<br \/>\n&#8211; Capacitatea de a completa cu cleme \u00eenlocuibile cu coduri de culori pentru a elimina contaminarea \u00eencruci\u0219at\u0103.<\/p>","protected":false},"excerpt":{"rendered":"<p>\u041e\u0434\u043d\u043e \u0432\u0451\u0434\u0435\u0440\u043d\u0430\u044f \u0441\u0438\u0441\u0442\u0435\u043c\u0430 ULTRASPEED PRO \u0441 \u0432\u0435\u0434\u0440\u043e\u043c 25 \u043b \u043d\u0430 \u043f\u043b\u0430\u0442\u0444\u043e\u0440\u043c\u0435 \u0431\u0435\u0437 \u0442\u0440\u0430\u043d\u0441\u043f\u043e\u0440\u0442\u0438\u0440\u043e\u0432\u043e\u0447\u043d\u043e\u0439 \u0440\u0443\u0447\u043a\u0438 \u2013 \u044d\u0442\u043e \u043f\u0440\u043e\u0444\u0435\u0441\u0441\u0438\u043e\u043d\u0430\u043b\u044c\u043d\u0430\u044f \u0441\u0438\u0441\u0442\u0435\u043c\u0430 \u0434\u043b\u044f \u0443\u0431\u043e\u0440\u043a\u0438 \u043c\u0430\u043b\u044b\u0445 \u043f\u043b\u043e\u0449\u0430\u0434\u0435\u0439 \u043c\u0435\u0442\u043e\u0434\u043e\u043c \u00ab\u0432\u0435\u0434\u0440\u043e-\u0432\u043e\u0434\u0430\u00bb \u0441 \u0443\u043d\u0438\u043a\u0430\u043b\u044c\u043d\u044b\u043c \u0432\u044b\u0441\u043e\u043a\u043e\u044d\u0444\u0444\u0435\u043a\u0442\u0438\u0432\u043d\u044b\u043c \u043e\u0442\u0436\u0438\u043c\u043e\u043c \u043d\u0430\u0441\u0430\u0434\u043e\u043a. \u0423\u0431\u043e\u0440\u043a\u0430 \u043f\u043e\u043b\u043e\u0432 \u0432 \u043e\u0444\u0438\u0441\u0430\u0445, \u0411\u0426, \u043c\u0430\u0433\u0430\u0437\u0438\u043d\u0430\u0445, \u0422\u0426, \u0441\u0430\u043b\u043e\u043d\u0430\u0445 \u043a\u0440\u0430\u0441\u043e\u0442\u044b, \u043a\u0430\u0444\u0435, \u0440\u0435\u0441\u0442\u043e\u0440\u0430\u043d\u0430\u0445, \u043e\u0442\u0435\u043b\u044f\u0445 \u0438 \u043f\u043e\u043c\u0435\u0449\u0435\u043d\u0438\u044f\u0445 \u0441 \u0432\u044b\u0441\u043e\u043a\u043e\u0439 \u043f\u0440\u043e\u0445\u043e\u0434\u0438\u043c\u043e\u0441\u0442\u044c\u044e \u0438 \u0441\u0440\u0435\u0434\u043d\u0435\u0439 \u043f\u043b\u043e\u0449\u0430\u0434\u044c\u044e \u0434\u043e 300 \u043a\u0432. \u043c. \u041f\u043e\u0434\u0445\u043e\u0434\u0438\u0442 \u0434\u043b\u044f \u0432\u0441\u0435\u0445 \u0432\u0438\u0434\u043e\u0432 \u043a\u043b\u0438\u043d\u0438\u043d\u0433\u043e\u0432\u044b\u0445 \u0437\u0430\u0434\u0430\u0447.<\/p>","protected":false},"featured_media":10993,"comment_status":"closed","ping_status":"closed","template":"","meta":[],"product_cat":[91,45,34,42,44,43,40,41,46,90],"product_tag":[175,176],"class_list":["post-10992","product","type-product","status-publish","has-post-thumbnail","hentry","product_cat-carucioare-si-galeti","product_cat-industria-auto","product_cat-hotel","product_cat-industria-de-producere-si-prelucrare","product_cat-institutii-de-invatamint","product_cat-medicina","product_cat-restaurant-si-bucatarie","product_cat-servicii-de-curatenie","product_cat-sport-si-fitness","product_cat-echipamente-curatenie","product_tag-galeata","product_tag-storcator","pa_brand-vileda-professional"],"_links":{"self":[{"href":"https:\/\/toreco.md\/ru\/wp-json\/wp\/v2\/product\/10992","targetHints":{"allow":["GET"]}}],"collection":[{"href":"https:\/\/toreco.md\/ru\/wp-json\/wp\/v2\/product"}],"about":[{"href":"https:\/\/toreco.md\/ru\/wp-json\/wp\/v2\/types\/product"}],"replies":[{"embeddable":true,"href":"https:\/\/toreco.md\/ru\/wp-json\/wp\/v2\/comments?post=10992"}],"wp:featuredmedia":[{"embeddable":true,"href":"https:\/\/toreco.md\/ru\/wp-json\/wp\/v2\/media\/10993"}],"wp:attachment":[{"href":"https:\/\/toreco.md\/ru\/wp-json\/wp\/v2\/media?parent=10992"}],"wp:term":[{"taxonomy":"product_cat","embeddable":true,"href":"https:\/\/toreco.md\/ru\/wp-json\/wp\/v2\/product_cat?post=10992"},{"taxonomy":"product_tag","embeddable":true,"href":"https:\/\/toreco.md\/ru\/wp-json\/wp\/v2\/product_tag?post=10992"}],"curies":[{"name":"wp","href":"https:\/\/api.w.org\/{rel}","templated":true}]}}