{"id":10986,"date":"2022-11-03T13:31:35","date_gmt":"2022-11-03T11:31:35","guid":{"rendered":"https:\/\/toreco.md\/?post_type=product&#038;p=10986"},"modified":"2025-07-23T19:41:13","modified_gmt":"2025-07-23T16:41:13","slug":"ultraspeed-pro-starter-set-galeata-15l-storcator-mop-maner-145-cm","status":"publish","type":"product","link":"https:\/\/toreco.md\/ru\/product\/dupa-tip\/echipamente-curatenie\/carucioare-si-galeti\/ultraspeed-pro-starter-set-galeata-15l-storcator-mop-maner-145-cm\/","title":{"rendered":"Ultraspeed Pro Starter \u041a\u043e\u043c\u043f\u043b\u0435\u043a\u0442 (\u0432\u0435\u0434\u0440\u043e 15\u043b + \u043e\u0442\u0436\u0438\u043c + \u0448\u0432\u0430\u0431\u0440\u0430)"},"content":{"rendered":"<p>\u0411\u0430\u0437\u043e\u0432\u044b\u0439 \u043a\u043e\u043c\u043f\u043b\u0435\u043a\u0442 \u0438\u043d\u0432\u0435\u043d\u0442\u0430\u0440\u044f \u0434\u043b\u044f \u0443\u0431\u043e\u0440\u043a\u0438 \u043d\u0430 \u0431\u0430\u0437\u0435 \u0432\u044b\u0441\u043e\u043a\u043e\u044d\u0444\u0444\u0435\u043a\u0442\u0438\u0432\u043d\u043e\u0439 \u043e\u0434\u043d\u043e \u0432\u0451\u0434\u0435\u0440\u043d\u043e\u0439 \u0441\u0438\u0441\u0442\u0435\u043c\u044b Ultraspeed Pro Starter. \u0412 \u043d\u0430\u0431\u043e\u0440 \u0432\u0445\u043e\u0434\u044f\u0442 \u043f\u0440\u043e\u0444\u0435\u0441\u0441\u0438\u043e\u043d\u0430\u043b\u044c\u043d\u044b\u0435 \u0440\u0435\u0448\u0435\u043d\u0438\u044f \u0434\u043b\u044f \u043f\u043e\u0434\u0434\u0435\u0440\u0436\u0430\u043d\u0438\u044f \u0447\u0438\u0441\u0442\u043e\u0442\u044b \u0432 \u043f\u043e\u043c\u0435\u0449\u0435\u043d\u0438\u0438 \u043d\u0430 \u0441\u0430\u043c\u043e\u043c \u0432\u044b\u0441\u043e\u043a\u043e\u043c \u0443\u0440\u043e\u0432\u043d\u0435.<\/p>\n<p>\u041e\u0431\u043b\u0430\u0441\u0442\u044c \u043f\u0440\u0438\u043c\u0435\u043d\u0435\u043d\u0438\u044f:<br \/>\n&#8211; Obiecte mici, cum ar fi un birou, un salon de \u00eenfrumuse\u021bare, un magazin, un supermarket, o farmacie, o benzin\u0103rie, un services, un salon de training, o sal\u0103 de sport, un club sportiv, intr\u0103rile unei cl\u0103diri de apartamente reziden\u021biale etc.<br \/>\n&#8211; Proiectat pentru cur\u0103\u021barea interioar\u0103 cu o suprafa\u021b\u0103 de p\u00e2n\u0103 la 500 mp.<br \/>\n&#8211; Cur\u0103\u021barea podelei pe baz\u0103 de g\u0103le\u021bi \u0219i mopuri cu mopuri \u00eenlocuibile, precum \u0219i \u0219tergerea \u0219i cur\u0103\u021barea suprafe\u021belor verticale \u0219i orizontale de murd\u0103ria zilnic\u0103.<\/p>\n<p>\u041d\u0430\u0431\u043e\u0440 \u0441\u043e\u0434\u0435\u0440\u0436\u0438\u0442:<br \/>\n&#8211; g\u0103leat\u0103 cu o capacitate de 15 l<br \/>\n&#8211; storc\u0103tor<br \/>\n&#8211; mop<\/p>","protected":false},"excerpt":{"rendered":"<p>\u0411\u0430\u0437\u043e\u0432\u044b\u0439 \u043a\u043e\u043c\u043f\u043b\u0435\u043a\u0442 \u0438\u043d\u0432\u0435\u043d\u0442\u0430\u0440\u044f \u0434\u043b\u044f \u0443\u0431\u043e\u0440\u043a\u0438 \u043d\u0430 \u0431\u0430\u0437\u0435 \u0432\u044b\u0441\u043e\u043a\u043e\u044d\u0444\u0444\u0435\u043a\u0442\u0438\u0432\u043d\u043e\u0439 \u043e\u0434\u043d\u043e \u0432\u0451\u0434\u0435\u0440\u043d\u043e\u0439 \u0441\u0438\u0441\u0442\u0435\u043c\u044b Ultraspeed Pro Starter. \u0412 \u043d\u0430\u0431\u043e\u0440 \u0432\u0445\u043e\u0434\u044f\u0442 \u043f\u0440\u043e\u0444\u0435\u0441\u0441\u0438\u043e\u043d\u0430\u043b\u044c\u043d\u044b\u0435 \u0440\u0435\u0448\u0435\u043d\u0438\u044f \u0434\u043b\u044f \u043f\u043e\u0434\u0434\u0435\u0440\u0436\u0430\u043d\u0438\u044f \u0447\u0438\u0441\u0442\u043e\u0442\u044b \u0432 \u043f\u043e\u043c\u0435\u0449\u0435\u043d\u0438\u0438 \u043d\u0430 \u0441\u0430\u043c\u043e\u043c \u0432\u044b\u0441\u043e\u043a\u043e\u043c \u0443\u0440\u043e\u0432\u043d\u0435.<\/p>","protected":false},"featured_media":11008,"comment_status":"closed","ping_status":"closed","template":"","meta":[],"product_cat":[91,45,34,42,44,43,40,41,46,90,92],"product_tag":[175,182,181,176],"class_list":["post-10986","product","type-product","status-publish","has-post-thumbnail","hentry","product_cat-carucioare-si-galeti","product_cat-industria-auto","product_cat-hotel","product_cat-industria-de-producere-si-prelucrare","product_cat-institutii-de-invatamint","product_cat-medicina","product_cat-restaurant-si-bucatarie","product_cat-servicii-de-curatenie","product_cat-sport-si-fitness","product_cat-echipamente-curatenie","product_cat-mopuri-maturi-farase","product_tag-galeata","product_tag-maner","product_tag-mop","product_tag-storcator","pa_brand-vileda-professional"],"_links":{"self":[{"href":"https:\/\/toreco.md\/ru\/wp-json\/wp\/v2\/product\/10986","targetHints":{"allow":["GET"]}}],"collection":[{"href":"https:\/\/toreco.md\/ru\/wp-json\/wp\/v2\/product"}],"about":[{"href":"https:\/\/toreco.md\/ru\/wp-json\/wp\/v2\/types\/product"}],"replies":[{"embeddable":true,"href":"https:\/\/toreco.md\/ru\/wp-json\/wp\/v2\/comments?post=10986"}],"wp:featuredmedia":[{"embeddable":true,"href":"https:\/\/toreco.md\/ru\/wp-json\/wp\/v2\/media\/11008"}],"wp:attachment":[{"href":"https:\/\/toreco.md\/ru\/wp-json\/wp\/v2\/media?parent=10986"}],"wp:term":[{"taxonomy":"product_cat","embeddable":true,"href":"https:\/\/toreco.md\/ru\/wp-json\/wp\/v2\/product_cat?post=10986"},{"taxonomy":"product_tag","embeddable":true,"href":"https:\/\/toreco.md\/ru\/wp-json\/wp\/v2\/product_tag?post=10986"}],"curies":[{"name":"wp","href":"https:\/\/api.w.org\/{rel}","templated":true}]}}