{"id":10983,"date":"2022-11-03T13:13:25","date_gmt":"2022-11-03T11:13:25","guid":{"rendered":"https:\/\/toreco.md\/?post_type=product&#038;p=10983"},"modified":"2025-09-16T09:35:11","modified_gmt":"2025-09-16T06:35:11","slug":"laveta-r-micronquick-40x38-cm-set-5-buc-albastra","status":"publish","type":"product","link":"https:\/\/toreco.md\/ru\/product\/dupa-tip\/consumabile-igiena\/lavete-si-bureti\/laveta-r-micronquick-40x38-cm-set-5-buc-albastra\/","title":{"rendered":"Laveta R-Micronquick 40&#215;38 cm, set 5 buc, Albastra"},"content":{"rendered":"<p><iframe loading=\"lazy\" width=\"640\" height=\"360\" src=\"https:\/\/www.youtube.com\/embed\/q76PwtzhbJ4\" title=\"[TORECO]: De ce anume lavetele profesionale din microfibra?\" frameborder=\"0\" allow=\"accelerometer; autoplay; clipboard-write; encrypted-media; gyroscope; picture-in-picture; web-share\" allowfullscreen><\/iframe><\/p>\n<p>\u0423\u043d\u0438\u043a\u0430\u043b\u044c\u043d\u0430\u044f \u0441\u0430\u043b\u0444\u0435\u0442\u043a\u0430 \u0438\u0437 \u043d\u0435\u0442\u043a\u0430\u043d\u043e\u0433\u043e \u043c\u0438\u043a\u0440\u043e\u0432\u043e\u043b\u043e\u043a\u043d\u0430 \u0434\u043b\u044f \u043f\u0440\u043e\u0444\u0435\u0441\u0441\u0438\u043e\u043d\u0430\u043b\u044c\u043d\u043e\u0439 \u0443\u0431\u043e\u0440\u043a\u0438 \u043b\u044e\u0431\u044b\u0445 \u0433\u043b\u0430\u0434\u043a\u0438\u0445 \u0438 \u0434\u0435\u043b\u0438\u043a\u0430\u0442\u043d\u044b\u0445 \u043f\u043e\u0432\u0435\u0440\u0445\u043d\u043e\u0441\u0442\u0435\u0439. \u0421\u0430\u043b\u0444\u0435\u0442\u043a\u0438 \u0440-\u041c\u0438\u043a\u0440\u043e\u043d\u041a\u0432\u0438\u043a \u043f\u0440\u043e\u0438\u0437\u0432\u043e\u0434\u044f\u0442\u0441\u044f \u043f\u043e \u0437\u0430\u043f\u0430\u0442\u0435\u043d\u0442\u043e\u0432\u0430\u043d\u043d\u043e\u0439 \u0442\u0435\u0445\u043d\u043e\u043b\u043e\u0433\u0438\u0438 Micron Fiber Technology \u043e\u0442 Vileda Professional \u0438\u0437 \u0442\u043e\u043d\u0447\u0430\u0439\u0448\u0435\u0433\u043e \u043c\u0438\u043a\u0440\u043e\u0432\u043e\u043b\u043e\u043a\u043d\u0430 \u0434\u043b\u044f \u0433\u043b\u0443\u0431\u043e\u043a\u043e\u0439 \u0438 \u044d\u0444\u0444\u0435\u043a\u0442\u0438\u0432\u043d\u043e\u0439 \u043e\u0447\u0438\u0441\u0442\u043a\u0438 \u0433\u043b\u0430\u0434\u043a\u0438\u0445 \u0438 \u0434\u0435\u043b\u0438\u043a\u0430\u0442\u043d\u044b\u0445 \u043f\u043e\u0432\u0435\u0440\u0445\u043d\u043e\u0441\u0442\u0435\u0439.<\/p>\n<p>\u041e\u0431\u043b\u0430\u0441\u0442\u044c \u043f\u0440\u0438\u043c\u0435\u043d\u0435\u043d\u0438\u044f  \u0438 \u043d\u0430\u0437\u043d\u0430\u0447\u0435\u043d\u0438\u0435<br \/>\n&#8211; HoReCa (hoteluri, restaurante, cafenele, baruri, cantine, catering), cur\u0103\u021benie, asisten\u021b\u0103 medical\u0103.<br \/>\n&#8211; Cur\u0103\u021barea suprafe\u021belor de amprente, murd\u0103rie zilnic\u0103, bacterii \u0219i viru\u0219i; finisare (finisare) \u0219tergere.<br \/>\n&#8211; Tipuri de suprafe\u021be: oglind\u0103, sticl\u0103, crom, o\u021bel, lucioas\u0103, ceramic\u0103, lustruit\u0103, delicat\u0103.<\/p>\n<p>\u041e\u0441\u043e\u0431\u0435\u043d\u043d\u043e\u0441\u0442\u0438 \u0438 \u043f\u0440\u0435\u0438\u043c\u0443\u0449\u0435\u0441\u0442\u0432\u0430<br \/>\n&#8211; Laveta din microfibr\u0103 unic\u0103 ultra-sub\u021bire ne\u021besut\u0103 este \u00eemp\u0103r\u021bit\u0103 \u00een 32 de segmente pentru o penetrare mai profund\u0103 \u00een suprafa\u021b\u0103 \u0219i o cur\u0103\u021bare maxim\u0103 eficient\u0103.<br \/>\n&#8211; Cur\u0103\u021b\u0103 \u0219i lustruie\u0219te perfect.<br \/>\n&#8211; Cur\u0103\u021b\u0103 f\u0103r\u0103 dungi \u0219i scame, cresc\u00e2nd astfel viteza de cur\u0103\u021bare, deoarece suprafe\u021bele sunt \u0219terse o dat\u0103.<br \/>\n&#8211; Lavetele R- MICRONQUICK elimin\u0103 p\u00e2n\u0103 la 99,99% din bacterii \u0219i 99,99% din coronavirusul de tip BCoV de pe suprafe\u021be f\u0103r\u0103 a utiliza un dezinfectant.<br \/>\n&#8211; Pl\u0103cut la atingere \u0219i confortabil de utilizat.<br \/>\n&#8211; Durat\u0103 de via\u021b\u0103 foarte lung\u0103 \u0219i rezisten\u021b\u0103 la deteriorare.<br \/>\n&#8211; 4 culori pentru codificarea zonelor \u0219i eliminarea contamin\u0103rii \u00eencruci\u0219ate.<\/p>\n<p>\u0421\u043e\u0441\u0442\u0430\u0432:<br \/>\n\u041c\u0438\u043a\u0440\u043e\u0432\u043e\u043b\u043e\u043a\u043d\u043e (73% \u043f\u043e\u043b\u0438\u044d\u0441\u0442\u0435\u0440 \u0438\u0437 \u043f\u0435\u0440\u0435\u0440\u0430\u0431\u043e\u0442\u0430\u043d\u043d\u044b\u0445 \u043c\u0430\u0442\u0435\u0440\u0438\u0430\u043b\u043e\u0432, 27% \u043f\u043e\u043b\u0438\u0430\u043c\u0438\u0434).<\/p>\n<p>\u0425\u0430\u0440\u0430\u043a\u0442\u0435\u0440\u0438\u0441\u0442\u0438\u043a\u0438<br \/>\n&#8211; Dimensiune: 40, 38 cm.<br \/>\n&#8211; Grosime: 0,55 mm.<br \/>\n&#8211; Greutatea unui \u0219erve\u021bel: 20 g (densitate 135 g\/mp).<br \/>\n&#8211; Absorb\u021bie maxim\u0103 \u00een stare uscat\u0103: 450% din greutatea proprie.<br \/>\n&#8211; Dozare pe 1 unitate: 40 ml solu\u021bie de detergent.<br \/>\n&#8211; Numar spalari masini: pana la 500 la 60 grade C<\/p>","protected":false},"excerpt":{"rendered":"<p>\u0423\u043d\u0438\u043a\u0430\u043b\u044c\u043d\u0430\u044f \u0441\u0430\u043b\u0444\u0435\u0442\u043a\u0430 \u0438\u0437 \u043d\u0435\u0442\u043a\u0430\u043d\u043e\u0433\u043e \u043c\u0438\u043a\u0440\u043e\u0432\u043e\u043b\u043e\u043a\u043d\u0430 \u0434\u043b\u044f \u043f\u0440\u043e\u0444\u0435\u0441\u0441\u0438\u043e\u043d\u0430\u043b\u044c\u043d\u043e\u0439 \u0443\u0431\u043e\u0440\u043a\u0438 \u043b\u044e\u0431\u044b\u0445 \u0433\u043b\u0430\u0434\u043a\u0438\u0445 \u0438 \u0434\u0435\u043b\u0438\u043a\u0430\u0442\u043d\u044b\u0445 \u043f\u043e\u0432\u0435\u0440\u0445\u043d\u043e\u0441\u0442\u0435\u0439. \u0421\u0430\u043b\u0444\u0435\u0442\u043a\u0438 \u0440-\u041c\u0438\u043a\u0440\u043e\u043d\u041a\u0432\u0438\u043a \u043f\u0440\u043e\u0438\u0437\u0432\u043e\u0434\u044f\u0442\u0441\u044f \u043f\u043e \u0437\u0430\u043f\u0430\u0442\u0435\u043d\u0442\u043e\u0432\u0430\u043d\u043d\u043e\u0439 \u0442\u0435\u0445\u043d\u043e\u043b\u043e\u0433\u0438\u0438 Micron Fiber Technology \u043e\u0442 Vileda Professional \u0438\u0437 \u0442\u043e\u043d\u0447\u0430\u0439\u0448\u0435\u0433\u043e \u043c\u0438\u043a\u0440\u043e\u0432\u043e\u043b\u043e\u043a\u043d\u0430 \u0434\u043b\u044f \u0433\u043b\u0443\u0431\u043e\u043a\u043e\u0439 \u0438 \u044d\u0444\u0444\u0435\u043a\u0442\u0438\u0432\u043d\u043e\u0439 \u043e\u0447\u0438\u0441\u0442\u043a\u0438 \u0433\u043b\u0430\u0434\u043a\u0438\u0445 \u0438 \u0434\u0435\u043b\u0438\u043a\u0430\u0442\u043d\u044b\u0445 \u043f\u043e\u0432\u0435\u0440\u0445\u043d\u043e\u0441\u0442\u0435\u0439.<\/p>","protected":false},"featured_media":10984,"comment_status":"closed","ping_status":"closed","template":"","meta":[],"product_cat":[96,45,34,42,44,43,40,41,46,95],"product_tag":[184],"class_list":["post-10983","product","type-product","status-publish","has-post-thumbnail","hentry","product_cat-lavete-si-bureti","product_cat-industria-auto","product_cat-hotel","product_cat-industria-de-producere-si-prelucrare","product_cat-institutii-de-invatamint","product_cat-medicina","product_cat-restaurant-si-bucatarie","product_cat-servicii-de-curatenie","product_cat-sport-si-fitness","product_cat-consumabile-igiena","product_tag-laveta","pa_brand-vileda-professional"],"_links":{"self":[{"href":"https:\/\/toreco.md\/ru\/wp-json\/wp\/v2\/product\/10983","targetHints":{"allow":["GET"]}}],"collection":[{"href":"https:\/\/toreco.md\/ru\/wp-json\/wp\/v2\/product"}],"about":[{"href":"https:\/\/toreco.md\/ru\/wp-json\/wp\/v2\/types\/product"}],"replies":[{"embeddable":true,"href":"https:\/\/toreco.md\/ru\/wp-json\/wp\/v2\/comments?post=10983"}],"wp:featuredmedia":[{"embeddable":true,"href":"https:\/\/toreco.md\/ru\/wp-json\/wp\/v2\/media\/10984"}],"wp:attachment":[{"href":"https:\/\/toreco.md\/ru\/wp-json\/wp\/v2\/media?parent=10983"}],"wp:term":[{"taxonomy":"product_cat","embeddable":true,"href":"https:\/\/toreco.md\/ru\/wp-json\/wp\/v2\/product_cat?post=10983"},{"taxonomy":"product_tag","embeddable":true,"href":"https:\/\/toreco.md\/ru\/wp-json\/wp\/v2\/product_tag?post=10983"}],"curies":[{"name":"wp","href":"https:\/\/api.w.org\/{rel}","templated":true}]}}