{"id":10981,"date":"2022-11-03T13:00:51","date_gmt":"2022-11-03T11:00:51","guid":{"rendered":"https:\/\/toreco.md\/?post_type=product&#038;p=10981"},"modified":"2026-03-26T14:57:59","modified_gmt":"2026-03-26T12:57:59","slug":"suport-combispeed-pro-frame-pentru-mop-50-cm","status":"publish","type":"product","link":"https:\/\/toreco.md\/ru\/product\/dupa-tip\/echipamente-curatenie\/mopuri-maturi-farase\/suport-combispeed-pro-frame-pentru-mop-50-cm\/","title":{"rendered":"\u0414\u0435\u0440\u0436\u0430\u0442\u0435\u043b\u044c \u043c\u043e\u043f\u043e\u0432 CombiSpeed Pro Frame, 50 \u0441\u043c"},"content":{"rendered":"<p>\u0423\u043d\u0438\u0432\u0435\u0440\u0441\u0430\u043b\u044c\u043d\u044b\u0439 \u0434\u0435\u0440\u0436\u0430\u0442\u0435\u043b\u044c \u043c\u043e\u043f\u043e\u0432 2 \u0432 1. \u041f\u043e\u0434\u0445\u043e\u0434\u0438\u0442 \u0434\u043b\u044f \u043c\u043e\u043f\u043e\u0432 \u043a\u0430\u043a \u0441 \u043a\u0430\u0440\u043c\u0430\u043d\u0430\u043c\u0438, \u0442\u0430\u043a \u0438 \u043d\u0430 \u0440\u0435\u043c\u043d\u044f\u0445. \u041f\u0440\u043e\u0447\u043d\u0430\u044f \u043a\u043e\u043d\u0441\u0442\u0440\u0443\u043a\u0446\u0438\u044f, \u0432\u044b\u0441\u043e\u043a\u0430\u044f \u043c\u0430\u043d\u0435\u0432\u0440\u0435\u043d\u043d\u043e\u0441\u0442\u044c \u0438 \u0448\u0438\u0440\u043e\u043a\u0430\u044f \u043f\u0435\u0434\u0430\u043b\u044c \u0434\u043b\u044f \u0441\u043b\u043e\u0436\u0435\u043d\u0438\u044f \u0434\u0435\u0440\u0436\u0430\u0442\u0435\u043b\u044f. \u0423\u043d\u0438\u0432\u0435\u0440\u0441\u0430\u043b\u044c\u043d\u044b\u0439 \u0414\u0435\u0440\u0436\u0430\u0442\u0435\u043b\u044c \u0434\u043b\u044f \u043c\u043e\u043f\u043e\u0432 CombiSpeed Pro Frame 2 \u0432 1 \u0438\u0441\u043f\u043e\u043b\u044c\u0437\u0443\u0435\u0442\u0441\u044f \u0441 \u043e\u0434\u043d\u043e\u0432\u0435\u0434\u0435\u0440\u043d\u043e\u0439 \u0438\u043b\u0438 \u0434\u0432\u0443\u0445\u0432\u0435\u0434\u0435\u0440\u043d\u043e\u0439 \u0441\u0438\u0441\u0442\u0435\u043c\u043e\u0439 \u0438 \u0442\u0440\u0430\u0434\u0438\u0446\u0438\u043e\u043d\u043d\u044b\u043c \u043c\u0435\u0442\u043e\u0434\u043e\u043c \u0443\u0431\u043e\u0440\u043a\u0438 \u00ab\u0432\u0435\u0434\u0440\u043e-\u0432\u043e\u0434\u0430\u00bb. \u041f\u0440\u0438\u043c\u0435\u043d\u044f\u0435\u0442\u0441\u044f \u043f\u0440\u0435\u0438\u043c\u0443\u0449\u0435\u0441\u0442\u0432\u0435\u043d\u043d\u043e \u0441 \u0432\u0435\u0440\u0442\u0438\u043a\u0430\u043b\u044c\u043d\u044b\u043c, \u0430 \u0442\u0430\u043a\u0436\u0435 \u0440\u043e\u043b\u0438\u043a\u043e\u0432\u044b\u043c \u043e\u0442\u0436\u0438\u043c\u043e\u043c.<\/p>\n<p>\u041e\u0431\u043b\u0430\u0441\u0442\u044c \u043f\u0440\u0438\u043c\u0435\u043d\u0435\u043d\u0438\u044f:<br \/>\n&#8211; Imobiliare comerciale \u0219i necomerciale, inclusiv centre de afaceri, centre comerciale, birouri, complexe reziden\u021biale, sport, culturale, institu\u021bii de \u00eenv\u0103\u021b\u0103m\u00e2nt, transport, aeroporturi, g\u0103ri; unit\u0103\u021bi de asisten\u021b\u0103 medical\u0103, unit\u0103\u021bi de produc\u021bie, HoReCa \u0219i alte facilit\u0103\u021bi de cur\u0103\u021benie.<br \/>\n&#8211; Sp\u0103larea cu mopuri de orice suprafa\u021b\u0103: podele, plinte, sc\u0103ri, pere\u021bi, tavane.<br \/>\n&#8211; Utilizat cu mopuri pe buzunare \u0219i curele \u0219i presare vertical\u0103 a sistemului CombiSpeed Pro pentru cur\u0103\u021barea profesional\u0103 a spa\u021biilor cu o suprafa\u021b\u0103 de 100 mp sau mai mult prin metoda g\u0103leat\u0103-ap\u0103.<\/p>\n<p>\u0420\u0430\u0437\u043c\u0435\u0440: 50 \u0441\u043c<\/p>","protected":false},"excerpt":{"rendered":"<p>\u0423\u043d\u0438\u0432\u0435\u0440\u0441\u0430\u043b\u044c\u043d\u044b\u0439 \u0434\u0435\u0440\u0436\u0430\u0442\u0435\u043b\u044c \u043c\u043e\u043f\u043e\u0432 2 \u0432 1. \u041f\u043e\u0434\u0445\u043e\u0434\u0438\u0442 \u0434\u043b\u044f \u043c\u043e\u043f\u043e\u0432 \u043a\u0430\u043a \u0441 \u043a\u0430\u0440\u043c\u0430\u043d\u0430\u043c\u0438, \u0442\u0430\u043a \u0438 \u043d\u0430 \u0440\u0435\u043c\u043d\u044f\u0445. \u041f\u0440\u043e\u0447\u043d\u0430\u044f \u043a\u043e\u043d\u0441\u0442\u0440\u0443\u043a\u0446\u0438\u044f, \u0432\u044b\u0441\u043e\u043a\u0430\u044f \u043c\u0430\u043d\u0435\u0432\u0440\u0435\u043d\u043d\u043e\u0441\u0442\u044c \u0438 \u0448\u0438\u0440\u043e\u043a\u0430\u044f \u043f\u0435\u0434\u0430\u043b\u044c \u0434\u043b\u044f \u0441\u043b\u043e\u0436\u0435\u043d\u0438\u044f \u0434\u0435\u0440\u0436\u0430\u0442\u0435\u043b\u044f. \u0423\u043d\u0438\u0432\u0435\u0440\u0441\u0430\u043b\u044c\u043d\u044b\u0439 \u0414\u0435\u0440\u0436\u0430\u0442\u0435\u043b\u044c \u0434\u043b\u044f \u043c\u043e\u043f\u043e\u0432 CombiSpeed Pro Frame 2 \u0432 1 \u0438\u0441\u043f\u043e\u043b\u044c\u0437\u0443\u0435\u0442\u0441\u044f \u0441 \u043e\u0434\u043d\u043e\u0432\u0435\u0434\u0435\u0440\u043d\u043e\u0439 \u0438\u043b\u0438 \u0434\u0432\u0443\u0445\u0432\u0435\u0434\u0435\u0440\u043d\u043e\u0439 \u0441\u0438\u0441\u0442\u0435\u043c\u043e\u0439 \u0438 \u0442\u0440\u0430\u0434\u0438\u0446\u0438\u043e\u043d\u043d\u044b\u043c \u043c\u0435\u0442\u043e\u0434\u043e\u043c \u0443\u0431\u043e\u0440\u043a\u0438 \u00ab\u0432\u0435\u0434\u0440\u043e-\u0432\u043e\u0434\u0430\u00bb. \u041f\u0440\u0438\u043c\u0435\u043d\u044f\u0435\u0442\u0441\u044f \u043f\u0440\u0435\u0438\u043c\u0443\u0449\u0435\u0441\u0442\u0432\u0435\u043d\u043d\u043e \u0441 \u0432\u0435\u0440\u0442\u0438\u043a\u0430\u043b\u044c\u043d\u044b\u043c, \u0430 \u0442\u0430\u043a\u0436\u0435 \u0440\u043e\u043b\u0438\u043a\u043e\u0432\u044b\u043c \u043e\u0442\u0436\u0438\u043c\u043e\u043c.<\/p>","protected":false},"featured_media":10982,"comment_status":"closed","ping_status":"closed","template":"","meta":[],"product_cat":[92,45,34,42,44,43,40,41,46,90],"product_tag":[185],"class_list":["post-10981","product","type-product","status-publish","has-post-thumbnail","hentry","product_cat-mopuri-maturi-farase","product_cat-industria-auto","product_cat-hotel","product_cat-industria-de-producere-si-prelucrare","product_cat-institutii-de-invatamint","product_cat-medicina","product_cat-restaurant-si-bucatarie","product_cat-servicii-de-curatenie","product_cat-sport-si-fitness","product_cat-echipamente-curatenie","product_tag-suport","pa_brand-vileda-professional"],"_links":{"self":[{"href":"https:\/\/toreco.md\/ru\/wp-json\/wp\/v2\/product\/10981","targetHints":{"allow":["GET"]}}],"collection":[{"href":"https:\/\/toreco.md\/ru\/wp-json\/wp\/v2\/product"}],"about":[{"href":"https:\/\/toreco.md\/ru\/wp-json\/wp\/v2\/types\/product"}],"replies":[{"embeddable":true,"href":"https:\/\/toreco.md\/ru\/wp-json\/wp\/v2\/comments?post=10981"}],"wp:featuredmedia":[{"embeddable":true,"href":"https:\/\/toreco.md\/ru\/wp-json\/wp\/v2\/media\/10982"}],"wp:attachment":[{"href":"https:\/\/toreco.md\/ru\/wp-json\/wp\/v2\/media?parent=10981"}],"wp:term":[{"taxonomy":"product_cat","embeddable":true,"href":"https:\/\/toreco.md\/ru\/wp-json\/wp\/v2\/product_cat?post=10981"},{"taxonomy":"product_tag","embeddable":true,"href":"https:\/\/toreco.md\/ru\/wp-json\/wp\/v2\/product_tag?post=10981"}],"curies":[{"name":"wp","href":"https:\/\/api.w.org\/{rel}","templated":true}]}}