{"id":10979,"date":"2022-11-03T12:46:43","date_gmt":"2022-11-03T10:46:43","guid":{"rendered":"https:\/\/toreco.md\/?post_type=product&#038;p=10979"},"modified":"2026-03-26T14:59:10","modified_gmt":"2026-03-26T12:59:10","slug":"mop-ultraspeed-mini","status":"publish","type":"product","link":"https:\/\/toreco.md\/ru\/product\/dupa-tip\/echipamente-curatenie\/mopuri-maturi-farase\/mop-ultraspeed-mini\/","title":{"rendered":"\u041c\u043e\u043f Ultraspeed Mini"},"content":{"rendered":"<p>\u041c\u043e\u043f Ultraspeed Mini \u043e\u0447\u0435\u043d\u044c \u043f\u0440\u043e\u0441\u0442\u0430 \u0432 \u0438\u0441\u043f\u043e\u043b\u044c\u0437\u043e\u0432\u0430\u043d\u0438\u0438. \u041f\u0440\u043e\u0441\u0442\u043e \u043f\u043e\u043c\u0435\u0441\u0442\u0438\u0442\u0435 \u0448\u0432\u0430\u0431\u0440\u0443 \u0432 \u043c\u043e\u044e\u0449\u0438\u0439 \u0440\u0430\u0441\u0442\u0432\u043e\u0440, \u0437\u0430\u0442\u0435\u043c \u0432\u0441\u0442\u0430\u0432\u044c\u0442\u0435 \u0432 \u043e\u0442\u0436\u0438\u043c\u043d\u043e\u0439 \u043c\u0435\u0445\u0430\u043d\u0438\u0437\u043c, \u043d\u0430\u0436\u043c\u0438\u0442\u0435 \u043f\u0435\u0434\u0430\u043b\u044c, \u0447\u0442\u043e\u0431\u044b \u043d\u0430\u0447\u0430\u0442\u044c \u0432\u0440\u0430\u0449\u0430\u0442\u0435\u043b\u044c\u043d\u043e\u0435 \u0434\u0432\u0438\u0436\u0435\u043d\u0438\u0435, \u0437\u0430\u0442\u0435\u043c \u0441\u043d\u0438\u043c\u0438\u0442\u0435 \u0438 \u043d\u0430\u0447\u043d\u0438\u0442\u0435 \u0443\u0431\u043e\u0440\u043a\u0443. \u0422\u0430\u043a \u043a\u0430\u043a \u043e\u0442\u0436\u0438\u043c\u043d\u043e\u0439 \u043c\u0435\u0445\u0430\u043d\u0438\u0437\u043c \u0443\u043f\u0440\u0430\u0432\u043b\u044f\u0435\u0442\u0441\u044f \u043d\u043e\u0436\u043d\u043e\u0439 \u043f\u0435\u0434\u0430\u043b\u044c\u044e, \u043e\u043d \u043e\u0447\u0435\u043d\u044c \u044d\u0440\u0433\u043e\u043d\u043e\u043c\u0438\u0447\u0435\u043d \u0432 \u0438\u0441\u043f\u043e\u043b\u044c\u0437\u043e\u0432\u0430\u043d\u0438\u0438. \u0421\u043f\u0438\u043d\u0443 \u0438 \u0437\u0430\u043f\u044f\u0441\u0442\u044c\u0435 \u043d\u0435 \u043d\u0443\u0436\u043d\u043e \u0441\u0433\u0438\u0431\u0430\u0442\u044c \u0438\u043b\u0438 \u043d\u0430\u0436\u0438\u043c\u0430\u0442\u044c \u0440\u044b\u0447\u0430\u0433 \u0434\u043b\u044f \u0443\u043f\u0440\u0430\u0432\u043b\u0435\u043d\u0438\u044f \u043f\u0440\u0435\u0441\u0441\u043e\u043c.<br \/>\n\u041c\u043e\u043f Ultraspeed Mini \u043f\u0440\u0435\u0434\u043d\u0430\u0437\u043d\u0430\u0447\u0435\u043d\u0430 \u0434\u043b\u044f \u0443\u0431\u043e\u0440\u043a\u0438 \u043f\u043e\u0432\u0435\u0440\u0445\u043d\u043e\u0441\u0442\u0435\u0439 \u0432 \u043e\u0444\u0438\u0441\u0430\u0445, \u043a\u0432\u0430\u0440\u0442\u0438\u0440\u0430\u0445, \u043c\u0430\u0433\u0430\u0437\u0438\u043d\u0430\u0445, \u0441\u0430\u043b\u043e\u043d\u0430\u0445 \u043a\u0440\u0430\u0441\u043e\u0442\u044b, \u043a\u0430\u0444\u0435, \u0440\u0435\u0441\u0442\u043e\u0440\u0430\u043d\u0430\u0445, \u043c\u0435\u0434\u0438\u0446\u0438\u043d\u0441\u043a\u0438\u0445 \u0446\u0435\u043d\u0442\u0440\u0430\u0445, \u0436\u0438\u043b\u044b\u0445 \u043a\u043e\u043c\u043f\u043b\u0435\u043a\u0441\u0430\u0445 \u0438 \u043f\u043e\u043c\u0435\u0449\u0435\u043d\u0438\u044f\u0445 \u0441 \u043d\u0435\u0432\u044b\u0441\u043e\u043a\u043e\u0439 \u043f\u0440\u043e\u0445\u043e\u0434\u0438\u043c\u043e\u0441\u0442\u044c\u044e \u0438 \u043c\u0430\u043b\u043e\u0439 \u043f\u043b\u043e\u0449\u0430\u0434\u044c\u044e \u0434\u043e 75 \u043a\u0432. \u043c.<\/p>\n<p>\u041e\u0441\u043e\u0431\u0435\u043d\u043d\u043e\u0441\u0442\u0438 \u0438 \u043f\u0440\u0435\u0438\u043c\u0443\u0449\u0435\u0441\u0442\u0432\u0430<br \/>\n&#8211; Microfibr\u0103 100% pentru cur\u0103\u021barea eficient\u0103 a murd\u0103riei.<br \/>\n&#8211; Form\u0103 triunghiular\u0103 pentru cur\u0103\u021barea u\u0219oar\u0103 a col\u021burilor.<br \/>\n&#8211; U\u0219or de stors \u00een mini storc\u0103tor.<br \/>\n&#8211; Poate fi sp\u0103lat \u00een ma\u0219in\u0103 de sp\u0103lat.<\/p>","protected":false},"excerpt":{"rendered":"<p>\u041c\u043e\u043f Ultraspeed Mini \u043e\u0447\u0435\u043d\u044c \u043f\u0440\u043e\u0441\u0442\u0430 \u0432 \u0438\u0441\u043f\u043e\u043b\u044c\u0437\u043e\u0432\u0430\u043d\u0438\u0438. \u041f\u0440\u043e\u0441\u0442\u043e \u043f\u043e\u043c\u0435\u0441\u0442\u0438\u0442\u0435 \u0448\u0432\u0430\u0431\u0440\u0443 \u0432 \u043c\u043e\u044e\u0449\u0438\u0439 \u0440\u0430\u0441\u0442\u0432\u043e\u0440, \u0437\u0430\u0442\u0435\u043c \u0432\u0441\u0442\u0430\u0432\u044c\u0442\u0435 \u0432 \u043e\u0442\u0436\u0438\u043c\u043d\u043e\u0439 \u043c\u0435\u0445\u0430\u043d\u0438\u0437\u043c, \u043d\u0430\u0436\u043c\u0438\u0442\u0435 \u043f\u0435\u0434\u0430\u043b\u044c, \u0447\u0442\u043e\u0431\u044b \u043d\u0430\u0447\u0430\u0442\u044c \u0432\u0440\u0430\u0449\u0430\u0442\u0435\u043b\u044c\u043d\u043e\u0435 \u0434\u0432\u0438\u0436\u0435\u043d\u0438\u0435, \u0437\u0430\u0442\u0435\u043c \u0441\u043d\u0438\u043c\u0438\u0442\u0435 \u0438 \u043d\u0430\u0447\u043d\u0438\u0442\u0435 \u0443\u0431\u043e\u0440\u043a\u0443. \u0422\u0430\u043a \u043a\u0430\u043a \u043e\u0442\u0436\u0438\u043c\u043d\u043e\u0439 \u043c\u0435\u0445\u0430\u043d\u0438\u0437\u043c \u0443\u043f\u0440\u0430\u0432\u043b\u044f\u0435\u0442\u0441\u044f \u043d\u043e\u0436\u043d\u043e\u0439 \u043f\u0435\u0434\u0430\u043b\u044c\u044e, \u043e\u043d \u043e\u0447\u0435\u043d\u044c \u044d\u0440\u0433\u043e\u043d\u043e\u043c\u0438\u0447\u0435\u043d \u0432 \u0438\u0441\u043f\u043e\u043b\u044c\u0437\u043e\u0432\u0430\u043d\u0438\u0438. \u0421\u043f\u0438\u043d\u0443 \u0438 \u0437\u0430\u043f\u044f\u0441\u0442\u044c\u0435 \u043d\u0435 \u043d\u0443\u0436\u043d\u043e \u0441\u0433\u0438\u0431\u0430\u0442\u044c \u0438\u043b\u0438 \u043d\u0430\u0436\u0438\u043c\u0430\u0442\u044c \u0440\u044b\u0447\u0430\u0433 \u0434\u043b\u044f \u0443\u043f\u0440\u0430\u0432\u043b\u0435\u043d\u0438\u044f \u043f\u0440\u0435\u0441\u0441\u043e\u043c.<\/p>","protected":false},"featured_media":10980,"comment_status":"closed","ping_status":"closed","template":"","meta":[],"product_cat":[92,45,34,42,44,43,40,41,46,90],"product_tag":[181],"class_list":["post-10979","product","type-product","status-publish","has-post-thumbnail","hentry","product_cat-mopuri-maturi-farase","product_cat-industria-auto","product_cat-hotel","product_cat-industria-de-producere-si-prelucrare","product_cat-institutii-de-invatamint","product_cat-medicina","product_cat-restaurant-si-bucatarie","product_cat-servicii-de-curatenie","product_cat-sport-si-fitness","product_cat-echipamente-curatenie","product_tag-mop","pa_brand-vileda-professional"],"_links":{"self":[{"href":"https:\/\/toreco.md\/ru\/wp-json\/wp\/v2\/product\/10979","targetHints":{"allow":["GET"]}}],"collection":[{"href":"https:\/\/toreco.md\/ru\/wp-json\/wp\/v2\/product"}],"about":[{"href":"https:\/\/toreco.md\/ru\/wp-json\/wp\/v2\/types\/product"}],"replies":[{"embeddable":true,"href":"https:\/\/toreco.md\/ru\/wp-json\/wp\/v2\/comments?post=10979"}],"wp:featuredmedia":[{"embeddable":true,"href":"https:\/\/toreco.md\/ru\/wp-json\/wp\/v2\/media\/10980"}],"wp:attachment":[{"href":"https:\/\/toreco.md\/ru\/wp-json\/wp\/v2\/media?parent=10979"}],"wp:term":[{"taxonomy":"product_cat","embeddable":true,"href":"https:\/\/toreco.md\/ru\/wp-json\/wp\/v2\/product_cat?post=10979"},{"taxonomy":"product_tag","embeddable":true,"href":"https:\/\/toreco.md\/ru\/wp-json\/wp\/v2\/product_tag?post=10979"}],"curies":[{"name":"wp","href":"https:\/\/api.w.org\/{rel}","templated":true}]}}