{"id":10737,"date":"2022-09-02T10:10:28","date_gmt":"2022-09-02T07:10:28","guid":{"rendered":"https:\/\/toreco.md\/?post_type=product&#038;p=10737"},"modified":"2022-12-01T10:16:46","modified_gmt":"2022-12-01T08:16:46","slug":"mop-kentuky-microfibra-bumbac-350-gr","status":"publish","type":"product","link":"https:\/\/toreco.md\/ru\/product\/dupa-tip\/echipamente-curatenie\/mopuri-maturi-farase\/mop-kentuky-microfibra-bumbac-350-gr\/","title":{"rendered":"\u041c\u043e\u043f Kentuky, \u043c\u0438\u043a\u0440\u043e\u0444\u0438\u0431\u0440\u0430-\u0445\u043b\u043e\u043f\u043e\u043a, 350 \u0433\u0440"},"content":{"rendered":"<p>Mop Kentucky &#8211; Fire de bumbac sub\u021biri. Recomandat pentru cur\u0103\u021barea profesional\u0103 a tuturor suprafe\u021belor.  Foarte absorbant \u0219i rezistent. Poate fi utilizat \u0219i cu storc\u0103tor. Fibra rezist\u0103 la: \u00een\u0103lbitori, produse chimice, solven\u021bi, detergenti, etc. Este recomandat ca dup\u0103 utilizare, pentru a preveni orice dezvoltarea a bacteriilor, s\u0103 fie sp\u0103lat \u0219i uscat.<\/p>\n<p>\u0412\u0435\u0441: 350 \u0433\u0440<br \/>\n\u0420\u0430\u0437\u043c\u0435\u0440: 36 \u0441\u043c<br \/>\n\u0426\u0432\u0435\u0442: \u0421\u0438\u043d\u0438\u0439<\/p>","protected":false},"excerpt":{"rendered":"<p>\u041c\u043e\u043f Kentucky -\u0442\u043e\u043d\u043a\u0430\u044f \u0445\u043b\u043e\u043f\u043a\u043e\u0432\u0430\u044f \u043f\u0440\u044f\u0436\u0430. \u0420\u0435\u043a\u043e\u043c\u0435\u043d\u0434\u0443\u0435\u0442\u0441\u044f \u0434\u043b\u044f \u043f\u0440\u043e\u0444\u0435\u0441\u0441\u0438\u043e\u043d\u0430\u043b\u044c\u043d\u043e\u0439 \u043e\u0447\u0438\u0441\u0442\u043a\u0438 \u0432\u0441\u0435\u0445 \u043f\u043e\u0432\u0435\u0440\u0445\u043d\u043e\u0441\u0442\u0435\u0439. \u041e\u0447\u0435\u043d\u044c \u0430\u0431\u0441\u043e\u0440\u0431\u0438\u0440\u0443\u044e\u0449\u0438\u0439 \u0438 \u043f\u0440\u043e\u0447\u043d\u044b\u0439. \u0415\u0433\u043e \u0442\u0430\u043a\u0436\u0435 \u043c\u043e\u0436\u043d\u043e \u0438\u0441\u043f\u043e\u043b\u044c\u0437\u043e\u0432\u0430\u0442\u044c \u0441 \u043e\u0442\u0436\u0438\u043c\u043e\u043c.<\/p>","protected":false},"featured_media":10738,"comment_status":"closed","ping_status":"closed","template":"","meta":[],"product_cat":[45,34,42,44,43,40,41,46,90,92],"product_tag":[181],"class_list":["post-10737","product","type-product","status-publish","has-post-thumbnail","hentry","product_cat-industria-auto","product_cat-hotel","product_cat-industria-de-producere-si-prelucrare","product_cat-institutii-de-invatamint","product_cat-medicina","product_cat-restaurant-si-bucatarie","product_cat-servicii-de-curatenie","product_cat-sport-si-fitness","product_cat-echipamente-curatenie","product_cat-mopuri-maturi-farase","product_tag-mop","pa_brand-ressol"],"_links":{"self":[{"href":"https:\/\/toreco.md\/ru\/wp-json\/wp\/v2\/product\/10737","targetHints":{"allow":["GET"]}}],"collection":[{"href":"https:\/\/toreco.md\/ru\/wp-json\/wp\/v2\/product"}],"about":[{"href":"https:\/\/toreco.md\/ru\/wp-json\/wp\/v2\/types\/product"}],"replies":[{"embeddable":true,"href":"https:\/\/toreco.md\/ru\/wp-json\/wp\/v2\/comments?post=10737"}],"wp:featuredmedia":[{"embeddable":true,"href":"https:\/\/toreco.md\/ru\/wp-json\/wp\/v2\/media\/10738"}],"wp:attachment":[{"href":"https:\/\/toreco.md\/ru\/wp-json\/wp\/v2\/media?parent=10737"}],"wp:term":[{"taxonomy":"product_cat","embeddable":true,"href":"https:\/\/toreco.md\/ru\/wp-json\/wp\/v2\/product_cat?post=10737"},{"taxonomy":"product_tag","embeddable":true,"href":"https:\/\/toreco.md\/ru\/wp-json\/wp\/v2\/product_tag?post=10737"}],"curies":[{"name":"wp","href":"https:\/\/api.w.org\/{rel}","templated":true}]}}