{"id":10705,"date":"2022-08-29T14:30:28","date_gmt":"2022-08-29T11:30:28","guid":{"rendered":"https:\/\/toreco.md\/?post_type=product&#038;p=10705"},"modified":"2025-09-04T12:48:38","modified_gmt":"2025-09-04T09:48:38","slug":"maner-aluminiu-cu-orificiu-150cm-albastru","status":"publish","type":"product","link":"https:\/\/toreco.md\/ru\/product\/dupa-tip\/echipamente-curatenie\/mopuri-maturi-farase\/maner-aluminiu-cu-orificiu-150cm-albastru\/","title":{"rendered":"\u0420\u0443\u0447\u043a\u0430 \u0430\u043b\u044e\u043c\u0438\u043d\u0438\u0435\u0432\u0430\u044f, 150 \u0441\u043c, \u0441\u0438\u043d\u0438\u0439"},"content":{"rendered":"<p>\u041f\u0440\u043e\u0447\u043d\u0430\u044f \u0430\u043b\u044e\u043c\u0438\u043d\u0438\u0435\u0432\u0430\u044f \u0440\u0443\u0447\u043a\u0430 \u0441 \u044d\u0440\u0433\u043e\u043d\u043e\u043c\u0438\u0447\u043d\u043e\u0439 \u0440\u0443\u043a\u043e\u044f\u0442\u043a\u043e\u0439 \u0434\u043b\u044f \u0434\u0435\u0440\u0436\u0430\u0442\u0435\u043b\u0435\u0439 \u0438 \u0441\u0433\u043e\u043d\u043e\u0432. \u041d\u0430\u0448\u0438 \u0430\u043b\u044e\u043c\u0438\u043d\u0438\u0435\u0432\u044b\u0435 \u0440\u0443\u0447\u043a\u0438 \u0431\u044b\u043b\u0438 \u0440\u0430\u0437\u0440\u0430\u0431\u043e\u0442\u0430\u043d\u044b \u0441 \u0443\u0447\u0435\u0442\u043e\u043c \u0432\u044b\u0441\u043e\u043a\u043e\u0439 \u044d\u0440\u0433\u043e\u043d\u043e\u043c\u0438\u0447\u043d\u043e\u0441\u0442\u0438, \u043f\u0440\u043e\u0438\u0437\u0432\u043e\u0434\u0438\u0442\u0435\u043b\u044c\u043d\u043e\u0441\u0442\u0438 \u0438 \u043f\u0440\u043e\u0441\u0442\u043e\u0442\u044b \u0432 \u043e\u0431\u0440\u0430\u0449\u0435\u043d\u0438\u0438.\n\u041b\u0435\u0433\u043a\u0430\u044f \u0440\u0443\u0447\u043a\u0430 \u0444\u0438\u043a\u0441\u0438\u0440\u043e\u0432\u0430\u043d\u043d\u043e\u0439 \u0434\u043b\u0438\u043d\u044b 150 \u0441\u043c \u0438\u043c\u0435\u0435\u0442 \u0434\u043b\u0438\u043d\u043d\u0443\u044e \u0440\u0443\u043a\u043e\u044f\u0442\u043a\u0443 \u044d\u0440\u0433\u043e\u043d\u043e\u043c\u0438\u0447\u043d\u043e\u0439 \u0444\u043e\u0440\u043c\u044b \u0441 \u0443\u0434\u043e\u0431\u043d\u044b\u043c \u0437\u0430\u0445\u0432\u0430\u0442\u043e\u043c.<\/p>\n<p>\u041e\u0441\u043e\u0431\u0435\u043d\u043d\u043e\u0441\u0442\u0438 \u0438 \u043f\u0440\u0435\u0438\u043c\u0443\u0449\u0435\u0441\u0442\u0432\u0430:<br \/>\n&#8211; Montare universal\u0103<br \/>\n&#8211; Datorit\u0103 construc\u021bei \u00eent\u0103rite al m\u00e2nerului, este potrivit pentru lucrul cu mopuri de dimensiuni mari de p\u00e2n\u0103 la 100-150 cm.<br \/>\n&#8211; Fabricat din aluminiu durabil de \u00eenalt\u0103 calitate.<br \/>\n&#8211; Fixarea lungimii optime pentru lucru.<\/p>\n<p>\u0425\u0430\u0440\u0430\u043a\u0442\u0435\u0440\u0438\u0441\u0442\u0438\u043a\u0438:<br \/>\n&#8211; Greutate: 300 gr.<br \/>\n&#8211; Dimensiune: \u00een\u0103l\u021bimea m\u00e2nerului 150 cm, diametrul exterior 2.2 cm, diametrul interior 2 cm.<\/p>","protected":false},"excerpt":{"rendered":"<p>\u041f\u0440\u043e\u0447\u043d\u0430\u044f \u0430\u043b\u044e\u043c\u0438\u043d\u0438\u0435\u0432\u0430\u044f \u0440\u0443\u0447\u043a\u0430 \u0441 \u044d\u0440\u0433\u043e\u043d\u043e\u043c\u0438\u0447\u043d\u043e\u0439 \u0440\u0443\u043a\u043e\u044f\u0442\u043a\u043e\u0439 \u0434\u043b\u044f \u0434\u0435\u0440\u0436\u0430\u0442\u0435\u043b\u0435\u0439 \u0438 \u0441\u0433\u043e\u043d\u043e\u0432. \u041d\u0430\u0448\u0438 \u0430\u043b\u044e\u043c\u0438\u043d\u0438\u0435\u0432\u044b\u0435 \u0440\u0443\u0447\u043a\u0438 \u0431\u044b\u043b\u0438 \u0440\u0430\u0437\u0440\u0430\u0431\u043e\u0442\u0430\u043d\u044b \u0441 \u0443\u0447\u0435\u0442\u043e\u043c \u0432\u044b\u0441\u043e\u043a\u043e\u0439 \u044d\u0440\u0433\u043e\u043d\u043e\u043c\u0438\u0447\u043d\u043e\u0441\u0442\u0438, \u043f\u0440\u043e\u0438\u0437\u0432\u043e\u0434\u0438\u0442\u0435\u043b\u044c\u043d\u043e\u0441\u0442\u0438 \u0438 \u043f\u0440\u043e\u0441\u0442\u043e\u0442\u044b \u0432 \u043e\u0431\u0440\u0430\u0449\u0435\u043d\u0438\u0438.\n\u041b\u0435\u0433\u043a\u0430\u044f \u0440\u0443\u0447\u043a\u0430 \u0444\u0438\u043a\u0441\u0438\u0440\u043e\u0432\u0430\u043d\u043d\u043e\u0439 \u0434\u043b\u0438\u043d\u044b 150 \u0441\u043c \u0438\u043c\u0435\u0435\u0442 \u0434\u043b\u0438\u043d\u043d\u0443\u044e \u0440\u0443\u043a\u043e\u044f\u0442\u043a\u0443 \u044d\u0440\u0433\u043e\u043d\u043e\u043c\u0438\u0447\u043d\u043e\u0439 \u0444\u043e\u0440\u043c\u044b \u0441 \u0443\u0434\u043e\u0431\u043d\u044b\u043c \u0437\u0430\u0445\u0432\u0430\u0442\u043e\u043c.<\/p>","protected":false},"featured_media":10706,"comment_status":"closed","ping_status":"closed","template":"","meta":[],"product_cat":[92,45,34,42,44,43,40,41,46,90],"product_tag":[182],"class_list":["post-10705","product","type-product","status-publish","has-post-thumbnail","hentry","product_cat-mopuri-maturi-farase","product_cat-industria-auto","product_cat-hotel","product_cat-industria-de-producere-si-prelucrare","product_cat-institutii-de-invatamint","product_cat-medicina","product_cat-restaurant-si-bucatarie","product_cat-servicii-de-curatenie","product_cat-sport-si-fitness","product_cat-echipamente-curatenie","product_tag-maner","pa_brand-vileda-professional"],"_links":{"self":[{"href":"https:\/\/toreco.md\/ru\/wp-json\/wp\/v2\/product\/10705","targetHints":{"allow":["GET"]}}],"collection":[{"href":"https:\/\/toreco.md\/ru\/wp-json\/wp\/v2\/product"}],"about":[{"href":"https:\/\/toreco.md\/ru\/wp-json\/wp\/v2\/types\/product"}],"replies":[{"embeddable":true,"href":"https:\/\/toreco.md\/ru\/wp-json\/wp\/v2\/comments?post=10705"}],"wp:featuredmedia":[{"embeddable":true,"href":"https:\/\/toreco.md\/ru\/wp-json\/wp\/v2\/media\/10706"}],"wp:attachment":[{"href":"https:\/\/toreco.md\/ru\/wp-json\/wp\/v2\/media?parent=10705"}],"wp:term":[{"taxonomy":"product_cat","embeddable":true,"href":"https:\/\/toreco.md\/ru\/wp-json\/wp\/v2\/product_cat?post=10705"},{"taxonomy":"product_tag","embeddable":true,"href":"https:\/\/toreco.md\/ru\/wp-json\/wp\/v2\/product_tag?post=10705"}],"curies":[{"name":"wp","href":"https:\/\/api.w.org\/{rel}","templated":true}]}}