{"id":10700,"date":"2022-08-29T12:40:55","date_gmt":"2022-08-29T09:40:55","guid":{"rendered":"https:\/\/toreco.md\/?post_type=product&#038;p=10700"},"modified":"2024-07-04T09:21:04","modified_gmt":"2024-07-04T06:21:04","slug":"bureti-pur-active-set-10-buc-galben","status":"publish","type":"product","link":"https:\/\/toreco.md\/ru\/product\/dupa-tip\/consumabile-igiena\/lavete-si-bureti\/bureti-pur-active-set-10-buc-galben\/","title":{"rendered":"\u0413\u0443\u0431\u043a\u0430 Pur Active, 10 \u0448\u0442, \u0436\u0435\u043b\u0442\u044b\u0439"},"content":{"rendered":"<p>\u0421\u043f\u0435\u0446\u0438\u0430\u043b\u044c\u043d\u0430\u044f \u0433\u0443\u0431\u043a\u0430, \u043a\u043e\u0442\u043e\u0440\u0430\u044f \u043f\u043e\u043c\u043e\u0433\u0430\u0435\u0442 \u0443\u0434\u0430\u043b\u044f\u0442\u044c \u0441\u043b\u043e\u0436\u043d\u044b\u0435 \u0437\u0430\u0433\u0440\u044f\u0437\u043d\u0435\u043d\u0438\u044f, \u043d\u0435 \u0446\u0430\u0440\u0430\u043f\u0430\u044f \u043f\u043e\u0432\u0435\u0440\u0445\u043d\u043e\u0441\u0442\u0438. \u0421\u043f\u0435\u0446\u0438\u0430\u043b\u044c\u043d\u0430\u044f \u0432\u043e\u043b\u043d\u043e\u043e\u0431\u0440\u0430\u0437\u043d\u0430\u044f \u0441\u0442\u0440\u0443\u043a\u0442\u0443\u0440\u0430 \u0447\u0438\u0441\u0442\u044f\u0449\u0435\u0439 \u043f\u043e\u0432\u0435\u0440\u0445\u043d\u043e\u0441\u0442\u0438 \u0433\u0443\u0431\u043a\u0438 \u043c\u044f\u0433\u043a\u043e \u043e\u0447\u0438\u0449\u0430\u0435\u0442 \u0437\u0430\u0433\u0440\u044f\u0437\u043d\u0435\u043d\u0438\u044f \u0441 \u043f\u043e\u0432\u0435\u0440\u0445\u043d\u043e\u0441\u0442\u0438, \u0432 \u043e\u0442\u043b\u0438\u0447\u0438\u0435 \u043e\u0442 \u043e\u0431\u044b\u0447\u043d\u044b\u0445 \u0430\u0431\u0440\u0430\u0437\u0438\u0432\u043e\u0432, \u043a\u043e\u0442\u043e\u0440\u044b\u0435 \u0441\u043a\u0440\u0435\u0431\u0443\u0442 \u0433\u0440\u044f\u0437\u044c. \u0412 \u0440\u0435\u0437\u0443\u043b\u044c\u0442\u0430\u0442\u0435 \u043f\u043e\u0432\u0435\u0440\u0445\u043d\u043e\u0441\u0442\u044c \u043d\u0435 \u043f\u043e\u0432\u0440\u0435\u0436\u0434\u0430\u0435\u0442\u0441\u044f, \u0432\u0440\u0435\u043c\u044f \u043d\u0430 \u0443\u0431\u043e\u0440\u043a\u0443 \u0437\u0430 \u0441\u0447\u0435\u0442 \u044d\u0444\u0444\u0435\u043a\u0442\u0438\u0432\u043d\u043e\u0441\u0442\u0438 \u043e\u0447\u0438\u0441\u0442\u043a\u0438 \u0441\u043e\u043a\u0440\u0430\u0449\u0430\u0435\u0442\u0441\u044f.<\/p>\n<p>\u0421\u043f\u0435\u0446\u0438\u0430\u043b\u044c\u043d\u043e\u0435 \u043f\u043e\u043a\u0440\u044b\u0442\u0438\u0435 \u041f\u0443\u0440\u0410\u043a\u0442\u0438\u0432 \u043d\u0435 \u043e\u0442\u043a\u043b\u0435\u0438\u0432\u0430\u0435\u0442\u0441\u044f \u0432 \u043f\u0440\u043e\u0446\u0435\u0441\u0441\u0435 \u0438\u0441\u043f\u043e\u043b\u044c\u0437\u043e\u0432\u0430\u043d\u0438\u044f. \u041f\u0435\u043d\u043a\u0430 \u0432 \u0441\u043e\u0441\u0442\u0430\u0432\u0435 \u0433\u0443\u0431\u043a\u0438 \u043c\u044f\u0433\u043a\u043e \u0438 \u044d\u0440\u0433\u043e\u043d\u043e\u043c\u0438\u0447\u043d\u043e \u043b\u0435\u0436\u0438\u0442 \u0432 \u0440\u0443\u043a\u0435.<\/p>\n<p>\u041e\u0431\u043b\u0430\u0441\u0442\u044c \u043f\u0440\u0438\u043c\u0435\u043d\u0435\u043d\u0438\u044f:<br \/>\n\u041e\u0431\u044a\u0435\u043a\u0442\u044b: \u043a\u043e\u043c\u043c\u0435\u0440\u0447\u0435\u0441\u043a\u0430\u044f \u0438 \u043d\u0435\u043a\u043e\u043c\u043c\u0435\u0440\u0447\u0435\u0441\u043a\u0430\u044f \u043d\u0435\u0434\u0432\u0438\u0436\u0438\u043c\u043e\u0441\u0442\u044c, \u0443\u0447\u0440\u0435\u0436\u0434\u0435\u043d\u0438\u044f \u0437\u0434\u0440\u0430\u0432\u043e\u043e\u0445\u0440\u0430\u043d\u0435\u043d\u0438\u044f, \u043f\u0440\u043e\u0438\u0437\u0432\u043e\u0434\u0441\u0442\u0432\u0430 \u0438 HoReCa. \u0418\u0434\u0435\u0430\u043b\u044c\u043d\u043e \u043f\u043e\u0434\u0445\u043e\u0434\u0438\u0442 \u0434\u043b\u044f \u0431\u0435\u0440\u0435\u0436\u043d\u043e\u0439 \u043e\u0442\u0442\u0438\u0440\u043a\u0438 \u0432\u044a\u0435\u0432\u0448\u0438\u0445\u0441\u044f \u0437\u0430\u0433\u0440\u044f\u0437\u043d\u0435\u043d\u0438\u0439. \u041f\u043e\u0434\u0445\u043e\u0434\u0438\u0442 \u0434\u043b\u044f \u0440\u0443\u0447\u043d\u043e\u0439 \u0442\u043e\u0447\u0435\u0447\u043d\u043e\u0439 \u043e\u0447\u0438\u0441\u0442\u043a\u0438.<\/p>\n<p>\u0422\u0438\u043f\u044b \u043f\u043e\u0432\u0435\u0440\u0445\u043d\u043e\u0441\u0442\u0435\u0439:<br \/>\n\u0417\u0435\u0440\u043a\u0430\u043b\u044c\u043d\u044b\u0435, \u0441\u0442\u0435\u043a\u043b\u044f\u043d\u043d\u044b\u0435, \u0445\u0440\u043e\u043c\u0438\u0440\u043e\u0432\u0430\u043d\u043d\u044b\u0435, \u043a\u0435\u0440\u0430\u043c\u0438\u0447\u0435\u0441\u043a\u0438\u0435, \u043f\u043b\u0430\u0441\u0442\u0438\u043a\u043e\u0432\u044b\u0435 \u0438 \u043b\u044e\u0431\u044b\u0435 \u0442\u0432\u0435\u0440\u0434\u044b\u0435 \u0434\u0435\u043b\u0438\u043a\u0430\u0442\u043d\u044b\u0435 \u043f\u043e\u0432\u0435\u0440\u0445\u043d\u043e\u0441\u0442\u0438, \u0430 \u0442\u0430\u043a\u0436\u0435 \u043d\u0435\u0440\u0436\u0430\u0432\u0435\u044e\u0449\u0430\u044f \u0441\u0442\u0430\u043b\u044c.<\/p>\n<p>\u041e\u0441\u043e\u0431\u0435\u043d\u043d\u043e\u0441\u0442\u0438 \u0438 \u043f\u0440\u0435\u0438\u043c\u0443\u0449\u0435\u0441\u0442\u0432\u0430:<br \/>\n&#8211; Structura special\u0103 \u00een form\u0103 de und\u0103 a suprafe\u021bei de cur\u0103\u021bare a buretelui cur\u0103\u021b\u0103 u\u0219or murd\u0103ria, spre deosebire de abrazivii conven\u021bionali care r\u0103zuiesc murd\u0103ria.<br \/>\n&#8211; Foarte eficient, durabil non-mineral poliuretan de acoperire Pur Active este o parte integrat\u0103 a buretelui \u0219i nu se desprinde \u00een timpul utiliz\u0103rii. Acest lucru asigur\u0103 o durat\u0103 lung\u0103 de via\u021b\u0103 a buretelui.<br \/>\n&#8211; \u00cendepline\u0219te cerin\u021bele standardelor de igien\u0103 \u0219i principiile sistemului de Management al Siguran\u021bei Alimentare (HACCP).<br \/>\n&#8211; 4 culori de material spumant pentru codificarea culorilor \u0219i eliminarea contamin\u0103rii \u00eencruci\u0219ate.<\/p>\n<p>\u0421\u043e\u0441\u0442\u0430\u0432:<br \/>\nBurete-poliuretan 100%; abraziv &#8211; poliamid\u0103 40%, acrilic 60%.<\/p>\n<p>Dimeniuni: 15&#215;7 cm<br \/>\n\u0426\u0432\u0435\u0442: \u0436\u0435\u043b\u0442\u044b\u0439<\/p>","protected":false},"excerpt":{"rendered":"<p>\u0421\u043f\u0435\u0446\u0438\u0430\u043b\u044c\u043d\u0430\u044f \u0433\u0443\u0431\u043a\u0430, \u043a\u043e\u0442\u043e\u0440\u0430\u044f \u043f\u043e\u043c\u043e\u0433\u0430\u0435\u0442 \u0443\u0434\u0430\u043b\u044f\u0442\u044c \u0441\u043b\u043e\u0436\u043d\u044b\u0435 \u0437\u0430\u0433\u0440\u044f\u0437\u043d\u0435\u043d\u0438\u044f, \u043d\u0435 \u0446\u0430\u0440\u0430\u043f\u0430\u044f \u043f\u043e\u0432\u0435\u0440\u0445\u043d\u043e\u0441\u0442\u0438. \u0421\u043f\u0435\u0446\u0438\u0430\u043b\u044c\u043d\u0430\u044f \u0432\u043e\u043b\u043d\u043e\u043e\u0431\u0440\u0430\u0437\u043d\u0430\u044f \u0441\u0442\u0440\u0443\u043a\u0442\u0443\u0440\u0430 \u0447\u0438\u0441\u0442\u044f\u0449\u0435\u0439 \u043f\u043e\u0432\u0435\u0440\u0445\u043d\u043e\u0441\u0442\u0438 \u0433\u0443\u0431\u043a\u0438 \u043c\u044f\u0433\u043a\u043e \u043e\u0447\u0438\u0449\u0430\u0435\u0442 \u0437\u0430\u0433\u0440\u044f\u0437\u043d\u0435\u043d\u0438\u044f \u0441 \u043f\u043e\u0432\u0435\u0440\u0445\u043d\u043e\u0441\u0442\u0438, \u0432 \u043e\u0442\u043b\u0438\u0447\u0438\u0435 \u043e\u0442 \u043e\u0431\u044b\u0447\u043d\u044b\u0445 \u0430\u0431\u0440\u0430\u0437\u0438\u0432\u043e\u0432, \u043a\u043e\u0442\u043e\u0440\u044b\u0435 \u0441\u043a\u0440\u0435\u0431\u0443\u0442 \u0433\u0440\u044f\u0437\u044c. \u0412 \u0440\u0435\u0437\u0443\u043b\u044c\u0442\u0430\u0442\u0435 \u043f\u043e\u0432\u0435\u0440\u0445\u043d\u043e\u0441\u0442\u044c \u043d\u0435 \u043f\u043e\u0432\u0440\u0435\u0436\u0434\u0430\u0435\u0442\u0441\u044f, \u0432\u0440\u0435\u043c\u044f \u043d\u0430 \u0443\u0431\u043e\u0440\u043a\u0443 \u0437\u0430 \u0441\u0447\u0435\u0442 \u044d\u0444\u0444\u0435\u043a\u0442\u0438\u0432\u043d\u043e\u0441\u0442\u0438 \u043e\u0447\u0438\u0441\u0442\u043a\u0438 \u0441\u043e\u043a\u0440\u0430\u0449\u0430\u0435\u0442\u0441\u044f.<\/p>","protected":false},"featured_media":10701,"comment_status":"closed","ping_status":"closed","template":"","meta":[],"product_cat":[96,45,34,42,44,43,40,41,46,95],"product_tag":[184],"class_list":["post-10700","product","type-product","status-publish","has-post-thumbnail","hentry","product_cat-lavete-si-bureti","product_cat-industria-auto","product_cat-hotel","product_cat-industria-de-producere-si-prelucrare","product_cat-institutii-de-invatamint","product_cat-medicina","product_cat-restaurant-si-bucatarie","product_cat-servicii-de-curatenie","product_cat-sport-si-fitness","product_cat-consumabile-igiena","product_tag-laveta","pa_brand-vileda-professional"],"_links":{"self":[{"href":"https:\/\/toreco.md\/ru\/wp-json\/wp\/v2\/product\/10700","targetHints":{"allow":["GET"]}}],"collection":[{"href":"https:\/\/toreco.md\/ru\/wp-json\/wp\/v2\/product"}],"about":[{"href":"https:\/\/toreco.md\/ru\/wp-json\/wp\/v2\/types\/product"}],"replies":[{"embeddable":true,"href":"https:\/\/toreco.md\/ru\/wp-json\/wp\/v2\/comments?post=10700"}],"wp:featuredmedia":[{"embeddable":true,"href":"https:\/\/toreco.md\/ru\/wp-json\/wp\/v2\/media\/10701"}],"wp:attachment":[{"href":"https:\/\/toreco.md\/ru\/wp-json\/wp\/v2\/media?parent=10700"}],"wp:term":[{"taxonomy":"product_cat","embeddable":true,"href":"https:\/\/toreco.md\/ru\/wp-json\/wp\/v2\/product_cat?post=10700"},{"taxonomy":"product_tag","embeddable":true,"href":"https:\/\/toreco.md\/ru\/wp-json\/wp\/v2\/product_tag?post=10700"}],"curies":[{"name":"wp","href":"https:\/\/api.w.org\/{rel}","templated":true}]}}