{"id":10570,"date":"2022-08-02T10:42:18","date_gmt":"2022-08-02T07:42:18","guid":{"rendered":"https:\/\/toreco.md\/?post_type=product&#038;p=10570"},"modified":"2025-05-27T14:51:52","modified_gmt":"2025-05-27T11:51:52","slug":"v-press-1160-max-presa-de-balotat-electro-hidraulica","status":"publish","type":"product","link":"https:\/\/toreco.md\/ru\/product\/dupa-tip\/utilaje-pentru-deseuri\/prese-de-balotat\/v-press-1160-max-presa-de-balotat-electro-hidraulica\/","title":{"rendered":"V-Press 1160 max, \u042d\u043b\u0435\u043a\u0442\u0440\u043e\u0433\u0438\u0434\u0440\u0430\u0432\u043b\u0438\u0447\u0435\u0441\u043a\u0438\u0439 \u043f\u0440\u0435\u0441\u0441"},"content":{"rendered":"<p><iframe loading=\"lazy\" width=\"640\" height=\"360\" src=\"https:\/\/www.youtube.com\/embed\/TZ_MzIAoG0A\" title=\"[TORECO]: Presele de balotat HSM\" frameborder=\"0\" allow=\"accelerometer; autoplay; clipboard-write; encrypted-media; gyroscope; picture-in-picture; web-share\" allowfullscreen><\/iframe><\/p>\n<div style=\"width: 640px;\" class=\"wp-video\"><video class=\"wp-video-shortcode\" id=\"video-10570-1\" width=\"640\" height=\"360\" preload=\"metadata\" controls=\"controls\"><source type=\"video\/mp4\" src=\"https:\/\/toreco.md\/wp-content\/uploads\/2022\/08\/v-press1160.mp4?_=1\" \/><a href=\"https:\/\/toreco.md\/wp-content\/uploads\/2022\/08\/v-press1160.mp4\">https:\/\/toreco.md\/wp-content\/uploads\/2022\/08\/v-press1160.mp4<\/a><\/video><\/div>\n<p>HSM V-Press 1160 \u0441 \u043c\u0430\u043a\u0441\u0438\u043c\u0430\u043b\u044c\u043d\u043e \u0432\u043e\u0437\u043c\u043e\u0436\u043d\u044b\u043c \u0432\u0435\u0441\u043e\u043c \u0442\u044e\u043a\u0430 \u0434\u043e 550 \u043a\u0433 \u044f\u0432\u043b\u044f\u0435\u0442\u0441\u044f \u043c\u043e\u0449\u043d\u0435\u0439\u0448\u0435\u0439 \u043c\u043e\u0434\u0435\u043b\u044c\u044e \u0441\u0435\u0440\u0438\u0438 V-Press c \u0432\u044b\u0441\u043e\u043a\u0438\u043c \u0443\u0441\u0438\u043b\u0438\u0435\u043c \u043f\u0440\u0435\u0441\u0441\u043e\u0432\u0430\u043d\u0438\u044f \u0438 \u0430\u0431\u0441\u043e\u043b\u044e\u0442\u043d\u043e\u0439 \u044d\u043a\u043e\u043d\u043e\u043c\u0438\u0447\u0435\u0441\u043a\u043e\u0439 \u044d\u0444\u0444\u0435\u043a\u0442\u0438\u0432\u043d\u043e\u0441\u0442\u044c\u044e.<br \/>\n\u0422\u0435\u0445\u043d\u043e\u043b\u043e\u0433\u0438\u044f \u0443\u0441\u043a\u043e\u0440\u0435\u043d\u043d\u043e\u0433\u043e \u0446\u0438\u043a\u043b\u0430 \u043f\u0440\u0435\u0441\u0441\u043e\u0432\u0430\u043d\u0438\u044f \u044d\u043a\u043e\u043d\u043e\u043c\u0438\u0442 \u0432\u0440\u0435\u043c\u044f \u0438 \u0434\u0435\u043d\u044c\u0433\u0438<br \/>\n\u041e\u0433\u0440\u043e\u043c\u043d\u0430\u044f \u043f\u0440\u0435\u0441\u0441-\u043a\u0430\u043c\u0435\u0440\u0430 \u0433\u0430\u0440\u0430\u043d\u0442\u0438\u0440\u0443\u0435\u0442 \u0435\u0451 \u043e\u043f\u0442\u0438\u043c\u0430\u043b\u044c\u043d\u0443\u044e \u0437\u0430\u0433\u0440\u0443\u0437\u043a\u0443<br \/>\n\u0414\u043b\u0438\u0442\u0435\u043b\u044c\u043d\u044b\u0439 \u0441\u0440\u043e\u043a \u0441\u043b\u0443\u0436\u0431\u044b \u0431\u043b\u0430\u0433\u043e\u0434\u0430\u0440\u044f \u043d\u0438\u0437\u043a\u043e\u0439 \u043f\u043e\u0442\u0440\u0435\u0431\u043d\u043e\u0441\u0442\u0438 \u0432 \u043e\u0431\u0441\u043b\u0443\u0436\u0438\u0432\u0430\u043d\u0438\u0438, \u043d\u0430\u0434\u0435\u0436\u043d\u043e\u0439 \u0433\u0438\u0434\u0440\u0430\u0432\u043b\u0438\u043a\u0435 \u0438 \u0445\u0440\u043e\u043c\u0438\u0440\u043e\u0432\u0430\u043d\u043d\u043e\u043c\u0443 \u0448\u0442\u043e\u043a\u0443 \u043f\u043e\u0440\u0448\u043d\u044f<br \/>\n\u0412\u044b\u0441\u043e\u043a\u043e\u043f\u043b\u043e\u0442\u043d\u044b\u0435 \u0442\u044e\u043a\u0438, \u043a\u043e\u0442\u043e\u0440\u044b\u0435 \u043f\u043e\u043b\u044c\u0437\u0443\u044e\u0442\u0441\u044f \u0441\u043f\u0440\u043e\u0441\u043e\u043c \u043d\u0430 \u0440\u044b\u043d\u043a\u0435 \u0432\u0442\u043e\u0440\u0441\u044b\u0440\u044c\u044f, \u043d\u0435 \u0442\u0440\u0435\u0431\u0443\u044f \u043f\u043e\u0441\u043b\u0435\u0434\u0443\u044e\u0449\u0435\u0433\u043e \u043f\u0440\u0435\u0441\u0441\u043e\u0432\u0430\u043d\u0438\u044f<br \/>\n\u0412\u044b\u0441\u043e\u043a\u0430\u044f \u043d\u0430\u0434\u0435\u0436\u043d\u043e\u0441\u0442\u044c \u0431\u043b\u0430\u0433\u043e\u0434\u0430\u0440\u044f \u0441\u0438\u0441\u0442\u0435\u043c\u0435 HSM TCS (TorsionControlSystem) \u0434\u043b\u044f \u043a\u043e\u043d\u0442\u0440\u043e\u043b\u044f \u043f\u0435\u0440\u0435\u043a\u043e\u0441\u0430 \u043f\u0440\u0435\u0441\u0441-\u043f\u043b\u0438\u0442\u044b<br \/>\n\u0414\u043e\u0441\u0442\u0443\u043f\u043d\u044b\u0435 \u0434\u043b\u044f \u0432\u044b\u0431\u043e\u0440\u0430 \u0432\u0430\u0440\u0438\u0430\u043d\u0442\u044b \u0438\u0441\u043f\u043e\u043b\u043d\u0435\u043d\u0438\u044f: \u0440\u0430\u0437\u0434\u0432\u0438\u0436\u043d\u0430\u044f \u0434\u0432\u0435\u0440\u0446\u0430 \u0441 \u0433\u0438\u0434\u0440\u0430\u0432\u043b\u0438\u0447\u0435\u0441\u043a\u0438\u043c \u0437\u0430\u043c\u043a\u043e\u043c<\/p>\n<p>\u0422\u0435\u0445\u043d\u0438\u0447\u0435\u0441\u043a\u0438\u0435 \u0434\u0430\u043d\u043d\u044b\u0435:<br \/>\n\u0423\u0441\u0438\u043b\u0438\u0435 \u043f\u0440\u0435\u0441\u0441\u043e\u0432\u0430\u043d\u0438\u044f - 594  \u043a\u041d<br \/>\nPuterea motorului Electric &#8211; 4 kW<br \/>\nTensiune \/ frecven\u021b\u0103 &#8211; 3 x 400 V \/ 50 Hz<br \/>\nFereastr\u0103 de \u00eenc\u0103rcare (L x H ) &#8211; 1195 x 650 mm<br \/>\nGreutatea balotului, kg (\u00een func\u021bie de material) &#8211; p\u00e2n\u0103 la 550<br \/>\nDimensiunile balotului (L x L x H) &#8211; 1200 x 1100 x maax. 1200 mm<br \/>\nAp\u0103sarea timpului ciclului (theor.) &#8211; 25 sec<br \/>\nDimensiunile camerei de presare (L x D x H) &#8211; 1195 x 1100 x 1640 mm<br \/>\nDimensiunile generale ale presei (L x D x H), &#8211; 1780 x 1568 x 2985 mm<br \/>\nGreutate pres\u0103 &#8211; 2430 (max) kg<br \/>\n\u041e\u0431\u0432\u044f\u0437\u043a\u0430 - 4-\u043a\u0440\u0430\u0442\u043d\u0430\u044f, \u043f\u0440\u043e\u0432\u043e\u043b\u043e\u043a\u043e\u0439 (\u0432 \u043a\u0430\u0447\u0435\u0441\u0442\u0432\u0435 \u043e\u043f\u0446\u0438\u0438 \u2013 \u043f\u043e\u043b\u0438\u044d\u0441\u0442\u0435\u0440\u043e\u0432\u043e\u0439 \u043b\u0435\u043d\u0442\u043e\u0439)<\/p>\n<p><a href=\"https:\/\/toreco.md\/ru\/general\/toreco-devine-distribuitor-autorizat-in-moldova-pentru-brandul-german-hsm\/\"><img decoding=\"async\" src=\"https:\/\/toreco.md\/wp-content\/uploads\/2024\/02\/icon-toreco-distribuitor-autorizat-hsm-germania-moldova.png\" alt=\"Distribuitor Autorizat HSM\" \/><\/a><\/p>","protected":false},"excerpt":{"rendered":"<p>HSM V-Press 1160 \u0441 \u043c\u0430\u043a\u0441\u0438\u043c\u0430\u043b\u044c\u043d\u043e \u0432\u043e\u0437\u043c\u043e\u0436\u043d\u044b\u043c \u0432\u0435\u0441\u043e\u043c \u0442\u044e\u043a\u0430 \u0434\u043e 550 \u043a\u0433 \u044f\u0432\u043b\u044f\u0435\u0442\u0441\u044f \u043c\u043e\u0449\u043d\u0435\u0439\u0448\u0435\u0439 \u043c\u043e\u0434\u0435\u043b\u044c\u044e \u0441\u0435\u0440\u0438\u0438 V-Press c \u0432\u044b\u0441\u043e\u043a\u0438\u043c \u0443\u0441\u0438\u043b\u0438\u0435\u043c \u043f\u0440\u0435\u0441\u0441\u043e\u0432\u0430\u043d\u0438\u044f \u0438 \u0430\u0431\u0441\u043e\u043b\u044e\u0442\u043d\u043e\u0439 \u044d\u043a\u043e\u043d\u043e\u043c\u0438\u0447\u0435\u0441\u043a\u043e\u0439 \u044d\u0444\u0444\u0435\u043a\u0442\u0438\u0432\u043d\u043e\u0441\u0442\u044c\u044e.<\/p>","protected":false},"featured_media":10574,"comment_status":"closed","ping_status":"closed","template":"","meta":[],"product_cat":[108,45,34,42,40],"product_tag":[202],"class_list":["post-10570","product","type-product","status-publish","has-post-thumbnail","hentry","product_cat-prese-de-balotat","product_cat-industria-auto","product_cat-hotel","product_cat-industria-de-producere-si-prelucrare","product_cat-restaurant-si-bucatarie","product_tag-presa-de-balotat","pa_brand-hsm"],"_links":{"self":[{"href":"https:\/\/toreco.md\/ru\/wp-json\/wp\/v2\/product\/10570","targetHints":{"allow":["GET"]}}],"collection":[{"href":"https:\/\/toreco.md\/ru\/wp-json\/wp\/v2\/product"}],"about":[{"href":"https:\/\/toreco.md\/ru\/wp-json\/wp\/v2\/types\/product"}],"replies":[{"embeddable":true,"href":"https:\/\/toreco.md\/ru\/wp-json\/wp\/v2\/comments?post=10570"}],"wp:featuredmedia":[{"embeddable":true,"href":"https:\/\/toreco.md\/ru\/wp-json\/wp\/v2\/media\/10574"}],"wp:attachment":[{"href":"https:\/\/toreco.md\/ru\/wp-json\/wp\/v2\/media?parent=10570"}],"wp:term":[{"taxonomy":"product_cat","embeddable":true,"href":"https:\/\/toreco.md\/ru\/wp-json\/wp\/v2\/product_cat?post=10570"},{"taxonomy":"product_tag","embeddable":true,"href":"https:\/\/toreco.md\/ru\/wp-json\/wp\/v2\/product_tag?post=10570"}],"curies":[{"name":"wp","href":"https:\/\/api.w.org\/{rel}","templated":true}]}}