{"id":10517,"date":"2022-07-07T16:00:52","date_gmt":"2022-07-07T13:00:52","guid":{"rendered":"https:\/\/toreco.md\/?post_type=product&#038;p=10517"},"modified":"2025-04-29T10:00:35","modified_gmt":"2025-04-29T07:00:35","slug":"willmop-50-echipament-frecare-uscare-echipat-complet-de-spalat-si-uscat-pardoseli-vertical","status":"publish","type":"product","link":"https:\/\/toreco.md\/ru\/product\/dupa-tip\/utilaje-pentru-curatenie\/masini-de-curatat\/willmop-50-echipament-frecare-uscare-echipat-complet-de-spalat-si-uscat-pardoseli-vertical\/","title":{"rendered":"Willmop 50, \u0432\u0435\u0440\u0442\u0438\u043a\u0430\u043b\u044c\u043d\u043e\u0435 \u043e\u0431\u043e\u0440\u0443\u0434\u043e\u0432\u0430\u043d\u0438\u0435 \u0434\u043b\u044f \u043c\u044b\u0442\u044c\u044f \u0438 \u0441\u0443\u0448\u043a\u0438 \u043f\u043e\u043b\u043e\u0432"},"content":{"rendered":"<p><iframe loading=\"lazy\" width=\"640\" height=\"360\" src=\"https:\/\/www.youtube.com\/embed\/Ux-fRfEHIPs\" title=\"WillMop50 ma\u0219in\u0103 vertical\u0103 de sp\u0103lat pardoseli\" frameborder=\"0\" allow=\"accelerometer; autoplay; clipboard-write; encrypted-media; gyroscope; picture-in-picture; web-share\" allowfullscreen><\/iframe><\/p>\n<p>Willmop &#8211; echipament de sp\u0103lat \u015fi uscat pardoseli vertical<\/p>\n<p>WILLMOP 50, \u0441\u0430\u043c\u0430\u044f \u043b\u0435\u0433\u043a\u0430\u044f \u0438 \u0443\u043f\u0440\u0430\u0432\u043b\u044f\u0435\u043c\u0430\u044f \u0432\u0435\u0440\u0442\u0438\u043a\u0430\u043b\u044c\u043d\u0430\u044f \u0441\u0442\u0438\u0440\u0430\u043b\u044c\u043d\u0430\u044f \u043c\u0430\u0448\u0438\u043d\u0430 \u0434\u043b\u044f \u043f\u043e\u043b\u043e\u0432 \u043d\u0430 \u0440\u044b\u043d\u043a\u0435, \u043a\u043e\u0442\u043e\u0440\u0430\u044f \u0441\u043e\u0447\u0435\u0442\u0430\u0435\u0442 \u0432 \u0441\u0435\u0431\u0435 \u0432\u044b\u0441\u043e\u043a\u0443\u044e \u043f\u0440\u043e\u0438\u0437\u0432\u043e\u0434\u0438\u0442\u0435\u043b\u044c\u043d\u043e\u0441\u0442\u044c \u043f\u0440\u043e\u0444\u0435\u0441\u0441\u0438\u043e\u043d\u0430\u043b\u044c\u043d\u043e\u0439 \u043c\u0430\u0448\u0438\u043d\u044b \u0441 \u0443\u043d\u0438\u0432\u0435\u0440\u0441\u0430\u043b\u044c\u043d\u043e\u0441\u0442\u044c\u044e \u0442\u0440\u0430\u0434\u0438\u0446\u0438\u043e\u043d\u043d\u043e\u0439 \u0448\u0432\u0430\u0431\u0440\u044b, \u0447\u0442\u043e \u043f\u043e\u0437\u0432\u043e\u043b\u044f\u0435\u0442 \u0438\u0441\u043f\u043e\u043b\u044c\u0437\u043e\u0432\u0430\u0442\u044c \u0435\u0435 \u043f\u043e\u0447\u0442\u0438 \u043d\u0435\u043f\u0440\u0435\u0440\u044b\u0432\u043d\u043e \u0431\u043b\u0430\u0433\u043e\u0434\u0430\u0440\u044f \u043b\u0438\u0442\u0438\u0435\u0432\u043e\u0439 \u0431\u0430\u0442\u0430\u0440\u0435\u0435 \u043d\u043e\u0432\u043e\u0433\u043e \u043f\u043e\u043a\u043e\u043b\u0435\u043d\u0438\u044f. \u0420\u0443\u043b\u0435\u0432\u043e\u0435 \u0443\u043f\u0440\u0430\u0432\u043b\u0435\u043d\u0438\u0435 WILLMOP 50 \u043e\u0431\u0435\u0441\u043f\u0435\u0447\u0438\u0432\u0430\u0435\u0442 \u0434\u0432\u0438\u0436\u0435\u043d\u0438\u0435 \u0432 \u0434\u0438\u0430\u043f\u0430\u0437\u043e\u043d\u0435 360. \u0415\u0433\u043e \u043d\u0435\u0432\u0435\u0440\u043e\u044f\u0442\u043d\u0430\u044f \u043c\u0430\u043d\u0435\u0432\u0440\u0435\u043d\u043d\u043e\u0441\u0442\u044c \u043f\u043e\u0437\u0432\u043e\u043b\u044f\u0435\u0442 \u043b\u0435\u0433\u043a\u043e \u043e\u0447\u0438\u0441\u0442\u0438\u0442\u044c \u0432\u0441\u0435 \u0442\u0440\u0443\u0434\u043d\u043e\u0434\u043e\u0441\u0442\u0443\u043f\u043d\u044b\u0435 \u043c\u0435\u0441\u0442\u0430 \u0434\u043b\u044f \u043b\u044e\u0431\u044b\u0445 \u0434\u0440\u0443\u0433\u0438\u0445 \u043c\u0430\u0448\u0438\u043d, \u043d\u0430\u043f\u0440\u0438\u043c\u0435\u0440, \u043f\u043e\u0434 \u0441\u0442\u043e\u043b\u0430\u043c\u0438, \u043f\u043e\u0434 \u0440\u0430\u043a\u043e\u0432\u0438\u043d\u0430\u043c\u0438, \u043c\u0435\u0436\u0434\u0443 \u0441\u0438\u0434\u0435\u043d\u044c\u044f\u043c\u0438 \u0438 \u0442. \u0434.<br \/>\n\u042d\u0442\u043e \u0440\u0435\u0432\u043e\u043b\u044e\u0446\u0438\u043e\u043d\u043d\u043e\u0435 \u043e\u0431\u043e\u0440\u0443\u0434\u043e\u0432\u0430\u043d\u0438\u0435 Willmop 50 \u0441 \u043b\u0438\u0442\u0438\u0435\u0432\u043e\u0439 \u0431\u0430\u0442\u0430\u0440\u0435\u0435\u0439 \u0438 \u0431\u044b\u0441\u0442\u0440\u043e\u0439 \u0437\u0430\u0440\u044f\u0434\u043a\u043e\u0439 \u0441\u043e\u0447\u0435\u0442\u0430\u0435\u0442 \u0432 \u0441\u0435\u0431\u0435 \u0432\u044b\u0441\u043e\u043a\u0443\u044e \u043f\u0440\u043e\u0438\u0437\u0432\u043e\u0434\u0438\u0442\u0435\u043b\u044c\u043d\u043e\u0441\u0442\u044c \u043f\u0440\u043e\u043c\u044b\u0448\u043b\u0435\u043d\u043d\u043e\u0433\u043e \u0441\u0442\u0438\u0440\u0430\u043b\u044c\u043d\u043e\u0433\u043e \u043e\u0431\u043e\u0440\u0443\u0434\u043e\u0432\u0430\u043d\u0438\u044f \u0441 \u043c\u0430\u043d\u0435\u0432\u0440\u0435\u043d\u043d\u043e\u0441\u0442\u044c\u044e \u0438 \u0433\u0438\u0431\u043a\u043e\u0441\u0442\u044c\u044e \u0448\u0432\u0430\u0431\u0440\u044b, \u0447\u0442\u043e \u043f\u043e\u0437\u0432\u043e\u043b\u044f\u0435\u0442 \u043f\u043e\u043b\u044c\u0437\u043e\u0432\u0430\u0442\u0435\u043b\u044e \u043e\u0447\u0438\u0441\u0442\u0438\u0442\u044c \u043f\u043e\u0432\u0435\u0440\u0445\u043d\u043e\u0441\u0442\u044c \u0431\u043e\u043b\u0435\u0435 2100 \u043c2 \/ \u0447. \u0411\u043b\u0430\u0433\u043e\u0434\u0430\u0440\u044f \u0441\u0432\u043e\u0435\u0439 \u044d\u043b\u0430\u0441\u0442\u0438\u0447\u043d\u043e\u0439 \u0441\u0438\u0441\u0442\u0435\u043c\u0435, \u043a\u043e\u0442\u043e\u0440\u0430\u044f \u0441\u043e\u0435\u0434\u0438\u043d\u044f\u0435\u0442 \u043e\u0431\u043e\u0440\u0443\u0434\u043e\u0432\u0430\u043d\u0438\u0435 \u0441 \u043c\u043e\u044e\u0449\u0438\u043c \u0443\u0441\u0442\u0440\u043e\u0439\u0441\u0442\u0432\u043e\u043c, Willmop 50 \u0433\u0430\u0440\u0430\u043d\u0442\u0438\u0440\u0443\u0435\u0442 \u043d\u0443\u043b\u0435\u0432\u043e\u0435 \u0443\u0441\u0438\u043b\u0438\u0435 \u0434\u043b\u044f \u043e\u043f\u0435\u0440\u0430\u0442\u043e\u0440\u0430 \u043d\u0430 \u043f\u0440\u043e\u0442\u044f\u0436\u0435\u043d\u0438\u0438 \u0432\u0441\u0435\u0439 \u0440\u0430\u0431\u043e\u0442\u044b \u043f\u043e \u043e\u0447\u0438\u0441\u0442\u043a\u0435, \u043f\u043e\u0441\u043a\u043e\u043b\u044c\u043a\u0443 \u044d\u0442\u043e \u044d\u043b\u0430\u0441\u0442\u0438\u0447\u043d\u043e\u0435 \u0441\u043e\u0435\u0434\u0438\u043d\u0435\u043d\u0438\u0435 \u043f\u0440\u0438\u043d\u0438\u043c\u0430\u0435\u0442 \u043d\u0430 \u0441\u0435\u0431\u044f \u0432\u0435\u0441\u044c \u0432\u0435\u0441 \u043e\u0431\u043e\u0440\u0443\u0434\u043e\u0432\u0430\u043d\u0438\u044f.<\/p>\n<p>Willmop 50 echipament de sp\u0103lat \u015fi uscat pardoseli vertical reg\u00e2nde\u015fte complet ideea cur\u0103\u0163\u0103rii spa\u0163iilor mici precum toaletele, buc\u0103t\u0103riile, s\u0103lile de clas\u0103, birourile, saloanele din spitale, recep\u0163iile, holurile sau s\u0103li de sport.<\/p>\n<p>\u0422\u0435\u0445\u043d\u0438\u0447\u0435\u0441\u043a\u0438\u0435 \u0434\u0430\u043d\u043d\u044b\u0435:<br \/>\n\u0420\u0430\u0431\u043e\u0447\u0438\u0439 \u0444\u0440\u043e\u043d\u0442: 500 \u043c\u043c<br \/>\n\u041a\u043e\u043b\u0438\u0447\u0435\u0441\u0442\u0432\u043e \u0449\u0435\u0442\u043a\u0438: 2 \u0448\u0442<br \/>\n\u0411\u0430\u043a \u0447\u0438\u0441\u0442\u043e\u0439 \u0432\u043e\u0434\u044b: 5 \u043b\u0438\u0442\u0440\u043e\u0432<br \/>\n\u0411\u0430\u043a \u0434\u043b\u044f \u0441\u0442\u043e\u0447\u043d\u044b\u0445 \u0432\u043e\u0434: 7 \u043b\u0438\u0442\u0440\u043e\u0432<br \/>\n\u0414\u0430\u0432\u043b\u0435\u043d\u0438\u0435 \u043d\u0430 \u0449\u0435\u0442\u043a\u0443 (\u043c\u0438\u043d.max.) : 25 \u043a\u0433<br \/>\n\u0421\u043a\u043e\u0440\u043e\u0441\u0442\u044c \u0432\u0440\u0430\u0449\u0435\u043d\u0438\u044f \u0449\u0435\u0442\u043e\u043a (\u043e\u0431 \/ \u043c\u0438\u043d) : 350 \u043e\u0431 \/ \u043c\u0438\u043d<br \/>\n\u0410\u043a\u043a\u0443\u043c\u0443\u043b\u044f\u0442\u043e\u0440 Ah\/1: 21\/29 Li-ion<br \/>\n\u0410\u0432\u0442\u043e\u043d\u043e\u043c\u043d\u043e\u0441\u0442\u044c \u043f\u0440\u0438 \u0437\u0430\u0440\u044f\u0434\u043a\u0435 \u0430\u043a\u043a\u0443\u043c\u0443\u043b\u044f\u0442\u043e\u0440\u0430: 1,15 \u0447\u0430\u0441\u0430<br \/>\n\u0412\u0435\u0441 \u0441 \u0431\u0430\u0442\u0430\u0440\u0435\u0439: 35 \u043a\u0433<br \/>\n\u0420\u0430\u0437\u043c\u0435\u0440 (\u0414 \u0445 \u0432 \u0425 \u0432) : 600x580x1180 \u043c\u043c<\/p>","protected":false},"excerpt":{"rendered":"<p>Willmop - \u0432\u0435\u0440\u0442\u0438\u043a\u0430\u043b\u044c\u043d\u043e\u0435 \u043e\u0431\u043e\u0440\u0443\u0434\u043e\u0432\u0430\u043d\u0438\u0435 \u0434\u043b\u044f \u043c\u044b\u0442\u044c\u044f \u0438 \u0441\u0443\u0448\u043a\u0438 \u043f\u043e\u043b\u043e\u0432<br \/>\nWILLMOP 50, \u0441\u0430\u043c\u0430\u044f \u043b\u0435\u0433\u043a\u0430\u044f \u0438 \u0443\u043f\u0440\u0430\u0432\u043b\u044f\u0435\u043c\u0430\u044f \u0432\u0435\u0440\u0442\u0438\u043a\u0430\u043b\u044c\u043d\u0430\u044f \u0441\u0442\u0438\u0440\u0430\u043b\u044c\u043d\u0430\u044f \u043c\u0430\u0448\u0438\u043d\u0430 \u0434\u043b\u044f \u043f\u043e\u043b\u043e\u0432 \u043d\u0430 \u0440\u044b\u043d\u043a\u0435, \u043a\u043e\u0442\u043e\u0440\u0430\u044f \u0441\u043e\u0447\u0435\u0442\u0430\u0435\u0442 \u0432 \u0441\u0435\u0431\u0435 \u0432\u044b\u0441\u043e\u043a\u0443\u044e \u043f\u0440\u043e\u0438\u0437\u0432\u043e\u0434\u0438\u0442\u0435\u043b\u044c\u043d\u043e\u0441\u0442\u044c \u043f\u0440\u043e\u0444\u0435\u0441\u0441\u0438\u043e\u043d\u0430\u043b\u044c\u043d\u043e\u0439 \u043c\u0430\u0448\u0438\u043d\u044b \u0441 \u0443\u043d\u0438\u0432\u0435\u0440\u0441\u0430\u043b\u044c\u043d\u043e\u0441\u0442\u044c\u044e \u0442\u0440\u0430\u0434\u0438\u0446\u0438\u043e\u043d\u043d\u043e\u0439 \u0448\u0432\u0430\u0431\u0440\u044b, \u0447\u0442\u043e \u043f\u043e\u0437\u0432\u043e\u043b\u044f\u0435\u0442 \u0438\u0441\u043f\u043e\u043b\u044c\u0437\u043e\u0432\u0430\u0442\u044c \u0435\u0435 \u043f\u043e\u0447\u0442\u0438 \u043d\u0435\u043f\u0440\u0435\u0440\u044b\u0432\u043d\u043e \u0431\u043b\u0430\u0433\u043e\u0434\u0430\u0440\u044f \u043b\u0438\u0442\u0438\u0435\u0432\u043e\u0439 \u0431\u0430\u0442\u0430\u0440\u0435\u0435 \u043d\u043e\u0432\u043e\u0433\u043e \u043f\u043e\u043a\u043e\u043b\u0435\u043d\u0438\u044f. \u0411\u0435\u0441\u043f\u043b\u0430\u0442\u043d\u0430\u044f \u0434\u043e\u0441\u0442\u0430\u0432\u043a\u0430 \u043f\u043e \u041c\u043e\u043b\u0434\u043e\u0432\u0435 \u0438 \u041a\u0438\u0448\u0438\u043d\u0435\u0432\u0443<\/p>","protected":false},"featured_media":10527,"comment_status":"closed","ping_status":"closed","template":"","meta":[],"product_cat":[113,34,42,44,43,40,41,46,109],"product_tag":[211],"class_list":["post-10517","product","type-product","status-publish","has-post-thumbnail","hentry","product_cat-masini-de-curatat","product_cat-hotel","product_cat-industria-de-producere-si-prelucrare","product_cat-institutii-de-invatamint","product_cat-medicina","product_cat-restaurant-si-bucatarie","product_cat-servicii-de-curatenie","product_cat-sport-si-fitness","product_cat-utilaje-pentru-curatenie","product_tag-masini-curatenie","pa_brand-willmop"],"_links":{"self":[{"href":"https:\/\/toreco.md\/ru\/wp-json\/wp\/v2\/product\/10517","targetHints":{"allow":["GET"]}}],"collection":[{"href":"https:\/\/toreco.md\/ru\/wp-json\/wp\/v2\/product"}],"about":[{"href":"https:\/\/toreco.md\/ru\/wp-json\/wp\/v2\/types\/product"}],"replies":[{"embeddable":true,"href":"https:\/\/toreco.md\/ru\/wp-json\/wp\/v2\/comments?post=10517"}],"wp:featuredmedia":[{"embeddable":true,"href":"https:\/\/toreco.md\/ru\/wp-json\/wp\/v2\/media\/10527"}],"wp:attachment":[{"href":"https:\/\/toreco.md\/ru\/wp-json\/wp\/v2\/media?parent=10517"}],"wp:term":[{"taxonomy":"product_cat","embeddable":true,"href":"https:\/\/toreco.md\/ru\/wp-json\/wp\/v2\/product_cat?post=10517"},{"taxonomy":"product_tag","embeddable":true,"href":"https:\/\/toreco.md\/ru\/wp-json\/wp\/v2\/product_tag?post=10517"}],"curies":[{"name":"wp","href":"https:\/\/api.w.org\/{rel}","templated":true}]}}