{"id":10305,"date":"2022-05-26T09:47:14","date_gmt":"2022-05-26T06:47:14","guid":{"rendered":"https:\/\/toreco.md\/?post_type=product&#038;p=10305"},"modified":"2025-05-27T14:47:26","modified_gmt":"2025-05-27T11:47:26","slug":"lavanderia-t-02-surfen-detergent-enzimatic-pentru-tesaturi-rufe","status":"publish","type":"product","link":"https:\/\/toreco.md\/ru\/product\/dupa-tip\/detergenti-si-dezinfectanti-profesionali\/textile\/lavanderia-t-02-surfen-detergent-enzimatic-pentru-tesaturi-rufe\/","title":{"rendered":"Lavanderia T-02 Surfen, \u0444\u0435\u0440\u043c\u0435\u043d\u0442\u043d\u043e\u0435 \u043c\u043e\u044e\u0449\u0435\u0435 \u0441\u0440\u0435\u0434\u0441\u0442\u0432\u043e \u0434\u043b\u044f \u0442\u043a\u0430\u043d\u0435\u0439"},"content":{"rendered":"<p>Detergent enzimatic \u00eembog\u0103\u021bit cu tensioactivi, recomandat pentru sp\u0103larea manual\u0103 sau automat\u0103 a rufelor albe sau colorate indifrent de tipul de \u021besatur\u0103. Cur\u0103\u021b\u0103 eficient \u0219i \u00een profunzime murd\u0103ria organic\u0103 \u015fi anorganic\u0103 (pete de: kechup, ro\u0219ii, iarb\u0103, ulei, margarin\u0103, vin, cafea, urme de s\u00e2nge etc) f\u0103r\u0103 s\u0103 afecteze fibrele \u021bes\u0103turilor. Sp\u0103l\u0103re excelent\u0103, chiar \u0219i la temperaturi reduse. Forma lichid\u0103 a detergentului garanteaz\u0103 diluarea total\u0103 \u00een ap\u0103, \u00een acest fel evit\u00e2ndu-se depunerile de reziduri de detergent pe \u021bes\u0103turi \u0219i \u00een cuva ma\u0219ini de sp\u0103lat rufe. Recomandat \u0219i pentru sp\u0103larea mopurlor \u015fi al lavetelor. \u00cen cazul petelor vechi persistente se recomand\u0103 pretratarea acestora cu solu\u021biile Clean &#8211; X Sanidet. Produs profesional, citi\u0163i fi\u015fa de siguran\u0163\u0103 \u00eenaintea utiliz\u0103rii produsului. Produs biodegradabil 90%. <\/p>\n<p>\u041e\u0411\u041b\u0410\u0421\u0422\u042c \u041f\u0420\u0418\u041c\u0415\u041d\u0415\u041d\u0418\u042f: \u043f\u0440\u043e\u0444\u0435\u0441\u0441\u0438\u043e\u043d\u0430\u043b\u044c\u043d\u044b\u0435 \u043f\u0440\u0430\u0447\u0435\u0447\u043d\u044b\u0435, \u0433\u043e\u0441\u0442\u0438\u043d\u0438\u0447\u043d\u0430\u044f \u043f\u0440\u043e\u043c\u044b\u0448\u043b\u0435\u043d\u043d\u043e\u0441\u0442\u044c, \u0431\u043e\u043b\u044c\u043d\u0438\u0446\u044b, \u0441\u0430\u043d\u0438\u0442\u0430\u0440\u043d\u044b\u0435 \u0443\u0447\u0440\u0435\u0436\u0434\u0435\u043d\u0438\u044f, \u0430\u0433\u0440\u043e\u043f\u0440\u043e\u0434\u043e\u0432\u043e\u043b\u044c\u0441\u0442\u0432\u0435\u043d\u043d\u0430\u044f \u043f\u0440\u043e\u043c\u044b\u0448\u043b\u0435\u043d\u043d\u043e\u0441\u0442\u044c, \u0442\u0435\u043a\u0441\u0442\u0438\u043b\u044c\u043d\u0430\u044f \u043f\u0440\u043e\u043c\u044b\u0448\u043b\u0435\u043d\u043d\u043e\u0441\u0442\u044c, \u0441\u0438\u0441\u0442\u0435\u043c\u0430 Ho.Re.Ca, \u0434\u043e\u043c\u0430 \u043f\u0440\u0435\u0441\u0442\u0430\u0440\u0435\u043b\u044b\u0445, \u0441\u043f\u0435\u0446\u0438\u0430\u043b\u0438\u0437\u0438\u0440\u043e\u0432\u0430\u043d\u043d\u044b\u0435 \u043a\u043b\u0438\u043d\u0438\u043d\u0433\u043e\u0432\u044b\u0435 \u0444\u0438\u0440\u043c\u044b \u0438 \u0442. \u0434.<\/p>\n<p>\u0418\u0421\u041f\u041e\u041b\u042c\u0417\u041e\u0412\u0410\u041d\u0418\u0415: \u0434\u043b\u044f \u0441\u0442\u0438\u0440\u043a\u0438 \u0431\u0435\u043b\u044b\u0445 \u0438\u043b\u0438 \u0446\u0432\u0435\u0442\u043d\u044b\u0445 \u0442\u043a\u0430\u043d\u0435\u0439: \u0441\u043a\u0430\u0442\u0435\u0440\u0442\u0438, \u043f\u043e\u0441\u0442\u0435\u043b\u044c\u043d\u043e\u0435 \u0431\u0435\u043b\u044c\u0435, \u0445\u0430\u043b\u0430\u0442\u044b, \u043f\u043e\u043b\u043e\u0442\u0435\u043d\u0446\u0430, \u0442\u0440\u044f\u043f\u043a\u0438, \u0431\u0435\u043b\u044c\u0435 \u0438 \u0442\u043a\u0430\u043d\u0438 \u0432 \u0446\u0435\u043b\u043e\u043c \u0438 \u0442. \u0434. \u042d\u0444\u0444\u0435\u043a\u0442\u0438\u0432\u043d\u043e \u0438 \u0431\u044b\u0441\u0442\u0440\u043e \u043e\u0447\u0438\u0449\u0430\u0435\u0442 \u043f\u044f\u0442\u043d\u0430: \u043e\u0440\u0433\u0430\u043d\u0438\u0447\u0435\u0441\u043a\u0438\u0435 \u0438 \u043d\u0435\u043e\u0440\u0433\u0430\u043d\u0438\u0447\u0435\u0441\u043a\u0438\u0435, \u043c\u0430\u0441\u043b\u044f\u043d\u044b\u0435 \u043f\u044f\u0442\u043d\u0430, \u0436\u0438\u0440, \u0435\u0434\u0430, \u043a\u043e\u0444\u0435, \u043a\u0440\u0435\u043c\u044b \u043b\u044e\u0431\u043e\u0433\u043e \u0442\u0438\u043f\u0430, \u0432\u0430\u0437\u0435\u043b\u0438\u043d, \u0433\u0440\u044f\u0437\u044c \u0438 \u0442. \u0434. <\/p>\n<p>\u0414\u041e\u0417\u0418\u0420\u041e\u0412\u041a\u0410: \u0420\u0443\u0447\u043d\u0430\u044f \u0438\u043b\u0438 \u0430\u0432\u0442\u043e\u043c\u0430\u0442\u0438\u0447\u0435\u0441\u043a\u0430\u044f \u0420\u0435\u043a\u043e\u043c\u0435\u043d\u0434\u0443\u0435\u043c\u0430\u044f \u0434\u043e\u0437\u0430 \u0432 \u0433\u0440\u0430\u043c\u043c\u0430\u0445 \u043d\u0430 \u043a\u0438\u043b\u043e\u0433\u0440\u0430\u043c\u043c \u0441\u0443\u0445\u043e\u0433\u043e \u0431\u0435\u043b\u044c\u044f \u0432 \u0437\u0430\u0432\u0438\u0441\u0438\u043c\u043e\u0441\u0442\u0438 \u043e\u0442 \u0441\u0442\u0435\u043f\u0435\u043d\u0438 \u0437\u0430\u0433\u0440\u044f\u0437\u043d\u0435\u043d\u0438\u044f: \u0421\u043b\u0435\u0433\u043a\u0430 \u0433\u0440\u044f\u0437\u043d\u043e\u0435 4 \u0433 \/ \u043a\u0433 | \u0413\u0440\u044f\u0437\u043d\u043e\u0435 8\u0433\u0440\/\u043a\u0433 | \u041e\u0447\u0435\u043d\u044c \u0433\u0440\u044f\u0437\u043d\u043e\u0435 10 \u0433\u0440\/\u043a\u0433. \u0410\u0432\u0442\u043e\u043c\u0430\u0442\u0438\u0447\u0435\u0441\u043a\u0430\u044f \u0441\u0438\u0441\u0442\u0435\u043c\u0430 \u0434\u043e\u0437\u0438\u0440\u043e\u0432\u0430\u043d\u0438\u044f \u2013 \u0438\u0434\u0435\u0430\u043b\u044c\u043d\u044b\u0439 \u0441\u043f\u043e\u0441\u043e\u0431, \u0440\u0435\u043a\u043e\u043c\u0435\u043d\u0434\u043e\u0432\u0430\u043d\u043d\u044b\u0439 \u043f\u0440\u043e\u0438\u0437\u0432\u043e\u0434\u0438\u0442\u0435\u043b\u0435\u043c \u0434\u043b\u044f \u0433\u0430\u0440\u0430\u043d\u0442\u0438\u0440\u043e\u0432\u0430\u043d\u043d\u043e\u0439 \u044d\u0444\u0444\u0435\u043a\u0442\u0438\u0432\u043d\u043e\u0441\u0442\u0438 \u0438 \u043a\u0430\u0447\u0435\u0441\u0442\u0432\u0430. \u0415\u0433\u043e \u0442\u0430\u043a\u0436\u0435 \u043c\u043e\u0436\u043d\u043e \u0438\u0441\u043f\u043e\u043b\u044c\u0437\u043e\u0432\u0430\u0442\u044c \u0432\u0440\u0443\u0447\u043d\u0443\u044e. <\/p>\n<p>\u0421\u041f\u041e\u0421\u041e\u0411 \u0418\u0421\u041f\u041e\u041b\u042c\u0417\u041e\u0412\u0410\u041d\u0418\u042f: Lavanderia T-02 SURFEN-\u044d\u0442\u043e \u043f\u0440\u043e\u0444\u0435\u0441\u0441\u0438\u043e\u043d\u0430\u043b\u044c\u043d\u043e\u0435 \u043c\u043e\u044e\u0449\u0435\u0435 \u0441\u0440\u0435\u0434\u0441\u0442\u0432\u043e, \u043a\u043e\u0442\u043e\u0440\u043e\u0435 \u0438\u0441\u043f\u043e\u043b\u044c\u0437\u0443\u0435\u0442\u0441\u044f \u0432\u0440\u0443\u0447\u043d\u0443\u044e \u0438\u043b\u0438 \u0430\u0432\u0442\u043e\u043c\u0430\u0442\u0438\u0447\u0435\u0441\u043a\u0438. \u0418\u0441\u043f\u043e\u043b\u044c\u0437\u0443\u0435\u0442\u0441\u044f \u0432\u0440\u0443\u0447\u043d\u0443\u044e \u0434\u043b\u044f \u0441\u043c\u044f\u0433\u0447\u0435\u043d\u0438\u044f, \u043f\u0440\u0435\u0434\u0432\u0430\u0440\u0438\u0442\u0435\u043b\u044c\u043d\u043e\u0439 \u043e\u0431\u0440\u0430\u0431\u043e\u0442\u043a\u0438 \u0438 \u0441\u0442\u0438\u0440\u043a\u0438 \u0442\u043a\u0430\u043d\u0435\u0439.<\/p>\n<p>\u041e\u0431\u044a\u0435\u043c: 25 \u043a\u0433<\/p>","protected":false},"excerpt":{"rendered":"<p>\u0424\u0435\u0440\u043c\u0435\u043d\u0442\u043d\u043e\u0435 \u043c\u043e\u044e\u0449\u0435\u0435 \u0441\u0440\u0435\u0434\u0441\u0442\u0432\u043e, \u043e\u0431\u043e\u0433\u0430\u0449\u0435\u043d\u043d\u043e\u0435 \u043f\u043e\u0432\u0435\u0440\u0445\u043d\u043e\u0441\u0442\u043d\u043e-\u0430\u043a\u0442\u0438\u0432\u043d\u044b\u043c\u0438 \u0432\u0435\u0449\u0435\u0441\u0442\u0432\u0430\u043c\u0438, \u0440\u0435\u043a\u043e\u043c\u0435\u043d\u0434\u043e\u0432\u0430\u043d\u043e \u0434\u043b\u044f \u0440\u0443\u0447\u043d\u043e\u0439 \u0438\u043b\u0438 \u0430\u0432\u0442\u043e\u043c\u0430\u0442\u0438\u0447\u0435\u0441\u043a\u043e\u0439 \u0441\u0442\u0438\u0440\u043a\u0438 \u0431\u0435\u043b\u043e\u0433\u043e \u0438\u043b\u0438 \u0446\u0432\u0435\u0442\u043d\u043e\u0433\u043e \u0431\u0435\u043b\u044c\u044f \u043d\u0435\u0437\u0430\u0432\u0438\u0441\u0438\u043c\u043e \u043e\u0442 \u0442\u0438\u043f\u0430 \u0442\u043a\u0430\u043d\u0438. \u042d\u0444\u0444\u0435\u043a\u0442\u0438\u0432\u043d\u043e \u0438 \u0433\u043b\u0443\u0431\u043e\u043a\u043e \u043e\u0447\u0438\u0449\u0430\u0435\u0442 \u043e\u0440\u0433\u0430\u043d\u0438\u0447\u0435\u0441\u043a\u0443\u044e \u0438 \u043d\u0435\u043e\u0440\u0433\u0430\u043d\u0438\u0447\u0435\u0441\u043a\u0443\u044e \u0433\u0440\u044f\u0437\u044c (\u043f\u044f\u0442\u043d\u0430: \u043a\u0435\u0447\u0443\u043f, \u043f\u043e\u043c\u0438\u0434\u043e\u0440\u044b, \u0442\u0440\u0430\u0432\u0430, \u043c\u0430\u0441\u043b\u043e, \u043c\u0430\u0440\u0433\u0430\u0440\u0438\u043d, \u0432\u0438\u043d\u043e, \u043a\u043e\u0444\u0435, \u0441\u043b\u0435\u0434\u044b \u043a\u0440\u043e\u0432\u0438 \u0438 \u0442. \u0434.), \u043d\u0435 \u043f\u043e\u0432\u0440\u0435\u0436\u0434\u0430\u044f \u0432\u043e\u043b\u043e\u043a\u043d\u0430 \u0442\u043a\u0430\u043d\u0438.<\/p>","protected":false},"featured_media":10306,"comment_status":"closed","ping_status":"closed","template":"","meta":[],"product_cat":[72,45,34,42,44,43,40,46,71],"product_tag":[169],"class_list":["post-10305","product","type-product","status-publish","has-post-thumbnail","hentry","product_cat-textile","product_cat-industria-auto","product_cat-hotel","product_cat-industria-de-producere-si-prelucrare","product_cat-institutii-de-invatamint","product_cat-medicina","product_cat-restaurant-si-bucatarie","product_cat-sport-si-fitness","product_cat-detergenti-si-dezinfectanti-profesionali","product_tag-detergent","pa_brand-sanidet"],"_links":{"self":[{"href":"https:\/\/toreco.md\/ru\/wp-json\/wp\/v2\/product\/10305","targetHints":{"allow":["GET"]}}],"collection":[{"href":"https:\/\/toreco.md\/ru\/wp-json\/wp\/v2\/product"}],"about":[{"href":"https:\/\/toreco.md\/ru\/wp-json\/wp\/v2\/types\/product"}],"replies":[{"embeddable":true,"href":"https:\/\/toreco.md\/ru\/wp-json\/wp\/v2\/comments?post=10305"}],"wp:featuredmedia":[{"embeddable":true,"href":"https:\/\/toreco.md\/ru\/wp-json\/wp\/v2\/media\/10306"}],"wp:attachment":[{"href":"https:\/\/toreco.md\/ru\/wp-json\/wp\/v2\/media?parent=10305"}],"wp:term":[{"taxonomy":"product_cat","embeddable":true,"href":"https:\/\/toreco.md\/ru\/wp-json\/wp\/v2\/product_cat?post=10305"},{"taxonomy":"product_tag","embeddable":true,"href":"https:\/\/toreco.md\/ru\/wp-json\/wp\/v2\/product_tag?post=10305"}],"curies":[{"name":"wp","href":"https:\/\/api.w.org\/{rel}","templated":true}]}}