{"id":7855,"date":"2021-07-06T09:40:21","date_gmt":"2021-07-06T06:40:21","guid":{"rendered":"https:\/\/toreco.md\/?page_id=7855"},"modified":"2021-07-19T16:46:49","modified_gmt":"2021-07-19T13:46:49","slug":"gdpr","status":"publish","type":"page","link":"https:\/\/toreco.md\/ru\/gdpr\/","title":{"rendered":"GDPR"},"content":{"rendered":"<div data-elementor-type=\"wp-page\" data-elementor-id=\"7855\" class=\"elementor elementor-7855\">\n\t\t\t\t\t\t<div class=\"elementor-inner\">\n\t\t\t\t<div class=\"elementor-section-wrap\">\n\t\t\t\t\t\t\t\t\t<section class=\"elementor-section elementor-top-section elementor-element elementor-element-22682b2 elementor-section-boxed elementor-section-height-default elementor-section-height-default\" data-id=\"22682b2\" data-element_type=\"section\">\n\t\t\t\t\t\t<div class=\"elementor-container elementor-column-gap-default\">\n\t\t\t\t\t\t\t<div class=\"elementor-row\">\n\t\t\t\t\t<div class=\"elementor-column elementor-col-100 elementor-top-column elementor-element elementor-element-2b252bc\" data-id=\"2b252bc\" data-element_type=\"column\">\n\t\t\t<div class=\"elementor-column-wrap elementor-element-populated\">\n\t\t\t\t\t\t\t<div class=\"elementor-widget-wrap\">\n\t\t\t\t\t\t<div class=\"elementor-element elementor-element-db2ddc1 elementor-widget elementor-widget-spacer\" data-id=\"db2ddc1\" data-element_type=\"widget\" data-widget_type=\"spacer.default\">\n\t\t\t\t<div class=\"elementor-widget-container\">\n\t\t\t<style>\/*! elementor - v3.12.2 - 23-04-2023 *\/\n.elementor-column .elementor-spacer-inner{height:var(--spacer-size)}.e-con{--container-widget-width:100%}.e-con-inner>.elementor-widget-spacer,.e-con>.elementor-widget-spacer{width:var(--container-widget-width,var(--spacer-size));--align-self:var(--container-widget-align-self,initial);--flex-shrink:0}.e-con-inner>.elementor-widget-spacer>.elementor-widget-container,.e-con-inner>.elementor-widget-spacer>.elementor-widget-container>.elementor-spacer,.e-con>.elementor-widget-spacer>.elementor-widget-container,.e-con>.elementor-widget-spacer>.elementor-widget-container>.elementor-spacer{height:100%}.e-con-inner>.elementor-widget-spacer>.elementor-widget-container>.elementor-spacer>.elementor-spacer-inner,.e-con>.elementor-widget-spacer>.elementor-widget-container>.elementor-spacer>.elementor-spacer-inner{height:var(--container-widget-height,var(--spacer-size))}<\/style>\t\t<div class=\"elementor-spacer\">\n\t\t\t<div class=\"elementor-spacer-inner\"><\/div>\n\t\t<\/div>\n\t\t\t\t<\/div>\n\t\t\t\t<\/div>\n\t\t\t\t\t\t<\/div>\n\t\t\t\t\t<\/div>\n\t\t<\/div>\n\t\t\t\t\t\t\t\t<\/div>\n\t\t\t\t\t<\/div>\n\t\t<\/section>\n\t\t\t\t<section class=\"elementor-section elementor-top-section elementor-element elementor-element-4a17b9b elementor-section-boxed elementor-section-height-default elementor-section-height-default\" data-id=\"4a17b9b\" data-element_type=\"section\">\n\t\t\t\t\t\t<div class=\"elementor-container elementor-column-gap-default\">\n\t\t\t\t\t\t\t<div class=\"elementor-row\">\n\t\t\t\t\t<div class=\"elementor-column elementor-col-100 elementor-top-column elementor-element elementor-element-4f03d29\" data-id=\"4f03d29\" data-element_type=\"column\">\n\t\t\t<div class=\"elementor-column-wrap elementor-element-populated\">\n\t\t\t\t\t\t\t<div class=\"elementor-widget-wrap\">\n\t\t\t\t\t\t<div class=\"elementor-element elementor-element-d097f65 elementor-widget elementor-widget-heading\" data-id=\"d097f65\" data-element_type=\"widget\" data-widget_type=\"heading.default\">\n\t\t\t\t<div class=\"elementor-widget-container\">\n\t\t\t<style>\/*! elementor - v3.12.2 - 23-04-2023 *\/\n.elementor-heading-title{padding:0;margin:0;line-height:1}.elementor-widget-heading .elementor-heading-title[class*=elementor-size-]>a{color:inherit;font-size:inherit;line-height:inherit}.elementor-widget-heading .elementor-heading-title.elementor-size-small{font-size:15px}.elementor-widget-heading .elementor-heading-title.elementor-size-medium{font-size:19px}.elementor-widget-heading .elementor-heading-title.elementor-size-large{font-size:29px}.elementor-widget-heading .elementor-heading-title.elementor-size-xl{font-size:39px}.elementor-widget-heading .elementor-heading-title.elementor-size-xxl{font-size:59px}<\/style><h2 class=\"elementor-heading-title elementor-size-default\">\u041e\u0431\u0449\u0438\u0439 \u0420\u0435\u0433\u043b\u0430\u043c\u0435\u043d\u0442 \u0417\u0430\u0449\u0438\u0442\u044b \u041f\u0435\u0440\u0441\u043e\u043d\u0430\u043b\u044c\u043d\u044b\u0445 \u0414\u0430\u043d\u043d\u044b\u0445 \u0415\u0432\u0440\u043e\u043f\u0435\u0439\u0441\u043a\u043e\u0433\u043e \u0421\u043e\u044e\u0437\u0430 \"GDPR\"<\/h2>\t\t<\/div>\n\t\t\t\t<\/div>\n\t\t\t\t<div class=\"elementor-element elementor-element-f80fbe1 elementor-widget elementor-widget-spacer\" data-id=\"f80fbe1\" data-element_type=\"widget\" data-widget_type=\"spacer.default\">\n\t\t\t\t<div class=\"elementor-widget-container\">\n\t\t\t\t\t<div class=\"elementor-spacer\">\n\t\t\t<div class=\"elementor-spacer-inner\"><\/div>\n\t\t<\/div>\n\t\t\t\t<\/div>\n\t\t\t\t<\/div>\n\t\t\t\t<div class=\"elementor-element elementor-element-d393510 elementor-widget elementor-widget-text-editor\" data-id=\"d393510\" data-element_type=\"widget\" data-widget_type=\"text-editor.default\">\n\t\t\t\t<div class=\"elementor-widget-container\">\n\t\t\t<style>\/*! elementor - v3.12.2 - 23-04-2023 *\/\n.elementor-widget-text-editor.elementor-drop-cap-view-stacked .elementor-drop-cap{background-color:#69727d;color:#fff}.elementor-widget-text-editor.elementor-drop-cap-view-framed .elementor-drop-cap{color:#69727d;border:3px solid;background-color:transparent}.elementor-widget-text-editor:not(.elementor-drop-cap-view-default) .elementor-drop-cap{margin-top:8px}.elementor-widget-text-editor:not(.elementor-drop-cap-view-default) .elementor-drop-cap-letter{width:1em;height:1em}.elementor-widget-text-editor .elementor-drop-cap{float:left;text-align:center;line-height:1;font-size:50px}.elementor-widget-text-editor .elementor-drop-cap-letter{display:inline-block}<\/style>\t\t\t\t\t<div class=\"elementor-text-editor elementor-clearfix\">\n\t\t\t\t<p>Cu siguran\u021b\u0103 a-\u021bi auzit despre Regulament General privind Protec\u021bia Datelor a Uniunii Europene (&#8220;RGPD&#8221;), care a intrat \u00een vigoare pe 25 Mai 2018.<\/p><p>\u041c\u044b \u043f\u0440\u0438\u0437\u044b\u0432\u0430\u0435\u043c \u0432\u0430\u0441 \u043f\u043e\u043c\u043e\u0447\u044c \u043d\u0430\u043c \u0432 \u0441\u043e\u043e\u0442\u0432\u0435\u0442\u0441\u0442\u0432\u0438\u0438 \u0441 GDPR \u0442\u0435\u043c, \u0447\u0442\u043e \u0432\u044b \u043e\u0437\u043d\u0430\u043a\u043e\u043c\u0438\u043b\u0438\u0441\u044c \u0441 \u041f\u043e\u043b\u0438\u0442\u0438\u043a\u043e\u0439 \u041a\u043e\u043d\u0444\u0438\u0434\u0435\u043d\u0446\u0438\u0430\u043b\u044c\u043d\u043e\u0441\u0442\u0438 \u0438 \u041e\u0431\u0440\u0430\u0431\u043e\u0442\u043a\u043e\u0439 \u043f\u0435\u0440\u0441\u043e\u043d\u0430\u043b\u044c\u043d\u044b\u0445 \u0434\u0430\u043d\u043d\u044b\u0445 \u0441\u0430\u0439\u0442\u0430 www.toreco.md.<\/p><p>\u0412 \u0446\u0435\u043b\u043e\u043c, \u043c\u044b \u0441\u043e\u0431\u0438\u0440\u0430\u0435\u043c \u0432\u0430\u0448\u0438 \u043f\u0435\u0440\u0441\u043e\u043d\u0430\u043b\u044c\u043d\u044b\u0435 \u0434\u0430\u043d\u043d\u044b\u0435 \u043d\u0435\u043f\u043e\u0441\u0440\u0435\u0434\u0441\u0442\u0432\u0435\u043d\u043d\u043e \u043e\u0442 \u0432\u0430\u0441 (\u0435\u0441\u043b\u0438 \u0432\u044b \u044f\u0432\u043b\u044f\u0435\u0442\u0435\u0441\u044c \u043a\u043b\u0438\u0435\u043d\u0442\u043e\u043c TORECO) \u0438\u043b\u0438 \u0447\u0435\u0440\u0435\u0437 \u043f\u043e\u0438\u0441\u043a\u043e\u0432\u0443\u044e \u0441\u0438\u0441\u0442\u0435\u043c\u0443 \u043a\u043e\u043c\u043f\u0430\u043d\u0438\u0439 \u0432 \u0420\u0435\u0441\u043f\u0443\u0431\u043b\u0438\u043a\u0435 \u041c\u043e\u043b\u0434\u043e\u0432\u0430 yp.md (VaroInform) \u0438 idno.md, \u0442\u0430\u043a\u0438\u043c \u043e\u0431\u0440\u0430\u0437\u043e\u043c, \u0432\u044b \u043c\u043e\u0436\u0435\u0442\u0435 \u043a\u043e\u043d\u0442\u0440\u043e\u043b\u0438\u0440\u043e\u0432\u0430\u0442\u044c \u0442\u0438\u043f \u0438\u043d\u0444\u043e\u0440\u043c\u0430\u0446\u0438\u0438, \u043a\u043e\u0442\u043e\u0440\u0443\u044e \u0432\u044b \u043f\u0440\u0435\u0434\u043e\u0441\u0442\u0430\u0432\u0438\u043b\u0438 \u0438\u043b\u0438 \u0437\u0430\u0440\u0435\u0433\u0438\u0441\u0442\u0440\u0438\u0440\u043e\u0432\u0430\u043b\u0438 \u0434\u043e\u0431\u0440\u043e\u0432\u043e\u043b\u044c\u043d\u043e.<\/p><p>\u0414\u043b\u044f \u043d\u0430\u0441 \u0432\u0430\u0436\u043d\u043e \u0438\u043d\u0444\u043e\u0440\u043c\u0438\u0440\u043e\u0432\u0430\u0442\u044c \u0412\u0430\u0441 \u043e \u0442\u043e\u043c, \u0447\u0442\u043e \u043c\u044b \u043e\u0442\u043d\u043e\u0441\u0438\u043c\u0441\u044f \u0441 \u0434\u043e\u043b\u0436\u043d\u044b\u043c \u0443\u0432\u0430\u0436\u0435\u043d\u0438\u0435\u043c \u043a \u043f\u0440\u0435\u0434\u043e\u0441\u0442\u0430\u0432\u043b\u0435\u043d\u043d\u044b\u043c \u0432\u0430\u043c\u0438 \u0434\u0430\u043d\u043d\u044b\u043c \u0438 \u0434\u0435\u0439\u0441\u0442\u0432\u0443\u044e\u0449\u0435\u043c\u0443 \u0420\u0435\u0433\u043b\u0430\u043c\u0435\u043d\u0442\u0443.<\/p>\t\t\t\t\t<\/div>\n\t\t\t\t\t\t<\/div>\n\t\t\t\t<\/div>\n\t\t\t\t<div class=\"elementor-element elementor-element-588123e elementor-widget elementor-widget-spacer\" data-id=\"588123e\" data-element_type=\"widget\" data-widget_type=\"spacer.default\">\n\t\t\t\t<div class=\"elementor-widget-container\">\n\t\t\t\t\t<div class=\"elementor-spacer\">\n\t\t\t<div class=\"elementor-spacer-inner\"><\/div>\n\t\t<\/div>\n\t\t\t\t<\/div>\n\t\t\t\t<\/div>\n\t\t\t\t\t\t<\/div>\n\t\t\t\t\t<\/div>\n\t\t<\/div>\n\t\t\t\t\t\t\t\t<\/div>\n\t\t\t\t\t<\/div>\n\t\t<\/section>\n\t\t\t\t\t\t\t\t\t<\/div>\n\t\t\t<\/div>\n\t\t\t\t\t<\/div>","protected":false},"excerpt":{"rendered":"<p>Regulament General privind Protec\u021bia Datelor a Uniunii Europene &#8220;RGPD&#8221; Cu siguran\u021b\u0103 a-\u021bi auzit despre Regulament General privind Protec\u021bia Datelor a Uniunii Europene (&#8220;RGPD&#8221;), care a intrat \u00een vigoare pe 25 Mai 2018. V\u0103 \u00eendemn\u0103m s\u0103 ne ajuta\u021bi pentru a ne conforma cu RGPD prin factul ca ati luat cunostinta cu Politica de confidentialitate \u0219i Prelucrarea [&hellip;]<\/p>","protected":false},"author":2,"featured_media":0,"parent":0,"menu_order":0,"comment_status":"closed","ping_status":"closed","template":"","meta":{"footnotes":""},"class_list":["post-7855","page","type-page","status-publish","hentry"],"_links":{"self":[{"href":"https:\/\/toreco.md\/ru\/wp-json\/wp\/v2\/pages\/7855","targetHints":{"allow":["GET"]}}],"collection":[{"href":"https:\/\/toreco.md\/ru\/wp-json\/wp\/v2\/pages"}],"about":[{"href":"https:\/\/toreco.md\/ru\/wp-json\/wp\/v2\/types\/page"}],"author":[{"embeddable":true,"href":"https:\/\/toreco.md\/ru\/wp-json\/wp\/v2\/users\/2"}],"replies":[{"embeddable":true,"href":"https:\/\/toreco.md\/ru\/wp-json\/wp\/v2\/comments?post=7855"}],"version-history":[{"count":0,"href":"https:\/\/toreco.md\/ru\/wp-json\/wp\/v2\/pages\/7855\/revisions"}],"wp:attachment":[{"href":"https:\/\/toreco.md\/ru\/wp-json\/wp\/v2\/media?parent=7855"}],"curies":[{"name":"wp","href":"https:\/\/api.w.org\/{rel}","templated":true}]}}