{"id":6133,"date":"2021-06-17T15:36:14","date_gmt":"2021-06-17T12:36:14","guid":{"rendered":"https:\/\/toreco.md\/?page_id=6133"},"modified":"2023-06-20T15:26:46","modified_gmt":"2023-06-20T12:26:46","slug":"ebooks","status":"publish","type":"page","link":"https:\/\/toreco.md\/ru\/ebooks\/","title":{"rendered":"Toreco eBooks"},"content":{"rendered":"<div data-elementor-type=\"wp-page\" data-elementor-id=\"6133\" class=\"elementor elementor-6133\">\n\t\t\t\t\t\t<div class=\"elementor-inner\">\n\t\t\t\t<div class=\"elementor-section-wrap\">\n\t\t\t\t\t\t\t\t\t<section class=\"elementor-section elementor-top-section elementor-element elementor-element-abf5aae elementor-section-boxed elementor-section-height-default elementor-section-height-default\" data-id=\"abf5aae\" data-element_type=\"section\">\n\t\t\t\t\t\t<div class=\"elementor-container elementor-column-gap-no\">\n\t\t\t\t\t\t\t<div class=\"elementor-row\">\n\t\t\t\t\t<div class=\"elementor-column elementor-col-100 elementor-top-column elementor-element elementor-element-fe2af76\" data-id=\"fe2af76\" data-element_type=\"column\">\n\t\t\t<div class=\"elementor-column-wrap elementor-element-populated\">\n\t\t\t\t\t\t\t<div class=\"elementor-widget-wrap\">\n\t\t\t\t\t\t<div class=\"elementor-element elementor-element-8e3c864 elementor-widget elementor-widget-heading\" data-id=\"8e3c864\" data-element_type=\"widget\" data-widget_type=\"heading.default\">\n\t\t\t\t<div class=\"elementor-widget-container\">\n\t\t\t<style>\/*! elementor - v3.12.2 - 23-04-2023 *\/\n.elementor-heading-title{padding:0;margin:0;line-height:1}.elementor-widget-heading .elementor-heading-title[class*=elementor-size-]>a{color:inherit;font-size:inherit;line-height:inherit}.elementor-widget-heading .elementor-heading-title.elementor-size-small{font-size:15px}.elementor-widget-heading .elementor-heading-title.elementor-size-medium{font-size:19px}.elementor-widget-heading .elementor-heading-title.elementor-size-large{font-size:29px}.elementor-widget-heading .elementor-heading-title.elementor-size-xl{font-size:39px}.elementor-widget-heading .elementor-heading-title.elementor-size-xxl{font-size:59px}<\/style><h2 class=\"elementor-heading-title elementor-size-default\">eBooks<\/h2>\t\t<\/div>\n\t\t\t\t<\/div>\n\t\t\t\t<div class=\"elementor-element elementor-element-4c865ba elementor-widget elementor-widget-jet-listing-dynamic-repeater\" data-id=\"4c865ba\" data-element_type=\"widget\" data-widget_type=\"jet-listing-dynamic-repeater.default\">\n\t\t\t\t<div class=\"elementor-widget-container\">\n\t\t\t<div class=\"jet-listing jet-listing-dynamic-repeater\"><div class=\"jet-listing-dynamic-repeater__items\"><div class=\"ebooks\"><div class=\"jet-listing-dynamic-repeater__item\"><div class=\"ebook-wrapper\">\n  <div class=\"ebook\"> \n    <img decoding=\"async\" src=\"https:\/\/toreco.md\/wp-content\/uploads\/2023\/06\/Zona-receptie-toreco.jpg\" alt=\"e-Catalog: Zona Intrare, recep\u021bie - clien\u021bi \u0219i oaspe\u021bi\">\n    <h3>e-Catalog: Zona Intrare, recep\u021bie - clien\u021bi \u0219i oaspe\u021bi<\/h3>\n    <a href=\"https:\/\/toreco.md\/wp-content\/uploads\/2023\/06\/e-Catalog-Receptie.pdf\" target=\"_blank\" class=\"descarca\">\n      <img decoding=\"async\" src=\"\/wp-content\/uploads\/2021\/05\/file.svg\">\n      <div>\u0421\u043a\u0430\u0447\u0430\u0442\u044c<\/div>\n    <\/a>\n  <\/div>\n<\/div><\/div><div class=\"jet-listing-dynamic-repeater__item\"><div class=\"ebook-wrapper\">\n  <div class=\"ebook\"> \n    <img decoding=\"async\" src=\"https:\/\/toreco.md\/wp-content\/uploads\/2023\/06\/Zona-birouri-oficii-toreco-1.jpg\" alt=\"e-Catalog: Zona Oficii \u0219i birouri\">\n    <h3>e-Catalog: Zona Oficii \u0219i birouri<\/h3>\n    <a href=\"https:\/\/toreco.md\/wp-content\/uploads\/2023\/06\/e-Catalog-Birou-Oficii.pdf\" target=\"_blank\" class=\"descarca\">\n      <img decoding=\"async\" src=\"\/wp-content\/uploads\/2021\/05\/file.svg\">\n      <div>\u0421\u043a\u0430\u0447\u0430\u0442\u044c<\/div>\n    <\/a>\n  <\/div>\n<\/div><\/div><div class=\"jet-listing-dynamic-repeater__item\"><div class=\"ebook-wrapper\">\n  <div class=\"ebook\"> \n    <img decoding=\"async\" src=\"https:\/\/toreco.md\/wp-content\/uploads\/2023\/06\/Zona-curatenie-generala-toreco-1.jpg\" alt=\"e-Catalog: Zona Cur\u0103\u021benie general\u0103 \u0219i de \u00eentre\u021binere\">\n    <h3>e-Catalog: Zona Cur\u0103\u021benie general\u0103 \u0219i de \u00eentre\u021binere<\/h3>\n    <a href=\"https:\/\/toreco.md\/wp-content\/uploads\/2023\/06\/e-Catalog-Curatenie-igienizare-intretinere-1.pdf\" target=\"_blank\" class=\"descarca\">\n      <img decoding=\"async\" src=\"\/wp-content\/uploads\/2021\/05\/file.svg\">\n      <div>\u0421\u043a\u0430\u0447\u0430\u0442\u044c<\/div>\n    <\/a>\n  <\/div>\n<\/div><\/div><div class=\"jet-listing-dynamic-repeater__item\"><div class=\"ebook-wrapper\">\n  <div class=\"ebook\"> \n    <img decoding=\"async\" src=\"https:\/\/toreco.md\/wp-content\/uploads\/2023\/06\/Zona-bucatarie-zona-mesei-cantina-toreco.jpg\" alt=\"e-Catalog: Zona Buc\u0103t\u0103rie, cantin\u0103, zona mesei\">\n    <h3>e-Catalog: Zona Buc\u0103t\u0103rie, cantin\u0103, zona mesei<\/h3>\n    <a href=\"https:\/\/toreco.md\/wp-content\/uploads\/2023\/06\/e-Catalog-Bucatarie-cantina-zona-mesei.pdf\" target=\"_blank\" class=\"descarca\">\n      <img decoding=\"async\" src=\"\/wp-content\/uploads\/2021\/05\/file.svg\">\n      <div>\u0421\u043a\u0430\u0447\u0430\u0442\u044c<\/div>\n    <\/a>\n  <\/div>\n<\/div><\/div><div class=\"jet-listing-dynamic-repeater__item\"><div class=\"ebook-wrapper\">\n  <div class=\"ebook\"> \n    <img decoding=\"async\" src=\"https:\/\/toreco.md\/wp-content\/uploads\/2023\/06\/Zona-camera-de-baie-wc-veceu-toreco.jpg\" alt=\"e-Catalog: Zona Camera de baie, WC\">\n    <h3>e-Catalog: Zona Camera de baie, WC<\/h3>\n    <a href=\"https:\/\/toreco.md\/wp-content\/uploads\/2023\/06\/e-Catalog-Camera-de-baie-WC-veceu.pdf\" target=\"_blank\" class=\"descarca\">\n      <img decoding=\"async\" src=\"\/wp-content\/uploads\/2021\/05\/file.svg\">\n      <div>\u0421\u043a\u0430\u0447\u0430\u0442\u044c<\/div>\n    <\/a>\n  <\/div>\n<\/div><\/div><div class=\"jet-listing-dynamic-repeater__item\"><div class=\"ebook-wrapper\">\n  <div class=\"ebook\"> \n    <img decoding=\"async\" src=\"https:\/\/toreco.md\/wp-content\/uploads\/2023\/06\/zona-managementul-deseurilor-tomberoane-toreco.jpg\" alt=\"Managementul deseurilor - tomberoane, containere, cosuri colectare selectiva\">\n    <h3>Managementul deseurilor - tomberoane, containere, cosuri colectare selectiva<\/h3>\n    <a href=\"https:\/\/toreco.md\/wp-content\/uploads\/2023\/06\/e-Catalog-Tomberoane-Cosuri-gunoi-1.pdf\" target=\"_blank\" class=\"descarca\">\n      <img decoding=\"async\" src=\"\/wp-content\/uploads\/2021\/05\/file.svg\">\n      <div>\u0421\u043a\u0430\u0447\u0430\u0442\u044c<\/div>\n    <\/a>\n  <\/div>\n<\/div><\/div><div class=\"jet-listing-dynamic-repeater__item\"><div class=\"ebook-wrapper\">\n  <div class=\"ebook\"> \n    <img decoding=\"async\" src=\"https:\/\/toreco.md\/wp-content\/uploads\/2022\/02\/codul-culorilor-curatenie-toreco.jpg\" alt=\"Codul culorilor in curatenie\">\n    <h3>Codul culorilor in curatenie<\/h3>\n    <a href=\"https:\/\/toreco.md\/wp-content\/uploads\/2022\/02\/codul-culorilor-in-curatenie-toreco.pdf\" target=\"_blank\" class=\"descarca\">\n      <img decoding=\"async\" src=\"\/wp-content\/uploads\/2021\/05\/file.svg\">\n      <div>\u0421\u043a\u0430\u0447\u0430\u0442\u044c<\/div>\n    <\/a>\n  <\/div>\n<\/div><\/div><div class=\"jet-listing-dynamic-repeater__item\"><div class=\"ebook-wrapper\">\n  <div class=\"ebook\"> \n    <img decoding=\"async\" src=\"https:\/\/toreco.md\/wp-content\/uploads\/2022\/02\/checklist-camera-de-baie-veceu-public.jpg\" alt=\"CheckList pentru camera de baie\">\n    <h3>CheckList pentru camera de baie<\/h3>\n    <a href=\"https:\/\/toreco.md\/wp-content\/uploads\/2022\/02\/checklist-camera-de-baie-toreco.pdf\" target=\"_blank\" class=\"descarca\">\n      <img decoding=\"async\" src=\"\/wp-content\/uploads\/2021\/05\/file.svg\">\n      <div>\u0421\u043a\u0430\u0447\u0430\u0442\u044c<\/div>\n    <\/a>\n  <\/div>\n<\/div><\/div><div class=\"jet-listing-dynamic-repeater__item\"><div class=\"ebook-wrapper\">\n  <div class=\"ebook\"> \n    <img decoding=\"async\" src=\"https:\/\/toreco.md\/wp-content\/uploads\/2021\/06\/Urne-stradale.jpg\" alt=\"Urne Stradale\">\n    <h3>Urne Stradale<\/h3>\n    <a href=\"https:\/\/toreco.md\/wp-content\/uploads\/2021\/08\/Urne_stradale.pdf\" target=\"_blank\" class=\"descarca\">\n      <img decoding=\"async\" src=\"\/wp-content\/uploads\/2021\/05\/file.svg\">\n      <div>\u0421\u043a\u0430\u0447\u0430\u0442\u044c<\/div>\n    <\/a>\n  <\/div>\n<\/div><\/div><div class=\"jet-listing-dynamic-repeater__item\"><div class=\"ebook-wrapper\">\n  <div class=\"ebook\"> \n    <img decoding=\"async\" src=\"https:\/\/toreco.md\/wp-content\/uploads\/2021\/06\/rampa-dacia-dokker-03-03.jpg\" alt=\"\u0420\u0430\u043c\u043f\u044b \u0434\u043b\u044f Dacia Dokker 2012\">\n    <h3>\u0420\u0430\u043c\u043f\u044b \u0434\u043b\u044f Dacia Dokker 2012<\/h3>\n    <a href=\"https:\/\/toreco.md\/wp-content\/uploads\/2021\/06\/Rampa-dacia-dokker.pdf\" target=\"_blank\" class=\"descarca\">\n      <img decoding=\"async\" src=\"\/wp-content\/uploads\/2021\/05\/file.svg\">\n      <div>\u0421\u043a\u0430\u0447\u0430\u0442\u044c<\/div>\n    <\/a>\n  <\/div>\n<\/div><\/div><\/div><\/div><\/div>\t\t<\/div>\n\t\t\t\t<\/div>\n\t\t\t\t\t\t<\/div>\n\t\t\t\t\t<\/div>\n\t\t<\/div>\n\t\t\t\t\t\t\t\t<\/div>\n\t\t\t\t\t<\/div>\n\t\t<\/section>\n\t\t\t\t\t\t\t\t\t<\/div>\n\t\t\t<\/div>\n\t\t\t\t\t<\/div>","protected":false},"excerpt":{"rendered":"<p>eBooks<\/p>","protected":false},"author":1,"featured_media":12544,"parent":0,"menu_order":0,"comment_status":"closed","ping_status":"closed","template":"","meta":{"footnotes":""},"class_list":["post-6133","page","type-page","status-publish","has-post-thumbnail","hentry"],"_links":{"self":[{"href":"https:\/\/toreco.md\/ru\/wp-json\/wp\/v2\/pages\/6133","targetHints":{"allow":["GET"]}}],"collection":[{"href":"https:\/\/toreco.md\/ru\/wp-json\/wp\/v2\/pages"}],"about":[{"href":"https:\/\/toreco.md\/ru\/wp-json\/wp\/v2\/types\/page"}],"author":[{"embeddable":true,"href":"https:\/\/toreco.md\/ru\/wp-json\/wp\/v2\/users\/1"}],"replies":[{"embeddable":true,"href":"https:\/\/toreco.md\/ru\/wp-json\/wp\/v2\/comments?post=6133"}],"version-history":[{"count":1,"href":"https:\/\/toreco.md\/ru\/wp-json\/wp\/v2\/pages\/6133\/revisions"}],"predecessor-version":[{"id":12509,"href":"https:\/\/toreco.md\/ru\/wp-json\/wp\/v2\/pages\/6133\/revisions\/12509"}],"wp:featuredmedia":[{"embeddable":true,"href":"https:\/\/toreco.md\/ru\/wp-json\/wp\/v2\/media\/12544"}],"wp:attachment":[{"href":"https:\/\/toreco.md\/ru\/wp-json\/wp\/v2\/media?parent=6133"}],"curies":[{"name":"wp","href":"https:\/\/api.w.org\/{rel}","templated":true}]}}