{"id":9949,"date":"2022-04-04T12:17:17","date_gmt":"2022-04-04T09:17:17","guid":{"rendered":"https:\/\/toreco.md\/?post_type=product&#038;p=9949"},"modified":"2025-06-09T12:31:09","modified_gmt":"2025-06-09T09:31:09","slug":"lavete-material-netesut-biobased-w8-albe","status":"publish","type":"product","link":"https:\/\/toreco.md\/en\/product\/dupa-tip\/consumabile-igiena\/lavete-si-bureti\/lavete-material-netesut-biobased-w8-albe\/","title":{"rendered":"Multipurpose Cleaning Cloth, Biobased W8, White, Tork"},"content":{"rendered":"<p>Gestiona\u021bi cu u\u0219urin\u021b\u0103 at\u00e2t sarcinile de cur\u0103\u021bare u\u0219oare, c\u00e2t \u0219i cele grele cu aceste lavete de cur\u0103\u021bare. Datorit\u0103 designului lor extrem de durabil, pot fi folosite mai mult timp, reduc\u00e2nd costurile \u0219i consumul. \u00cen plus, distribuie bucat\u0103 cu bucat\u0103 pentru a reduce de\u0219eurile, astfel utilizatorii iau doar ceea ce au nevoie. Aceste lavete de cur\u0103\u021bare sunt 99% bio, \u00een timp ce ambalajul este fabricat din materiale reciclate. Produs certificat T\u00dcV Austria, OK Biobased. \u00cembun\u0103t\u0103\u021bi\u021bi sustenabilitatea opera\u021biunii dvs. &#8211; acest produs este 99% bio. Gestiona\u021bi cu u\u0219urin\u021b\u0103 scurgerile de ulei, gr\u0103sime \u0219i ap\u0103 folosind aceste lavete de cur\u0103\u021bare de unic\u0103 folosin\u021b\u0103 multifunc\u021bionale. \u00cembun\u0103t\u0103\u021bi\u021bi caracterul sustenabil al activit\u0103\u021bii dumneavoastr\u0103- acest ambalaj al produsului este realizat din fibre reciclate 100% \u0219i cel pu\u021bin 30% din plastic reciclat.<\/p>\n<p>System W8 &#8211; Wipers small pack<br \/>\nUnfolded length: 38.5 cm<br \/>\nUnfolded width: 31.5 cm<br \/>\nPly: 1<br \/>\nColor: Blue<br \/>\nPieces: 50<\/p>","protected":false},"excerpt":{"rendered":"<p>These cleaning cloths are 99% biobased, while the packaging is made from recycled materials. T\u00dcV Austria, OK Biobased certified product.<\/p>","protected":false},"featured_media":9950,"comment_status":"closed","ping_status":"closed","template":"","meta":[],"product_cat":[96,45,34,42,44,43,40,41,46,95,47],"product_tag":[184],"class_list":["post-9949","product","type-product","status-publish","has-post-thumbnail","hentry","product_cat-lavete-si-bureti","product_cat-industria-auto","product_cat-hotel","product_cat-industria-de-producere-si-prelucrare","product_cat-institutii-de-invatamint","product_cat-medicina","product_cat-restaurant-si-bucatarie","product_cat-servicii-de-curatenie","product_cat-sport-si-fitness","product_cat-consumabile-igiena","product_cat-prosoape-hartie","product_tag-laveta","pa_brand-tork"],"_links":{"self":[{"href":"https:\/\/toreco.md\/en\/wp-json\/wp\/v2\/product\/9949","targetHints":{"allow":["GET"]}}],"collection":[{"href":"https:\/\/toreco.md\/en\/wp-json\/wp\/v2\/product"}],"about":[{"href":"https:\/\/toreco.md\/en\/wp-json\/wp\/v2\/types\/product"}],"replies":[{"embeddable":true,"href":"https:\/\/toreco.md\/en\/wp-json\/wp\/v2\/comments?post=9949"}],"wp:featuredmedia":[{"embeddable":true,"href":"https:\/\/toreco.md\/en\/wp-json\/wp\/v2\/media\/9950"}],"wp:attachment":[{"href":"https:\/\/toreco.md\/en\/wp-json\/wp\/v2\/media?parent=9949"}],"wp:term":[{"taxonomy":"product_cat","embeddable":true,"href":"https:\/\/toreco.md\/en\/wp-json\/wp\/v2\/product_cat?post=9949"},{"taxonomy":"product_tag","embeddable":true,"href":"https:\/\/toreco.md\/en\/wp-json\/wp\/v2\/product_tag?post=9949"}],"curies":[{"name":"wp","href":"https:\/\/api.w.org\/{rel}","templated":true}]}}