{"id":9943,"date":"2022-04-04T12:08:33","date_gmt":"2022-04-04T09:08:33","guid":{"rendered":"https:\/\/toreco.md\/?post_type=product&#038;p=9943"},"modified":"2025-01-21T10:35:20","modified_gmt":"2025-01-21T08:35:20","slug":"lavete-material-netesut-heavy-duty-w7-albastre","status":"publish","type":"product","link":"https:\/\/toreco.md\/en\/product\/dupa-tip\/consumabile-igiena\/lavete-si-bureti\/lavete-material-netesut-heavy-duty-w7-albastre\/","title":{"rendered":"Multipurpose Cleaning Cloth, Heavy-Duty W7, Blue, Tork"},"content":{"rendered":"<p>Gestiona\u021bi ferm murd\u0103ria \u0219i face\u021bi spa\u021biile greu accesibile s\u0103 sclipeasc\u0103 cu ajutorul lavetei noastre pentru cur\u0103\u021bare Tork ultra-rezistente. Aceast\u0103 lavet\u0103 pentru cur\u0103\u021bare de unic\u0103 folosin\u021b\u0103 este rezistent\u0103 \u0219i suficient de absorbant\u0103 pentru gestionarea lichidelor, uleiului \u0219i a gr\u0103simii. Poate fi utilizat\u0103 cu majoritatea solven\u021bilor pentru o u\u0219urin\u021b\u0103 sporit\u0103 la efectuarea sarcinilor, \u00een timp ce asist\u0103 mediul \u00eenconjur\u0103tor \u0219i personalul medical datorit\u0103 materialului exelCLEAN \u2013 acesta utilizeaz\u0103 cu 41% mai pu\u021bin solven\u021bi dec\u00e2t c\u00e2rpele obi\u0219nuite. \u00cen plus, am redus nivelul de emisii de CO2 pentru Tork exelCLEAN cu 28%, \u00eenc\u0103 din 2011*. Echipa dumneavoastr\u0103 va aprecia, de asemenea, timpul economisit cu ajutorul cutiei compacte \u0219i portabile Tork. Reduce\u021bi \u0219i risipa cu ajutorul doz\u0103rii bucat\u0103 cu bucat\u0103. *(Evaluarea ciclului de via\u021b\u0103) LCA realizat de Essity \u0219i IVL Svenska Milj\u00f6institutet \u00een aprilie 2021. Accesa\u021bi rapid \u0219i cu u\u0219urin\u021b\u0103 lavetele pentru cur\u0103\u021bare \u0219i economisi\u021bi timp, deoarece deschiderea mare a cutiei portabile Tork faciliteaz\u0103 acest lucru. Optimiza\u021bi consumul \u0219i minimiza\u021bi de\u0219eurile de lavete pentru cur\u0103\u021bare cu ajutorul doz\u0103rii bucat\u0103 cu bucat\u0103. Deschiderea larg\u0103 a cutiei portabile \u00eenseamn\u0103 o accesibilitate rapid\u0103 pentru lavete, chiar \u0219i c\u00e2nd purta\u021bi m\u0103nu\u0219i. \u00cembun\u0103t\u0103\u021bi\u021bi caracterul sustenabil al activit\u0103\u021bii dumneavoastr\u0103 &#8211; ambalajul acestui produs con\u021bine 100% fibre reciclate.<\/p>\n<p>System W7 &#8211; Handy box system<br \/>\nUnfolded length: 61.5 cm<br \/>\nUnfolded width: 35.5 cm<br \/>\nPly: 1<br \/>\nColor: Blue<br \/>\nPieces: 120<\/p>","protected":false},"excerpt":{"rendered":"<p>These disposable cleaning cloths come with a Tork Handy Box, which improves efficiency as it's quick to open, light to carry and simple to dispose of. The packaging's 100%-recycled fibres boost your sustainable reputation, while the one-at-a-time dispensing feature works to control consumption.<\/p>","protected":false},"featured_media":9944,"comment_status":"closed","ping_status":"closed","template":"","meta":[],"product_cat":[96,45,34,42,44,43,40,41,46,95,47],"product_tag":[184],"class_list":["post-9943","product","type-product","status-publish","has-post-thumbnail","hentry","product_cat-lavete-si-bureti","product_cat-industria-auto","product_cat-hotel","product_cat-industria-de-producere-si-prelucrare","product_cat-institutii-de-invatamint","product_cat-medicina","product_cat-restaurant-si-bucatarie","product_cat-servicii-de-curatenie","product_cat-sport-si-fitness","product_cat-consumabile-igiena","product_cat-prosoape-hartie","product_tag-laveta","pa_brand-tork"],"_links":{"self":[{"href":"https:\/\/toreco.md\/en\/wp-json\/wp\/v2\/product\/9943","targetHints":{"allow":["GET"]}}],"collection":[{"href":"https:\/\/toreco.md\/en\/wp-json\/wp\/v2\/product"}],"about":[{"href":"https:\/\/toreco.md\/en\/wp-json\/wp\/v2\/types\/product"}],"replies":[{"embeddable":true,"href":"https:\/\/toreco.md\/en\/wp-json\/wp\/v2\/comments?post=9943"}],"wp:featuredmedia":[{"embeddable":true,"href":"https:\/\/toreco.md\/en\/wp-json\/wp\/v2\/media\/9944"}],"wp:attachment":[{"href":"https:\/\/toreco.md\/en\/wp-json\/wp\/v2\/media?parent=9943"}],"wp:term":[{"taxonomy":"product_cat","embeddable":true,"href":"https:\/\/toreco.md\/en\/wp-json\/wp\/v2\/product_cat?post=9943"},{"taxonomy":"product_tag","embeddable":true,"href":"https:\/\/toreco.md\/en\/wp-json\/wp\/v2\/product_tag?post=9943"}],"curies":[{"name":"wp","href":"https:\/\/api.w.org\/{rel}","templated":true}]}}