{"id":9939,"date":"2022-04-04T11:55:29","date_gmt":"2022-04-04T08:55:29","guid":{"rendered":"https:\/\/toreco.md\/?post_type=product&#038;p=9939"},"modified":"2025-01-21T10:35:51","modified_gmt":"2025-01-21T08:35:51","slug":"lavete-material-netesut-heavy-duty-w7-albe","status":"publish","type":"product","link":"https:\/\/toreco.md\/en\/product\/dupa-tip\/consumabile-igiena\/lavete-si-bureti\/lavete-material-netesut-heavy-duty-w7-albe\/","title":{"rendered":"Multipurpose Cleaning Cloth, Heavy-Duty W7, white, Tork"},"content":{"rendered":"<p>Sarcinile grele necesit\u0103 o lavet\u0103 de cur\u0103\u021bare rezistent\u0103 \u0219i absorbant\u0103. Laveta noastr\u0103 de cur\u0103\u021bare Tork Heavy-Duty, cu 1 strat, se potrive\u0219te \u0219i poate fi folosit\u0103 cu majoritatea solven\u021bilor pentru a combate rapid scurgerile de ulei, gr\u0103sime \u0219i lichide. \u00cen plus, v\u0103 ajut\u0103 s\u0103 v\u0103 face\u021bi locul de munc\u0103 mai ecologic, deoarece materialul exelCLEAN utilizeaz\u0103 cu p\u00e2n\u0103 la 41% mai pu\u021bin solvent dec\u00e2t c\u00e2rpele obi\u0219nuite, fiind un beneficiu at\u00e2t pentru mediu, c\u00e2t \u0219i pentru s\u0103n\u0103tatea personalului. \u00cen plus, am redus nivelul de emisii de CO2 pentru Tork exelCLEAN cu 28%, \u00eenc\u0103 din 2011*.  Eficien\u021ba fluxului de lucru este de asemenea \u00eembun\u0103t\u0103\u021bit\u0103, datorit\u0103 cutiei portabile \u0219i u\u0219oare Tork Handy Box. *(Evaluarea ciclului de via\u021b\u0103) LCA realizat de Essity \u0219i IVL Svenska Milj\u00f6institutet \u00een aprilie 2021. Accesa\u021bi rapid \u0219i cu u\u0219urin\u021b\u0103 lavetele pentru cur\u0103\u021bare \u0219i economisi\u021bi timp, deoarece deschiderea mare a cutiei portabile Tork faciliteaz\u0103 acest lucru. Optimiza\u021bi consumul \u0219i minimiza\u021bi de\u0219eurile de lavete pentru cur\u0103\u021bare cu ajutorul doz\u0103rii bucat\u0103 cu bucat\u0103. Deschiderea larg\u0103 a cutiei portabile \u00eenseamn\u0103 o accesibilitate rapid\u0103 pentru lavete, chiar \u0219i c\u00e2nd purta\u021bi m\u0103nu\u0219i. \u00cembun\u0103t\u0103\u021bi\u021bi caracterul sustenabil al activit\u0103\u021bii dumneavoastr\u0103 &#8211; ambalajul acestui produs con\u021bine 100% fibre reciclate. <\/p>\n<p>System W7 &#8211; Handy box system<br \/>\nUnfolded length: 41.5 cm<br \/>\nUnfolded width: 35.5 cm<br \/>\nPly: 1<br \/>\nColor: White<br \/>\nPieces: 180<\/p>","protected":false},"excerpt":{"rendered":"<p>These disposable cleaning cloths come with a Tork Handy Box, which improves efficiency as it's quick to open, light to carry and simple to dispose of. The packaging's 100%-recycled fibres boost your sustainable reputation, while the one-at-a-time dispensing feature works to control consumption.<\/p>","protected":false},"featured_media":9940,"comment_status":"closed","ping_status":"closed","template":"","meta":[],"product_cat":[96,45,34,42,44,43,40,41,46,95,47],"product_tag":[184],"class_list":["post-9939","product","type-product","status-publish","has-post-thumbnail","hentry","product_cat-lavete-si-bureti","product_cat-industria-auto","product_cat-hotel","product_cat-industria-de-producere-si-prelucrare","product_cat-institutii-de-invatamint","product_cat-medicina","product_cat-restaurant-si-bucatarie","product_cat-servicii-de-curatenie","product_cat-sport-si-fitness","product_cat-consumabile-igiena","product_cat-prosoape-hartie","product_tag-laveta","pa_brand-tork"],"_links":{"self":[{"href":"https:\/\/toreco.md\/en\/wp-json\/wp\/v2\/product\/9939","targetHints":{"allow":["GET"]}}],"collection":[{"href":"https:\/\/toreco.md\/en\/wp-json\/wp\/v2\/product"}],"about":[{"href":"https:\/\/toreco.md\/en\/wp-json\/wp\/v2\/types\/product"}],"replies":[{"embeddable":true,"href":"https:\/\/toreco.md\/en\/wp-json\/wp\/v2\/comments?post=9939"}],"wp:featuredmedia":[{"embeddable":true,"href":"https:\/\/toreco.md\/en\/wp-json\/wp\/v2\/media\/9940"}],"wp:attachment":[{"href":"https:\/\/toreco.md\/en\/wp-json\/wp\/v2\/media?parent=9939"}],"wp:term":[{"taxonomy":"product_cat","embeddable":true,"href":"https:\/\/toreco.md\/en\/wp-json\/wp\/v2\/product_cat?post=9939"},{"taxonomy":"product_tag","embeddable":true,"href":"https:\/\/toreco.md\/en\/wp-json\/wp\/v2\/product_tag?post=9939"}],"curies":[{"name":"wp","href":"https:\/\/api.w.org\/{rel}","templated":true}]}}