{"id":9937,"date":"2022-04-04T11:49:00","date_gmt":"2022-04-04T08:49:00","guid":{"rendered":"https:\/\/toreco.md\/?post_type=product&#038;p=9937"},"modified":"2025-08-06T09:39:53","modified_gmt":"2025-08-06T06:39:53","slug":"lavete-material-netesut-handy-box-w7-gri","status":"publish","type":"product","link":"https:\/\/toreco.md\/en\/product\/dupa-tip\/consumabile-igiena\/lavete-si-bureti\/lavete-material-netesut-handy-box-w7-gri\/","title":{"rendered":"Multipurpose Cleaning Cloth, Handy Box W7, Grey, Tork"},"content":{"rendered":"<p>\u00cembun\u0103t\u0103\u021bi\u021bi eficien\u021ba regimului dumneavoastr\u0103 de cur\u0103\u021bare cu Laveta Industrial\u0103 pentru Cur\u0103\u021bare Tork. Materialul exelCLEAN al acesteia utilizeaz\u0103 cu p\u00e2n\u0103 la 41% mai pu\u021bini solven\u021bi pentru o mai mare eficien\u021b\u0103. \u00cen plus, este conceput\u0103 pentru a fi folosit\u0103 cu majoritatea solven\u021bilor, pentru a fi \u0219i mai u\u0219or de utilizat \u00een mediul de lucru. Fiind delicat\u0103 \u0219i flexibil\u0103, \u0219terge gr\u0103simile, uleiurile \u0219i mizeria din cele mai greu accesibile locuri \u0219i scoate cele mai complexe pete, f\u0103r\u0103 a zg\u00e2ria. Aceast\u0103 lavet\u0103 de cur\u0103\u0163are de unic\u0103 folosin\u021b\u0103 elimin\u0103 nevoia de c\u00e2rpe de \u0219ters sau de lavete textile de \u00eenchiriat, reduc\u00e2nd astfel risipa cu p\u00e2n\u0103 la 85%. \u00cen plus, am redus nivelul de emisii de CO2 pentru Tork excelCLEAN cu 28%, \u00eenc\u0103 din 2011*. *(Evaluarea ciclului de via\u021b\u0103) LCA realizat de Essity \u0219i IVL Svenska Milj\u00f6institutet \u00een aprilie 2021. Accesa\u021bi rapid \u0219i cu u\u0219urin\u021b\u0103 lavetele pentru cur\u0103\u021bare \u0219i economisi\u021bi timp, deoarece deschiderea mare a cutiei portabile Tork faciliteaz\u0103 acest lucru. Optimiza\u021bi consumul \u0219i minimiza\u021bi de\u0219eurile de lavete pentru cur\u0103\u021bare cu ajutorul doz\u0103rii bucat\u0103 cu bucat\u0103. Deschiderea larg\u0103 a cutiei portabile \u00eenseamn\u0103 o accesibilitate rapid\u0103 pentru lavete, chiar \u0219i c\u00e2nd purta\u021bi m\u0103nu\u0219i. \u00cembun\u0103t\u0103\u021bi\u021bi caracterul sustenabil al activit\u0103\u021bii dumneavoastr\u0103 &#8211; ambalajul acestui produs con\u021bine 100% fibre reciclate.<\/p>\n<p>System W7 &#8211; Handy box system<br \/>\nUnfolded length: 41.5 cm<br \/>\nUnfolded width: 35.5 cm<br \/>\nPly: 1<br \/>\nColor: grey<br \/>\nPieces: 210<\/p>","protected":false},"excerpt":{"rendered":"<p>These disposable cleaning cloths come with a Tork Handy Box, which improves efficiency as it's quick to open, light to carry and simple to dispose of. The packaging's 100%-recycled fibres boost your sustainable reputation, while the one-at-a-time dispensing feature works to control consumption.<\/p>","protected":false},"featured_media":9938,"comment_status":"closed","ping_status":"closed","template":"","meta":[],"product_cat":[96,45,34,42,44,43,40,41,46,95,47],"product_tag":[184],"class_list":["post-9937","product","type-product","status-publish","has-post-thumbnail","hentry","product_cat-lavete-si-bureti","product_cat-industria-auto","product_cat-hotel","product_cat-industria-de-producere-si-prelucrare","product_cat-institutii-de-invatamint","product_cat-medicina","product_cat-restaurant-si-bucatarie","product_cat-servicii-de-curatenie","product_cat-sport-si-fitness","product_cat-consumabile-igiena","product_cat-prosoape-hartie","product_tag-laveta","pa_brand-tork"],"_links":{"self":[{"href":"https:\/\/toreco.md\/en\/wp-json\/wp\/v2\/product\/9937","targetHints":{"allow":["GET"]}}],"collection":[{"href":"https:\/\/toreco.md\/en\/wp-json\/wp\/v2\/product"}],"about":[{"href":"https:\/\/toreco.md\/en\/wp-json\/wp\/v2\/types\/product"}],"replies":[{"embeddable":true,"href":"https:\/\/toreco.md\/en\/wp-json\/wp\/v2\/comments?post=9937"}],"wp:featuredmedia":[{"embeddable":true,"href":"https:\/\/toreco.md\/en\/wp-json\/wp\/v2\/media\/9938"}],"wp:attachment":[{"href":"https:\/\/toreco.md\/en\/wp-json\/wp\/v2\/media?parent=9937"}],"wp:term":[{"taxonomy":"product_cat","embeddable":true,"href":"https:\/\/toreco.md\/en\/wp-json\/wp\/v2\/product_cat?post=9937"},{"taxonomy":"product_tag","embeddable":true,"href":"https:\/\/toreco.md\/en\/wp-json\/wp\/v2\/product_tag?post=9937"}],"curies":[{"name":"wp","href":"https:\/\/api.w.org\/{rel}","templated":true}]}}