{"id":9935,"date":"2022-04-04T11:41:08","date_gmt":"2022-04-04T08:41:08","guid":{"rendered":"https:\/\/toreco.md\/?post_type=product&#038;p=9935"},"modified":"2025-01-21T10:36:25","modified_gmt":"2025-01-21T08:36:25","slug":"lavete-material-netesut-handy-box-w7-albastre","status":"publish","type":"product","link":"https:\/\/toreco.md\/en\/product\/dupa-tip\/consumabile-igiena\/lavete-si-bureti\/lavete-material-netesut-handy-box-w7-albastre\/","title":{"rendered":"Multipurpose Cleaning Cloth, Handy Box W7, blue, Tork"},"content":{"rendered":"<p>Simplifica\u021bi-v\u0103 rutina de cur\u0103\u021bare cu laveta noastr\u0103 rezistent\u0103 de cur\u0103\u021bare multifunc\u021bional\u0103 Tork. Ideal\u0103 pentru sarcini mai u\u0219oare, aceast\u0103 op\u021biune moale \u0219i flexibil\u0103 cu 1 strat este potrivit\u0103 at\u00e2t pentru scurgerile de ulei, c\u00e2t \u0219i  lichide \u2013 chiar \u0219i \u00een locuri greu accesibile. Aceste lavete de cur\u0103\u021bat de unic\u0103 folosin\u021b\u0103 vin cu o cutie Tork Handy Box, care \u00eembun\u0103t\u0103\u021be\u0219te eficien\u021ba, deoarece este rapid de deschis, u\u0219or de transportat \u0219i simplu de eliminat. Fibrele 100% reciclate ale ambalajului v\u0103 sporesc reputa\u021bia de durabilitate, \u00een timp ce func\u021bia de distribuire individual\u0103 func\u021bioneaz\u0103 pentru a controla consumul. Simplifica\u021bi depozitarea \u0219i transportul acestor lavete de cur\u0103\u021bat \u0219i economisi\u021bi timp, datorit\u0103 cutiei lor u\u0219oare \u0219i portabile. Optimiza\u021bi consumul \u0219i reduce\u021bi la minimum risipa de lavete de cur\u0103\u021bare cu func\u021bia de distribuire individual\u0103. Ob\u021bine\u021bi rapid \u0219i u\u0219or lavetele de cur\u0103\u021bat \u0219i economisi\u021bi timp, deoarece deschiderea mare a cutiei ofer\u0103 accesul u\u0219or la lavete. \u00cembun\u0103t\u0103\u021bi\u021bi sustenabilitatea opera\u021biunii dvs. &#8211; acest ambalaj al produsului este realizat din fibre 100% reciclate. <\/p>\n<p>System W7 &#8211; Handy box system<br \/>\nUnfolded length: 41.5 cm<br \/>\nUnfolded width: 35.5 cm<br \/>\nPly: 1<br \/>\nColor: Blue<br \/>\nPieces: 210<\/p>","protected":false},"excerpt":{"rendered":"<p>These disposable cleaning cloths come with a Tork Handy Box, which improves efficiency as it's quick to open, light to carry and simple to dispose of. The packaging's 100%-recycled fibres boost your sustainable reputation, while the one-at-a-time dispensing feature works to control consumption.<\/p>","protected":false},"featured_media":9936,"comment_status":"closed","ping_status":"closed","template":"","meta":[],"product_cat":[96,45,34,42,44,43,40,41,46,95,47],"product_tag":[184],"class_list":["post-9935","product","type-product","status-publish","has-post-thumbnail","hentry","product_cat-lavete-si-bureti","product_cat-industria-auto","product_cat-hotel","product_cat-industria-de-producere-si-prelucrare","product_cat-institutii-de-invatamint","product_cat-medicina","product_cat-restaurant-si-bucatarie","product_cat-servicii-de-curatenie","product_cat-sport-si-fitness","product_cat-consumabile-igiena","product_cat-prosoape-hartie","product_tag-laveta","pa_brand-tork"],"_links":{"self":[{"href":"https:\/\/toreco.md\/en\/wp-json\/wp\/v2\/product\/9935","targetHints":{"allow":["GET"]}}],"collection":[{"href":"https:\/\/toreco.md\/en\/wp-json\/wp\/v2\/product"}],"about":[{"href":"https:\/\/toreco.md\/en\/wp-json\/wp\/v2\/types\/product"}],"replies":[{"embeddable":true,"href":"https:\/\/toreco.md\/en\/wp-json\/wp\/v2\/comments?post=9935"}],"wp:featuredmedia":[{"embeddable":true,"href":"https:\/\/toreco.md\/en\/wp-json\/wp\/v2\/media\/9936"}],"wp:attachment":[{"href":"https:\/\/toreco.md\/en\/wp-json\/wp\/v2\/media?parent=9935"}],"wp:term":[{"taxonomy":"product_cat","embeddable":true,"href":"https:\/\/toreco.md\/en\/wp-json\/wp\/v2\/product_cat?post=9935"},{"taxonomy":"product_tag","embeddable":true,"href":"https:\/\/toreco.md\/en\/wp-json\/wp\/v2\/product_tag?post=9935"}],"curies":[{"name":"wp","href":"https:\/\/api.w.org\/{rel}","templated":true}]}}