{"id":9931,"date":"2022-04-04T11:20:01","date_gmt":"2022-04-04T08:20:01","guid":{"rendered":"https:\/\/toreco.md\/?post_type=product&#038;p=9931"},"modified":"2025-01-21T10:36:53","modified_gmt":"2025-01-21T08:36:53","slug":"prosoape-de-maini-basic-w6-2","status":"publish","type":"product","link":"https:\/\/toreco.md\/en\/product\/dupa-tip\/prosoape-servetele-hartie\/prosoape-hartie\/prosoape-de-maini-basic-w6-2\/","title":{"rendered":"Hand towels Basic W6, Tork"},"content":{"rendered":"<p>Prosoapele de m\u00e2ini Tork sunt concepute pentru o dozare optim\u0103 din sistemul Dozatorului cu spa\u021biu de sp\u0103lare Tork. Certificarea interna\u021bional\u0103 HACCP asigur\u0103 faptul c\u0103 acest produs este sigur pentru utilizarea \u00een zonele de procesarea a hranei \u0219i de preparare a alimentelor. Rol\u0103 extralung\u0103 pentru mediile cu volum ridicat \u00een procesarea alimentelor &#8211; un proces de \u00eentre\u021binere redus ajut\u0103 la economisirea timpului. H\u00e2rtia conceput\u0103 pentru medii umede, \u00ee\u0219i p\u0103streaz\u0103 eficien\u021ba \u00een mediul cu umiditate ridicat\u0103, fapt care asigur\u0103 un \u00eenalt grad de comoditate \u00een activitate \u0219i ajut\u0103 la economisirea timpului. Role aprobate pentru contactul cu alimentele reprezint\u0103 o garan\u021bie a h\u00e2rtiei de calitate superioar\u0103 \u0219i siguran\u021ba produsului. H\u00e2rtia de culoare albastr\u0103 este mult mai vizibil\u0103 \u0219i ofer\u0103 trasabalitate \u00een preajma ingredientelor pentru hran\u0103 prin urmare ofer\u0103 siguran\u021b\u0103 \u00een produc\u021bia pentru procesarea hr\u0103nii.<\/p>\n<p>System: W6<br \/>\nRoll length: 250 m<br \/>\nRoll width: 19.5 cm<br \/>\nRoll diameter: 19 cm<br \/>\nPly: 1<br \/>\nColour: Blue<\/p>","protected":false},"excerpt":{"rendered":"<p>Tork Paper Wiper is designed for optimal dispensing from the Tork Washstation Dispenser System. HACCP International certification ensures that this product is safe for use in food processing and food preparation areas.<\/p>","protected":false},"featured_media":9932,"comment_status":"closed","ping_status":"closed","template":"","meta":[],"product_cat":[47,45,34,42,44,43,40,41,46,18],"product_tag":[137],"class_list":["post-9931","product","type-product","status-publish","has-post-thumbnail","hentry","product_cat-prosoape-hartie","product_cat-industria-auto","product_cat-hotel","product_cat-industria-de-producere-si-prelucrare","product_cat-institutii-de-invatamint","product_cat-medicina","product_cat-restaurant-si-bucatarie","product_cat-servicii-de-curatenie","product_cat-sport-si-fitness","product_cat-prosoape-servetele-hartie","product_tag-prosoape-hartie-pentru-maini","pa_brand-tork"],"_links":{"self":[{"href":"https:\/\/toreco.md\/en\/wp-json\/wp\/v2\/product\/9931","targetHints":{"allow":["GET"]}}],"collection":[{"href":"https:\/\/toreco.md\/en\/wp-json\/wp\/v2\/product"}],"about":[{"href":"https:\/\/toreco.md\/en\/wp-json\/wp\/v2\/types\/product"}],"replies":[{"embeddable":true,"href":"https:\/\/toreco.md\/en\/wp-json\/wp\/v2\/comments?post=9931"}],"wp:featuredmedia":[{"embeddable":true,"href":"https:\/\/toreco.md\/en\/wp-json\/wp\/v2\/media\/9932"}],"wp:attachment":[{"href":"https:\/\/toreco.md\/en\/wp-json\/wp\/v2\/media?parent=9931"}],"wp:term":[{"taxonomy":"product_cat","embeddable":true,"href":"https:\/\/toreco.md\/en\/wp-json\/wp\/v2\/product_cat?post=9931"},{"taxonomy":"product_tag","embeddable":true,"href":"https:\/\/toreco.md\/en\/wp-json\/wp\/v2\/product_tag?post=9931"}],"curies":[{"name":"wp","href":"https:\/\/api.w.org\/{rel}","templated":true}]}}