{"id":9723,"date":"2022-03-09T11:44:59","date_gmt":"2022-03-09T09:44:59","guid":{"rendered":"https:\/\/toreco.md\/?post_type=product&#038;p=9723"},"modified":"2026-03-27T13:23:01","modified_gmt":"2026-03-27T11:23:01","slug":"gresal-detergent-degeresant-pentru-metale-speciale-aluminiu","status":"publish","type":"product","link":"https:\/\/toreco.md\/en\/product\/dupa-tip\/detergenti-si-dezinfectanti-profesionali\/curatare-pardoseli-si-suprafete\/gresal-detergent-degeresant-pentru-metale-speciale-aluminiu\/","title":{"rendered":"Gresal, Super degreaser for removing persistent dirt from all types of surfaces"},"content":{"rendered":"<p>Concentrated, multi-purpose, fragrance-free detergent-degreaser used for removing persistent organic and inorganic dirt from floors, surfaces, objects, or equipment. Cleans efficiently and quickly without damaging the cleaned surfaces. After cleaning, surfaces remain spotless and streak-free, so rinsing is not required. Due to its super-degreasing formula and lack of fragrance, the product is ideal for cleaning and maintaining floors, surfaces, and equipment in any field, including the agri-food industry. Recommended for cleaning and self-monitoring plan H.A.C.C.P. Professional product. Use safely. 90% biodegradable.<\/p>\n<p>Scope of use:<br \/>\nHotel industry, hospitals, medical units, private practices, elderly homes, schools, kindergartens, offices, commercial spaces, food and agri-food industry, mechanical and automotive industry, specialized cleaning companies, etc.<\/p>\n<p>Use:<br \/>\nWashing and maintenance of surfaces\/floors requiring degreasing and daily care to prevent the buildup of dirt and grease, such as: tile, ceramic, marble, granite, linoleum, tarket, travertine, natural stone, parquet, epoxy-coated flooring, stainless steel surfaces, hoods, alucobond, PVC, etc. Do not use the concentrated product on waxed surfaces.<\/p>\n<p>Dosage:<br \/>\nManual or Automatic<br \/>\n0,5% &#8211; 3% per litru de ap\u0103 | \u00centre\u021binere 1: 200lt de ap\u0103 | Cur\u0103\u021bare 1: 100 lt de ap\u0103 | Degresare 1: 35 lt de ap\u0103. Dac\u0103 considera\u021bi necesar m\u0103ri\u021bi doza \u0219i repeta\u021bi sp\u0103larea p\u00e2n\u0103 la ob\u021binerea efectului dorit. Diluarea produsului se face \u00een func\u0163ie de gradul de duritate al apei \u0219i de murd\u0103rie al suprafe\u021bei.<\/p>\n<p>Method of use:<br \/>\nBefore washing, vacuum the dust and remove any residues from the surface to be cleaned. Dilute the product, then start cleaning using cleaning accessories (cloths, mops, sponges) or professional washing equipment. Repeat the process if necessary. Allow the surface to dry. Rinsing is not necessary unless the surface comes into contact with food or beverages.<\/p>\n<p>Biodegradabilitate:<br \/>\nThe biodegradability of the agents in the product formula is 90%, in accordance with Reg. 648\/2004\/CE and subsequent amendments Reg. 259\/2012. The product complies with EU regulations. 82\/842 and 82\/843<\/p>\n<p>Warnings:<br \/>\nCORROSIVE! Keep out of reach of children. In case of contact with eyes or skin, rinse immediately with plenty of water. If you feel unwell or symptoms persist, seek medical advice immediately and show the packaging or label. Do not ingest! If swallowed, rinse mouth, do not induce vomiting, and seek medical advice immediately, presenting the packaging or label. Do not use the product for other purposes than those indicated, and always verify there are no incompatibilities before use. Do not mix with other products. The technical sheet issuer is only responsible for the information provided in this technical document.<\/p>\n<p>Appearance: liquid<br \/>\nColor: blue<br \/>\nOdor: specific<br \/>\nProduct for professional use<br \/>\npH: 13 (Basic)<br \/>\nVolume: 5 kg<\/p>","protected":false},"excerpt":{"rendered":"<p>Concentrated, multi-purpose, fragrance-free detergent-degreaser used for removing persistent organic and inorganic dirt from floors, surfaces, objects, or equipment. Cleans efficiently and quickly without damaging the cleaned surfaces. After cleaning, surfaces remain spotless and streak-free, so rinsing is not required. Due to its super-degreasing formula and lack of fragrance, the product is ideal for cleaning and maintaining floors, surfaces, and equipment in any field, including the agri-food industry. Recommended for cleaning and self-monitoring plan H.A.C.C.P. Professional product. Use safely. 90% biodegradable.<\/p>","protected":false},"featured_media":15808,"comment_status":"closed","ping_status":"closed","template":"","meta":[],"product_cat":[79,34,42,44,40,71,74,78,81],"product_tag":[169],"class_list":["post-9723","product","type-product","status-publish","has-post-thumbnail","hentry","product_cat-curatare-pardoseli-si-suprafete","product_cat-hotel","product_cat-industria-de-producere-si-prelucrare","product_cat-institutii-de-invatamint","product_cat-restaurant-si-bucatarie","product_cat-detergenti-si-dezinfectanti-profesionali","product_cat-bucatarie","product_cat-camera-de-baie-wc","product_cat-detergenti-speciali","product_tag-detergent","pa_brand-sanidet"],"_links":{"self":[{"href":"https:\/\/toreco.md\/en\/wp-json\/wp\/v2\/product\/9723","targetHints":{"allow":["GET"]}}],"collection":[{"href":"https:\/\/toreco.md\/en\/wp-json\/wp\/v2\/product"}],"about":[{"href":"https:\/\/toreco.md\/en\/wp-json\/wp\/v2\/types\/product"}],"replies":[{"embeddable":true,"href":"https:\/\/toreco.md\/en\/wp-json\/wp\/v2\/comments?post=9723"}],"wp:featuredmedia":[{"embeddable":true,"href":"https:\/\/toreco.md\/en\/wp-json\/wp\/v2\/media\/15808"}],"wp:attachment":[{"href":"https:\/\/toreco.md\/en\/wp-json\/wp\/v2\/media?parent=9723"}],"wp:term":[{"taxonomy":"product_cat","embeddable":true,"href":"https:\/\/toreco.md\/en\/wp-json\/wp\/v2\/product_cat?post=9723"},{"taxonomy":"product_tag","embeddable":true,"href":"https:\/\/toreco.md\/en\/wp-json\/wp\/v2\/product_tag?post=9723"}],"curies":[{"name":"wp","href":"https:\/\/api.w.org\/{rel}","templated":true}]}}