{"id":9709,"date":"2022-03-04T10:05:22","date_gmt":"2022-03-04T08:05:22","guid":{"rendered":"https:\/\/toreco.md\/?post_type=product&#038;p=9709"},"modified":"2025-10-15T13:58:51","modified_gmt":"2025-10-15T10:58:51","slug":"blu-wc-cocco-anticalcar","status":"publish","type":"product","link":"https:\/\/toreco.md\/en\/product\/dupa-tip\/detergenti-si-dezinfectanti-profesionali\/camera-de-baie-wc\/blu-wc-cocco-anticalcar\/","title":{"rendered":"Blu Wc Cocco, anti limescale"},"content":{"rendered":"<p>A disinfectant specially designed for cleaning and disinfecting toilets, easily removes dirt and scale, even from the most difficult points. The gel composition allows the product to be applied evenly on vertical surfaces and prevents the formation of limestone deposits. Recommended by the H.A.C.C.P. plan\nUse: toilets, urinals, bidets, public sanitary facilities, mobile sanitary units, glass or PVC fiber, acid-resistant floor (sandstone, concrete, etc.).<br \/>\nUtilizare: WC-uri, pisoare, bideuri, spa\u0163ii sanitare publice, grupuri sanitare mobile, pe fibr\u0103 de sticl\u0103 sau pvc, pardoseli rezistente la acizi (gresie, beton etc.).<br \/>\nVolume: 5 kg<\/p>","protected":false},"excerpt":{"rendered":"<p>A disinfectant specially designed for cleaning and disinfecting toilets, easily removes dirt and scale, even from the most difficult points.<\/p>","protected":false},"featured_media":9710,"comment_status":"closed","ping_status":"closed","template":"","meta":[],"product_cat":[78,45,34,42,44,43,40,41,46,71],"product_tag":[158],"class_list":["post-9709","product","type-product","status-publish","has-post-thumbnail","hentry","product_cat-camera-de-baie-wc","product_cat-industria-auto","product_cat-hotel","product_cat-industria-de-producere-si-prelucrare","product_cat-institutii-de-invatamint","product_cat-medicina","product_cat-restaurant-si-bucatarie","product_cat-servicii-de-curatenie","product_cat-sport-si-fitness","product_cat-detergenti-si-dezinfectanti-profesionali","product_tag-igienizant","pa_brand-sanidet"],"_links":{"self":[{"href":"https:\/\/toreco.md\/en\/wp-json\/wp\/v2\/product\/9709","targetHints":{"allow":["GET"]}}],"collection":[{"href":"https:\/\/toreco.md\/en\/wp-json\/wp\/v2\/product"}],"about":[{"href":"https:\/\/toreco.md\/en\/wp-json\/wp\/v2\/types\/product"}],"replies":[{"embeddable":true,"href":"https:\/\/toreco.md\/en\/wp-json\/wp\/v2\/comments?post=9709"}],"wp:featuredmedia":[{"embeddable":true,"href":"https:\/\/toreco.md\/en\/wp-json\/wp\/v2\/media\/9710"}],"wp:attachment":[{"href":"https:\/\/toreco.md\/en\/wp-json\/wp\/v2\/media?parent=9709"}],"wp:term":[{"taxonomy":"product_cat","embeddable":true,"href":"https:\/\/toreco.md\/en\/wp-json\/wp\/v2\/product_cat?post=9709"},{"taxonomy":"product_tag","embeddable":true,"href":"https:\/\/toreco.md\/en\/wp-json\/wp\/v2\/product_tag?post=9709"}],"curies":[{"name":"wp","href":"https:\/\/api.w.org\/{rel}","templated":true}]}}