{"id":9396,"date":"2022-01-04T10:43:40","date_gmt":"2022-01-04T08:43:40","guid":{"rendered":"https:\/\/toreco.md\/?post_type=product&#038;p=9396"},"modified":"2025-05-27T14:52:27","modified_gmt":"2025-05-27T11:52:27","slug":"presa-de-balotat-verticala-electro-hidraulica-hsm-v-press-860","status":"publish","type":"product","link":"https:\/\/toreco.md\/en\/product\/dupa-tip\/utilaje-pentru-deseuri\/prese-de-balotat\/presa-de-balotat-verticala-electro-hidraulica-hsm-v-press-860\/","title":{"rendered":"HSM V-Press 860 vertical baling press"},"content":{"rendered":"<p><iframe loading=\"lazy\" width=\"640\" height=\"360\" src=\"https:\/\/www.youtube.com\/embed\/TZ_MzIAoG0A\" title=\"[TORECO]: Presele de balotat HSM\" frameborder=\"0\" allow=\"accelerometer; autoplay; clipboard-write; encrypted-media; gyroscope; picture-in-picture; web-share\" allowfullscreen><\/iframe><\/p>\n<div style=\"width: 640px;\" class=\"wp-video\"><video class=\"wp-video-shortcode\" id=\"video-9396-1\" width=\"640\" height=\"360\" preload=\"metadata\" controls=\"controls\"><source type=\"video\/mp4\" src=\"https:\/\/toreco.md\/wp-content\/uploads\/2022\/01\/HSM-V-press-860.mp4?_=1\" \/><a href=\"https:\/\/toreco.md\/wp-content\/uploads\/2022\/01\/HSM-V-press-860.mp4\">https:\/\/toreco.md\/wp-content\/uploads\/2022\/01\/HSM-V-press-860.mp4<\/a><\/video><\/div>\n<p>Cu o putere de presare de 594 kN \u0219i tehnologie cu zgomot redus \u0219i economie de energie, HSM V-Press 860 este solu\u021bia cea mai economic\u0103 \u0219i ecologic\u0103 pentru eliminarea de\u0219eurilor dumneavoastr\u0103. Pentru a umple presa, jum\u0103tatea superioar\u0103 a u\u0219ilor este \u00eenclinat\u0103 spre dreapta. Blocare u\u0219\u0103 roat\u0103 manual\u0103 &#8211; u\u0219or de manevrat datorit\u0103 filetului contra-rotativ pentru deschidere \u0219i \u00eenchidere rapid\u0103. Tehnologia cu ciclu rapid de presare economise\u0219te timp \u0219i bani. Potrivit at\u00e2t pentru carton, c\u00e2t \u0219i pentru folie.<br \/>\nAutomatic start of the pressing process after closing the door. Convenient membrane keypad with text display, which shows the current status of the machine. HSM TCS (Torsion Control System) for monitoring press ram movement.<\/p>\n<p>Technical data \"HSM V-Press 860\":<br \/>\nPressing power: 594 kN<br \/>\nDriving power:\t4 kW<br \/>\nVoltage \/ Frequency: 400 V \/ 50 Hz<br \/>\nCycle time when idling: 25 s<br \/>\nLoading aperture width x height: 1195 x 650 mm<br \/>\nBale length x Bale width x Bale height: 1200 x 780 x 1200 mm<br \/>\nBale weight (up to): 480 kg<br \/>\nWidth x Depth x Height: 1797 x 1067 x 2985<br \/>\nWeight: 1900<br \/>\nType of consumables: Wire<br \/>\nPress material:\tBig Bags, Clothing, Punch waste\/residue, Polystyrene, Cardboard, Mixed paper, Plastic film<\/p>\n<p><a href=\"https:\/\/toreco.md\/en\/general\/toreco-devine-distribuitor-autorizat-in-moldova-pentru-brandul-german-hsm\/\"><img decoding=\"async\" src=\"https:\/\/toreco.md\/wp-content\/uploads\/2024\/02\/icon-toreco-distribuitor-autorizat-hsm-germania-moldova.png\" alt=\"Distribuitor Autorizat HSM\" \/><\/a><\/p>","protected":false},"excerpt":{"rendered":"<p>Available to order | <strong>Request offer by email<\/strong><\/p>\n<p>With a pressing power of 594 kN and employing low-noise and energy-saving technology, the HSM V-Press 860 is the most economical and ecological solution for your waste disposal.<\/p>","protected":false},"featured_media":9398,"comment_status":"closed","ping_status":"closed","template":"","meta":[],"product_cat":[108,45,34,42,40,41,107],"product_tag":[202],"class_list":["post-9396","product","type-product","status-publish","has-post-thumbnail","hentry","product_cat-prese-de-balotat","product_cat-industria-auto","product_cat-hotel","product_cat-industria-de-producere-si-prelucrare","product_cat-restaurant-si-bucatarie","product_cat-servicii-de-curatenie","product_cat-utilaje-pentru-deseuri","product_tag-presa-de-balotat","pa_brand-hsm"],"_links":{"self":[{"href":"https:\/\/toreco.md\/en\/wp-json\/wp\/v2\/product\/9396","targetHints":{"allow":["GET"]}}],"collection":[{"href":"https:\/\/toreco.md\/en\/wp-json\/wp\/v2\/product"}],"about":[{"href":"https:\/\/toreco.md\/en\/wp-json\/wp\/v2\/types\/product"}],"replies":[{"embeddable":true,"href":"https:\/\/toreco.md\/en\/wp-json\/wp\/v2\/comments?post=9396"}],"wp:featuredmedia":[{"embeddable":true,"href":"https:\/\/toreco.md\/en\/wp-json\/wp\/v2\/media\/9398"}],"wp:attachment":[{"href":"https:\/\/toreco.md\/en\/wp-json\/wp\/v2\/media?parent=9396"}],"wp:term":[{"taxonomy":"product_cat","embeddable":true,"href":"https:\/\/toreco.md\/en\/wp-json\/wp\/v2\/product_cat?post=9396"},{"taxonomy":"product_tag","embeddable":true,"href":"https:\/\/toreco.md\/en\/wp-json\/wp\/v2\/product_tag?post=9396"}],"curies":[{"name":"wp","href":"https:\/\/api.w.org\/{rel}","templated":true}]}}