{"id":9385,"date":"2021-12-28T09:55:38","date_gmt":"2021-12-28T07:55:38","guid":{"rendered":"https:\/\/toreco.md\/?post_type=product&#038;p=9385"},"modified":"2025-01-21T10:17:37","modified_gmt":"2025-01-21T08:17:37","slug":"hartie-igienica-rulou-premium-alb","status":"publish","type":"product","link":"https:\/\/toreco.md\/en\/product\/dupa-tip\/hartie-igienica\/hartie-igienica-rulou-premium-alb\/","title":{"rendered":"Toilet Paper White, Premium, Tork"},"content":{"rendered":"<p><iframe loading=\"lazy\" width=\"640\" height=\"360\" src=\"https:\/\/www.youtube.com\/embed\/4odLtrctLiw\" title=\"[TORECO]: Hartia igienica. De ce se termina intotdeauna atat de brusc?\" frameborder=\"0\" allow=\"accelerometer; autoplay; clipboard-write; encrypted-media; gyroscope; picture-in-picture; web-share\" allowfullscreen><\/iframe><\/p>\n<p>H\u00e2rtie igienic\u0103 Tork \u00een role standard, moale, culoare: alb, T4, trei straturi, Premium. H\u00e2rtia incredibil de moale, cu un grad ridicat de culoare &#8211; alb, las\u0103 o impresie de durat\u0103. Embosare de \u00eenalt\u0103 calitate care face h\u00e2rtia s\u0103 arate frumoas\u0103 \u0219i mai voluminoas\u0103 la atingere.<br \/>\nLayers: 3<br \/>\nQuantity: 8 rolls in package<br \/>\nSystem: T4<br \/>\nColor: White<br \/>\nQuality: Premium<br \/>\nRoll length: 15 m<br \/>\nRoll width: 9.5 cm<br \/>\nRoll diameter: 10.9 cm<\/p>","protected":false},"excerpt":{"rendered":"<p>Premium. The incredibly soft, high whiteness paper leaves a lasting impression.<\/p>","protected":false},"featured_media":9386,"comment_status":"closed","ping_status":"closed","template":"","meta":[],"product_cat":[51,45,34,42,44,43,40,46,55,54],"product_tag":[163],"class_list":["post-9385","product","type-product","status-publish","has-post-thumbnail","hentry","product_cat-hartie-igienica","product_cat-industria-auto","product_cat-hotel","product_cat-industria-de-producere-si-prelucrare","product_cat-institutii-de-invatamint","product_cat-medicina","product_cat-restaurant-si-bucatarie","product_cat-sport-si-fitness","product_cat-rola-compacta","product_cat-rola-obisnuita","product_tag-hartie-igienica","pa_brand-tork"],"_links":{"self":[{"href":"https:\/\/toreco.md\/en\/wp-json\/wp\/v2\/product\/9385","targetHints":{"allow":["GET"]}}],"collection":[{"href":"https:\/\/toreco.md\/en\/wp-json\/wp\/v2\/product"}],"about":[{"href":"https:\/\/toreco.md\/en\/wp-json\/wp\/v2\/types\/product"}],"replies":[{"embeddable":true,"href":"https:\/\/toreco.md\/en\/wp-json\/wp\/v2\/comments?post=9385"}],"wp:featuredmedia":[{"embeddable":true,"href":"https:\/\/toreco.md\/en\/wp-json\/wp\/v2\/media\/9386"}],"wp:attachment":[{"href":"https:\/\/toreco.md\/en\/wp-json\/wp\/v2\/media?parent=9385"}],"wp:term":[{"taxonomy":"product_cat","embeddable":true,"href":"https:\/\/toreco.md\/en\/wp-json\/wp\/v2\/product_cat?post=9385"},{"taxonomy":"product_tag","embeddable":true,"href":"https:\/\/toreco.md\/en\/wp-json\/wp\/v2\/product_tag?post=9385"}],"curies":[{"name":"wp","href":"https:\/\/api.w.org\/{rel}","templated":true}]}}